
{"id":113,"date":"2018-01-30T11:02:05","date_gmt":"2018-01-30T11:02:05","guid":{"rendered":"http:\/\/www.obgyn-si.org\/kongresi\/www-2\/?page_id=113"},"modified":"2026-01-06T11:41:45","modified_gmt":"2026-01-06T11:41:45","slug":"zgodovina","status":"publish","type":"page","link":"https:\/\/www.obgyn-si.org\/kongresi\/7kongres\/zgodovina\/","title":{"rendered":"Zgodovina"},"content":{"rendered":"<h1><span style=\"color: #800000;\"><strong>Zgodovina slovenskih kongresov ginekologov in porodni\u010darjev<\/strong><\/span><\/h1>\n<ol>\n<li>Kongres, Portoro\u017e, 20.-23. oktober 1996<\/li>\n<li>Kongres, Portoro\u017e, 19.-22. november 2000<\/li>\n<li>Kongres, Rogla, 11.-13. september, 2003<\/li>\n<li>Kongres, Portoro\u017e, 11.-13. november 2009<\/li>\n<li>Kongres, Ljubljana, 6. -8. junij 2013<\/li>\n<li>Kongres, Ljubljana, 19.-21. oktober 2022<\/li>\n<li>Kongres, Ljubljana, 9.-11. april 2026<\/li>\n<\/ol>\n","protected":false},"excerpt":{"rendered":"<p>Zgodovina slovenskih kongresov ginekologov in porodni\u010darjev Kongres, Portoro\u017e, 20.-23. oktober 1996 Kongres, Portoro\u017e, 19.-22. november 2000 Kongres, Rogla, 11.-13. september, 2003 Kongres, Portoro\u017e, 11.-13. november 2009 Kongres, Ljubljana, 6. -8. junij 2013 Kongres, Ljubljana, 19.-21. oktober 2022 Kongres, Ljubljana, 9.-11. april 2026<\/p>\n","protected":false},"author":1,"featured_media":326,"parent":0,"menu_order":0,"comment_status":"closed","ping_status":"closed","template":"","meta":{"footnotes":""},"class_list":["post-113","page","type-page","status-publish","has-post-thumbnail","hentry"],"yoast_head":"<!-- This site is optimized with the Yoast SEO plugin v26.8 - https:\/\/yoast.com\/product\/yoast-seo-wordpress\/ -->\n<title>Zgodovina - 7. Kongres ginekologov in porodni\u010darjev Slovenije<\/title>\n<meta name=\"robots\" content=\"index, follow, max-snippet:-1, max-image-preview:large, max-video-preview:-1\" \/>\n<link rel=\"canonical\" href=\"https:\/\/www.obgyn-si.org\/kongresi\/7kongres\/zgodovina\/\" \/>\n<meta property=\"og:locale\" content=\"en_US\" \/>\n<meta property=\"og:type\" content=\"article\" \/>\n<meta property=\"og:title\" content=\"Zgodovina - 7. Kongres ginekologov in porodni\u010darjev Slovenije\" \/>\n<meta property=\"og:description\" content=\"Zgodovina slovenskih kongresov ginekologov in porodni\u010darjev Kongres, Portoro\u017e, 20.-23. oktober 1996 Kongres, Portoro\u017e, 19.-22. november 2000 Kongres, Rogla, 11.-13. september, 2003 Kongres, Portoro\u017e, 11.-13. november 2009 Kongres, Ljubljana, 6. -8. junij 2013 Kongres, Ljubljana, 19.-21. oktober 2022 Kongres, Ljubljana, 9.-11. april 2026\" \/>\n<meta property=\"og:url\" content=\"https:\/\/www.obgyn-si.org\/kongresi\/7kongres\/zgodovina\/\" \/>\n<meta property=\"og:site_name\" content=\"7. Kongres ginekologov in porodni\u010darjev Slovenije\" \/>\n<meta property=\"article:modified_time\" content=\"2026-01-06T11:41:45+00:00\" \/>\n<meta property=\"og:image\" content=\"https:\/\/www.obgyn-si.org\/kongresi\/7kongres\/wp-content\/uploads\/sites\/25\/2018\/05\/gallus.jpg\" \/>\n\t<meta property=\"og:image:width\" content=\"2128\" \/>\n\t<meta property=\"og:image:height\" content=\"1416\" \/>\n\t<meta property=\"og:image:type\" content=\"image\/jpeg\" \/>\n<meta name=\"twitter:card\" content=\"summary_large_image\" \/>\n<script type=\"application\/ld+json\" class=\"yoast-schema-graph\">{\"@context\":\"https:\/\/schema.org\",\"@graph\":[{\"@type\":\"WebPage\",\"@id\":\"https:\/\/www.obgyn-si.org\/kongresi\/7kongres\/zgodovina\/\",\"url\":\"https:\/\/www.obgyn-si.org\/kongresi\/7kongres\/zgodovina\/\",\"name\":\"Zgodovina - 7. Kongres ginekologov in porodni\u010darjev Slovenije\",\"isPartOf\":{\"@id\":\"https:\/\/www.obgyn-si.org\/kongresi\/7kongres\/#website\"},\"primaryImageOfPage\":{\"@id\":\"https:\/\/www.obgyn-si.org\/kongresi\/7kongres\/zgodovina\/#primaryimage\"},\"image\":{\"@id\":\"https:\/\/www.obgyn-si.org\/kongresi\/7kongres\/zgodovina\/#primaryimage\"},\"thumbnailUrl\":\"https:\/\/www.obgyn-si.org\/kongresi\/7kongres\/wp-content\/uploads\/sites\/25\/2018\/05\/gallus.jpg\",\"datePublished\":\"2018-01-30T11:02:05+00:00\",\"dateModified\":\"2026-01-06T11:41:45+00:00\",\"breadcrumb\":{\"@id\":\"https:\/\/www.obgyn-si.org\/kongresi\/7kongres\/zgodovina\/#breadcrumb\"},\"inLanguage\":\"en-US\",\"potentialAction\":[{\"@type\":\"ReadAction\",\"target\":[\"https:\/\/www.obgyn-si.org\/kongresi\/7kongres\/zgodovina\/\"]}]},{\"@type\":\"ImageObject\",\"inLanguage\":\"en-US\",\"@id\":\"https:\/\/www.obgyn-si.org\/kongresi\/7kongres\/zgodovina\/#primaryimage\",\"url\":\"https:\/\/www.obgyn-si.org\/kongresi\/7kongres\/wp-content\/uploads\/sites\/25\/2018\/05\/gallus.jpg\",\"contentUrl\":\"https:\/\/www.obgyn-si.org\/kongresi\/7kongres\/wp-content\/uploads\/sites\/25\/2018\/05\/gallus.jpg\",\"width\":2128,\"height\":1416},{\"@type\":\"BreadcrumbList\",\"@id\":\"https:\/\/www.obgyn-si.org\/kongresi\/7kongres\/zgodovina\/#breadcrumb\",\"itemListElement\":[{\"@type\":\"ListItem\",\"position\":1,\"name\":\"Home\",\"item\":\"https:\/\/www.obgyn-si.org\/kongresi\/7kongres\/\"},{\"@type\":\"ListItem\",\"position\":2,\"name\":\"Zgodovina\"}]},{\"@type\":\"WebSite\",\"@id\":\"https:\/\/www.obgyn-si.org\/kongresi\/7kongres\/#website\",\"url\":\"https:\/\/www.obgyn-si.org\/kongresi\/7kongres\/\",\"name\":\"7. Kongres ginekologov in porodni\u010darjev Slovenije\",\"description\":\"Ljubljana 2026\",\"potentialAction\":[{\"@type\":\"SearchAction\",\"target\":{\"@type\":\"EntryPoint\",\"urlTemplate\":\"https:\/\/www.obgyn-si.org\/kongresi\/7kongres\/?s={search_term_string}\"},\"query-input\":{\"@type\":\"PropertyValueSpecification\",\"valueRequired\":true,\"valueName\":\"search_term_string\"}}],\"inLanguage\":\"en-US\"}]}<\/script>\n<!-- \/ Yoast SEO plugin. -->","yoast_head_json":{"title":"Zgodovina - 7. Kongres ginekologov in porodni\u010darjev Slovenije","robots":{"index":"index","follow":"follow","max-snippet":"max-snippet:-1","max-image-preview":"max-image-preview:large","max-video-preview":"max-video-preview:-1"},"canonical":"https:\/\/www.obgyn-si.org\/kongresi\/7kongres\/zgodovina\/","og_locale":"en_US","og_type":"article","og_title":"Zgodovina - 7. Kongres ginekologov in porodni\u010darjev Slovenije","og_description":"Zgodovina slovenskih kongresov ginekologov in porodni\u010darjev Kongres, Portoro\u017e, 20.-23. oktober 1996 Kongres, Portoro\u017e, 19.-22. november 2000 Kongres, Rogla, 11.-13. september, 2003 Kongres, Portoro\u017e, 11.-13. november 2009 Kongres, Ljubljana, 6. -8. junij 2013 Kongres, Ljubljana, 19.-21. oktober 2022 Kongres, Ljubljana, 9.-11. april 2026","og_url":"https:\/\/www.obgyn-si.org\/kongresi\/7kongres\/zgodovina\/","og_site_name":"7. Kongres ginekologov in porodni\u010darjev Slovenije","article_modified_time":"2026-01-06T11:41:45+00:00","og_image":[{"width":2128,"height":1416,"url":"https:\/\/www.obgyn-si.org\/kongresi\/7kongres\/wp-content\/uploads\/sites\/25\/2018\/05\/gallus.jpg","type":"image\/jpeg"}],"twitter_card":"summary_large_image","schema":{"@context":"https:\/\/schema.org","@graph":[{"@type":"WebPage","@id":"https:\/\/www.obgyn-si.org\/kongresi\/7kongres\/zgodovina\/","url":"https:\/\/www.obgyn-si.org\/kongresi\/7kongres\/zgodovina\/","name":"Zgodovina - 7. Kongres ginekologov in porodni\u010darjev Slovenije","isPartOf":{"@id":"https:\/\/www.obgyn-si.org\/kongresi\/7kongres\/#website"},"primaryImageOfPage":{"@id":"https:\/\/www.obgyn-si.org\/kongresi\/7kongres\/zgodovina\/#primaryimage"},"image":{"@id":"https:\/\/www.obgyn-si.org\/kongresi\/7kongres\/zgodovina\/#primaryimage"},"thumbnailUrl":"https:\/\/www.obgyn-si.org\/kongresi\/7kongres\/wp-content\/uploads\/sites\/25\/2018\/05\/gallus.jpg","datePublished":"2018-01-30T11:02:05+00:00","dateModified":"2026-01-06T11:41:45+00:00","breadcrumb":{"@id":"https:\/\/www.obgyn-si.org\/kongresi\/7kongres\/zgodovina\/#breadcrumb"},"inLanguage":"en-US","potentialAction":[{"@type":"ReadAction","target":["https:\/\/www.obgyn-si.org\/kongresi\/7kongres\/zgodovina\/"]}]},{"@type":"ImageObject","inLanguage":"en-US","@id":"https:\/\/www.obgyn-si.org\/kongresi\/7kongres\/zgodovina\/#primaryimage","url":"https:\/\/www.obgyn-si.org\/kongresi\/7kongres\/wp-content\/uploads\/sites\/25\/2018\/05\/gallus.jpg","contentUrl":"https:\/\/www.obgyn-si.org\/kongresi\/7kongres\/wp-content\/uploads\/sites\/25\/2018\/05\/gallus.jpg","width":2128,"height":1416},{"@type":"BreadcrumbList","@id":"https:\/\/www.obgyn-si.org\/kongresi\/7kongres\/zgodovina\/#breadcrumb","itemListElement":[{"@type":"ListItem","position":1,"name":"Home","item":"https:\/\/www.obgyn-si.org\/kongresi\/7kongres\/"},{"@type":"ListItem","position":2,"name":"Zgodovina"}]},{"@type":"WebSite","@id":"https:\/\/www.obgyn-si.org\/kongresi\/7kongres\/#website","url":"https:\/\/www.obgyn-si.org\/kongresi\/7kongres\/","name":"7. Kongres ginekologov in porodni\u010darjev Slovenije","description":"Ljubljana 2026","potentialAction":[{"@type":"SearchAction","target":{"@type":"EntryPoint","urlTemplate":"https:\/\/www.obgyn-si.org\/kongresi\/7kongres\/?s={search_term_string}"},"query-input":{"@type":"PropertyValueSpecification","valueRequired":true,"valueName":"search_term_string"}}],"inLanguage":"en-US"}]}},"_links":{"self":[{"href":"https:\/\/www.obgyn-si.org\/kongresi\/7kongres\/wp-json\/wp\/v2\/pages\/113","targetHints":{"allow":["GET"]}}],"collection":[{"href":"https:\/\/www.obgyn-si.org\/kongresi\/7kongres\/wp-json\/wp\/v2\/pages"}],"about":[{"href":"https:\/\/www.obgyn-si.org\/kongresi\/7kongres\/wp-json\/wp\/v2\/types\/page"}],"author":[{"embeddable":true,"href":"https:\/\/www.obgyn-si.org\/kongresi\/7kongres\/wp-json\/wp\/v2\/users\/1"}],"replies":[{"embeddable":true,"href":"https:\/\/www.obgyn-si.org\/kongresi\/7kongres\/wp-json\/wp\/v2\/comments?post=113"}],"version-history":[{"count":26,"href":"https:\/\/www.obgyn-si.org\/kongresi\/7kongres\/wp-json\/wp\/v2\/pages\/113\/revisions"}],"predecessor-version":[{"id":1938,"href":"https:\/\/www.obgyn-si.org\/kongresi\/7kongres\/wp-json\/wp\/v2\/pages\/113\/revisions\/1938"}],"wp:featuredmedia":[{"embeddable":true,"href":"https:\/\/www.obgyn-si.org\/kongresi\/7kongres\/wp-json\/wp\/v2\/media\/326"}],"wp:attachment":[{"href":"https:\/\/www.obgyn-si.org\/kongresi\/7kongres\/wp-json\/wp\/v2\/media?parent=113"}],"curies":[{"name":"wp","href":"https:\/\/api.w.org\/{rel}","templated":true}]}}