
{"id":1932,"date":"2026-01-06T11:31:51","date_gmt":"2026-01-06T11:31:51","guid":{"rendered":"https:\/\/www.obgyn-si.org\/kongresi\/7kongres\/?page_id=1932"},"modified":"2026-03-25T07:39:51","modified_gmt":"2026-03-25T07:39:51","slug":"preliminarni-program-sobota","status":"publish","type":"page","link":"https:\/\/www.obgyn-si.org\/kongresi\/7kongres\/preliminarni-program-sobota\/","title":{"rendered":"Podroben preliminarni program sobota"},"content":{"rendered":"<h2><strong>SOBOTA, 11. <\/strong><strong>4. 2026 \/ SATURDAY<em>, APRIL 11, 2026<\/em><\/strong><\/h2>\n<p><strong>8.00\u20138.30\u00a0<\/strong>Registracija \/ <em>Registration<\/em><\/p>\n<p><strong>RAZISKAVE IN UMETNA INTELIGENCA V GINEKOLOGIJI IN PORODNI\u0160TVU \/ RESEARCH AND AI IN OBSETRICS AND GYNAECOLOGY<\/strong><\/p>\n<p><strong>Moderatorja: Red. prof. dr. Eda Vrta\u010dnik Bokal, dr. med., v. svet., doc. dr. Sebastjan Merlo, dr. med., doc. dr. Nejc Kozar, <\/strong><strong>dr. med. <\/strong><\/p>\n<p><strong><em>Facilitators: Prof. <\/em><\/strong><strong><em>Eda Vrta\u010dnik Bokal, MD, PhD, Senior Adviser, Assist. Prof. Sebastjan Merlo, MD, PhD, Assist. Prof. Nejc Kozar, MD, PhD<\/em><\/strong><\/p>\n<p><strong>L77\u00a0 \u00a0 \u00a08.30\u20138.40 <\/strong>Funkcionalna magnetna stimulacija pri zdravljenju nepravilnosti medenice pri \u017eenskah \/ <em>Functional magnetic stimulation in the treatment of female pelvic disorders<br \/>\n<\/em>Damir Hod\u017ei\u0107 (Zagreb, Croatia)<\/p>\n<p><strong>L78\u00a0\u00a0\u00a0\u00a0 8.40\u20138.50\u00a0<\/strong>Mikrobna raznolikost \u017eenskega reproduktivnega trakta pri bolnicah z adenomiozo v \u010dasu vgnezditvenega okna \/\u00a0<em>Microbial diversity of the female reproductive tract in patients with adenomyosis during the window of implantation<br \/>\n<\/em>Nika Troha, Eda Vrta\u010dnik Bokal (Ljubljana, Slovenija)<\/p>\n<p><strong>\u00a0<\/strong><strong>L79\u00a0\u00a0\u00a0\u00a0 8.50\u20139.00\u00a0 \u00a0 \u00a0 \u00a0<\/strong>Vloga perifernih regulatornih T-limfocitov pri implantaciji zarodkov \/\u00a0<em>The role of peripheral regulatory T cells in embryo implantation<br \/>\n<\/em>Ksenija Raki\u0107 (Maribor, Slovenija)<\/p>\n<p><strong>\u00a0<\/strong><strong>L80\u00a0\u00a0\u00a0\u00a0 9.00\u20139.10<\/strong><strong>\u00a0 \u00a0 \u00a0 \u00a0<\/strong>Uporaba elektrokemoterapije v ginekologiji \/ The r<em>ole of electrochemotherapy in gynaecology<br \/>\n<\/em>Gregor Vivod\u00a0 (Ljubljana, Slovenija)<\/p>\n<p><strong>\u00a0<\/strong><strong>L81\u00a0\u00a0\u00a0\u00a0 9.10\u20139.20\u00a0<\/strong>Umetna inteligenca v porodni\u0161tvu \/\u00a0<em>Artificial intelligence in obstetrics<br \/>\n<\/em>Faris Mujezinovi\u0107 (Maribor, Slovenija)<\/p>\n<p><strong>L82\u00a0\u00a0\u00a0\u00a0 9.20\u20139.30\u00a0<\/strong>Premagovanje kemorezistence pri raku jaj\u010dnikov: sodobna dognanja in usmeritve v prihodnosti \/\u00a0<em>Overcoming platinum resistance in ovarian cancer: current evidence and future directions<br \/>\n<\/em> David Lukanovi\u010d (Ljubljana, Slovenija)<\/p>\n<p><strong>9.30-10.00\u00a0 Odmor \/ Break<\/strong><\/p>\n<p><strong>POSEBNOSTI ZDRAVSTVENE IN BABI\u0160KE NEGE V GINEKOLOGIJI IN PERINATOLOGIJI \/ <em>NURSING AND MIDWIFERY SPECIFICS IN GYNAECOLOGY AND PERINATOLOGY<\/em><\/strong><\/p>\n<p><strong>Moderatorki: Milica Puklavec Arnu\u0161, mag. zdr. nege, Rosemarie Franc, dipl. babica<br \/>\n<\/strong><strong><em>Facilitators: Milica Puklavec Arnu\u0161, RN, Rosemarie Franc, grad. midw.<\/em><\/strong><\/p>\n<p><strong>L83\u00a0\u00a0\u00a0\u00a0 10.00\u201310.10\u00a0\u00a0<\/strong>Predstavitev dela medicinske sestre v ambulanti za zdravljenje neplodnosti, Oddelka za reproduktivno medicino in ginekolo\u0161ko endokrinologijo, UKC Maribor \/\u00a0<em>Nurses work <\/em><em>in the outpatient infertility clinic<\/em><em> at Departement of Reproductive Medicine and Gynecological Endocrinology, Maribor University Medical Centre<br \/>\n<\/em>Tja\u0161a Matko, Tja\u0161a Bo\u017ei\u010d (Maribor, Slovenija)<\/p>\n<p><strong>L84\u00a0\u00a0\u00a0\u00a0 10.10\u201310.20 \u00a0\u00a0<\/strong>Vedenjska terapija pri \u017eenskah s prekomerno aktivnostjo se\u010dnega mehurja \/\u00a0<em>Behavioral therapy for woman with overactive bladder<br \/>\n<\/em>Sonja Glode\u017e (Maribor, Slovenija)<\/p>\n<p><strong>\u00a0<\/strong><strong>L85\u00a0\u00a0\u00a0\u00a0 10.20\u201310.30 \u00a0\u00a0<\/strong>Hegenberger retractor \u2013 predstavitev in uporaba v babi\u0161ki praksi\u00a0 \/\u00a0<em>Hegenberger retractor- presentation and use in midwifery practice<br \/>\n<\/em>Rosemarie Franc (Maribor, Slovenija), Malene Hegenberger (Slagelse, Denmark)<\/p>\n<p><strong>\u00a0<\/strong><strong>L86\u00a0\u00a0\u00a0\u00a0 10.30\u201310.40\u00a0 \u00a0<\/strong>Do\u017eivljanje \u017eensk med in po postopkih OBMP \/\u00a0<em>Women\u2019s experiences during and after assisted reproductive procedures<br \/>\n<\/em><span style=\"font-size: 1rem;\">Nina Poga\u010dnik (Ljubljana, Slovenija)<\/span><\/p>\n<p><strong>L87\u00a0\u00a0\u00a0\u00a0 10.40\u201310.50 \u00a0<\/strong>Zdravstvena nega \u017eensk po robotski ginekolo\u0161ki operaciji \/\u00a0<em>Postoperative nursing care of women after robotic gynecological surgery<br \/>\n<\/em>Tja\u0161a Semprimo\u017enik Knez (Ljubljana, Slovenija)<\/p>\n<p><strong>\u00a0<\/strong><strong>L88\u00a0\u00a0\u00a0\u00a0 10.50\u201311.00\u00a0<\/strong>\u010custvene stiske star\u0161ev prezgodaj rojenih otrok \/\u00a0<em>Emotional distress of parents of premature babies<br \/>\n<\/em><span style=\"font-size: 1rem;\">Romana Bo\u017enar Brzin (Ljubljana, Slovenija)<\/span><\/p>\n<p><strong>11.00\u201311.30\u00a0<\/strong><strong>Odmor \/ <em>Break<\/em> <\/strong><\/p>\n<p><strong>FIZIOTERAPIJA V GINEKOLOGIJI IN PERINATOLOGIJI \/ <em>PHYSIOTHERAPY IN GYNAECOLOGY AND PERINATOLOGY<\/em><\/strong><\/p>\n<p><strong>Moderatorki: Doc dr. Darija \u0160\u0107epanovi\u0107, vi\u0161. fiziot., mag. <\/strong><strong>Karolina Ra\u010dunica, dipl. fiziot.<\/strong><\/p>\n<p><strong><em>Facilitators: Assist. Prof. Darija \u0160\u0107epanovi\u0107, high. physioth., Karolina Ra\u010dunica, grad. physioth., M. Sc.<\/em><\/strong><\/p>\n<p><strong>L89\u00a0\u00a0\u00a0\u00a0 11.30\u201311.40\u00a0<\/strong>Koristni u\u010dinki telesne dejavnosti v nose\u010dnosti \/\u00a0Beneficial effects of physical activity during pregnancy<br \/>\n\u0160ejla Heljezovi\u0107 \u0106uski\u0107 (Ljubljana, Slovenija)<\/p>\n<p><strong>L90\u00a0\u00a0\u00a0\u00a0 11.40\u201311.50\u00a0\u00a0<\/strong>U\u010dinki vadbe joge v nose\u010dnosti na potek in izzid poroda \/ The impact of prenatal Yoga practice on labor and birth outcomes<br \/>\nLucija Kuder (Maribor, Slovenija)<\/p>\n<p><strong>L91\u00a0\u00a0\u00a0\u00a0 11.50\u201312.00\u00a0<\/strong>Povezava med telesno dejavnostjo in prirastom telesne mase v nose\u010dnosti \/\u00a0Association between physical activity and weight gain during pregnancy<br \/>\nSara Hod\u017ei\u0107, Darija \u0160\u0107epanovi\u0107, Miha Lu\u010dovnik (Ljubljana, Slovenija)<\/p>\n<p><strong>L92\u00a0\u00a0\u00a0\u00a0 12.00\u201312.10\u00a0\u00a0<\/strong>Kaj v resnici vemo o bole\u010dini v medeni\u010dnem obro\u010du v nose\u010dnosti? \/ What do we really know about pelvic girdle pain during pregnancy?<br \/>\nDarija \u0160\u0107epanovi\u0107 (Ljubljana, Slovenija), Karolina Ra\u010dunica (Maribor, Slovenija)<\/p>\n<p><strong>\u00a0<\/strong><strong>PERSPEKTIVA PACIENTA \/ <em>THE PATIENT PERSPECTIVE<\/em><\/strong><\/p>\n<p><strong>Moderatorja: Red. prof. dr. Adolf Lukanovi\u0107, dr. med., v. svet., doc. dr. Andra\u017e Dovnik, dr. med.<\/strong><\/p>\n<p><strong><em>Facilitators: Prof. <\/em><\/strong><strong><em>Adolf Lukanovi\u0107, MD, PhD, Senior Adviser, Assist. Prof. Andra\u017e Dovnik, MD, PhD<\/em><\/strong><\/p>\n<p><strong>\u00a0<\/strong><strong>L93\u00a0\u00a0\u00a0\u00a0 12.10\u201312.20\u00a0<\/strong>Ocenjevanje kvalitete \u017eivljenja pri bolnicah z ginekolo\u0161kim rakom \/\u00a0<em>Quality of life assessment in patients with gynecologic cancer<br \/>\n<\/em>Andra\u017e Dovnik (Maribor, Slovenija)<\/p>\n<p><strong>\u00a0<\/strong><strong>L94\u00a0\u00a0\u00a0\u00a0 12.20\u201312.30\u00a0<\/strong>Pomen psihosocialne podpore pri ginekolo\u0161kih rakih \/ <em>The importance of psychosocial support in gynaecologycal cancers<br \/>\n<\/em>Darja Molan (Ljubljana, Slovenija)<\/p>\n<p><strong>\u00a0<\/strong><strong>L95\u00a0\u00a0\u00a0\u00a0 12.30\u201312.40\u00a0<\/strong>Razkorak med pri\u010dakovanji bolnice in realnostjo zdravljenja danes in v prihodnosti \/\u00a0<em>The gap between the patient&#8217;s expectations and the reality of treatment: today and in the future<br \/>\n<\/em>Adolf Lukanovi\u0107 (Ljubljana, Slovenija)<\/p>\n<p><strong>L96 \u00a0\u00a0\u00a0 <\/strong><strong>12.40\u2013<\/strong><strong>12.50\u00a0\u00a0\u00a0 <\/strong>Predstavitev rezultatov multicentri\u010dne raziskave (OPTION VMS) \/\u00a0<em>Preliminary study results of OPTION VMS study<br \/>\n<\/em>Barbara Po\u017elep (Ljubljana, Slovenija)<\/p>\n<p><strong>\u00a0<\/strong><strong>12.50\u201314.00 \u00a0\u00a0 <\/strong><strong>Povzetki, razprava in zaklju\u010dek kongresa \/ <\/strong><strong><em>Summaries, discussion, and closing of the congress<\/em><\/strong><\/p>\n<p><strong>Moderatorja: Red. prof. dr. Borut Kobal, dr. med., red. prof. dr. Iztok Taka\u010d, dr. med., v. svet. <\/strong><\/p>\n<p><strong><em>Facilitators: Prof. Borut Kobal, MD, PhD, Prof. Iztok Taka\u010d, MD, PhD, <\/em><\/strong><strong><em>Senior Adviser<\/em><\/strong><\/p>\n<p>&nbsp;<\/p>\n","protected":false},"excerpt":{"rendered":"<p>SOBOTA, 11. 4. 2026 \/ SATURDAY, APRIL 11, 2026 8.00\u20138.30\u00a0Registracija \/ Registration RAZISKAVE IN UMETNA INTELIGENCA V GINEKOLOGIJI IN PORODNI\u0160TVU \/ RESEARCH AND AI IN OBSETRICS AND GYNAECOLOGY Moderatorja: Red. prof. dr. Eda Vrta\u010dnik Bokal, dr. med., v. svet., doc. dr. Sebastjan Merlo, dr. med., doc. dr. Nejc Kozar, dr. med. Facilitators: Prof. Eda Vrta\u010dnik &hellip; <\/p>\n<p class=\"link-more\"><a href=\"https:\/\/www.obgyn-si.org\/kongresi\/7kongres\/preliminarni-program-sobota\/\" class=\"more-link\">Continue reading<span class=\"screen-reader-text\"> &#8220;Podroben preliminarni program sobota&#8221;<\/span><\/a><\/p>\n","protected":false},"author":1,"featured_media":778,"parent":0,"menu_order":0,"comment_status":"closed","ping_status":"closed","template":"","meta":{"footnotes":""},"class_list":["post-1932","page","type-page","status-publish","has-post-thumbnail","hentry"],"yoast_head":"<!-- This site is optimized with the Yoast SEO plugin v26.8 - https:\/\/yoast.com\/product\/yoast-seo-wordpress\/ -->\n<title>Podroben preliminarni program sobota - 7. Kongres ginekologov in porodni\u010darjev Slovenije<\/title>\n<meta name=\"robots\" content=\"index, follow, max-snippet:-1, max-image-preview:large, max-video-preview:-1\" \/>\n<link rel=\"canonical\" href=\"https:\/\/www.obgyn-si.org\/kongresi\/7kongres\/preliminarni-program-sobota\/\" \/>\n<meta property=\"og:locale\" content=\"en_US\" \/>\n<meta property=\"og:type\" content=\"article\" \/>\n<meta property=\"og:title\" content=\"Podroben preliminarni program sobota - 7. Kongres ginekologov in porodni\u010darjev Slovenije\" \/>\n<meta property=\"og:description\" content=\"SOBOTA, 11. 4. 2026 \/ SATURDAY, APRIL 11, 2026 8.00\u20138.30\u00a0Registracija \/ Registration RAZISKAVE IN UMETNA INTELIGENCA V GINEKOLOGIJI IN PORODNI\u0160TVU \/ RESEARCH AND AI IN OBSETRICS AND GYNAECOLOGY Moderatorja: Red. prof. dr. Eda Vrta\u010dnik Bokal, dr. med., v. svet., doc. dr. Sebastjan Merlo, dr. med., doc. dr. Nejc Kozar, dr. med. Facilitators: Prof. Eda Vrta\u010dnik &hellip; Continue reading &quot;Podroben preliminarni program sobota&quot;\" \/>\n<meta property=\"og:url\" content=\"https:\/\/www.obgyn-si.org\/kongresi\/7kongres\/preliminarni-program-sobota\/\" \/>\n<meta property=\"og:site_name\" content=\"7. Kongres ginekologov in porodni\u010darjev Slovenije\" \/>\n<meta property=\"article:modified_time\" content=\"2026-03-25T07:39:51+00:00\" \/>\n<meta property=\"og:image\" content=\"http:\/\/www.obgyn-si.org\/kongresi\/7kongres\/wp-content\/uploads\/sites\/25\/2020\/01\/149647063.z2qSjuXl.jpg\" \/>\n\t<meta property=\"og:image:width\" content=\"800\" \/>\n\t<meta property=\"og:image:height\" content=\"532\" \/>\n\t<meta property=\"og:image:type\" content=\"image\/jpeg\" \/>\n<meta name=\"twitter:card\" content=\"summary_large_image\" \/>\n<meta name=\"twitter:label1\" content=\"Est. reading time\" \/>\n\t<meta name=\"twitter:data1\" content=\"4 minutes\" \/>\n<script type=\"application\/ld+json\" class=\"yoast-schema-graph\">{\"@context\":\"https:\/\/schema.org\",\"@graph\":[{\"@type\":\"WebPage\",\"@id\":\"https:\/\/www.obgyn-si.org\/kongresi\/7kongres\/preliminarni-program-sobota\/\",\"url\":\"https:\/\/www.obgyn-si.org\/kongresi\/7kongres\/preliminarni-program-sobota\/\",\"name\":\"Podroben preliminarni program sobota - 7. Kongres ginekologov in porodni\u010darjev Slovenije\",\"isPartOf\":{\"@id\":\"https:\/\/www.obgyn-si.org\/kongresi\/7kongres\/#website\"},\"primaryImageOfPage\":{\"@id\":\"https:\/\/www.obgyn-si.org\/kongresi\/7kongres\/preliminarni-program-sobota\/#primaryimage\"},\"image\":{\"@id\":\"https:\/\/www.obgyn-si.org\/kongresi\/7kongres\/preliminarni-program-sobota\/#primaryimage\"},\"thumbnailUrl\":\"https:\/\/www.obgyn-si.org\/kongresi\/7kongres\/wp-content\/uploads\/sites\/25\/2020\/01\/149647063.z2qSjuXl.jpg\",\"datePublished\":\"2026-01-06T11:31:51+00:00\",\"dateModified\":\"2026-03-25T07:39:51+00:00\",\"breadcrumb\":{\"@id\":\"https:\/\/www.obgyn-si.org\/kongresi\/7kongres\/preliminarni-program-sobota\/#breadcrumb\"},\"inLanguage\":\"en-US\",\"potentialAction\":[{\"@type\":\"ReadAction\",\"target\":[\"https:\/\/www.obgyn-si.org\/kongresi\/7kongres\/preliminarni-program-sobota\/\"]}]},{\"@type\":\"ImageObject\",\"inLanguage\":\"en-US\",\"@id\":\"https:\/\/www.obgyn-si.org\/kongresi\/7kongres\/preliminarni-program-sobota\/#primaryimage\",\"url\":\"https:\/\/www.obgyn-si.org\/kongresi\/7kongres\/wp-content\/uploads\/sites\/25\/2020\/01\/149647063.z2qSjuXl.jpg\",\"contentUrl\":\"https:\/\/www.obgyn-si.org\/kongresi\/7kongres\/wp-content\/uploads\/sites\/25\/2020\/01\/149647063.z2qSjuXl.jpg\",\"width\":800,\"height\":532},{\"@type\":\"BreadcrumbList\",\"@id\":\"https:\/\/www.obgyn-si.org\/kongresi\/7kongres\/preliminarni-program-sobota\/#breadcrumb\",\"itemListElement\":[{\"@type\":\"ListItem\",\"position\":1,\"name\":\"Home\",\"item\":\"https:\/\/www.obgyn-si.org\/kongresi\/7kongres\/\"},{\"@type\":\"ListItem\",\"position\":2,\"name\":\"Podroben preliminarni program sobota\"}]},{\"@type\":\"WebSite\",\"@id\":\"https:\/\/www.obgyn-si.org\/kongresi\/7kongres\/#website\",\"url\":\"https:\/\/www.obgyn-si.org\/kongresi\/7kongres\/\",\"name\":\"7. Kongres ginekologov in porodni\u010darjev Slovenije\",\"description\":\"Ljubljana 2026\",\"potentialAction\":[{\"@type\":\"SearchAction\",\"target\":{\"@type\":\"EntryPoint\",\"urlTemplate\":\"https:\/\/www.obgyn-si.org\/kongresi\/7kongres\/?s={search_term_string}\"},\"query-input\":{\"@type\":\"PropertyValueSpecification\",\"valueRequired\":true,\"valueName\":\"search_term_string\"}}],\"inLanguage\":\"en-US\"}]}<\/script>\n<!-- \/ Yoast SEO plugin. -->","yoast_head_json":{"title":"Podroben preliminarni program sobota - 7. Kongres ginekologov in porodni\u010darjev Slovenije","robots":{"index":"index","follow":"follow","max-snippet":"max-snippet:-1","max-image-preview":"max-image-preview:large","max-video-preview":"max-video-preview:-1"},"canonical":"https:\/\/www.obgyn-si.org\/kongresi\/7kongres\/preliminarni-program-sobota\/","og_locale":"en_US","og_type":"article","og_title":"Podroben preliminarni program sobota - 7. Kongres ginekologov in porodni\u010darjev Slovenije","og_description":"SOBOTA, 11. 4. 2026 \/ SATURDAY, APRIL 11, 2026 8.00\u20138.30\u00a0Registracija \/ Registration RAZISKAVE IN UMETNA INTELIGENCA V GINEKOLOGIJI IN PORODNI\u0160TVU \/ RESEARCH AND AI IN OBSETRICS AND GYNAECOLOGY Moderatorja: Red. prof. dr. Eda Vrta\u010dnik Bokal, dr. med., v. svet., doc. dr. Sebastjan Merlo, dr. med., doc. dr. Nejc Kozar, dr. med. Facilitators: Prof. Eda Vrta\u010dnik &hellip; Continue reading \"Podroben preliminarni program sobota\"","og_url":"https:\/\/www.obgyn-si.org\/kongresi\/7kongres\/preliminarni-program-sobota\/","og_site_name":"7. Kongres ginekologov in porodni\u010darjev Slovenije","article_modified_time":"2026-03-25T07:39:51+00:00","og_image":[{"width":800,"height":532,"url":"http:\/\/www.obgyn-si.org\/kongresi\/7kongres\/wp-content\/uploads\/sites\/25\/2020\/01\/149647063.z2qSjuXl.jpg","type":"image\/jpeg"}],"twitter_card":"summary_large_image","twitter_misc":{"Est. reading time":"4 minutes"},"schema":{"@context":"https:\/\/schema.org","@graph":[{"@type":"WebPage","@id":"https:\/\/www.obgyn-si.org\/kongresi\/7kongres\/preliminarni-program-sobota\/","url":"https:\/\/www.obgyn-si.org\/kongresi\/7kongres\/preliminarni-program-sobota\/","name":"Podroben preliminarni program sobota - 7. Kongres ginekologov in porodni\u010darjev Slovenije","isPartOf":{"@id":"https:\/\/www.obgyn-si.org\/kongresi\/7kongres\/#website"},"primaryImageOfPage":{"@id":"https:\/\/www.obgyn-si.org\/kongresi\/7kongres\/preliminarni-program-sobota\/#primaryimage"},"image":{"@id":"https:\/\/www.obgyn-si.org\/kongresi\/7kongres\/preliminarni-program-sobota\/#primaryimage"},"thumbnailUrl":"https:\/\/www.obgyn-si.org\/kongresi\/7kongres\/wp-content\/uploads\/sites\/25\/2020\/01\/149647063.z2qSjuXl.jpg","datePublished":"2026-01-06T11:31:51+00:00","dateModified":"2026-03-25T07:39:51+00:00","breadcrumb":{"@id":"https:\/\/www.obgyn-si.org\/kongresi\/7kongres\/preliminarni-program-sobota\/#breadcrumb"},"inLanguage":"en-US","potentialAction":[{"@type":"ReadAction","target":["https:\/\/www.obgyn-si.org\/kongresi\/7kongres\/preliminarni-program-sobota\/"]}]},{"@type":"ImageObject","inLanguage":"en-US","@id":"https:\/\/www.obgyn-si.org\/kongresi\/7kongres\/preliminarni-program-sobota\/#primaryimage","url":"https:\/\/www.obgyn-si.org\/kongresi\/7kongres\/wp-content\/uploads\/sites\/25\/2020\/01\/149647063.z2qSjuXl.jpg","contentUrl":"https:\/\/www.obgyn-si.org\/kongresi\/7kongres\/wp-content\/uploads\/sites\/25\/2020\/01\/149647063.z2qSjuXl.jpg","width":800,"height":532},{"@type":"BreadcrumbList","@id":"https:\/\/www.obgyn-si.org\/kongresi\/7kongres\/preliminarni-program-sobota\/#breadcrumb","itemListElement":[{"@type":"ListItem","position":1,"name":"Home","item":"https:\/\/www.obgyn-si.org\/kongresi\/7kongres\/"},{"@type":"ListItem","position":2,"name":"Podroben preliminarni program sobota"}]},{"@type":"WebSite","@id":"https:\/\/www.obgyn-si.org\/kongresi\/7kongres\/#website","url":"https:\/\/www.obgyn-si.org\/kongresi\/7kongres\/","name":"7. Kongres ginekologov in porodni\u010darjev Slovenije","description":"Ljubljana 2026","potentialAction":[{"@type":"SearchAction","target":{"@type":"EntryPoint","urlTemplate":"https:\/\/www.obgyn-si.org\/kongresi\/7kongres\/?s={search_term_string}"},"query-input":{"@type":"PropertyValueSpecification","valueRequired":true,"valueName":"search_term_string"}}],"inLanguage":"en-US"}]}},"_links":{"self":[{"href":"https:\/\/www.obgyn-si.org\/kongresi\/7kongres\/wp-json\/wp\/v2\/pages\/1932","targetHints":{"allow":["GET"]}}],"collection":[{"href":"https:\/\/www.obgyn-si.org\/kongresi\/7kongres\/wp-json\/wp\/v2\/pages"}],"about":[{"href":"https:\/\/www.obgyn-si.org\/kongresi\/7kongres\/wp-json\/wp\/v2\/types\/page"}],"author":[{"embeddable":true,"href":"https:\/\/www.obgyn-si.org\/kongresi\/7kongres\/wp-json\/wp\/v2\/users\/1"}],"replies":[{"embeddable":true,"href":"https:\/\/www.obgyn-si.org\/kongresi\/7kongres\/wp-json\/wp\/v2\/comments?post=1932"}],"version-history":[{"count":13,"href":"https:\/\/www.obgyn-si.org\/kongresi\/7kongres\/wp-json\/wp\/v2\/pages\/1932\/revisions"}],"predecessor-version":[{"id":2015,"href":"https:\/\/www.obgyn-si.org\/kongresi\/7kongres\/wp-json\/wp\/v2\/pages\/1932\/revisions\/2015"}],"wp:featuredmedia":[{"embeddable":true,"href":"https:\/\/www.obgyn-si.org\/kongresi\/7kongres\/wp-json\/wp\/v2\/media\/778"}],"wp:attachment":[{"href":"https:\/\/www.obgyn-si.org\/kongresi\/7kongres\/wp-json\/wp\/v2\/media?parent=1932"}],"curies":[{"name":"wp","href":"https:\/\/api.w.org\/{rel}","templated":true}]}}