
{"id":1983,"date":"2026-01-26T07:24:10","date_gmt":"2026-01-26T07:24:10","guid":{"rendered":"https:\/\/www.obgyn-si.org\/kongresi\/7kongres\/?page_id=1983"},"modified":"2026-01-26T08:00:48","modified_gmt":"2026-01-26T08:00:48","slug":"navodila-za-avtorje-prispevkov","status":"publish","type":"page","link":"https:\/\/www.obgyn-si.org\/kongresi\/7kongres\/navodila-za-avtorje-prispevkov\/","title":{"rendered":"Navodila za avtorje prispevkov"},"content":{"rendered":"<h2>Navodila za pripravo prispevkov<\/h2>\n<p>Spo\u0161tovane kolegice in kolegi,<\/p>\n<p>Zahvaljujemo se vam za posredovanje naslova va\u0161ega prispevka za 7. KONGRES GINEKOLOGIJE IN PERINATOLOGIJE SLOVENIJE.<\/p>\n<p>Naj vas spomnimo, da se naslov in seznam avtorjev ne smeta razlikovati od tistega, ki je naveden v programu.<\/p>\n<p>Prispevek mora biti pripravljen\u00a0v skladu z navodili za avtorje revije Zdravni\u0161ki Vestnik\u00a0(v povezavah boste na\u0161li smernice in vzorec \u010dlanka).<\/p>\n<p>Obseg prispevka\u00a0ne sme presegati 4\u20136 strani oziroma pribli\u017eno 3000 besed, vklju\u010dno z naslovom in izvle\u010dkom v slovenskem in angle\u0161kem jeziku, klju\u010dnimi besedami ter seznamom literature.<\/p>\n<p>Robovi naj bodo nastavljeni\u00a0enakomerno na obeh straneh dokumenta. Uporabite pisavo\u00a0Times New Roman\u00a0in\u00a0razmik med vrsticami 1,5.<\/p>\n<p>Avtorje, ki so svoje prispevke \u017ee oddali, vljudno prosimo, da\u00a0\u0161e enkrat preverijo oblikovanje dokumenta\u00a0in se prepri\u010dajo, da je skladno z zgoraj navedenimi navodili.<\/p>\n<p>Zahvaljujemo se vam za sodelovanje in pravo\u010dasno oddajo va\u0161ega prispevka!<\/p>\n<p>Prispevke prosim po\u0161ljite na <a href=\"mailto:iztok.takac@ukc-mb.si\">iztok.takac@ukc-mb.si<\/a> in <a href=\"mailto:nejc@kozar.me\">nejc@kozar.me<\/a><\/p>\n<p>S spo\u0161tovanjem,<\/p>\n<p>prof. dr. Borut Kobal, dr. med.<br \/>\nPredsednik organizacijskega odbora<\/p>\n<p>prof. dr. Iztok Taka\u010d, dr. med.<br \/>\nPredsednik znanstvenega odbora<\/p>\n<p>&nbsp;<\/p>\n<p>Navodila:\u00a0<a href=\"https:\/\/vestnik.szd.si\/index.php\/ZdravVest\/ManuscriptPreparation\">https:\/\/vestnik.szd.si\/index.php\/ZdravVest\/ManuscriptPreparation<\/a><br \/>\nCitiranje:\u00a0<a href=\"https:\/\/vestnik.szd.si\/01_Citiranje_in_navajanje_virov_verzija_2017.pdf\">https:\/\/vestnik.szd.si\/01_Citiranje_in_navajanje_virov_verzija_2017.pdf<\/a><br \/>\nPrimer:\u00a0<a href=\"https:\/\/vestnik.szd.si\/index.php\/ZdravVest\/article\/view\/2495\/2257\">https:\/\/vestnik.szd.si\/index.php\/ZdravVest\/article\/view\/2495\/2257<\/a><\/p>\n","protected":false},"excerpt":{"rendered":"<p>Navodila za pripravo prispevkov Spo\u0161tovane kolegice in kolegi, Zahvaljujemo se vam za posredovanje naslova va\u0161ega prispevka za 7. KONGRES GINEKOLOGIJE IN PERINATOLOGIJE SLOVENIJE. Naj vas spomnimo, da se naslov in seznam avtorjev ne smeta razlikovati od tistega, ki je naveden v programu. Prispevek mora biti pripravljen\u00a0v skladu z navodili za avtorje revije Zdravni\u0161ki Vestnik\u00a0(v povezavah &hellip; <\/p>\n<p class=\"link-more\"><a href=\"https:\/\/www.obgyn-si.org\/kongresi\/7kongres\/navodila-za-avtorje-prispevkov\/\" class=\"more-link\">Continue reading<span class=\"screen-reader-text\"> &#8220;Navodila za avtorje prispevkov&#8221;<\/span><\/a><\/p>\n","protected":false},"author":1,"featured_media":328,"parent":0,"menu_order":0,"comment_status":"closed","ping_status":"closed","template":"","meta":{"footnotes":""},"class_list":["post-1983","page","type-page","status-publish","has-post-thumbnail","hentry"],"yoast_head":"<!-- This site is optimized with the Yoast SEO plugin v26.8 - https:\/\/yoast.com\/product\/yoast-seo-wordpress\/ -->\n<title>Navodila za avtorje prispevkov - 7. Kongres ginekologov in porodni\u010darjev Slovenije<\/title>\n<meta name=\"robots\" content=\"index, follow, max-snippet:-1, max-image-preview:large, max-video-preview:-1\" \/>\n<link rel=\"canonical\" href=\"https:\/\/www.obgyn-si.org\/kongresi\/7kongres\/navodila-za-avtorje-prispevkov\/\" \/>\n<meta property=\"og:locale\" content=\"en_US\" \/>\n<meta property=\"og:type\" content=\"article\" \/>\n<meta property=\"og:title\" content=\"Navodila za avtorje prispevkov - 7. Kongres ginekologov in porodni\u010darjev Slovenije\" \/>\n<meta property=\"og:description\" content=\"Navodila za pripravo prispevkov Spo\u0161tovane kolegice in kolegi, Zahvaljujemo se vam za posredovanje naslova va\u0161ega prispevka za 7. KONGRES GINEKOLOGIJE IN PERINATOLOGIJE SLOVENIJE. Naj vas spomnimo, da se naslov in seznam avtorjev ne smeta razlikovati od tistega, ki je naveden v programu. Prispevek mora biti pripravljen\u00a0v skladu z navodili za avtorje revije Zdravni\u0161ki Vestnik\u00a0(v povezavah &hellip; Continue reading &quot;Navodila za avtorje prispevkov&quot;\" \/>\n<meta property=\"og:url\" content=\"https:\/\/www.obgyn-si.org\/kongresi\/7kongres\/navodila-za-avtorje-prispevkov\/\" \/>\n<meta property=\"og:site_name\" content=\"7. Kongres ginekologov in porodni\u010darjev Slovenije\" \/>\n<meta property=\"article:modified_time\" content=\"2026-01-26T08:00:48+00:00\" \/>\n<meta property=\"og:image\" content=\"https:\/\/www.obgyn-si.org\/kongresi\/7kongres\/wp-content\/uploads\/sites\/25\/2018\/05\/77193785.nncWoxVY.jpg\" \/>\n\t<meta property=\"og:image:width\" content=\"800\" \/>\n\t<meta property=\"og:image:height\" content=\"531\" \/>\n\t<meta property=\"og:image:type\" content=\"image\/jpeg\" \/>\n<meta name=\"twitter:card\" content=\"summary_large_image\" \/>\n<meta name=\"twitter:label1\" content=\"Est. reading time\" \/>\n\t<meta name=\"twitter:data1\" content=\"1 minute\" \/>\n<script type=\"application\/ld+json\" class=\"yoast-schema-graph\">{\"@context\":\"https:\/\/schema.org\",\"@graph\":[{\"@type\":\"WebPage\",\"@id\":\"https:\/\/www.obgyn-si.org\/kongresi\/7kongres\/navodila-za-avtorje-prispevkov\/\",\"url\":\"https:\/\/www.obgyn-si.org\/kongresi\/7kongres\/navodila-za-avtorje-prispevkov\/\",\"name\":\"Navodila za avtorje prispevkov - 7. Kongres ginekologov in porodni\u010darjev Slovenije\",\"isPartOf\":{\"@id\":\"https:\/\/www.obgyn-si.org\/kongresi\/7kongres\/#website\"},\"primaryImageOfPage\":{\"@id\":\"https:\/\/www.obgyn-si.org\/kongresi\/7kongres\/navodila-za-avtorje-prispevkov\/#primaryimage\"},\"image\":{\"@id\":\"https:\/\/www.obgyn-si.org\/kongresi\/7kongres\/navodila-za-avtorje-prispevkov\/#primaryimage\"},\"thumbnailUrl\":\"https:\/\/www.obgyn-si.org\/kongresi\/7kongres\/wp-content\/uploads\/sites\/25\/2018\/05\/77193785.nncWoxVY.jpg\",\"datePublished\":\"2026-01-26T07:24:10+00:00\",\"dateModified\":\"2026-01-26T08:00:48+00:00\",\"breadcrumb\":{\"@id\":\"https:\/\/www.obgyn-si.org\/kongresi\/7kongres\/navodila-za-avtorje-prispevkov\/#breadcrumb\"},\"inLanguage\":\"en-US\",\"potentialAction\":[{\"@type\":\"ReadAction\",\"target\":[\"https:\/\/www.obgyn-si.org\/kongresi\/7kongres\/navodila-za-avtorje-prispevkov\/\"]}]},{\"@type\":\"ImageObject\",\"inLanguage\":\"en-US\",\"@id\":\"https:\/\/www.obgyn-si.org\/kongresi\/7kongres\/navodila-za-avtorje-prispevkov\/#primaryimage\",\"url\":\"https:\/\/www.obgyn-si.org\/kongresi\/7kongres\/wp-content\/uploads\/sites\/25\/2018\/05\/77193785.nncWoxVY.jpg\",\"contentUrl\":\"https:\/\/www.obgyn-si.org\/kongresi\/7kongres\/wp-content\/uploads\/sites\/25\/2018\/05\/77193785.nncWoxVY.jpg\",\"width\":800,\"height\":531},{\"@type\":\"BreadcrumbList\",\"@id\":\"https:\/\/www.obgyn-si.org\/kongresi\/7kongres\/navodila-za-avtorje-prispevkov\/#breadcrumb\",\"itemListElement\":[{\"@type\":\"ListItem\",\"position\":1,\"name\":\"Home\",\"item\":\"https:\/\/www.obgyn-si.org\/kongresi\/7kongres\/\"},{\"@type\":\"ListItem\",\"position\":2,\"name\":\"Navodila za avtorje prispevkov\"}]},{\"@type\":\"WebSite\",\"@id\":\"https:\/\/www.obgyn-si.org\/kongresi\/7kongres\/#website\",\"url\":\"https:\/\/www.obgyn-si.org\/kongresi\/7kongres\/\",\"name\":\"7. Kongres ginekologov in porodni\u010darjev Slovenije\",\"description\":\"Ljubljana 2026\",\"potentialAction\":[{\"@type\":\"SearchAction\",\"target\":{\"@type\":\"EntryPoint\",\"urlTemplate\":\"https:\/\/www.obgyn-si.org\/kongresi\/7kongres\/?s={search_term_string}\"},\"query-input\":{\"@type\":\"PropertyValueSpecification\",\"valueRequired\":true,\"valueName\":\"search_term_string\"}}],\"inLanguage\":\"en-US\"}]}<\/script>\n<!-- \/ Yoast SEO plugin. -->","yoast_head_json":{"title":"Navodila za avtorje prispevkov - 7. Kongres ginekologov in porodni\u010darjev Slovenije","robots":{"index":"index","follow":"follow","max-snippet":"max-snippet:-1","max-image-preview":"max-image-preview:large","max-video-preview":"max-video-preview:-1"},"canonical":"https:\/\/www.obgyn-si.org\/kongresi\/7kongres\/navodila-za-avtorje-prispevkov\/","og_locale":"en_US","og_type":"article","og_title":"Navodila za avtorje prispevkov - 7. Kongres ginekologov in porodni\u010darjev Slovenije","og_description":"Navodila za pripravo prispevkov Spo\u0161tovane kolegice in kolegi, Zahvaljujemo se vam za posredovanje naslova va\u0161ega prispevka za 7. KONGRES GINEKOLOGIJE IN PERINATOLOGIJE SLOVENIJE. Naj vas spomnimo, da se naslov in seznam avtorjev ne smeta razlikovati od tistega, ki je naveden v programu. Prispevek mora biti pripravljen\u00a0v skladu z navodili za avtorje revije Zdravni\u0161ki Vestnik\u00a0(v povezavah &hellip; Continue reading \"Navodila za avtorje prispevkov\"","og_url":"https:\/\/www.obgyn-si.org\/kongresi\/7kongres\/navodila-za-avtorje-prispevkov\/","og_site_name":"7. Kongres ginekologov in porodni\u010darjev Slovenije","article_modified_time":"2026-01-26T08:00:48+00:00","og_image":[{"width":800,"height":531,"url":"https:\/\/www.obgyn-si.org\/kongresi\/7kongres\/wp-content\/uploads\/sites\/25\/2018\/05\/77193785.nncWoxVY.jpg","type":"image\/jpeg"}],"twitter_card":"summary_large_image","twitter_misc":{"Est. reading time":"1 minute"},"schema":{"@context":"https:\/\/schema.org","@graph":[{"@type":"WebPage","@id":"https:\/\/www.obgyn-si.org\/kongresi\/7kongres\/navodila-za-avtorje-prispevkov\/","url":"https:\/\/www.obgyn-si.org\/kongresi\/7kongres\/navodila-za-avtorje-prispevkov\/","name":"Navodila za avtorje prispevkov - 7. Kongres ginekologov in porodni\u010darjev Slovenije","isPartOf":{"@id":"https:\/\/www.obgyn-si.org\/kongresi\/7kongres\/#website"},"primaryImageOfPage":{"@id":"https:\/\/www.obgyn-si.org\/kongresi\/7kongres\/navodila-za-avtorje-prispevkov\/#primaryimage"},"image":{"@id":"https:\/\/www.obgyn-si.org\/kongresi\/7kongres\/navodila-za-avtorje-prispevkov\/#primaryimage"},"thumbnailUrl":"https:\/\/www.obgyn-si.org\/kongresi\/7kongres\/wp-content\/uploads\/sites\/25\/2018\/05\/77193785.nncWoxVY.jpg","datePublished":"2026-01-26T07:24:10+00:00","dateModified":"2026-01-26T08:00:48+00:00","breadcrumb":{"@id":"https:\/\/www.obgyn-si.org\/kongresi\/7kongres\/navodila-za-avtorje-prispevkov\/#breadcrumb"},"inLanguage":"en-US","potentialAction":[{"@type":"ReadAction","target":["https:\/\/www.obgyn-si.org\/kongresi\/7kongres\/navodila-za-avtorje-prispevkov\/"]}]},{"@type":"ImageObject","inLanguage":"en-US","@id":"https:\/\/www.obgyn-si.org\/kongresi\/7kongres\/navodila-za-avtorje-prispevkov\/#primaryimage","url":"https:\/\/www.obgyn-si.org\/kongresi\/7kongres\/wp-content\/uploads\/sites\/25\/2018\/05\/77193785.nncWoxVY.jpg","contentUrl":"https:\/\/www.obgyn-si.org\/kongresi\/7kongres\/wp-content\/uploads\/sites\/25\/2018\/05\/77193785.nncWoxVY.jpg","width":800,"height":531},{"@type":"BreadcrumbList","@id":"https:\/\/www.obgyn-si.org\/kongresi\/7kongres\/navodila-za-avtorje-prispevkov\/#breadcrumb","itemListElement":[{"@type":"ListItem","position":1,"name":"Home","item":"https:\/\/www.obgyn-si.org\/kongresi\/7kongres\/"},{"@type":"ListItem","position":2,"name":"Navodila za avtorje prispevkov"}]},{"@type":"WebSite","@id":"https:\/\/www.obgyn-si.org\/kongresi\/7kongres\/#website","url":"https:\/\/www.obgyn-si.org\/kongresi\/7kongres\/","name":"7. Kongres ginekologov in porodni\u010darjev Slovenije","description":"Ljubljana 2026","potentialAction":[{"@type":"SearchAction","target":{"@type":"EntryPoint","urlTemplate":"https:\/\/www.obgyn-si.org\/kongresi\/7kongres\/?s={search_term_string}"},"query-input":{"@type":"PropertyValueSpecification","valueRequired":true,"valueName":"search_term_string"}}],"inLanguage":"en-US"}]}},"_links":{"self":[{"href":"https:\/\/www.obgyn-si.org\/kongresi\/7kongres\/wp-json\/wp\/v2\/pages\/1983","targetHints":{"allow":["GET"]}}],"collection":[{"href":"https:\/\/www.obgyn-si.org\/kongresi\/7kongres\/wp-json\/wp\/v2\/pages"}],"about":[{"href":"https:\/\/www.obgyn-si.org\/kongresi\/7kongres\/wp-json\/wp\/v2\/types\/page"}],"author":[{"embeddable":true,"href":"https:\/\/www.obgyn-si.org\/kongresi\/7kongres\/wp-json\/wp\/v2\/users\/1"}],"replies":[{"embeddable":true,"href":"https:\/\/www.obgyn-si.org\/kongresi\/7kongres\/wp-json\/wp\/v2\/comments?post=1983"}],"version-history":[{"count":3,"href":"https:\/\/www.obgyn-si.org\/kongresi\/7kongres\/wp-json\/wp\/v2\/pages\/1983\/revisions"}],"predecessor-version":[{"id":1986,"href":"https:\/\/www.obgyn-si.org\/kongresi\/7kongres\/wp-json\/wp\/v2\/pages\/1983\/revisions\/1986"}],"wp:featuredmedia":[{"embeddable":true,"href":"https:\/\/www.obgyn-si.org\/kongresi\/7kongres\/wp-json\/wp\/v2\/media\/328"}],"wp:attachment":[{"href":"https:\/\/www.obgyn-si.org\/kongresi\/7kongres\/wp-json\/wp\/v2\/media?parent=1983"}],"curies":[{"name":"wp","href":"https:\/\/api.w.org\/{rel}","templated":true}]}}