
{"id":2034,"date":"2026-04-03T17:42:47","date_gmt":"2026-04-03T17:42:47","guid":{"rendered":"https:\/\/www.obgyn-si.org\/kongresi\/7kongres\/?page_id=2034"},"modified":"2026-04-03T18:23:23","modified_gmt":"2026-04-03T18:23:23","slug":"sponzorji","status":"publish","type":"page","link":"https:\/\/www.obgyn-si.org\/kongresi\/7kongres\/sponzorji\/","title":{"rendered":"Sponzorji"},"content":{"rendered":"<h1><strong><span style=\"color: #993300;\">Vsem se iskreno zahvaljujemo, da bodo s svojim prispevkom omogo\u010dili izvedbo 7. Kongresa ginekologov in porodni\u010darjev Slovenije<\/span><\/strong><\/h1>\n<h1><span style=\"color: #ffcc00;\"><strong>Zlati sponzor<\/strong><\/span><\/h1>\n<p><img loading=\"lazy\" decoding=\"async\" class=\"alignnone size-medium wp-image-2032\" src=\"http:\/\/www.obgyn-si.org\/kongresi\/7kongres\/wp-content\/uploads\/sites\/25\/2026\/04\/gedeon-300x85.jpg\" alt=\"\" width=\"300\" height=\"85\" srcset=\"https:\/\/www.obgyn-si.org\/kongresi\/7kongres\/wp-content\/uploads\/sites\/25\/2026\/04\/gedeon-300x85.jpg 300w, https:\/\/www.obgyn-si.org\/kongresi\/7kongres\/wp-content\/uploads\/sites\/25\/2026\/04\/gedeon-1024x288.jpg 1024w, https:\/\/www.obgyn-si.org\/kongresi\/7kongres\/wp-content\/uploads\/sites\/25\/2026\/04\/gedeon-768x216.jpg 768w, https:\/\/www.obgyn-si.org\/kongresi\/7kongres\/wp-content\/uploads\/sites\/25\/2026\/04\/gedeon.jpg 1168w\" sizes=\"auto, (max-width: 300px) 100vw, 300px\" \/><\/p>\n<h1><span style=\"color: #999999;\"><strong>Srebrni sponzorji<\/strong><\/span><\/h1>\n<p><img loading=\"lazy\" decoding=\"async\" class=\"alignnone size-medium wp-image-2031\" src=\"http:\/\/www.obgyn-si.org\/kongresi\/7kongres\/wp-content\/uploads\/sites\/25\/2026\/04\/astellas-300x77.jpg\" alt=\"\" width=\"300\" height=\"77\" srcset=\"https:\/\/www.obgyn-si.org\/kongresi\/7kongres\/wp-content\/uploads\/sites\/25\/2026\/04\/astellas-300x77.jpg 300w, https:\/\/www.obgyn-si.org\/kongresi\/7kongres\/wp-content\/uploads\/sites\/25\/2026\/04\/astellas-768x197.jpg 768w, https:\/\/www.obgyn-si.org\/kongresi\/7kongres\/wp-content\/uploads\/sites\/25\/2026\/04\/astellas.jpg 781w\" sizes=\"auto, (max-width: 300px) 100vw, 300px\" \/><\/p>\n<p><img loading=\"lazy\" decoding=\"async\" class=\"alignnone size-medium wp-image-2030\" src=\"http:\/\/www.obgyn-si.org\/kongresi\/7kongres\/wp-content\/uploads\/sites\/25\/2026\/04\/astrazeneca-300x90.jpg\" alt=\"\" width=\"300\" height=\"90\" srcset=\"https:\/\/www.obgyn-si.org\/kongresi\/7kongres\/wp-content\/uploads\/sites\/25\/2026\/04\/astrazeneca-300x90.jpg 300w, https:\/\/www.obgyn-si.org\/kongresi\/7kongres\/wp-content\/uploads\/sites\/25\/2026\/04\/astrazeneca-768x230.jpg 768w, https:\/\/www.obgyn-si.org\/kongresi\/7kongres\/wp-content\/uploads\/sites\/25\/2026\/04\/astrazeneca.jpg 855w\" sizes=\"auto, (max-width: 300px) 100vw, 300px\" \/><\/p>\n<p><img loading=\"lazy\" decoding=\"async\" class=\"alignnone size-medium wp-image-2033\" src=\"http:\/\/www.obgyn-si.org\/kongresi\/7kongres\/wp-content\/uploads\/sites\/25\/2026\/04\/02852_MSD_Logo_Horizontal_TealGrey_RGB-300x163.png\" alt=\"\" width=\"300\" height=\"163\" srcset=\"https:\/\/www.obgyn-si.org\/kongresi\/7kongres\/wp-content\/uploads\/sites\/25\/2026\/04\/02852_MSD_Logo_Horizontal_TealGrey_RGB-300x163.png 300w, https:\/\/www.obgyn-si.org\/kongresi\/7kongres\/wp-content\/uploads\/sites\/25\/2026\/04\/02852_MSD_Logo_Horizontal_TealGrey_RGB-1024x558.png 1024w, https:\/\/www.obgyn-si.org\/kongresi\/7kongres\/wp-content\/uploads\/sites\/25\/2026\/04\/02852_MSD_Logo_Horizontal_TealGrey_RGB-768x419.png 768w, https:\/\/www.obgyn-si.org\/kongresi\/7kongres\/wp-content\/uploads\/sites\/25\/2026\/04\/02852_MSD_Logo_Horizontal_TealGrey_RGB-1536x837.png 1536w, https:\/\/www.obgyn-si.org\/kongresi\/7kongres\/wp-content\/uploads\/sites\/25\/2026\/04\/02852_MSD_Logo_Horizontal_TealGrey_RGB-2048x1116.png 2048w\" sizes=\"auto, (max-width: 300px) 100vw, 300px\" \/><\/p>\n<p><img loading=\"lazy\" decoding=\"async\" class=\"alignnone size-medium wp-image-2029\" src=\"http:\/\/www.obgyn-si.org\/kongresi\/7kongres\/wp-content\/uploads\/sites\/25\/2026\/04\/novonordisk-300x213.jpg\" alt=\"\" width=\"300\" height=\"213\" srcset=\"https:\/\/www.obgyn-si.org\/kongresi\/7kongres\/wp-content\/uploads\/sites\/25\/2026\/04\/novonordisk-300x213.jpg 300w, https:\/\/www.obgyn-si.org\/kongresi\/7kongres\/wp-content\/uploads\/sites\/25\/2026\/04\/novonordisk.jpg 660w\" sizes=\"auto, (max-width: 300px) 100vw, 300px\" \/><\/p>\n<h1><strong>Ostali sponzorji<\/strong><\/h1>\n<p>Alkaloid &#8211; farm d.o.o.<br \/>\nAngiomedic d.o.o.<br \/>\nBayer d.o.o.<br \/>\nEli Lilly farmacevtska dru\u017eba, d.o.o.<br \/>\nEMF &#8211; FURLAN &amp; CO d.o.o.<br \/>\nEwopharma d.o.o.<br \/>\nFotona d.o.o.<br \/>\nGenesis Biopharma SL d.o.o.<br \/>\nIskra Medical d.o.o.<br \/>\nJohnson &amp; Johnson d.o.o.<br \/>\nKarl Storz d.o.o.<br \/>\nKefo d.o.o.<br \/>\nKrka d.d.<br \/>\nMark Medical d.o.o.<br \/>\nMedgen d.o.o.<br \/>\nMediasi d.o.o.<br \/>\nMedica d.o.o.<br \/>\nMedico3 d.o.o.<br \/>\nMedip d.o.o.<br \/>\nMedis d.o.o.<br \/>\nMINAMed d.o.o.<br \/>\nMM Surgical d.o.o.<br \/>\nNovak M d.o.o.<br \/>\nOlympus<br \/>\nPharmagea d.o.o.<br \/>\nPromed d.o.o.<br \/>\nRemedis d.o.o.<br \/>\nRoche d.o.o.<br \/>\nSandoz d.d.<br \/>\nSimps\u2019s d.o.o.<br \/>\nThomy F.E., d.o.o.<br \/>\nUVC Solutions d.o.o.<br \/>\nValens Int. d.o.o.<\/p>\n<p>&nbsp;<\/p>\n<p>&nbsp;<\/p>\n","protected":false},"excerpt":{"rendered":"<p>Vsem se iskreno zahvaljujemo, da bodo s svojim prispevkom omogo\u010dili izvedbo 7. Kongresa ginekologov in porodni\u010darjev Slovenije Zlati sponzor Srebrni sponzorji Ostali sponzorji Alkaloid &#8211; farm d.o.o. Angiomedic d.o.o. Bayer d.o.o. Eli Lilly farmacevtska dru\u017eba, d.o.o. EMF &#8211; FURLAN &amp; CO d.o.o. Ewopharma d.o.o. Fotona d.o.o. Genesis Biopharma SL d.o.o. Iskra Medical d.o.o. Johnson &amp; &hellip; <\/p>\n<p class=\"link-more\"><a href=\"https:\/\/www.obgyn-si.org\/kongresi\/7kongres\/sponzorji\/\" class=\"more-link\">Continue reading<span class=\"screen-reader-text\"> &#8220;Sponzorji&#8221;<\/span><\/a><\/p>\n","protected":false},"author":1,"featured_media":2040,"parent":0,"menu_order":0,"comment_status":"closed","ping_status":"closed","template":"","meta":{"footnotes":""},"class_list":["post-2034","page","type-page","status-publish","has-post-thumbnail","hentry"],"yoast_head":"<!-- This site is optimized with the Yoast SEO plugin v26.8 - https:\/\/yoast.com\/product\/yoast-seo-wordpress\/ -->\n<title>Sponzorji - 7. Kongres ginekologov in porodni\u010darjev Slovenije<\/title>\n<meta name=\"robots\" content=\"index, follow, max-snippet:-1, max-image-preview:large, max-video-preview:-1\" \/>\n<link rel=\"canonical\" href=\"https:\/\/www.obgyn-si.org\/kongresi\/7kongres\/sponzorji\/\" \/>\n<meta property=\"og:locale\" content=\"en_US\" \/>\n<meta property=\"og:type\" content=\"article\" \/>\n<meta property=\"og:title\" content=\"Sponzorji - 7. Kongres ginekologov in porodni\u010darjev Slovenije\" \/>\n<meta property=\"og:description\" content=\"Vsem se iskreno zahvaljujemo, da bodo s svojim prispevkom omogo\u010dili izvedbo 7. Kongresa ginekologov in porodni\u010darjev Slovenije Zlati sponzor Srebrni sponzorji Ostali sponzorji Alkaloid &#8211; farm d.o.o. Angiomedic d.o.o. Bayer d.o.o. Eli Lilly farmacevtska dru\u017eba, d.o.o. EMF &#8211; FURLAN &amp; CO d.o.o. Ewopharma d.o.o. Fotona d.o.o. Genesis Biopharma SL d.o.o. Iskra Medical d.o.o. Johnson &amp; &hellip; Continue reading &quot;Sponzorji&quot;\" \/>\n<meta property=\"og:url\" content=\"https:\/\/www.obgyn-si.org\/kongresi\/7kongres\/sponzorji\/\" \/>\n<meta property=\"og:site_name\" content=\"7. Kongres ginekologov in porodni\u010darjev Slovenije\" \/>\n<meta property=\"article:modified_time\" content=\"2026-04-03T18:23:23+00:00\" \/>\n<meta property=\"og:image\" content=\"http:\/\/www.obgyn-si.org\/kongresi\/7kongres\/wp-content\/uploads\/sites\/25\/2026\/04\/boats.jpg\" \/>\n\t<meta property=\"og:image:width\" content=\"945\" \/>\n\t<meta property=\"og:image:height\" content=\"805\" \/>\n\t<meta property=\"og:image:type\" content=\"image\/jpeg\" \/>\n<meta name=\"twitter:card\" content=\"summary_large_image\" \/>\n<meta name=\"twitter:label1\" content=\"Est. reading time\" \/>\n\t<meta name=\"twitter:data1\" content=\"2 minutes\" \/>\n<script type=\"application\/ld+json\" class=\"yoast-schema-graph\">{\"@context\":\"https:\/\/schema.org\",\"@graph\":[{\"@type\":\"WebPage\",\"@id\":\"https:\/\/www.obgyn-si.org\/kongresi\/7kongres\/sponzorji\/\",\"url\":\"https:\/\/www.obgyn-si.org\/kongresi\/7kongres\/sponzorji\/\",\"name\":\"Sponzorji - 7. Kongres ginekologov in porodni\u010darjev Slovenije\",\"isPartOf\":{\"@id\":\"https:\/\/www.obgyn-si.org\/kongresi\/7kongres\/#website\"},\"primaryImageOfPage\":{\"@id\":\"https:\/\/www.obgyn-si.org\/kongresi\/7kongres\/sponzorji\/#primaryimage\"},\"image\":{\"@id\":\"https:\/\/www.obgyn-si.org\/kongresi\/7kongres\/sponzorji\/#primaryimage\"},\"thumbnailUrl\":\"https:\/\/www.obgyn-si.org\/kongresi\/7kongres\/wp-content\/uploads\/sites\/25\/2026\/04\/boats.jpg\",\"datePublished\":\"2026-04-03T17:42:47+00:00\",\"dateModified\":\"2026-04-03T18:23:23+00:00\",\"breadcrumb\":{\"@id\":\"https:\/\/www.obgyn-si.org\/kongresi\/7kongres\/sponzorji\/#breadcrumb\"},\"inLanguage\":\"en-US\",\"potentialAction\":[{\"@type\":\"ReadAction\",\"target\":[\"https:\/\/www.obgyn-si.org\/kongresi\/7kongres\/sponzorji\/\"]}]},{\"@type\":\"ImageObject\",\"inLanguage\":\"en-US\",\"@id\":\"https:\/\/www.obgyn-si.org\/kongresi\/7kongres\/sponzorji\/#primaryimage\",\"url\":\"https:\/\/www.obgyn-si.org\/kongresi\/7kongres\/wp-content\/uploads\/sites\/25\/2026\/04\/boats.jpg\",\"contentUrl\":\"https:\/\/www.obgyn-si.org\/kongresi\/7kongres\/wp-content\/uploads\/sites\/25\/2026\/04\/boats.jpg\",\"width\":945,\"height\":805},{\"@type\":\"BreadcrumbList\",\"@id\":\"https:\/\/www.obgyn-si.org\/kongresi\/7kongres\/sponzorji\/#breadcrumb\",\"itemListElement\":[{\"@type\":\"ListItem\",\"position\":1,\"name\":\"Home\",\"item\":\"https:\/\/www.obgyn-si.org\/kongresi\/7kongres\/\"},{\"@type\":\"ListItem\",\"position\":2,\"name\":\"Sponzorji\"}]},{\"@type\":\"WebSite\",\"@id\":\"https:\/\/www.obgyn-si.org\/kongresi\/7kongres\/#website\",\"url\":\"https:\/\/www.obgyn-si.org\/kongresi\/7kongres\/\",\"name\":\"7. Kongres ginekologov in porodni\u010darjev Slovenije\",\"description\":\"Ljubljana 2026\",\"potentialAction\":[{\"@type\":\"SearchAction\",\"target\":{\"@type\":\"EntryPoint\",\"urlTemplate\":\"https:\/\/www.obgyn-si.org\/kongresi\/7kongres\/?s={search_term_string}\"},\"query-input\":{\"@type\":\"PropertyValueSpecification\",\"valueRequired\":true,\"valueName\":\"search_term_string\"}}],\"inLanguage\":\"en-US\"}]}<\/script>\n<!-- \/ Yoast SEO plugin. -->","yoast_head_json":{"title":"Sponzorji - 7. Kongres ginekologov in porodni\u010darjev Slovenije","robots":{"index":"index","follow":"follow","max-snippet":"max-snippet:-1","max-image-preview":"max-image-preview:large","max-video-preview":"max-video-preview:-1"},"canonical":"https:\/\/www.obgyn-si.org\/kongresi\/7kongres\/sponzorji\/","og_locale":"en_US","og_type":"article","og_title":"Sponzorji - 7. Kongres ginekologov in porodni\u010darjev Slovenije","og_description":"Vsem se iskreno zahvaljujemo, da bodo s svojim prispevkom omogo\u010dili izvedbo 7. Kongresa ginekologov in porodni\u010darjev Slovenije Zlati sponzor Srebrni sponzorji Ostali sponzorji Alkaloid &#8211; farm d.o.o. Angiomedic d.o.o. Bayer d.o.o. Eli Lilly farmacevtska dru\u017eba, d.o.o. EMF &#8211; FURLAN &amp; CO d.o.o. Ewopharma d.o.o. Fotona d.o.o. Genesis Biopharma SL d.o.o. Iskra Medical d.o.o. Johnson &amp; &hellip; Continue reading \"Sponzorji\"","og_url":"https:\/\/www.obgyn-si.org\/kongresi\/7kongres\/sponzorji\/","og_site_name":"7. Kongres ginekologov in porodni\u010darjev Slovenije","article_modified_time":"2026-04-03T18:23:23+00:00","og_image":[{"width":945,"height":805,"url":"http:\/\/www.obgyn-si.org\/kongresi\/7kongres\/wp-content\/uploads\/sites\/25\/2026\/04\/boats.jpg","type":"image\/jpeg"}],"twitter_card":"summary_large_image","twitter_misc":{"Est. reading time":"2 minutes"},"schema":{"@context":"https:\/\/schema.org","@graph":[{"@type":"WebPage","@id":"https:\/\/www.obgyn-si.org\/kongresi\/7kongres\/sponzorji\/","url":"https:\/\/www.obgyn-si.org\/kongresi\/7kongres\/sponzorji\/","name":"Sponzorji - 7. Kongres ginekologov in porodni\u010darjev Slovenije","isPartOf":{"@id":"https:\/\/www.obgyn-si.org\/kongresi\/7kongres\/#website"},"primaryImageOfPage":{"@id":"https:\/\/www.obgyn-si.org\/kongresi\/7kongres\/sponzorji\/#primaryimage"},"image":{"@id":"https:\/\/www.obgyn-si.org\/kongresi\/7kongres\/sponzorji\/#primaryimage"},"thumbnailUrl":"https:\/\/www.obgyn-si.org\/kongresi\/7kongres\/wp-content\/uploads\/sites\/25\/2026\/04\/boats.jpg","datePublished":"2026-04-03T17:42:47+00:00","dateModified":"2026-04-03T18:23:23+00:00","breadcrumb":{"@id":"https:\/\/www.obgyn-si.org\/kongresi\/7kongres\/sponzorji\/#breadcrumb"},"inLanguage":"en-US","potentialAction":[{"@type":"ReadAction","target":["https:\/\/www.obgyn-si.org\/kongresi\/7kongres\/sponzorji\/"]}]},{"@type":"ImageObject","inLanguage":"en-US","@id":"https:\/\/www.obgyn-si.org\/kongresi\/7kongres\/sponzorji\/#primaryimage","url":"https:\/\/www.obgyn-si.org\/kongresi\/7kongres\/wp-content\/uploads\/sites\/25\/2026\/04\/boats.jpg","contentUrl":"https:\/\/www.obgyn-si.org\/kongresi\/7kongres\/wp-content\/uploads\/sites\/25\/2026\/04\/boats.jpg","width":945,"height":805},{"@type":"BreadcrumbList","@id":"https:\/\/www.obgyn-si.org\/kongresi\/7kongres\/sponzorji\/#breadcrumb","itemListElement":[{"@type":"ListItem","position":1,"name":"Home","item":"https:\/\/www.obgyn-si.org\/kongresi\/7kongres\/"},{"@type":"ListItem","position":2,"name":"Sponzorji"}]},{"@type":"WebSite","@id":"https:\/\/www.obgyn-si.org\/kongresi\/7kongres\/#website","url":"https:\/\/www.obgyn-si.org\/kongresi\/7kongres\/","name":"7. Kongres ginekologov in porodni\u010darjev Slovenije","description":"Ljubljana 2026","potentialAction":[{"@type":"SearchAction","target":{"@type":"EntryPoint","urlTemplate":"https:\/\/www.obgyn-si.org\/kongresi\/7kongres\/?s={search_term_string}"},"query-input":{"@type":"PropertyValueSpecification","valueRequired":true,"valueName":"search_term_string"}}],"inLanguage":"en-US"}]}},"_links":{"self":[{"href":"https:\/\/www.obgyn-si.org\/kongresi\/7kongres\/wp-json\/wp\/v2\/pages\/2034","targetHints":{"allow":["GET"]}}],"collection":[{"href":"https:\/\/www.obgyn-si.org\/kongresi\/7kongres\/wp-json\/wp\/v2\/pages"}],"about":[{"href":"https:\/\/www.obgyn-si.org\/kongresi\/7kongres\/wp-json\/wp\/v2\/types\/page"}],"author":[{"embeddable":true,"href":"https:\/\/www.obgyn-si.org\/kongresi\/7kongres\/wp-json\/wp\/v2\/users\/1"}],"replies":[{"embeddable":true,"href":"https:\/\/www.obgyn-si.org\/kongresi\/7kongres\/wp-json\/wp\/v2\/comments?post=2034"}],"version-history":[{"count":4,"href":"https:\/\/www.obgyn-si.org\/kongresi\/7kongres\/wp-json\/wp\/v2\/pages\/2034\/revisions"}],"predecessor-version":[{"id":2038,"href":"https:\/\/www.obgyn-si.org\/kongresi\/7kongres\/wp-json\/wp\/v2\/pages\/2034\/revisions\/2038"}],"wp:featuredmedia":[{"embeddable":true,"href":"https:\/\/www.obgyn-si.org\/kongresi\/7kongres\/wp-json\/wp\/v2\/media\/2040"}],"wp:attachment":[{"href":"https:\/\/www.obgyn-si.org\/kongresi\/7kongres\/wp-json\/wp\/v2\/media?parent=2034"}],"curies":[{"name":"wp","href":"https:\/\/api.w.org\/{rel}","templated":true}]}}