
{"id":45,"date":"2018-01-24T08:31:11","date_gmt":"2018-01-24T08:31:11","guid":{"rendered":"http:\/\/www.obgyn-si.org\/kongresi\/www-2\/?page_id=45"},"modified":"2026-03-25T07:41:12","modified_gmt":"2026-03-25T07:41:12","slug":"informacije","status":"publish","type":"page","link":"https:\/\/www.obgyn-si.org\/kongresi\/7kongres\/informacije\/","title":{"rendered":"Informacije"},"content":{"rendered":"<p><strong>Lokacija:<\/strong> Ljubljana, Gospodarsko razstavi\u0161\u010de<\/p>\n<p><strong>Datum:<\/strong> 9. &#8211; 11. april, 2026<\/p>\n<p><strong>Organizatorji:\u00a0 <\/strong><\/p>\n<p>SLOVENSKO ZDRAVNI\u0160KO DRU\u0160TVO, Zdru\u017eenje ginekologov in porodni\u010darjev Slovenije<\/p>\n<p>UNIVERZITETNI KLINI\u010cNI CENTER LJUBLJANA, Ginekolo\u0161ka klinika<\/p>\n<p>UNIVERZITETNI KLINI\u010cNI CENTER MARIBOR, Klinika za ginekologijo in perinatologijo<\/p>\n<p><strong>Organizacijski odbor:<br \/>\n<\/strong><strong>Predsednik:<\/strong> Red. prof. dr. Borut Kobal, dr. med.<br \/>\n<strong>Podpredsednik<\/strong>: Red. prof. dr. Adolf Lukanovi\u0107, dr. med., vi\u0161ji svetnik<br \/>\n<strong>\u010clani<\/strong>:\u00a0Helena Ban Frange\u017e,\u00a0 <span style=\"font-size: 1rem;\">Jure Knez, <\/span>Branka \u017degura Andri\u0107,\u00a0 <span style=\"font-size: 1rem;\">Vid Jan\u0161a, <\/span> Vida Gavri\u0107 Lovrec, Ivan Verdenik, Lucija Kuder,\u00a0 <span style=\"font-size: 1rem;\">Peter Po\u017eun, <\/span>Sara Ple\u0161a<\/p>\n<p><strong>PREDSTOJNIKI GINEKOLO\u0160KO PORODNI\u0160KIH ODDELKOV \/ <em>HEADS OF OBST\/GYN DEPERTMENTS<br \/>\n<\/em><\/strong>Jernej Bernik, dr. med. \/<em>Jernej Bernik, MD<br \/>\n<\/em>Damijana Bosilj, dr. med \/ <em>Damijana Bosilj, MD<br \/>\n<\/em><em>Doc. dr. Tanja Burnik Papler, dr. med. \/Assist. Prof. Tanja Burnik Papler, MD, PhD<br \/>\nMag. Gorazd Kav\u0161ek, dr. med. \/ Gorazd Kav\u0161ek, MD, MSc,<br \/>\n<\/em>Mag. Jakob Koren, dr. med. \/ <em>Jakob Koren, MD, MSc<br \/>\n<\/em>Damjana Ko\u017eelj, dr. med. \/ <em>Damjana Ko\u017eelj, MD<br \/>\n<\/em>Nadja Kukovi\u010d, dr. med. \/ <em>Nadja Kukovi\u010d, MD<br \/>\n<\/em>Lucija Resman, dr. med. \/ <em>Lucija Resman MD<br \/>\n<\/em>Doc. dr. Sebastjan Merlo, dr. med. \/ <em>Assist. Prof. <\/em><em>Sebastjan<\/em><em> Merlo, MD, PhD<br \/>\n<\/em>Andrej Poga\u010dnik, dr. med.\/ <em>Andrej Poga\u010dnik MD<br \/>\n<\/em>Doc. dr. Luka Ro\u0161kar, dr. med <em>\/ Assist. Prof. Luka Ro\u0161kar, MD, PhD<br \/>\n<\/em>Mateja Vukmani\u010d Pohar, dr. med. \/ <em>Mateja Vukmani\u010d Pohar, MD<br \/>\n<\/em>Alenka Zavrtanik \u010celan, dr. med. <em>\/ Alenka Zavrtanik \u010celan, MD<br \/>\n<\/em>Janja Zver Skomina, dr. med. \/ <em>Janja Zver Skomina, MD<\/em><\/p>\n<p><strong>Strokovni odbor:<br \/>\n<\/strong><strong>Predsednik:<\/strong> Red. prof. dr. Iztok Taka\u010d, dr. med., vi\u0161ji svetnik<br \/>\n<strong>Podpredsednica:<\/strong> Red. prof. dr. Ksenija Ger\u0161ak, dr. med., svetnica<br \/>\n<strong>\u010clani:\u00a0<\/strong>Darja Arko, Mija Blaganje, Andra\u017e Dovnik, Kristina Drusany Stari\u010d, Vida Gavri\u0107 Lovrec, \u0160tefan Grosek, Vid Jan\u0161a, Gorazd Kav\u0161ek, Jure Knez, Borut Kobal, Lilijana Kornhauser Cerar, Nejc Kozar, Lucija Kuder, Adolf Lukanovi\u0107, Matej Pal,\u00a0 Bojana Pinter, Tanja Premru Sr\u0161en, Vesna \u0160alamun, \u0160pela Smrkolj, Andreja Trojner Bregar, Eda Vrta\u010dnik Bokal, Branka \u017degura Andri\u0107<\/p>\n<p><strong>\u010castni odbor:\u00a0<\/strong>Elko Borko, Borut Gori\u0161ek, Tatjana Kodri\u010d, Marko Lavri\u010d, Alenka Pretnar Darovec, Stelio Rakar, Martina Ribi\u010d Pucelj, Toma\u017e Toma\u017eevi\u010d, Veljko Vlaisavljevi\u0107, Vladimir Weber<\/p>\n<p><strong>Tehni\u010dni odbor:\u00a0<\/strong>Tamara Bertoncelj, Sara Hajdarevi\u0107, Nejc Kozar, Sabina Mai, Sara Ple\u0161a<\/p>\n<p><strong>Prispevki za zbornik:<\/strong> Avtorji naj prispevke po\u0161ljejo na\u00a0<a href=\"mailto:iztok.takac@ukc-mb.si\">iztok.takac@ukc-mb.si<\/a><\/p>\n<p><strong>Kotizacija (vse cene brez DDV)<br \/>\n<\/strong><\/p>\n<p>Specialisti : 350 \u20ac<br \/>\nSpecializanti in medicinske sestre: 200 \u20ac<br \/>\n\u0160tudenti, upokojenci<em> (registracija obvezna)<\/em>: brezpla\u010dno<br \/>\nSpecialisti samo 1 dan : 150 \u20ac<br \/>\nSpecializanti in medicinske sestre samo 1 dan : 100 \u20ac<\/p>\n<p>Cena kotizacije vklju\u010duje: udele\u017ebo na predavanjih, gradiva, monografijo objavljenih prispevkov, kavo in prigrizek med odmori, kosilo v \u010detrtek in petek \/ <span lang=\"EN-US\" data-olk-copy-source=\"MessageBody\">\/ <\/span><i><span lang=\"EN-GB\">In the price included are: lecture attendance, materials, monograph of published papers, coffee &amp; snacks during breaks, lunch on Thursday and Friday. <\/span><\/i>.<\/p>\n<p><strong>Prijave:<\/strong><\/p>\n<p>Prijava je obvezna za vse udele\u017eence kongresa, tudi za upokojence in \u0161tudente, ki so opro\u0161\u010deni kotizacije. Prijavite se preko spletne strani:\u00a0<a href=\"https:\/\/eventer.si\/registrations\/GIP2026#\/home\"><span style=\"color: #800080;\"><strong>preko spletne strani tehni\u010dnega organizatorja<\/strong><\/span><\/a><\/p>\n<p><em><span lang=\"EN-GB\" data-olk-copy-source=\"MessageBody\">All participants<\/span><\/em><span class=\"x_st\"><span lang=\"EN-GB\"> <i>must<\/i> be <\/span><\/span><em><span lang=\"EN-GB\">registered, including <\/span><\/em><i><span lang=\"EN-US\">Retired and Medical Students, who are exempt from the registration fee. To register you have to use the <span style=\"color: #800080;\">\u00a0<a style=\"color: #800080;\" href=\"https:\/\/eventer.si\/registrations\/GIP2026#\/home\"><strong>following link<\/strong><\/a><\/span>\u00a0<\/span><\/i><\/p>\n<p><strong>Kreditne to\u010dke:<br \/>\n<\/strong>V postopku pri ZZS in Zbornici-zvezi.<\/p>\n<p><strong>Priznanje:<\/strong><br \/>\n<em>Avtor vseh fotografij na teh spletnih straneh je dr. Matija Barbi\u010d. dr. med.,\u00a0<\/em><\/p>\n","protected":false},"excerpt":{"rendered":"<p>Lokacija: Ljubljana, Gospodarsko razstavi\u0161\u010de Datum: 9. &#8211; 11. april, 2026 Organizatorji:\u00a0 SLOVENSKO ZDRAVNI\u0160KO DRU\u0160TVO, Zdru\u017eenje ginekologov in porodni\u010darjev Slovenije UNIVERZITETNI KLINI\u010cNI CENTER LJUBLJANA, Ginekolo\u0161ka klinika UNIVERZITETNI KLINI\u010cNI CENTER MARIBOR, Klinika za ginekologijo in perinatologijo Organizacijski odbor: Predsednik: Red. prof. dr. Borut Kobal, dr. med. Podpredsednik: Red. prof. dr. Adolf Lukanovi\u0107, dr. med., vi\u0161ji svetnik \u010clani:\u00a0Helena &hellip; <\/p>\n<p class=\"link-more\"><a href=\"https:\/\/www.obgyn-si.org\/kongresi\/7kongres\/informacije\/\" class=\"more-link\">Continue reading<span class=\"screen-reader-text\"> &#8220;Informacije&#8221;<\/span><\/a><\/p>\n","protected":false},"author":1,"featured_media":369,"parent":0,"menu_order":0,"comment_status":"closed","ping_status":"closed","template":"","meta":{"footnotes":""},"class_list":["post-45","page","type-page","status-publish","has-post-thumbnail","hentry"],"yoast_head":"<!-- This site is optimized with the Yoast SEO plugin v26.8 - https:\/\/yoast.com\/product\/yoast-seo-wordpress\/ -->\n<title>Informacije - 7. Kongres ginekologov in porodni\u010darjev Slovenije<\/title>\n<meta name=\"robots\" content=\"index, follow, max-snippet:-1, max-image-preview:large, max-video-preview:-1\" \/>\n<link rel=\"canonical\" href=\"https:\/\/www.obgyn-si.org\/kongresi\/7kongres\/informacije\/\" \/>\n<meta property=\"og:locale\" content=\"en_US\" \/>\n<meta property=\"og:type\" content=\"article\" \/>\n<meta property=\"og:title\" content=\"Informacije - 7. Kongres ginekologov in porodni\u010darjev Slovenije\" \/>\n<meta property=\"og:description\" content=\"Lokacija: Ljubljana, Gospodarsko razstavi\u0161\u010de Datum: 9. &#8211; 11. april, 2026 Organizatorji:\u00a0 SLOVENSKO ZDRAVNI\u0160KO DRU\u0160TVO, Zdru\u017eenje ginekologov in porodni\u010darjev Slovenije UNIVERZITETNI KLINI\u010cNI CENTER LJUBLJANA, Ginekolo\u0161ka klinika UNIVERZITETNI KLINI\u010cNI CENTER MARIBOR, Klinika za ginekologijo in perinatologijo Organizacijski odbor: Predsednik: Red. prof. dr. Borut Kobal, dr. med. Podpredsednik: Red. prof. dr. Adolf Lukanovi\u0107, dr. med., vi\u0161ji svetnik \u010clani:\u00a0Helena &hellip; Continue reading &quot;Informacije&quot;\" \/>\n<meta property=\"og:url\" content=\"https:\/\/www.obgyn-si.org\/kongresi\/7kongres\/informacije\/\" \/>\n<meta property=\"og:site_name\" content=\"7. Kongres ginekologov in porodni\u010darjev Slovenije\" \/>\n<meta property=\"article:modified_time\" content=\"2026-03-25T07:41:12+00:00\" \/>\n<meta property=\"og:image\" content=\"http:\/\/www.obgyn-si.org\/kongresi\/7kongres\/wp-content\/uploads\/sites\/25\/2018\/07\/image_7724909_3.jpg\" \/>\n\t<meta property=\"og:image:width\" content=\"900\" \/>\n\t<meta property=\"og:image:height\" content=\"570\" \/>\n\t<meta property=\"og:image:type\" content=\"image\/jpeg\" \/>\n<meta name=\"twitter:card\" content=\"summary_large_image\" \/>\n<meta name=\"twitter:label1\" content=\"Est. reading time\" \/>\n\t<meta name=\"twitter:data1\" content=\"3 minutes\" \/>\n<script type=\"application\/ld+json\" class=\"yoast-schema-graph\">{\"@context\":\"https:\/\/schema.org\",\"@graph\":[{\"@type\":\"WebPage\",\"@id\":\"https:\/\/www.obgyn-si.org\/kongresi\/7kongres\/informacije\/\",\"url\":\"https:\/\/www.obgyn-si.org\/kongresi\/7kongres\/informacije\/\",\"name\":\"Informacije - 7. Kongres ginekologov in porodni\u010darjev Slovenije\",\"isPartOf\":{\"@id\":\"https:\/\/www.obgyn-si.org\/kongresi\/7kongres\/#website\"},\"primaryImageOfPage\":{\"@id\":\"https:\/\/www.obgyn-si.org\/kongresi\/7kongres\/informacije\/#primaryimage\"},\"image\":{\"@id\":\"https:\/\/www.obgyn-si.org\/kongresi\/7kongres\/informacije\/#primaryimage\"},\"thumbnailUrl\":\"https:\/\/www.obgyn-si.org\/kongresi\/7kongres\/wp-content\/uploads\/sites\/25\/2018\/07\/image_7724909_3.jpg\",\"datePublished\":\"2018-01-24T08:31:11+00:00\",\"dateModified\":\"2026-03-25T07:41:12+00:00\",\"breadcrumb\":{\"@id\":\"https:\/\/www.obgyn-si.org\/kongresi\/7kongres\/informacije\/#breadcrumb\"},\"inLanguage\":\"en-US\",\"potentialAction\":[{\"@type\":\"ReadAction\",\"target\":[\"https:\/\/www.obgyn-si.org\/kongresi\/7kongres\/informacije\/\"]}]},{\"@type\":\"ImageObject\",\"inLanguage\":\"en-US\",\"@id\":\"https:\/\/www.obgyn-si.org\/kongresi\/7kongres\/informacije\/#primaryimage\",\"url\":\"https:\/\/www.obgyn-si.org\/kongresi\/7kongres\/wp-content\/uploads\/sites\/25\/2018\/07\/image_7724909_3.jpg\",\"contentUrl\":\"https:\/\/www.obgyn-si.org\/kongresi\/7kongres\/wp-content\/uploads\/sites\/25\/2018\/07\/image_7724909_3.jpg\",\"width\":900,\"height\":570},{\"@type\":\"BreadcrumbList\",\"@id\":\"https:\/\/www.obgyn-si.org\/kongresi\/7kongres\/informacije\/#breadcrumb\",\"itemListElement\":[{\"@type\":\"ListItem\",\"position\":1,\"name\":\"Home\",\"item\":\"https:\/\/www.obgyn-si.org\/kongresi\/7kongres\/\"},{\"@type\":\"ListItem\",\"position\":2,\"name\":\"Informacije\"}]},{\"@type\":\"WebSite\",\"@id\":\"https:\/\/www.obgyn-si.org\/kongresi\/7kongres\/#website\",\"url\":\"https:\/\/www.obgyn-si.org\/kongresi\/7kongres\/\",\"name\":\"7. Kongres ginekologov in porodni\u010darjev Slovenije\",\"description\":\"Ljubljana 2026\",\"potentialAction\":[{\"@type\":\"SearchAction\",\"target\":{\"@type\":\"EntryPoint\",\"urlTemplate\":\"https:\/\/www.obgyn-si.org\/kongresi\/7kongres\/?s={search_term_string}\"},\"query-input\":{\"@type\":\"PropertyValueSpecification\",\"valueRequired\":true,\"valueName\":\"search_term_string\"}}],\"inLanguage\":\"en-US\"}]}<\/script>\n<!-- \/ Yoast SEO plugin. -->","yoast_head_json":{"title":"Informacije - 7. Kongres ginekologov in porodni\u010darjev Slovenije","robots":{"index":"index","follow":"follow","max-snippet":"max-snippet:-1","max-image-preview":"max-image-preview:large","max-video-preview":"max-video-preview:-1"},"canonical":"https:\/\/www.obgyn-si.org\/kongresi\/7kongres\/informacije\/","og_locale":"en_US","og_type":"article","og_title":"Informacije - 7. Kongres ginekologov in porodni\u010darjev Slovenije","og_description":"Lokacija: Ljubljana, Gospodarsko razstavi\u0161\u010de Datum: 9. &#8211; 11. april, 2026 Organizatorji:\u00a0 SLOVENSKO ZDRAVNI\u0160KO DRU\u0160TVO, Zdru\u017eenje ginekologov in porodni\u010darjev Slovenije UNIVERZITETNI KLINI\u010cNI CENTER LJUBLJANA, Ginekolo\u0161ka klinika UNIVERZITETNI KLINI\u010cNI CENTER MARIBOR, Klinika za ginekologijo in perinatologijo Organizacijski odbor: Predsednik: Red. prof. dr. Borut Kobal, dr. med. Podpredsednik: Red. prof. dr. Adolf Lukanovi\u0107, dr. med., vi\u0161ji svetnik \u010clani:\u00a0Helena &hellip; Continue reading \"Informacije\"","og_url":"https:\/\/www.obgyn-si.org\/kongresi\/7kongres\/informacije\/","og_site_name":"7. Kongres ginekologov in porodni\u010darjev Slovenije","article_modified_time":"2026-03-25T07:41:12+00:00","og_image":[{"width":900,"height":570,"url":"http:\/\/www.obgyn-si.org\/kongresi\/7kongres\/wp-content\/uploads\/sites\/25\/2018\/07\/image_7724909_3.jpg","type":"image\/jpeg"}],"twitter_card":"summary_large_image","twitter_misc":{"Est. reading time":"3 minutes"},"schema":{"@context":"https:\/\/schema.org","@graph":[{"@type":"WebPage","@id":"https:\/\/www.obgyn-si.org\/kongresi\/7kongres\/informacije\/","url":"https:\/\/www.obgyn-si.org\/kongresi\/7kongres\/informacije\/","name":"Informacije - 7. Kongres ginekologov in porodni\u010darjev Slovenije","isPartOf":{"@id":"https:\/\/www.obgyn-si.org\/kongresi\/7kongres\/#website"},"primaryImageOfPage":{"@id":"https:\/\/www.obgyn-si.org\/kongresi\/7kongres\/informacije\/#primaryimage"},"image":{"@id":"https:\/\/www.obgyn-si.org\/kongresi\/7kongres\/informacije\/#primaryimage"},"thumbnailUrl":"https:\/\/www.obgyn-si.org\/kongresi\/7kongres\/wp-content\/uploads\/sites\/25\/2018\/07\/image_7724909_3.jpg","datePublished":"2018-01-24T08:31:11+00:00","dateModified":"2026-03-25T07:41:12+00:00","breadcrumb":{"@id":"https:\/\/www.obgyn-si.org\/kongresi\/7kongres\/informacije\/#breadcrumb"},"inLanguage":"en-US","potentialAction":[{"@type":"ReadAction","target":["https:\/\/www.obgyn-si.org\/kongresi\/7kongres\/informacije\/"]}]},{"@type":"ImageObject","inLanguage":"en-US","@id":"https:\/\/www.obgyn-si.org\/kongresi\/7kongres\/informacije\/#primaryimage","url":"https:\/\/www.obgyn-si.org\/kongresi\/7kongres\/wp-content\/uploads\/sites\/25\/2018\/07\/image_7724909_3.jpg","contentUrl":"https:\/\/www.obgyn-si.org\/kongresi\/7kongres\/wp-content\/uploads\/sites\/25\/2018\/07\/image_7724909_3.jpg","width":900,"height":570},{"@type":"BreadcrumbList","@id":"https:\/\/www.obgyn-si.org\/kongresi\/7kongres\/informacije\/#breadcrumb","itemListElement":[{"@type":"ListItem","position":1,"name":"Home","item":"https:\/\/www.obgyn-si.org\/kongresi\/7kongres\/"},{"@type":"ListItem","position":2,"name":"Informacije"}]},{"@type":"WebSite","@id":"https:\/\/www.obgyn-si.org\/kongresi\/7kongres\/#website","url":"https:\/\/www.obgyn-si.org\/kongresi\/7kongres\/","name":"7. Kongres ginekologov in porodni\u010darjev Slovenije","description":"Ljubljana 2026","potentialAction":[{"@type":"SearchAction","target":{"@type":"EntryPoint","urlTemplate":"https:\/\/www.obgyn-si.org\/kongresi\/7kongres\/?s={search_term_string}"},"query-input":{"@type":"PropertyValueSpecification","valueRequired":true,"valueName":"search_term_string"}}],"inLanguage":"en-US"}]}},"_links":{"self":[{"href":"https:\/\/www.obgyn-si.org\/kongresi\/7kongres\/wp-json\/wp\/v2\/pages\/45","targetHints":{"allow":["GET"]}}],"collection":[{"href":"https:\/\/www.obgyn-si.org\/kongresi\/7kongres\/wp-json\/wp\/v2\/pages"}],"about":[{"href":"https:\/\/www.obgyn-si.org\/kongresi\/7kongres\/wp-json\/wp\/v2\/types\/page"}],"author":[{"embeddable":true,"href":"https:\/\/www.obgyn-si.org\/kongresi\/7kongres\/wp-json\/wp\/v2\/users\/1"}],"replies":[{"embeddable":true,"href":"https:\/\/www.obgyn-si.org\/kongresi\/7kongres\/wp-json\/wp\/v2\/comments?post=45"}],"version-history":[{"count":73,"href":"https:\/\/www.obgyn-si.org\/kongresi\/7kongres\/wp-json\/wp\/v2\/pages\/45\/revisions"}],"predecessor-version":[{"id":2016,"href":"https:\/\/www.obgyn-si.org\/kongresi\/7kongres\/wp-json\/wp\/v2\/pages\/45\/revisions\/2016"}],"wp:featuredmedia":[{"embeddable":true,"href":"https:\/\/www.obgyn-si.org\/kongresi\/7kongres\/wp-json\/wp\/v2\/media\/369"}],"wp:attachment":[{"href":"https:\/\/www.obgyn-si.org\/kongresi\/7kongres\/wp-json\/wp\/v2\/media?parent=45"}],"curies":[{"name":"wp","href":"https:\/\/api.w.org\/{rel}","templated":true}]}}