
{"id":667,"date":"2020-01-15T10:34:55","date_gmt":"2020-01-15T10:34:55","guid":{"rendered":"http:\/\/www.obgyn-si.org\/kongresi\/7kongres\/?page_id=667"},"modified":"2026-01-05T08:11:30","modified_gmt":"2026-01-05T08:11:30","slug":"dobrodosli","status":"publish","type":"page","link":"https:\/\/www.obgyn-si.org\/kongresi\/7kongres\/","title":{"rendered":"Dobrodo\u0161li"},"content":{"rendered":"<p>Spo\u0161tovani!<\/p>\n<p>V veselje nama je, da vas lahko povabiva na 7. Kongres ginekologov in porodni\u010darjev Slovenije, ki bo potekal od 9 -11-aprila 2026. Po 4 letih letih se bomo ponovno sre\u010dali, tokrat na Gospodarskem razstavi\u0161\u010du v Ljubljani. Namen na\u0161ega kongresa je predstaviti na\u0161e delo in izku\u0161nje ter osvetliti nove trende na\u00a0 podro\u010dju diagnostike in zdravljenja bolezenskih stanj v ginekologiji, perinatologiji in reproduktivni medicini. Strokovna tematika bo obravnavana v obliki plenarnih predavanj in prikazov na plakatih. Na ta na\u010din se bomo seznanili s smernicami in razvojem na podro\u010djih perinatologije, neonatologije, ginekolo\u0161ke onkologije, reproduktivne ginekologije, uroginekologije, menopavze, ultrazvo\u010dne diagnostike in spolne medicine. K sodelovanju smo povabili tudi strokovnjake iz regije z namenom izmenjave izku\u0161enj in na\u010drtovanja strategije na\u0161ega dela. Prepri\u010dani smo, da bodo pridobljene informacije dragocene in koristne za na\u0161e prihodnje delo, ki je bilo vedno visoko cenjeno v slovenski dru\u017ebi tudi zaradi hitrega prilagajanja novim spoznanjem in odkritjem in prenosom sodobnih tehnologij v vsakdanjo klini\u010dno prakso.<\/p>\n<p>Ob strokovnih in znanstvenih temah pa bomo zagotovo na\u0161li tudi \u010das za prijetno dru\u017eenje, spro\u0161\u010den pogovor, u\u010dvrstitev prijateljskih vezi, kakor tudi snovanje strategije razvoja na\u0161e dejavnosti.<\/p>\n<p>Slovenska ginekologija in porodni\u0161tvo sta v preteklosti dosegla visoko strokovno prepoznavnost doma, v regiji in \u0161ir\u0161em mednarodnem prostoru, zato smo \u0161e toliko bolj zavezani in dol\u017eni strniti mo\u010di in energijo in navkljub vsesplo\u0161no nenaklonjenim ekonomskim, politi\u010dnim in epidemiolo\u0161kim\u00a0 razmeram razvijati na\u0161o stroko s ciljem nadaljnjega razvoja skrbi za reproduktivno zdravje na\u0161ih \u017eensk.<\/p>\n<div id='gallery-1' class='gallery galleryid-667 gallery-columns-2 gallery-size-medium'><figure class='gallery-item'>\n\t\t\t<div class='gallery-icon portrait'>\n\t\t\t\t<a href='https:\/\/www.obgyn-si.org\/kongresi\/7kongres\/dobrodosli\/borutkobal2\/'><img loading=\"lazy\" decoding=\"async\" width=\"240\" height=\"300\" src=\"https:\/\/www.obgyn-si.org\/kongresi\/7kongres\/wp-content\/uploads\/sites\/25\/2026\/01\/BorutKobal2-240x300.jpg\" class=\"attachment-medium size-medium\" alt=\"\" aria-describedby=\"gallery-1-1902\" srcset=\"https:\/\/www.obgyn-si.org\/kongresi\/7kongres\/wp-content\/uploads\/sites\/25\/2026\/01\/BorutKobal2-240x300.jpg 240w, https:\/\/www.obgyn-si.org\/kongresi\/7kongres\/wp-content\/uploads\/sites\/25\/2026\/01\/BorutKobal2.jpg 663w\" sizes=\"auto, 100vw\" \/><\/a>\n\t\t\t<\/div>\n\t\t\t\t<figcaption class='wp-caption-text gallery-caption' id='gallery-1-1902'>\n\t\t\t\tProf. dr. Borut Kobal, dr. med.., <br>Predsednik organizacijskega odbora\n\t\t\t\t<\/figcaption><\/figure><figure class='gallery-item'>\n\t\t\t<div class='gallery-icon portrait'>\n\t\t\t\t<a href='https:\/\/www.obgyn-si.org\/kongresi\/7kongres\/dobrodosli\/iztok-takac-2\/'><img loading=\"lazy\" decoding=\"async\" width=\"240\" height=\"300\" src=\"https:\/\/www.obgyn-si.org\/kongresi\/7kongres\/wp-content\/uploads\/sites\/25\/2020\/01\/Iztok-Taka\u010d-2-240x300.jpg\" class=\"attachment-medium size-medium\" alt=\"\" aria-describedby=\"gallery-1-802\" srcset=\"https:\/\/www.obgyn-si.org\/kongresi\/7kongres\/wp-content\/uploads\/sites\/25\/2020\/01\/Iztok-Taka\u010d-2-240x300.jpg 240w, https:\/\/www.obgyn-si.org\/kongresi\/7kongres\/wp-content\/uploads\/sites\/25\/2020\/01\/Iztok-Taka\u010d-2-819x1024.jpg 819w, https:\/\/www.obgyn-si.org\/kongresi\/7kongres\/wp-content\/uploads\/sites\/25\/2020\/01\/Iztok-Taka\u010d-2-768x960.jpg 768w, https:\/\/www.obgyn-si.org\/kongresi\/7kongres\/wp-content\/uploads\/sites\/25\/2020\/01\/Iztok-Taka\u010d-2.jpg 1157w\" sizes=\"auto, 100vw\" \/><\/a>\n\t\t\t<\/div>\n\t\t\t\t<figcaption class='wp-caption-text gallery-caption' id='gallery-1-802'>\n\t\t\t\tProf. dr. Iztok Taka\u010d, dr. med.,vi\u0161ji svetnik Predsednik strokovnega odbora\n\t\t\t\t<\/figcaption><\/figure>\n\t\t<\/div>\n\n<p>&nbsp;<\/p>\n","protected":false},"excerpt":{"rendered":"<p>Spo\u0161tovani! V veselje nama je, da vas lahko povabiva na 7. Kongres ginekologov in porodni\u010darjev Slovenije, ki bo potekal od 9 -11-aprila 2026. Po 4 letih letih se bomo ponovno sre\u010dali, tokrat na Gospodarskem razstavi\u0161\u010du v Ljubljani. Namen na\u0161ega kongresa je predstaviti na\u0161e delo in izku\u0161nje ter osvetliti nove trende na\u00a0 podro\u010dju diagnostike in zdravljenja &hellip; <\/p>\n<p class=\"link-more\"><a href=\"https:\/\/www.obgyn-si.org\/kongresi\/7kongres\/\" class=\"more-link\">Continue reading<span class=\"screen-reader-text\"> &#8220;Dobrodo\u0161li&#8221;<\/span><\/a><\/p>\n","protected":false},"author":1,"featured_media":327,"parent":0,"menu_order":0,"comment_status":"closed","ping_status":"closed","template":"","meta":{"footnotes":""},"class_list":["post-667","page","type-page","status-publish","has-post-thumbnail","hentry"],"yoast_head":"<!-- This site is optimized with the Yoast SEO plugin v26.8 - https:\/\/yoast.com\/product\/yoast-seo-wordpress\/ -->\n<title>Dobrodo\u0161li - 7. Kongres ginekologov in porodni\u010darjev Slovenije<\/title>\n<meta name=\"robots\" content=\"index, follow, max-snippet:-1, max-image-preview:large, max-video-preview:-1\" \/>\n<link rel=\"canonical\" href=\"https:\/\/www.obgyn-si.org\/kongresi\/7kongres\/\" \/>\n<meta property=\"og:locale\" content=\"en_US\" \/>\n<meta property=\"og:type\" content=\"article\" \/>\n<meta property=\"og:title\" content=\"Dobrodo\u0161li - 7. Kongres ginekologov in porodni\u010darjev Slovenije\" \/>\n<meta property=\"og:description\" content=\"Spo\u0161tovani! V veselje nama je, da vas lahko povabiva na 7. Kongres ginekologov in porodni\u010darjev Slovenije, ki bo potekal od 9 -11-aprila 2026. Po 4 letih letih se bomo ponovno sre\u010dali, tokrat na Gospodarskem razstavi\u0161\u010du v Ljubljani. Namen na\u0161ega kongresa je predstaviti na\u0161e delo in izku\u0161nje ter osvetliti nove trende na\u00a0 podro\u010dju diagnostike in zdravljenja &hellip; Continue reading &quot;Dobrodo\u0161li&quot;\" \/>\n<meta property=\"og:url\" content=\"https:\/\/www.obgyn-si.org\/kongresi\/7kongres\/\" \/>\n<meta property=\"og:site_name\" content=\"7. Kongres ginekologov in porodni\u010darjev Slovenije\" \/>\n<meta property=\"article:modified_time\" content=\"2026-01-05T08:11:30+00:00\" \/>\n<meta property=\"og:image\" content=\"https:\/\/www.obgyn-si.org\/kongresi\/7kongres\/wp-content\/uploads\/sites\/25\/2018\/05\/77193191.v5oYEQfZ.jpg\" \/>\n\t<meta property=\"og:image:width\" content=\"800\" \/>\n\t<meta property=\"og:image:height\" content=\"540\" \/>\n\t<meta property=\"og:image:type\" content=\"image\/jpeg\" \/>\n<meta name=\"twitter:card\" content=\"summary_large_image\" \/>\n<meta name=\"twitter:label1\" content=\"Est. reading time\" \/>\n\t<meta name=\"twitter:data1\" content=\"1 minute\" \/>\n<script type=\"application\/ld+json\" class=\"yoast-schema-graph\">{\"@context\":\"https:\/\/schema.org\",\"@graph\":[{\"@type\":\"WebPage\",\"@id\":\"https:\/\/www.obgyn-si.org\/kongresi\/7kongres\/\",\"url\":\"https:\/\/www.obgyn-si.org\/kongresi\/7kongres\/\",\"name\":\"Dobrodo\u0161li - 7. Kongres ginekologov in porodni\u010darjev Slovenije\",\"isPartOf\":{\"@id\":\"https:\/\/www.obgyn-si.org\/kongresi\/7kongres\/#website\"},\"primaryImageOfPage\":{\"@id\":\"https:\/\/www.obgyn-si.org\/kongresi\/7kongres\/#primaryimage\"},\"image\":{\"@id\":\"https:\/\/www.obgyn-si.org\/kongresi\/7kongres\/#primaryimage\"},\"thumbnailUrl\":\"https:\/\/www.obgyn-si.org\/kongresi\/7kongres\/wp-content\/uploads\/sites\/25\/2018\/05\/77193191.v5oYEQfZ.jpg\",\"datePublished\":\"2020-01-15T10:34:55+00:00\",\"dateModified\":\"2026-01-05T08:11:30+00:00\",\"breadcrumb\":{\"@id\":\"https:\/\/www.obgyn-si.org\/kongresi\/7kongres\/#breadcrumb\"},\"inLanguage\":\"en-US\",\"potentialAction\":[{\"@type\":\"ReadAction\",\"target\":[\"https:\/\/www.obgyn-si.org\/kongresi\/7kongres\/\"]}]},{\"@type\":\"ImageObject\",\"inLanguage\":\"en-US\",\"@id\":\"https:\/\/www.obgyn-si.org\/kongresi\/7kongres\/#primaryimage\",\"url\":\"https:\/\/www.obgyn-si.org\/kongresi\/7kongres\/wp-content\/uploads\/sites\/25\/2018\/05\/77193191.v5oYEQfZ.jpg\",\"contentUrl\":\"https:\/\/www.obgyn-si.org\/kongresi\/7kongres\/wp-content\/uploads\/sites\/25\/2018\/05\/77193191.v5oYEQfZ.jpg\",\"width\":800,\"height\":540,\"caption\":\"Photo by dr. Matija Barbi\u010d\"},{\"@type\":\"BreadcrumbList\",\"@id\":\"https:\/\/www.obgyn-si.org\/kongresi\/7kongres\/#breadcrumb\",\"itemListElement\":[{\"@type\":\"ListItem\",\"position\":1,\"name\":\"Home\",\"item\":\"https:\/\/www.obgyn-si.org\/kongresi\/7kongres\/\"},{\"@type\":\"ListItem\",\"position\":2,\"name\":\"Dobrodo\u0161li\"}]},{\"@type\":\"WebSite\",\"@id\":\"https:\/\/www.obgyn-si.org\/kongresi\/7kongres\/#website\",\"url\":\"https:\/\/www.obgyn-si.org\/kongresi\/7kongres\/\",\"name\":\"7. Kongres ginekologov in porodni\u010darjev Slovenije\",\"description\":\"Ljubljana 2026\",\"potentialAction\":[{\"@type\":\"SearchAction\",\"target\":{\"@type\":\"EntryPoint\",\"urlTemplate\":\"https:\/\/www.obgyn-si.org\/kongresi\/7kongres\/?s={search_term_string}\"},\"query-input\":{\"@type\":\"PropertyValueSpecification\",\"valueRequired\":true,\"valueName\":\"search_term_string\"}}],\"inLanguage\":\"en-US\"}]}<\/script>\n<!-- \/ Yoast SEO plugin. -->","yoast_head_json":{"title":"Dobrodo\u0161li - 7. Kongres ginekologov in porodni\u010darjev Slovenije","robots":{"index":"index","follow":"follow","max-snippet":"max-snippet:-1","max-image-preview":"max-image-preview:large","max-video-preview":"max-video-preview:-1"},"canonical":"https:\/\/www.obgyn-si.org\/kongresi\/7kongres\/","og_locale":"en_US","og_type":"article","og_title":"Dobrodo\u0161li - 7. Kongres ginekologov in porodni\u010darjev Slovenije","og_description":"Spo\u0161tovani! V veselje nama je, da vas lahko povabiva na 7. Kongres ginekologov in porodni\u010darjev Slovenije, ki bo potekal od 9 -11-aprila 2026. Po 4 letih letih se bomo ponovno sre\u010dali, tokrat na Gospodarskem razstavi\u0161\u010du v Ljubljani. Namen na\u0161ega kongresa je predstaviti na\u0161e delo in izku\u0161nje ter osvetliti nove trende na\u00a0 podro\u010dju diagnostike in zdravljenja &hellip; Continue reading \"Dobrodo\u0161li\"","og_url":"https:\/\/www.obgyn-si.org\/kongresi\/7kongres\/","og_site_name":"7. Kongres ginekologov in porodni\u010darjev Slovenije","article_modified_time":"2026-01-05T08:11:30+00:00","og_image":[{"width":800,"height":540,"url":"https:\/\/www.obgyn-si.org\/kongresi\/7kongres\/wp-content\/uploads\/sites\/25\/2018\/05\/77193191.v5oYEQfZ.jpg","type":"image\/jpeg"}],"twitter_card":"summary_large_image","twitter_misc":{"Est. reading time":"1 minute"},"schema":{"@context":"https:\/\/schema.org","@graph":[{"@type":"WebPage","@id":"https:\/\/www.obgyn-si.org\/kongresi\/7kongres\/","url":"https:\/\/www.obgyn-si.org\/kongresi\/7kongres\/","name":"Dobrodo\u0161li - 7. Kongres ginekologov in porodni\u010darjev Slovenije","isPartOf":{"@id":"https:\/\/www.obgyn-si.org\/kongresi\/7kongres\/#website"},"primaryImageOfPage":{"@id":"https:\/\/www.obgyn-si.org\/kongresi\/7kongres\/#primaryimage"},"image":{"@id":"https:\/\/www.obgyn-si.org\/kongresi\/7kongres\/#primaryimage"},"thumbnailUrl":"https:\/\/www.obgyn-si.org\/kongresi\/7kongres\/wp-content\/uploads\/sites\/25\/2018\/05\/77193191.v5oYEQfZ.jpg","datePublished":"2020-01-15T10:34:55+00:00","dateModified":"2026-01-05T08:11:30+00:00","breadcrumb":{"@id":"https:\/\/www.obgyn-si.org\/kongresi\/7kongres\/#breadcrumb"},"inLanguage":"en-US","potentialAction":[{"@type":"ReadAction","target":["https:\/\/www.obgyn-si.org\/kongresi\/7kongres\/"]}]},{"@type":"ImageObject","inLanguage":"en-US","@id":"https:\/\/www.obgyn-si.org\/kongresi\/7kongres\/#primaryimage","url":"https:\/\/www.obgyn-si.org\/kongresi\/7kongres\/wp-content\/uploads\/sites\/25\/2018\/05\/77193191.v5oYEQfZ.jpg","contentUrl":"https:\/\/www.obgyn-si.org\/kongresi\/7kongres\/wp-content\/uploads\/sites\/25\/2018\/05\/77193191.v5oYEQfZ.jpg","width":800,"height":540,"caption":"Photo by dr. Matija Barbi\u010d"},{"@type":"BreadcrumbList","@id":"https:\/\/www.obgyn-si.org\/kongresi\/7kongres\/#breadcrumb","itemListElement":[{"@type":"ListItem","position":1,"name":"Home","item":"https:\/\/www.obgyn-si.org\/kongresi\/7kongres\/"},{"@type":"ListItem","position":2,"name":"Dobrodo\u0161li"}]},{"@type":"WebSite","@id":"https:\/\/www.obgyn-si.org\/kongresi\/7kongres\/#website","url":"https:\/\/www.obgyn-si.org\/kongresi\/7kongres\/","name":"7. Kongres ginekologov in porodni\u010darjev Slovenije","description":"Ljubljana 2026","potentialAction":[{"@type":"SearchAction","target":{"@type":"EntryPoint","urlTemplate":"https:\/\/www.obgyn-si.org\/kongresi\/7kongres\/?s={search_term_string}"},"query-input":{"@type":"PropertyValueSpecification","valueRequired":true,"valueName":"search_term_string"}}],"inLanguage":"en-US"}]}},"_links":{"self":[{"href":"https:\/\/www.obgyn-si.org\/kongresi\/7kongres\/wp-json\/wp\/v2\/pages\/667","targetHints":{"allow":["GET"]}}],"collection":[{"href":"https:\/\/www.obgyn-si.org\/kongresi\/7kongres\/wp-json\/wp\/v2\/pages"}],"about":[{"href":"https:\/\/www.obgyn-si.org\/kongresi\/7kongres\/wp-json\/wp\/v2\/types\/page"}],"author":[{"embeddable":true,"href":"https:\/\/www.obgyn-si.org\/kongresi\/7kongres\/wp-json\/wp\/v2\/users\/1"}],"replies":[{"embeddable":true,"href":"https:\/\/www.obgyn-si.org\/kongresi\/7kongres\/wp-json\/wp\/v2\/comments?post=667"}],"version-history":[{"count":14,"href":"https:\/\/www.obgyn-si.org\/kongresi\/7kongres\/wp-json\/wp\/v2\/pages\/667\/revisions"}],"predecessor-version":[{"id":1904,"href":"https:\/\/www.obgyn-si.org\/kongresi\/7kongres\/wp-json\/wp\/v2\/pages\/667\/revisions\/1904"}],"wp:featuredmedia":[{"embeddable":true,"href":"https:\/\/www.obgyn-si.org\/kongresi\/7kongres\/wp-json\/wp\/v2\/media\/327"}],"wp:attachment":[{"href":"https:\/\/www.obgyn-si.org\/kongresi\/7kongres\/wp-json\/wp\/v2\/media?parent=667"}],"curies":[{"name":"wp","href":"https:\/\/api.w.org\/{rel}","templated":true}]}}