
{"id":723,"date":"2020-01-20T17:28:25","date_gmt":"2020-01-20T17:28:25","guid":{"rendered":"http:\/\/www.obgyn-si.org\/kongresi\/7kongres\/?page_id=723"},"modified":"2026-04-07T08:08:16","modified_gmt":"2026-04-07T08:08:16","slug":"posterji","status":"publish","type":"page","link":"https:\/\/www.obgyn-si.org\/kongresi\/7kongres\/posterji\/","title":{"rendered":"Posterji"},"content":{"rendered":"<h2><strong>POSTERJI \/ POSTERS<\/strong><\/h2>\n<p>&nbsp;<\/p>\n<p><strong>P1<\/strong> Metastaza malignega melanoma v maternici \u2013 prikaz primera \/ <em>Uterine Metastasis of Malignant Melanoma \u2013 Case Report<br \/>\n<\/em>Bo\u0161tjan Pir\u0161 (Ljubljana, Slovenija)<\/p>\n<p><strong>P2<\/strong> Uporaba indocianin zelenega (ICG) za dokazovanje varovalne bezgavke pri raku zunanjega spolovila \u2013 analiza primerov UKC Ljubljana\/ <em>The use of indocyanine green (ICG) for sentinel lymph node mapping in vulvar cancer: a case series from the University Medical Centre Ljubljana<br \/>\n<\/em>Luka Kova\u010d, Bo\u0161tjan Pir\u0161, Nata\u0161a Kenda \u0160uster (Ljubljana, Slovenija)<\/p>\n<p><strong>P3 <\/strong>Kdaj je indiciran TVT s hkratno korekcijo cistokele in kdaj je indicirana korekcija zdrsa sprednje vaginalne stene hkrati s TVT? \/\u00a0<em>When is TVT indicated with simultaneous cystocele correction, and when is the correction of anterior vaginal wall prolapse indicated with TVT?<br \/>\n<\/em>Marijan Lu\u017enik (Slovenj Gradec, Slovenija)<\/p>\n<p><strong>P4\u00a0<\/strong>Vpliv \u010dasa od odvzema semena do intracitoplazmatskega injiciranja semen\u010dice na oploditev in\u00a0razvoj zarodka \/\u00a0<em>The influence of time between semen collection and intracitoplasmic sperm injection on\u00a0<\/em><em>fertilization and embryo development<br \/>\n<\/em>Martina Zafo\u0161nik, Marjan Taborin, Borut Kova\u010di\u010d (Maribor, Slovenija)<\/p>\n<p><strong>\u00a0<\/strong><strong>P5\u00a0<\/strong>Vpliv starosti in spolne abstinence mo\u0161kih na kakovost semenskega izliva\/ <em>The impact of male age and sexual abstinence on semen quality<br \/>\n<\/em>Katarina Kova\u010d, Nejc Kozar, Borut Kova\u010di\u010d (Maribor, Slovenija)<\/p>\n<p><strong>\u00a0<\/strong><strong>P6\u00a0<\/strong>\u010casovno spremljanje morfokinetike drugega polarnega telesa in njen vpliv na embrionalni razvoj \/\u00a0<em>Time-lapse evaluation of second polar body morphokinetics and their influence on embryonic <\/em><em style=\"font-size: 1rem;\">development<br \/>\n<\/em>Sergeja Rmu\u0161, Borut Kova\u010di\u010d (Maribor, Slovenija)<\/p>\n<p><strong>P7\u00a0<\/strong>Histeroskopsko zdravljenje zaostalega delca posteljice v sklopu spektra vra\u0161\u010denih posteljic:\u00a0prikaz primera \/\u00a0<em>Hysteroscopic treatment of retained placental tissue after placenta accreta spectrum: case\u00a0<\/em><em>report<br \/>\n<\/em>Nina Razgor\u0161ek, Gregor Pr\u0161a, Damjan Sisinger, Branka \u017degura Andri\u0107, Tamara Serdin\u0161ek\u00a0(Maribor, Slovenija)<\/p>\n<p><strong>P8\u00a0<\/strong>Zdravljenje z negativnim tlakom pri bolnicah po ginekolo\u0161kih operacijah in predlog\u00a0Priporo\u010dil za preventivno zdravljenje z negativnim tlakom na zaprtih kirur\u0161kih ranah\u00a0pri bolnicah po ginekolo\u0161kih operacijah \/\u00a0<em>Negative Pressure Wound Therapy in Patients Following Gynecological Surgery and a <\/em><em>proposal for Recommendations for the Preventive Use of Negative Pressure Wound\u00a0<\/em><em>Therapy on Closed Surgical Incisions in Patients after Gynecological<br \/>\nSurgery <\/em>\u0160pela Kozinc, Vid Jan\u0161a (Ljubljana, Slovenija)<\/p>\n<p><strong>\u00a0<\/strong><strong>P9\u00a0<\/strong>Vpliv porodnega polo\u017eaja pri iztisu ploda na po\u0161kodbo perineja \/ <em>Effects of the birthing position on perineal trauma<br \/>\n<\/em>Karmen Kapus, Iva Kukovica Barbari\u010d, Anita Frelih Fabjan, Miha Lu\u010dovnik (Ljubljana,\u00a0Slovenija)<\/p>\n<p><strong>\u00a0<\/strong><strong>P10\u00a0<\/strong>Standardizirano zbiranje podatkov pri kirur\u0161kem zdravljenju raka endometrija \/ <em>Standardized data collection in surgical treatment of endometrial cancer<br \/>\n<\/em>Kenana Ljuca, Luka Kova\u010d, Vid Jan\u0161a (Ljubljana, Slovenija)<\/p>\n<p><strong>\u00a0<\/strong><strong>P11\u00a0<\/strong>Laparoskopska tehnika kot standard adneksektomije v tretjem \u017eivljenjskem obdobju \/\u00a0<em>Laparoscopic technique as the standard of adnexectomy in the third period of life<br \/>\n<\/em>Pia Zgonc, Kristina Drusany Stari\u010d (Ljubljana, Slovenija)<\/p>\n<p><strong>\u00a0<\/strong><strong>P12\u00a0<\/strong>U\u010dinkovitost in varnost zdravljenja stresne urinske inkontinence z Bulkamidom: retrospektivna opazovalna \u0161tudija \/\u00a0<em>Efficacy and Safety of Urethral Bulking for Stress Urinary Incontinence: A Retrospective <\/em><em>Cohort Study<br \/>\n<\/em>Alja Medved, Ivan Verdenik, Mija Blaganje (Ljubljana, Slovenija)<\/p>\n<p><strong>\u00a0<\/strong><strong>P13\u00a0<\/strong>Neonatalne smrti in medicinska dokumentacija: retrospektivna analiza v kontekstu domnev o izginulih novorejen\u010dkih \/\u00a0<em>Neonatal deaths and medical documentation: a retrospective analysis in context of alleged <\/em><em>missing newborns<br \/>\n<\/em>Matja\u017e Korenak, Nejc Kozar, Lucija Kuder, Klara Mihaldinec, Iztok Taka\u010d (Maribor,\u00a0Slovenija)<\/p>\n","protected":false},"excerpt":{"rendered":"<p>POSTERJI \/ POSTERS &nbsp; P1 Metastaza malignega melanoma v maternici \u2013 prikaz primera \/ Uterine Metastasis of Malignant Melanoma \u2013 Case Report Bo\u0161tjan Pir\u0161 (Ljubljana, Slovenija) P2 Uporaba indocianin zelenega (ICG) za dokazovanje varovalne bezgavke pri raku zunanjega spolovila \u2013 analiza primerov UKC Ljubljana\/ The use of indocyanine green (ICG) for sentinel lymph node mapping &hellip; <\/p>\n<p class=\"link-more\"><a href=\"https:\/\/www.obgyn-si.org\/kongresi\/7kongres\/posterji\/\" class=\"more-link\">Continue reading<span class=\"screen-reader-text\"> &#8220;Posterji&#8221;<\/span><\/a><\/p>\n","protected":false},"author":1,"featured_media":782,"parent":0,"menu_order":0,"comment_status":"closed","ping_status":"closed","template":"","meta":{"footnotes":""},"class_list":["post-723","page","type-page","status-publish","has-post-thumbnail","hentry"],"yoast_head":"<!-- This site is optimized with the Yoast SEO plugin v26.8 - https:\/\/yoast.com\/product\/yoast-seo-wordpress\/ -->\n<title>Posterji - 7. Kongres ginekologov in porodni\u010darjev Slovenije<\/title>\n<meta name=\"robots\" content=\"index, follow, max-snippet:-1, max-image-preview:large, max-video-preview:-1\" \/>\n<link rel=\"canonical\" href=\"https:\/\/www.obgyn-si.org\/kongresi\/7kongres\/posterji\/\" \/>\n<meta property=\"og:locale\" content=\"en_US\" \/>\n<meta property=\"og:type\" content=\"article\" \/>\n<meta property=\"og:title\" content=\"Posterji - 7. Kongres ginekologov in porodni\u010darjev Slovenije\" \/>\n<meta property=\"og:description\" content=\"POSTERJI \/ POSTERS &nbsp; P1 Metastaza malignega melanoma v maternici \u2013 prikaz primera \/ Uterine Metastasis of Malignant Melanoma \u2013 Case Report Bo\u0161tjan Pir\u0161 (Ljubljana, Slovenija) P2 Uporaba indocianin zelenega (ICG) za dokazovanje varovalne bezgavke pri raku zunanjega spolovila \u2013 analiza primerov UKC Ljubljana\/ The use of indocyanine green (ICG) for sentinel lymph node mapping &hellip; Continue reading &quot;Posterji&quot;\" \/>\n<meta property=\"og:url\" content=\"https:\/\/www.obgyn-si.org\/kongresi\/7kongres\/posterji\/\" \/>\n<meta property=\"og:site_name\" content=\"7. Kongres ginekologov in porodni\u010darjev Slovenije\" \/>\n<meta property=\"article:modified_time\" content=\"2026-04-07T08:08:16+00:00\" \/>\n<meta property=\"og:image\" content=\"http:\/\/www.obgyn-si.org\/kongresi\/7kongres\/wp-content\/uploads\/sites\/25\/2020\/01\/156371792.lkI3wi7e.jpg\" \/>\n\t<meta property=\"og:image:width\" content=\"800\" \/>\n\t<meta property=\"og:image:height\" content=\"532\" \/>\n\t<meta property=\"og:image:type\" content=\"image\/jpeg\" \/>\n<meta name=\"twitter:card\" content=\"summary_large_image\" \/>\n<meta name=\"twitter:label1\" content=\"Est. reading time\" \/>\n\t<meta name=\"twitter:data1\" content=\"3 minutes\" \/>\n<script type=\"application\/ld+json\" class=\"yoast-schema-graph\">{\"@context\":\"https:\/\/schema.org\",\"@graph\":[{\"@type\":\"WebPage\",\"@id\":\"https:\/\/www.obgyn-si.org\/kongresi\/7kongres\/posterji\/\",\"url\":\"https:\/\/www.obgyn-si.org\/kongresi\/7kongres\/posterji\/\",\"name\":\"Posterji - 7. Kongres ginekologov in porodni\u010darjev Slovenije\",\"isPartOf\":{\"@id\":\"https:\/\/www.obgyn-si.org\/kongresi\/7kongres\/#website\"},\"primaryImageOfPage\":{\"@id\":\"https:\/\/www.obgyn-si.org\/kongresi\/7kongres\/posterji\/#primaryimage\"},\"image\":{\"@id\":\"https:\/\/www.obgyn-si.org\/kongresi\/7kongres\/posterji\/#primaryimage\"},\"thumbnailUrl\":\"https:\/\/www.obgyn-si.org\/kongresi\/7kongres\/wp-content\/uploads\/sites\/25\/2020\/01\/156371792.lkI3wi7e.jpg\",\"datePublished\":\"2020-01-20T17:28:25+00:00\",\"dateModified\":\"2026-04-07T08:08:16+00:00\",\"breadcrumb\":{\"@id\":\"https:\/\/www.obgyn-si.org\/kongresi\/7kongres\/posterji\/#breadcrumb\"},\"inLanguage\":\"en-US\",\"potentialAction\":[{\"@type\":\"ReadAction\",\"target\":[\"https:\/\/www.obgyn-si.org\/kongresi\/7kongres\/posterji\/\"]}]},{\"@type\":\"ImageObject\",\"inLanguage\":\"en-US\",\"@id\":\"https:\/\/www.obgyn-si.org\/kongresi\/7kongres\/posterji\/#primaryimage\",\"url\":\"https:\/\/www.obgyn-si.org\/kongresi\/7kongres\/wp-content\/uploads\/sites\/25\/2020\/01\/156371792.lkI3wi7e.jpg\",\"contentUrl\":\"https:\/\/www.obgyn-si.org\/kongresi\/7kongres\/wp-content\/uploads\/sites\/25\/2020\/01\/156371792.lkI3wi7e.jpg\",\"width\":800,\"height\":532},{\"@type\":\"BreadcrumbList\",\"@id\":\"https:\/\/www.obgyn-si.org\/kongresi\/7kongres\/posterji\/#breadcrumb\",\"itemListElement\":[{\"@type\":\"ListItem\",\"position\":1,\"name\":\"Home\",\"item\":\"https:\/\/www.obgyn-si.org\/kongresi\/7kongres\/\"},{\"@type\":\"ListItem\",\"position\":2,\"name\":\"Posterji\"}]},{\"@type\":\"WebSite\",\"@id\":\"https:\/\/www.obgyn-si.org\/kongresi\/7kongres\/#website\",\"url\":\"https:\/\/www.obgyn-si.org\/kongresi\/7kongres\/\",\"name\":\"7. Kongres ginekologov in porodni\u010darjev Slovenije\",\"description\":\"Ljubljana 2026\",\"potentialAction\":[{\"@type\":\"SearchAction\",\"target\":{\"@type\":\"EntryPoint\",\"urlTemplate\":\"https:\/\/www.obgyn-si.org\/kongresi\/7kongres\/?s={search_term_string}\"},\"query-input\":{\"@type\":\"PropertyValueSpecification\",\"valueRequired\":true,\"valueName\":\"search_term_string\"}}],\"inLanguage\":\"en-US\"}]}<\/script>\n<!-- \/ Yoast SEO plugin. -->","yoast_head_json":{"title":"Posterji - 7. Kongres ginekologov in porodni\u010darjev Slovenije","robots":{"index":"index","follow":"follow","max-snippet":"max-snippet:-1","max-image-preview":"max-image-preview:large","max-video-preview":"max-video-preview:-1"},"canonical":"https:\/\/www.obgyn-si.org\/kongresi\/7kongres\/posterji\/","og_locale":"en_US","og_type":"article","og_title":"Posterji - 7. Kongres ginekologov in porodni\u010darjev Slovenije","og_description":"POSTERJI \/ POSTERS &nbsp; P1 Metastaza malignega melanoma v maternici \u2013 prikaz primera \/ Uterine Metastasis of Malignant Melanoma \u2013 Case Report Bo\u0161tjan Pir\u0161 (Ljubljana, Slovenija) P2 Uporaba indocianin zelenega (ICG) za dokazovanje varovalne bezgavke pri raku zunanjega spolovila \u2013 analiza primerov UKC Ljubljana\/ The use of indocyanine green (ICG) for sentinel lymph node mapping &hellip; Continue reading \"Posterji\"","og_url":"https:\/\/www.obgyn-si.org\/kongresi\/7kongres\/posterji\/","og_site_name":"7. Kongres ginekologov in porodni\u010darjev Slovenije","article_modified_time":"2026-04-07T08:08:16+00:00","og_image":[{"width":800,"height":532,"url":"http:\/\/www.obgyn-si.org\/kongresi\/7kongres\/wp-content\/uploads\/sites\/25\/2020\/01\/156371792.lkI3wi7e.jpg","type":"image\/jpeg"}],"twitter_card":"summary_large_image","twitter_misc":{"Est. reading time":"3 minutes"},"schema":{"@context":"https:\/\/schema.org","@graph":[{"@type":"WebPage","@id":"https:\/\/www.obgyn-si.org\/kongresi\/7kongres\/posterji\/","url":"https:\/\/www.obgyn-si.org\/kongresi\/7kongres\/posterji\/","name":"Posterji - 7. Kongres ginekologov in porodni\u010darjev Slovenije","isPartOf":{"@id":"https:\/\/www.obgyn-si.org\/kongresi\/7kongres\/#website"},"primaryImageOfPage":{"@id":"https:\/\/www.obgyn-si.org\/kongresi\/7kongres\/posterji\/#primaryimage"},"image":{"@id":"https:\/\/www.obgyn-si.org\/kongresi\/7kongres\/posterji\/#primaryimage"},"thumbnailUrl":"https:\/\/www.obgyn-si.org\/kongresi\/7kongres\/wp-content\/uploads\/sites\/25\/2020\/01\/156371792.lkI3wi7e.jpg","datePublished":"2020-01-20T17:28:25+00:00","dateModified":"2026-04-07T08:08:16+00:00","breadcrumb":{"@id":"https:\/\/www.obgyn-si.org\/kongresi\/7kongres\/posterji\/#breadcrumb"},"inLanguage":"en-US","potentialAction":[{"@type":"ReadAction","target":["https:\/\/www.obgyn-si.org\/kongresi\/7kongres\/posterji\/"]}]},{"@type":"ImageObject","inLanguage":"en-US","@id":"https:\/\/www.obgyn-si.org\/kongresi\/7kongres\/posterji\/#primaryimage","url":"https:\/\/www.obgyn-si.org\/kongresi\/7kongres\/wp-content\/uploads\/sites\/25\/2020\/01\/156371792.lkI3wi7e.jpg","contentUrl":"https:\/\/www.obgyn-si.org\/kongresi\/7kongres\/wp-content\/uploads\/sites\/25\/2020\/01\/156371792.lkI3wi7e.jpg","width":800,"height":532},{"@type":"BreadcrumbList","@id":"https:\/\/www.obgyn-si.org\/kongresi\/7kongres\/posterji\/#breadcrumb","itemListElement":[{"@type":"ListItem","position":1,"name":"Home","item":"https:\/\/www.obgyn-si.org\/kongresi\/7kongres\/"},{"@type":"ListItem","position":2,"name":"Posterji"}]},{"@type":"WebSite","@id":"https:\/\/www.obgyn-si.org\/kongresi\/7kongres\/#website","url":"https:\/\/www.obgyn-si.org\/kongresi\/7kongres\/","name":"7. Kongres ginekologov in porodni\u010darjev Slovenije","description":"Ljubljana 2026","potentialAction":[{"@type":"SearchAction","target":{"@type":"EntryPoint","urlTemplate":"https:\/\/www.obgyn-si.org\/kongresi\/7kongres\/?s={search_term_string}"},"query-input":{"@type":"PropertyValueSpecification","valueRequired":true,"valueName":"search_term_string"}}],"inLanguage":"en-US"}]}},"_links":{"self":[{"href":"https:\/\/www.obgyn-si.org\/kongresi\/7kongres\/wp-json\/wp\/v2\/pages\/723","targetHints":{"allow":["GET"]}}],"collection":[{"href":"https:\/\/www.obgyn-si.org\/kongresi\/7kongres\/wp-json\/wp\/v2\/pages"}],"about":[{"href":"https:\/\/www.obgyn-si.org\/kongresi\/7kongres\/wp-json\/wp\/v2\/types\/page"}],"author":[{"embeddable":true,"href":"https:\/\/www.obgyn-si.org\/kongresi\/7kongres\/wp-json\/wp\/v2\/users\/1"}],"replies":[{"embeddable":true,"href":"https:\/\/www.obgyn-si.org\/kongresi\/7kongres\/wp-json\/wp\/v2\/comments?post=723"}],"version-history":[{"count":10,"href":"https:\/\/www.obgyn-si.org\/kongresi\/7kongres\/wp-json\/wp\/v2\/pages\/723\/revisions"}],"predecessor-version":[{"id":2042,"href":"https:\/\/www.obgyn-si.org\/kongresi\/7kongres\/wp-json\/wp\/v2\/pages\/723\/revisions\/2042"}],"wp:featuredmedia":[{"embeddable":true,"href":"https:\/\/www.obgyn-si.org\/kongresi\/7kongres\/wp-json\/wp\/v2\/media\/782"}],"wp:attachment":[{"href":"https:\/\/www.obgyn-si.org\/kongresi\/7kongres\/wp-json\/wp\/v2\/media?parent=723"}],"curies":[{"name":"wp","href":"https:\/\/api.w.org\/{rel}","templated":true}]}}