
{"id":50,"date":"2018-01-24T08:41:09","date_gmt":"2018-01-24T08:41:09","guid":{"rendered":"http:\/\/www.obgyn-si.org\/kongresi\/www-2\/?page_id=50"},"modified":"2024-09-17T06:45:05","modified_gmt":"2024-09-17T06:45:05","slug":"program","status":"publish","type":"page","link":"https:\/\/www.obgyn-si.org\/kongresi\/and-2024\/program\/","title":{"rendered":"Program"},"content":{"rendered":"<h1>Petek, 29. november 2024, Domus Medica, Ljubljana<\/h1>\r\n<h1><strong>PROGRAM<\/strong><\/h1>\r\n9.00 &#8211;\u00a0 9.10 Uvodni pozdrav (V.\u00a0 Gavri\u0107 Lovrec, H. Ban Frange\u017e)\r\n\r\n<strong style=\"font-size: 1rem;\">I. Pozna srednja leta in staranje\r\n<\/strong>\r\n\r\nModeratorja: V. Kova\u010d, B. Pinter\r\n\r\n9:10 \u2013 9:30 Vpliv staranja na kakovost \u017eivljenja (V. Vuk Godina)\r\n\r\n9:30 \u2013 9:50 Delo in kakovost \u017eivljenja v poznih srednjih letih (M. Dodi\u010d Fikfak)\r\n\r\n9:50 \u2013 10:10 Obdobja reproduktivnega staranja \u017eenske (V. Kova\u010d)\r\n\r\n10:10 \u2013 10:30 Hormonsko zdravljenje v menopavzi (B. Pinter)\r\n\r\n10:30 \u2013 10:50 Razprava\r\n\r\n10.50 \u2013 11.10 Odmor\r\n\r\n<strong>II. Prepre\u010devanje in zdravljenje najpogostej\u0161ih te\u017eav<\/strong>\r\n\r\nModeratorja: N. Jan\u010dar, V. Gavri\u0107 Lovrec\r\n\r\n11:10 \u2013 11:30 Osteoporoza in sarkopenija \u2013\u00a0 zdravljenje in vpliv na kakovost \u017eivljenja (T.\u00a0 Kocjan)\r\n\r\n11:30 \u2013 11:50 Nehormonske mo\u017enosti za izbolj\u0161anje kakovosti \u017eivljenja v perimenopavzi in pomenopavzi (T. Srnovr\u0161nik)\r\n\r\n11:50 \u2013 12:10 Genitourinarni sindrom v menopavzi (A. Andjeli\u0107)\r\n\r\n12:10 \u2013 12:30 Urogenitalna atrofija: laser in radiofrekvanca &#8211;\u00a0 alternativni pristopi k zdravljenju (N. Jan\u010dar)\r\n\r\n12:30 \u2013 12:50 Minimalno invazivno zdravljenje disfunkcije spodnjih se\u010dil pri \u017eenskah (M. Blaganje)\r\n\r\n12:50 \u2013 13:10\u00a0 Razprava\r\n\r\n<strong>\u00a0<\/strong>13:10 \u2013 14.10 Kosilo\r\n\r\n<strong>\u00a0III. <\/strong><strong>Spolnost in telesna dejavnost v poznih srednjih letih<\/strong>\r\n\r\nModeratorja: N. Kozar, H. Ban Frange\u017e\r\n\r\n14:10 \u2013 14:30 Ali dodajanje testosterona izbolj\u0161a kakovost \u017eivljenja v pomenopavzi? (K. Ger\u0161ak)\r\n\r\n14:30 \u2013 14:50 Kako izbolj\u0161ati spolnost v pomenopavzi (G. Simetinger)\r\n\r\n14:50 \u2013 15:10 Telesna dejavnost, ki laj\u0161a simptome menopavze (D. \u0160\u0107epanovi\u0107)\r\n\r\n15:10 \u2013 15:30 Hormonske spremembe in spolna funkcija pri mo\u0161kem v poznih srednjih (N. Kozar)\r\n\r\n15:30 \u2013 15:50 Erektilna disfunkcija in mo\u017enosti zdravljenja (B. \u0160trus)\r\n\r\n15:50 \u2013 16:10 Razprava in zaklju\u010dek\r\n\r\n<!-- \/wp:post-content -->","protected":false},"excerpt":{"rendered":"<p>Petek, 29. november 2024, Domus Medica, Ljubljana PROGRAM 9.00 &#8211;\u00a0 9.10 Uvodni pozdrav (V.\u00a0 Gavri\u0107 Lovrec, H. Ban Frange\u017e) I. Pozna srednja leta in staranje Moderatorja: V. Kova\u010d, B. Pinter 9:10 \u2013 9:30 Vpliv staranja na kakovost \u017eivljenja (V. Vuk Godina) 9:30 \u2013 9:50 Delo in kakovost \u017eivljenja v poznih srednjih letih (M. Dodi\u010d Fikfak) &hellip; <\/p>\n<p class=\"link-more\"><a href=\"https:\/\/www.obgyn-si.org\/kongresi\/and-2024\/program\/\" class=\"more-link\">Continue reading<span class=\"screen-reader-text\"> &#8220;Program&#8221;<\/span><\/a><\/p>\n","protected":false},"author":1,"featured_media":1126,"parent":0,"menu_order":0,"comment_status":"closed","ping_status":"closed","template":"","meta":{"footnotes":""},"class_list":["post-50","page","type-page","status-publish","has-post-thumbnail","hentry"],"yoast_head":"<!-- This site is optimized with the Yoast SEO plugin v26.8 - https:\/\/yoast.com\/product\/yoast-seo-wordpress\/ -->\n<title>Program - Kakovost \u017eivljenja v poznih srednjih letih<\/title>\n<meta name=\"robots\" content=\"index, follow, max-snippet:-1, max-image-preview:large, max-video-preview:-1\" \/>\n<link rel=\"canonical\" href=\"https:\/\/www.obgyn-si.org\/kongresi\/and-2024\/program\/\" \/>\n<meta property=\"og:locale\" content=\"en_US\" \/>\n<meta property=\"og:type\" content=\"article\" \/>\n<meta property=\"og:title\" content=\"Program - Kakovost \u017eivljenja v poznih srednjih letih\" \/>\n<meta property=\"og:description\" content=\"Petek, 29. november 2024, Domus Medica, Ljubljana PROGRAM 9.00 &#8211;\u00a0 9.10 Uvodni pozdrav (V.\u00a0 Gavri\u0107 Lovrec, H. Ban Frange\u017e) I. Pozna srednja leta in staranje Moderatorja: V. Kova\u010d, B. Pinter 9:10 \u2013 9:30 Vpliv staranja na kakovost \u017eivljenja (V. Vuk Godina) 9:30 \u2013 9:50 Delo in kakovost \u017eivljenja v poznih srednjih letih (M. Dodi\u010d Fikfak) &hellip; Continue reading &quot;Program&quot;\" \/>\n<meta property=\"og:url\" content=\"https:\/\/www.obgyn-si.org\/kongresi\/and-2024\/program\/\" \/>\n<meta property=\"og:site_name\" content=\"Kakovost \u017eivljenja v poznih srednjih letih\" \/>\n<meta property=\"article:modified_time\" content=\"2024-09-17T06:45:05+00:00\" \/>\n<meta property=\"og:image\" content=\"https:\/\/www.obgyn-si.org\/kongresi\/and-2024\/wp-content\/uploads\/sites\/20\/2024\/09\/Pablo-Picasso-Portrait-of-Dora-Maar-1937.jpg\" \/>\n\t<meta property=\"og:image:width\" content=\"865\" \/>\n\t<meta property=\"og:image:height\" content=\"577\" \/>\n\t<meta property=\"og:image:type\" content=\"image\/jpeg\" \/>\n<meta name=\"twitter:card\" content=\"summary_large_image\" \/>\n<meta name=\"twitter:label1\" content=\"Est. reading time\" \/>\n\t<meta name=\"twitter:data1\" content=\"1 minute\" \/>\n<script type=\"application\/ld+json\" class=\"yoast-schema-graph\">{\"@context\":\"https:\/\/schema.org\",\"@graph\":[{\"@type\":\"WebPage\",\"@id\":\"https:\/\/www.obgyn-si.org\/kongresi\/and-2024\/program\/\",\"url\":\"https:\/\/www.obgyn-si.org\/kongresi\/and-2024\/program\/\",\"name\":\"Program - Kakovost \u017eivljenja v poznih srednjih letih\",\"isPartOf\":{\"@id\":\"https:\/\/www.obgyn-si.org\/kongresi\/and-2024\/#website\"},\"primaryImageOfPage\":{\"@id\":\"https:\/\/www.obgyn-si.org\/kongresi\/and-2024\/program\/#primaryimage\"},\"image\":{\"@id\":\"https:\/\/www.obgyn-si.org\/kongresi\/and-2024\/program\/#primaryimage\"},\"thumbnailUrl\":\"https:\/\/www.obgyn-si.org\/kongresi\/and-2024\/wp-content\/uploads\/sites\/20\/2024\/09\/Pablo-Picasso-Portrait-of-Dora-Maar-1937.jpg\",\"datePublished\":\"2018-01-24T08:41:09+00:00\",\"dateModified\":\"2024-09-17T06:45:05+00:00\",\"breadcrumb\":{\"@id\":\"https:\/\/www.obgyn-si.org\/kongresi\/and-2024\/program\/#breadcrumb\"},\"inLanguage\":\"en-US\",\"potentialAction\":[{\"@type\":\"ReadAction\",\"target\":[\"https:\/\/www.obgyn-si.org\/kongresi\/and-2024\/program\/\"]}]},{\"@type\":\"ImageObject\",\"inLanguage\":\"en-US\",\"@id\":\"https:\/\/www.obgyn-si.org\/kongresi\/and-2024\/program\/#primaryimage\",\"url\":\"https:\/\/www.obgyn-si.org\/kongresi\/and-2024\/wp-content\/uploads\/sites\/20\/2024\/09\/Pablo-Picasso-Portrait-of-Dora-Maar-1937.jpg\",\"contentUrl\":\"https:\/\/www.obgyn-si.org\/kongresi\/and-2024\/wp-content\/uploads\/sites\/20\/2024\/09\/Pablo-Picasso-Portrait-of-Dora-Maar-1937.jpg\",\"width\":865,\"height\":577},{\"@type\":\"BreadcrumbList\",\"@id\":\"https:\/\/www.obgyn-si.org\/kongresi\/and-2024\/program\/#breadcrumb\",\"itemListElement\":[{\"@type\":\"ListItem\",\"position\":1,\"name\":\"Home\",\"item\":\"https:\/\/www.obgyn-si.org\/kongresi\/and-2024\/\"},{\"@type\":\"ListItem\",\"position\":2,\"name\":\"Program\"}]},{\"@type\":\"WebSite\",\"@id\":\"https:\/\/www.obgyn-si.org\/kongresi\/and-2024\/#website\",\"url\":\"https:\/\/www.obgyn-si.org\/kongresi\/and-2024\/\",\"name\":\"Kakovost \u017eivljenja v poznih srednjih letih\",\"description\":\"XVI. spominski sestanek akad. prof. dr. Lidije Andol\u0161ek Jeras, Ljubljana, 29. november 2024\",\"publisher\":{\"@id\":\"https:\/\/www.obgyn-si.org\/kongresi\/and-2024\/#organization\"},\"potentialAction\":[{\"@type\":\"SearchAction\",\"target\":{\"@type\":\"EntryPoint\",\"urlTemplate\":\"https:\/\/www.obgyn-si.org\/kongresi\/and-2024\/?s={search_term_string}\"},\"query-input\":{\"@type\":\"PropertyValueSpecification\",\"valueRequired\":true,\"valueName\":\"search_term_string\"}}],\"inLanguage\":\"en-US\"},{\"@type\":\"Organization\",\"@id\":\"https:\/\/www.obgyn-si.org\/kongresi\/and-2024\/#organization\",\"name\":\"Kakovost \u017eivljenja v poznih srednjih letih\",\"url\":\"https:\/\/www.obgyn-si.org\/kongresi\/and-2024\/\",\"logo\":{\"@type\":\"ImageObject\",\"inLanguage\":\"en-US\",\"@id\":\"https:\/\/www.obgyn-si.org\/kongresi\/and-2024\/#\/schema\/logo\/image\/\",\"url\":\"https:\/\/www.obgyn-si.org\/kongresi\/and-2024\/wp-content\/uploads\/sites\/20\/2023\/10\/cropped-logo2023b.jpg\",\"contentUrl\":\"https:\/\/www.obgyn-si.org\/kongresi\/and-2024\/wp-content\/uploads\/sites\/20\/2023\/10\/cropped-logo2023b.jpg\",\"width\":1000,\"height\":250,\"caption\":\"Kakovost \u017eivljenja v poznih srednjih letih\"},\"image\":{\"@id\":\"https:\/\/www.obgyn-si.org\/kongresi\/and-2024\/#\/schema\/logo\/image\/\"}}]}<\/script>\n<!-- \/ Yoast SEO plugin. -->","yoast_head_json":{"title":"Program - Kakovost \u017eivljenja v poznih srednjih letih","robots":{"index":"index","follow":"follow","max-snippet":"max-snippet:-1","max-image-preview":"max-image-preview:large","max-video-preview":"max-video-preview:-1"},"canonical":"https:\/\/www.obgyn-si.org\/kongresi\/and-2024\/program\/","og_locale":"en_US","og_type":"article","og_title":"Program - Kakovost \u017eivljenja v poznih srednjih letih","og_description":"Petek, 29. november 2024, Domus Medica, Ljubljana PROGRAM 9.00 &#8211;\u00a0 9.10 Uvodni pozdrav (V.\u00a0 Gavri\u0107 Lovrec, H. Ban Frange\u017e) I. Pozna srednja leta in staranje Moderatorja: V. Kova\u010d, B. Pinter 9:10 \u2013 9:30 Vpliv staranja na kakovost \u017eivljenja (V. Vuk Godina) 9:30 \u2013 9:50 Delo in kakovost \u017eivljenja v poznih srednjih letih (M. Dodi\u010d Fikfak) &hellip; Continue reading \"Program\"","og_url":"https:\/\/www.obgyn-si.org\/kongresi\/and-2024\/program\/","og_site_name":"Kakovost \u017eivljenja v poznih srednjih letih","article_modified_time":"2024-09-17T06:45:05+00:00","og_image":[{"width":865,"height":577,"url":"https:\/\/www.obgyn-si.org\/kongresi\/and-2024\/wp-content\/uploads\/sites\/20\/2024\/09\/Pablo-Picasso-Portrait-of-Dora-Maar-1937.jpg","type":"image\/jpeg"}],"twitter_card":"summary_large_image","twitter_misc":{"Est. reading time":"1 minute"},"schema":{"@context":"https:\/\/schema.org","@graph":[{"@type":"WebPage","@id":"https:\/\/www.obgyn-si.org\/kongresi\/and-2024\/program\/","url":"https:\/\/www.obgyn-si.org\/kongresi\/and-2024\/program\/","name":"Program - Kakovost \u017eivljenja v poznih srednjih letih","isPartOf":{"@id":"https:\/\/www.obgyn-si.org\/kongresi\/and-2024\/#website"},"primaryImageOfPage":{"@id":"https:\/\/www.obgyn-si.org\/kongresi\/and-2024\/program\/#primaryimage"},"image":{"@id":"https:\/\/www.obgyn-si.org\/kongresi\/and-2024\/program\/#primaryimage"},"thumbnailUrl":"https:\/\/www.obgyn-si.org\/kongresi\/and-2024\/wp-content\/uploads\/sites\/20\/2024\/09\/Pablo-Picasso-Portrait-of-Dora-Maar-1937.jpg","datePublished":"2018-01-24T08:41:09+00:00","dateModified":"2024-09-17T06:45:05+00:00","breadcrumb":{"@id":"https:\/\/www.obgyn-si.org\/kongresi\/and-2024\/program\/#breadcrumb"},"inLanguage":"en-US","potentialAction":[{"@type":"ReadAction","target":["https:\/\/www.obgyn-si.org\/kongresi\/and-2024\/program\/"]}]},{"@type":"ImageObject","inLanguage":"en-US","@id":"https:\/\/www.obgyn-si.org\/kongresi\/and-2024\/program\/#primaryimage","url":"https:\/\/www.obgyn-si.org\/kongresi\/and-2024\/wp-content\/uploads\/sites\/20\/2024\/09\/Pablo-Picasso-Portrait-of-Dora-Maar-1937.jpg","contentUrl":"https:\/\/www.obgyn-si.org\/kongresi\/and-2024\/wp-content\/uploads\/sites\/20\/2024\/09\/Pablo-Picasso-Portrait-of-Dora-Maar-1937.jpg","width":865,"height":577},{"@type":"BreadcrumbList","@id":"https:\/\/www.obgyn-si.org\/kongresi\/and-2024\/program\/#breadcrumb","itemListElement":[{"@type":"ListItem","position":1,"name":"Home","item":"https:\/\/www.obgyn-si.org\/kongresi\/and-2024\/"},{"@type":"ListItem","position":2,"name":"Program"}]},{"@type":"WebSite","@id":"https:\/\/www.obgyn-si.org\/kongresi\/and-2024\/#website","url":"https:\/\/www.obgyn-si.org\/kongresi\/and-2024\/","name":"Kakovost \u017eivljenja v poznih srednjih letih","description":"XVI. spominski sestanek akad. prof. dr. Lidije Andol\u0161ek Jeras, Ljubljana, 29. november 2024","publisher":{"@id":"https:\/\/www.obgyn-si.org\/kongresi\/and-2024\/#organization"},"potentialAction":[{"@type":"SearchAction","target":{"@type":"EntryPoint","urlTemplate":"https:\/\/www.obgyn-si.org\/kongresi\/and-2024\/?s={search_term_string}"},"query-input":{"@type":"PropertyValueSpecification","valueRequired":true,"valueName":"search_term_string"}}],"inLanguage":"en-US"},{"@type":"Organization","@id":"https:\/\/www.obgyn-si.org\/kongresi\/and-2024\/#organization","name":"Kakovost \u017eivljenja v poznih srednjih letih","url":"https:\/\/www.obgyn-si.org\/kongresi\/and-2024\/","logo":{"@type":"ImageObject","inLanguage":"en-US","@id":"https:\/\/www.obgyn-si.org\/kongresi\/and-2024\/#\/schema\/logo\/image\/","url":"https:\/\/www.obgyn-si.org\/kongresi\/and-2024\/wp-content\/uploads\/sites\/20\/2023\/10\/cropped-logo2023b.jpg","contentUrl":"https:\/\/www.obgyn-si.org\/kongresi\/and-2024\/wp-content\/uploads\/sites\/20\/2023\/10\/cropped-logo2023b.jpg","width":1000,"height":250,"caption":"Kakovost \u017eivljenja v poznih srednjih letih"},"image":{"@id":"https:\/\/www.obgyn-si.org\/kongresi\/and-2024\/#\/schema\/logo\/image\/"}}]}},"_links":{"self":[{"href":"https:\/\/www.obgyn-si.org\/kongresi\/and-2024\/wp-json\/wp\/v2\/pages\/50","targetHints":{"allow":["GET"]}}],"collection":[{"href":"https:\/\/www.obgyn-si.org\/kongresi\/and-2024\/wp-json\/wp\/v2\/pages"}],"about":[{"href":"https:\/\/www.obgyn-si.org\/kongresi\/and-2024\/wp-json\/wp\/v2\/types\/page"}],"author":[{"embeddable":true,"href":"https:\/\/www.obgyn-si.org\/kongresi\/and-2024\/wp-json\/wp\/v2\/users\/1"}],"replies":[{"embeddable":true,"href":"https:\/\/www.obgyn-si.org\/kongresi\/and-2024\/wp-json\/wp\/v2\/comments?post=50"}],"version-history":[{"count":68,"href":"https:\/\/www.obgyn-si.org\/kongresi\/and-2024\/wp-json\/wp\/v2\/pages\/50\/revisions"}],"predecessor-version":[{"id":1153,"href":"https:\/\/www.obgyn-si.org\/kongresi\/and-2024\/wp-json\/wp\/v2\/pages\/50\/revisions\/1153"}],"wp:featuredmedia":[{"embeddable":true,"href":"https:\/\/www.obgyn-si.org\/kongresi\/and-2024\/wp-json\/wp\/v2\/media\/1126"}],"wp:attachment":[{"href":"https:\/\/www.obgyn-si.org\/kongresi\/and-2024\/wp-json\/wp\/v2\/media?parent=50"}],"curies":[{"name":"wp","href":"https:\/\/api.w.org\/{rel}","templated":true}]}}