
{"id":6,"date":"2018-01-20T19:07:39","date_gmt":"2018-01-20T19:07:39","guid":{"rendered":"http:\/\/www.obgyn-si.org\/kongresi\/www-2\/?page_id=6"},"modified":"2024-09-17T06:43:37","modified_gmt":"2024-09-17T06:43:37","slug":"predgovor","status":"publish","type":"page","link":"https:\/\/www.obgyn-si.org\/kongresi\/and-2024\/","title":{"rendered":"Predgovor"},"content":{"rendered":"<p>Spo\u0161tovane kolegice in kolegi in drugi sodelavci!<\/p>\n<p>Vljudno vabljeni na tradicionalni XVI. spominski sestanek akad. prof. dr. Lidije Andol\u0161ek-Jeras, ki bo v petek, 29. novembra 2024, v Modri dvorani Domus Medica v Ljubljani.<\/p>\n<p>Leto\u0161nje sre\u010danje bo potekalo na temo <strong>\u00bbKakovost \u017eivljenja v poznih srednjih letih\u00ab. <\/strong>Na sestanku bomo obravnavali aktualno temo kakovosti \u017eivljenja v poznih srednjih letih tako \u017eensk kot mo\u0161kih. Seznanili se bomo s fiziolo\u0161kimi in socialnimi vidiki poznih srednjih let in staranja, izvedeli, kako prepre\u010diti in zdraviti najpogostej\u0161a stanja ter kako je s spolnostjo in telesno dejavnostjo v poznih srednjih letih. Sestanek bo interdisciplinaren, poleg ginekologov in porodni\u010darjev bodo sodelovali tudi strokovnjaki drugih strok.<\/p>\n<p>Sestanek\u00a0 je namenjen specialistom in specializantom ginekologije in porodni\u0161tva in drugih strok ter drugim zdravstvenim delavcem in strokovnjakom iz povezanih podro\u010dij. Aktivnosti za pridobivanje licen\u010dnih to\u010dk potekajo tako pri Zdravni\u0161ki zbornici Slovenije, kot pri Zbornici zdravstvene in babi\u0161ke nege Slovenije \u2013 Zvezi strokovnih dru\u0161tev medicinskih sester, babic in zdravstvenih tehnikov Slovenije.<\/p>\n<p>Veselimo se sre\u010danja z vami!<\/p>\n<table border=\"0\" width=\"100%\">\n<tbody>\n<tr>\n<td><img loading=\"lazy\" decoding=\"async\" class=\"wp-image-1144 aligncenter\" src=\"http:\/\/www.obgyn-si.org\/kongresi\/and-2024\/wp-content\/uploads\/sites\/20\/2024\/09\/helena2-243x300.jpg\" alt=\"\" width=\"162\" height=\"200\" srcset=\"https:\/\/www.obgyn-si.org\/kongresi\/and-2024\/wp-content\/uploads\/sites\/20\/2024\/09\/helena2-243x300.jpg 243w, https:\/\/www.obgyn-si.org\/kongresi\/and-2024\/wp-content\/uploads\/sites\/20\/2024\/09\/helena2.jpg 567w\" sizes=\"auto, (max-width: 162px) 100vw, 162px\" \/><\/td>\n<td><img loading=\"lazy\" decoding=\"async\" class=\"wp-image-1143 aligncenter\" src=\"http:\/\/www.obgyn-si.org\/kongresi\/and-2024\/wp-content\/uploads\/sites\/20\/2024\/09\/bojana2-243x300.jpg\" alt=\"\" width=\"162\" height=\"200\" srcset=\"https:\/\/www.obgyn-si.org\/kongresi\/and-2024\/wp-content\/uploads\/sites\/20\/2024\/09\/bojana2-243x300.jpg 243w, https:\/\/www.obgyn-si.org\/kongresi\/and-2024\/wp-content\/uploads\/sites\/20\/2024\/09\/bojana2.jpg 567w\" sizes=\"auto, (max-width: 162px) 100vw, 162px\" \/><\/td>\n<\/tr>\n<tr>\n<td>\n<p align=\"center\">Izr. prof. dr. Helena Ban Frange\u017e, dr. med.<br \/>\nPredsednica strokovnega odbora<\/p>\n<\/td>\n<td>\n<p align=\"center\">Prof. dr. Bojana Pinter, dr. med., v. svetnica<br \/>\nPredsednica organizacijskega odbora<\/p>\n<\/td>\n<\/tr>\n<\/tbody>\n<\/table>\n<p>&nbsp;<\/p>\n","protected":false},"excerpt":{"rendered":"<p>Spo\u0161tovane kolegice in kolegi in drugi sodelavci! Vljudno vabljeni na tradicionalni XVI. spominski sestanek akad. prof. dr. Lidije Andol\u0161ek-Jeras, ki bo v petek, 29. novembra 2024, v Modri dvorani Domus Medica v Ljubljani. Leto\u0161nje sre\u010danje bo potekalo na temo \u00bbKakovost \u017eivljenja v poznih srednjih letih\u00ab. Na sestanku bomo obravnavali aktualno temo kakovosti \u017eivljenja v poznih &hellip; <\/p>\n<p class=\"link-more\"><a href=\"https:\/\/www.obgyn-si.org\/kongresi\/and-2024\/\" class=\"more-link\">Continue reading<span class=\"screen-reader-text\"> &#8220;Predgovor&#8221;<\/span><\/a><\/p>\n","protected":false},"author":1,"featured_media":1128,"parent":0,"menu_order":0,"comment_status":"closed","ping_status":"closed","template":"","meta":{"footnotes":""},"class_list":["post-6","page","type-page","status-publish","has-post-thumbnail","hentry"],"yoast_head":"<!-- This site is optimized with the Yoast SEO plugin v26.8 - https:\/\/yoast.com\/product\/yoast-seo-wordpress\/ -->\n<title>Predgovor - Kakovost \u017eivljenja v poznih srednjih letih<\/title>\n<meta name=\"robots\" content=\"index, follow, max-snippet:-1, max-image-preview:large, max-video-preview:-1\" \/>\n<link rel=\"canonical\" href=\"https:\/\/www.obgyn-si.org\/kongresi\/and-2024\/\" \/>\n<meta property=\"og:locale\" content=\"en_US\" \/>\n<meta property=\"og:type\" content=\"article\" \/>\n<meta property=\"og:title\" content=\"Predgovor - Kakovost \u017eivljenja v poznih srednjih letih\" \/>\n<meta property=\"og:description\" content=\"Spo\u0161tovane kolegice in kolegi in drugi sodelavci! Vljudno vabljeni na tradicionalni XVI. spominski sestanek akad. prof. dr. Lidije Andol\u0161ek-Jeras, ki bo v petek, 29. novembra 2024, v Modri dvorani Domus Medica v Ljubljani. Leto\u0161nje sre\u010danje bo potekalo na temo \u00bbKakovost \u017eivljenja v poznih srednjih letih\u00ab. Na sestanku bomo obravnavali aktualno temo kakovosti \u017eivljenja v poznih &hellip; Continue reading &quot;Predgovor&quot;\" \/>\n<meta property=\"og:url\" content=\"https:\/\/www.obgyn-si.org\/kongresi\/and-2024\/\" \/>\n<meta property=\"og:site_name\" content=\"Kakovost \u017eivljenja v poznih srednjih letih\" \/>\n<meta property=\"article:modified_time\" content=\"2024-09-17T06:43:37+00:00\" \/>\n<meta property=\"og:image\" content=\"https:\/\/www.obgyn-si.org\/kongresi\/and-2024\/wp-content\/uploads\/sites\/20\/2024\/09\/Kofetarica2.jpg\" \/>\n\t<meta property=\"og:image:width\" content=\"1394\" \/>\n\t<meta property=\"og:image:height\" content=\"1436\" \/>\n\t<meta property=\"og:image:type\" content=\"image\/jpeg\" \/>\n<meta name=\"twitter:card\" content=\"summary_large_image\" \/>\n<meta name=\"twitter:label1\" content=\"Est. reading time\" \/>\n\t<meta name=\"twitter:data1\" content=\"1 minute\" \/>\n<script type=\"application\/ld+json\" class=\"yoast-schema-graph\">{\"@context\":\"https:\/\/schema.org\",\"@graph\":[{\"@type\":\"WebPage\",\"@id\":\"https:\/\/www.obgyn-si.org\/kongresi\/and-2024\/\",\"url\":\"https:\/\/www.obgyn-si.org\/kongresi\/and-2024\/\",\"name\":\"Predgovor - Kakovost \u017eivljenja v poznih srednjih letih\",\"isPartOf\":{\"@id\":\"https:\/\/www.obgyn-si.org\/kongresi\/and-2024\/#website\"},\"primaryImageOfPage\":{\"@id\":\"https:\/\/www.obgyn-si.org\/kongresi\/and-2024\/#primaryimage\"},\"image\":{\"@id\":\"https:\/\/www.obgyn-si.org\/kongresi\/and-2024\/#primaryimage\"},\"thumbnailUrl\":\"https:\/\/www.obgyn-si.org\/kongresi\/and-2024\/wp-content\/uploads\/sites\/20\/2024\/09\/Kofetarica2.jpg\",\"datePublished\":\"2018-01-20T19:07:39+00:00\",\"dateModified\":\"2024-09-17T06:43:37+00:00\",\"breadcrumb\":{\"@id\":\"https:\/\/www.obgyn-si.org\/kongresi\/and-2024\/#breadcrumb\"},\"inLanguage\":\"en-US\",\"potentialAction\":[{\"@type\":\"ReadAction\",\"target\":[\"https:\/\/www.obgyn-si.org\/kongresi\/and-2024\/\"]}]},{\"@type\":\"ImageObject\",\"inLanguage\":\"en-US\",\"@id\":\"https:\/\/www.obgyn-si.org\/kongresi\/and-2024\/#primaryimage\",\"url\":\"https:\/\/www.obgyn-si.org\/kongresi\/and-2024\/wp-content\/uploads\/sites\/20\/2024\/09\/Kofetarica2.jpg\",\"contentUrl\":\"https:\/\/www.obgyn-si.org\/kongresi\/and-2024\/wp-content\/uploads\/sites\/20\/2024\/09\/Kofetarica2.jpg\",\"width\":1394,\"height\":1436},{\"@type\":\"BreadcrumbList\",\"@id\":\"https:\/\/www.obgyn-si.org\/kongresi\/and-2024\/#breadcrumb\",\"itemListElement\":[{\"@type\":\"ListItem\",\"position\":1,\"name\":\"Home\",\"item\":\"https:\/\/www.obgyn-si.org\/kongresi\/and-2024\/\"},{\"@type\":\"ListItem\",\"position\":2,\"name\":\"Predgovor\"}]},{\"@type\":\"WebSite\",\"@id\":\"https:\/\/www.obgyn-si.org\/kongresi\/and-2024\/#website\",\"url\":\"https:\/\/www.obgyn-si.org\/kongresi\/and-2024\/\",\"name\":\"Kakovost \u017eivljenja v poznih srednjih letih\",\"description\":\"XVI. spominski sestanek akad. prof. dr. Lidije Andol\u0161ek Jeras, Ljubljana, 29. november 2024\",\"publisher\":{\"@id\":\"https:\/\/www.obgyn-si.org\/kongresi\/and-2024\/#organization\"},\"potentialAction\":[{\"@type\":\"SearchAction\",\"target\":{\"@type\":\"EntryPoint\",\"urlTemplate\":\"https:\/\/www.obgyn-si.org\/kongresi\/and-2024\/?s={search_term_string}\"},\"query-input\":{\"@type\":\"PropertyValueSpecification\",\"valueRequired\":true,\"valueName\":\"search_term_string\"}}],\"inLanguage\":\"en-US\"},{\"@type\":\"Organization\",\"@id\":\"https:\/\/www.obgyn-si.org\/kongresi\/and-2024\/#organization\",\"name\":\"Kakovost \u017eivljenja v poznih srednjih letih\",\"url\":\"https:\/\/www.obgyn-si.org\/kongresi\/and-2024\/\",\"logo\":{\"@type\":\"ImageObject\",\"inLanguage\":\"en-US\",\"@id\":\"https:\/\/www.obgyn-si.org\/kongresi\/and-2024\/#\/schema\/logo\/image\/\",\"url\":\"https:\/\/www.obgyn-si.org\/kongresi\/and-2024\/wp-content\/uploads\/sites\/20\/2023\/10\/cropped-logo2023b.jpg\",\"contentUrl\":\"https:\/\/www.obgyn-si.org\/kongresi\/and-2024\/wp-content\/uploads\/sites\/20\/2023\/10\/cropped-logo2023b.jpg\",\"width\":1000,\"height\":250,\"caption\":\"Kakovost \u017eivljenja v poznih srednjih letih\"},\"image\":{\"@id\":\"https:\/\/www.obgyn-si.org\/kongresi\/and-2024\/#\/schema\/logo\/image\/\"}}]}<\/script>\n<!-- \/ Yoast SEO plugin. -->","yoast_head_json":{"title":"Predgovor - Kakovost \u017eivljenja v poznih srednjih letih","robots":{"index":"index","follow":"follow","max-snippet":"max-snippet:-1","max-image-preview":"max-image-preview:large","max-video-preview":"max-video-preview:-1"},"canonical":"https:\/\/www.obgyn-si.org\/kongresi\/and-2024\/","og_locale":"en_US","og_type":"article","og_title":"Predgovor - Kakovost \u017eivljenja v poznih srednjih letih","og_description":"Spo\u0161tovane kolegice in kolegi in drugi sodelavci! Vljudno vabljeni na tradicionalni XVI. spominski sestanek akad. prof. dr. Lidije Andol\u0161ek-Jeras, ki bo v petek, 29. novembra 2024, v Modri dvorani Domus Medica v Ljubljani. Leto\u0161nje sre\u010danje bo potekalo na temo \u00bbKakovost \u017eivljenja v poznih srednjih letih\u00ab. Na sestanku bomo obravnavali aktualno temo kakovosti \u017eivljenja v poznih &hellip; Continue reading \"Predgovor\"","og_url":"https:\/\/www.obgyn-si.org\/kongresi\/and-2024\/","og_site_name":"Kakovost \u017eivljenja v poznih srednjih letih","article_modified_time":"2024-09-17T06:43:37+00:00","og_image":[{"width":1394,"height":1436,"url":"https:\/\/www.obgyn-si.org\/kongresi\/and-2024\/wp-content\/uploads\/sites\/20\/2024\/09\/Kofetarica2.jpg","type":"image\/jpeg"}],"twitter_card":"summary_large_image","twitter_misc":{"Est. reading time":"1 minute"},"schema":{"@context":"https:\/\/schema.org","@graph":[{"@type":"WebPage","@id":"https:\/\/www.obgyn-si.org\/kongresi\/and-2024\/","url":"https:\/\/www.obgyn-si.org\/kongresi\/and-2024\/","name":"Predgovor - Kakovost \u017eivljenja v poznih srednjih letih","isPartOf":{"@id":"https:\/\/www.obgyn-si.org\/kongresi\/and-2024\/#website"},"primaryImageOfPage":{"@id":"https:\/\/www.obgyn-si.org\/kongresi\/and-2024\/#primaryimage"},"image":{"@id":"https:\/\/www.obgyn-si.org\/kongresi\/and-2024\/#primaryimage"},"thumbnailUrl":"https:\/\/www.obgyn-si.org\/kongresi\/and-2024\/wp-content\/uploads\/sites\/20\/2024\/09\/Kofetarica2.jpg","datePublished":"2018-01-20T19:07:39+00:00","dateModified":"2024-09-17T06:43:37+00:00","breadcrumb":{"@id":"https:\/\/www.obgyn-si.org\/kongresi\/and-2024\/#breadcrumb"},"inLanguage":"en-US","potentialAction":[{"@type":"ReadAction","target":["https:\/\/www.obgyn-si.org\/kongresi\/and-2024\/"]}]},{"@type":"ImageObject","inLanguage":"en-US","@id":"https:\/\/www.obgyn-si.org\/kongresi\/and-2024\/#primaryimage","url":"https:\/\/www.obgyn-si.org\/kongresi\/and-2024\/wp-content\/uploads\/sites\/20\/2024\/09\/Kofetarica2.jpg","contentUrl":"https:\/\/www.obgyn-si.org\/kongresi\/and-2024\/wp-content\/uploads\/sites\/20\/2024\/09\/Kofetarica2.jpg","width":1394,"height":1436},{"@type":"BreadcrumbList","@id":"https:\/\/www.obgyn-si.org\/kongresi\/and-2024\/#breadcrumb","itemListElement":[{"@type":"ListItem","position":1,"name":"Home","item":"https:\/\/www.obgyn-si.org\/kongresi\/and-2024\/"},{"@type":"ListItem","position":2,"name":"Predgovor"}]},{"@type":"WebSite","@id":"https:\/\/www.obgyn-si.org\/kongresi\/and-2024\/#website","url":"https:\/\/www.obgyn-si.org\/kongresi\/and-2024\/","name":"Kakovost \u017eivljenja v poznih srednjih letih","description":"XVI. spominski sestanek akad. prof. dr. Lidije Andol\u0161ek Jeras, Ljubljana, 29. november 2024","publisher":{"@id":"https:\/\/www.obgyn-si.org\/kongresi\/and-2024\/#organization"},"potentialAction":[{"@type":"SearchAction","target":{"@type":"EntryPoint","urlTemplate":"https:\/\/www.obgyn-si.org\/kongresi\/and-2024\/?s={search_term_string}"},"query-input":{"@type":"PropertyValueSpecification","valueRequired":true,"valueName":"search_term_string"}}],"inLanguage":"en-US"},{"@type":"Organization","@id":"https:\/\/www.obgyn-si.org\/kongresi\/and-2024\/#organization","name":"Kakovost \u017eivljenja v poznih srednjih letih","url":"https:\/\/www.obgyn-si.org\/kongresi\/and-2024\/","logo":{"@type":"ImageObject","inLanguage":"en-US","@id":"https:\/\/www.obgyn-si.org\/kongresi\/and-2024\/#\/schema\/logo\/image\/","url":"https:\/\/www.obgyn-si.org\/kongresi\/and-2024\/wp-content\/uploads\/sites\/20\/2023\/10\/cropped-logo2023b.jpg","contentUrl":"https:\/\/www.obgyn-si.org\/kongresi\/and-2024\/wp-content\/uploads\/sites\/20\/2023\/10\/cropped-logo2023b.jpg","width":1000,"height":250,"caption":"Kakovost \u017eivljenja v poznih srednjih letih"},"image":{"@id":"https:\/\/www.obgyn-si.org\/kongresi\/and-2024\/#\/schema\/logo\/image\/"}}]}},"_links":{"self":[{"href":"https:\/\/www.obgyn-si.org\/kongresi\/and-2024\/wp-json\/wp\/v2\/pages\/6","targetHints":{"allow":["GET"]}}],"collection":[{"href":"https:\/\/www.obgyn-si.org\/kongresi\/and-2024\/wp-json\/wp\/v2\/pages"}],"about":[{"href":"https:\/\/www.obgyn-si.org\/kongresi\/and-2024\/wp-json\/wp\/v2\/types\/page"}],"author":[{"embeddable":true,"href":"https:\/\/www.obgyn-si.org\/kongresi\/and-2024\/wp-json\/wp\/v2\/users\/1"}],"replies":[{"embeddable":true,"href":"https:\/\/www.obgyn-si.org\/kongresi\/and-2024\/wp-json\/wp\/v2\/comments?post=6"}],"version-history":[{"count":36,"href":"https:\/\/www.obgyn-si.org\/kongresi\/and-2024\/wp-json\/wp\/v2\/pages\/6\/revisions"}],"predecessor-version":[{"id":1152,"href":"https:\/\/www.obgyn-si.org\/kongresi\/and-2024\/wp-json\/wp\/v2\/pages\/6\/revisions\/1152"}],"wp:featuredmedia":[{"embeddable":true,"href":"https:\/\/www.obgyn-si.org\/kongresi\/and-2024\/wp-json\/wp\/v2\/media\/1128"}],"wp:attachment":[{"href":"https:\/\/www.obgyn-si.org\/kongresi\/and-2024\/wp-json\/wp\/v2\/media?parent=6"}],"curies":[{"name":"wp","href":"https:\/\/api.w.org\/{rel}","templated":true}]}}