
{"id":62,"date":"2018-01-24T09:07:24","date_gmt":"2018-01-24T09:07:24","guid":{"rendered":"http:\/\/www.obgyn-si.org\/kongresi\/www-2\/?page_id=62"},"modified":"2018-02-21T09:47:29","modified_gmt":"2018-02-21T09:47:29","slug":"prijave","status":"publish","type":"page","link":"https:\/\/www.obgyn-si.org\/kongresi\/and-2024\/prijave\/","title":{"rendered":"Prijave zaklju\u010dene"},"content":{"rendered":"<p>Prijave za to strokovno sre\u010danje so zaklju\u010dene.<\/p>\n","protected":false},"excerpt":{"rendered":"<p>Prijave za to strokovno sre\u010danje so zaklju\u010dene.<\/p>\n","protected":false},"author":1,"featured_media":44,"parent":0,"menu_order":0,"comment_status":"closed","ping_status":"closed","template":"","meta":{"footnotes":""},"class_list":["post-62","page","type-page","status-publish","has-post-thumbnail","hentry"],"yoast_head":"<!-- This site is optimized with the Yoast SEO plugin v26.8 - https:\/\/yoast.com\/product\/yoast-seo-wordpress\/ -->\n<title>Prijave zaklju\u010dene - Kakovost \u017eivljenja v poznih srednjih letih<\/title>\n<meta name=\"robots\" content=\"index, follow, max-snippet:-1, max-image-preview:large, max-video-preview:-1\" \/>\n<link rel=\"canonical\" href=\"https:\/\/www.obgyn-si.org\/kongresi\/and-2024\/prijave\/\" \/>\n<meta property=\"og:locale\" content=\"en_US\" \/>\n<meta property=\"og:type\" content=\"article\" \/>\n<meta property=\"og:title\" content=\"Prijave zaklju\u010dene - Kakovost \u017eivljenja v poznih srednjih letih\" \/>\n<meta property=\"og:description\" content=\"Prijave za to strokovno sre\u010danje so zaklju\u010dene.\" \/>\n<meta property=\"og:url\" content=\"https:\/\/www.obgyn-si.org\/kongresi\/and-2024\/prijave\/\" \/>\n<meta property=\"og:site_name\" content=\"Kakovost \u017eivljenja v poznih srednjih letih\" \/>\n<meta property=\"article:modified_time\" content=\"2018-02-21T09:47:29+00:00\" \/>\n<meta property=\"og:image\" content=\"https:\/\/www.obgyn-si.org\/kongresi\/and-2024\/wp-content\/uploads\/sites\/20\/2018\/01\/Screen-Shot-2018-01-13-at-1.16.40-PM.png\" \/>\n\t<meta property=\"og:image:width\" content=\"368\" \/>\n\t<meta property=\"og:image:height\" content=\"380\" \/>\n\t<meta property=\"og:image:type\" content=\"image\/png\" \/>\n<meta name=\"twitter:card\" content=\"summary_large_image\" \/>\n<script type=\"application\/ld+json\" class=\"yoast-schema-graph\">{\"@context\":\"https:\/\/schema.org\",\"@graph\":[{\"@type\":\"WebPage\",\"@id\":\"https:\/\/www.obgyn-si.org\/kongresi\/and-2024\/prijave\/\",\"url\":\"https:\/\/www.obgyn-si.org\/kongresi\/and-2024\/prijave\/\",\"name\":\"Prijave zaklju\u010dene - Kakovost \u017eivljenja v poznih srednjih letih\",\"isPartOf\":{\"@id\":\"https:\/\/www.obgyn-si.org\/kongresi\/and-2024\/#website\"},\"primaryImageOfPage\":{\"@id\":\"https:\/\/www.obgyn-si.org\/kongresi\/and-2024\/prijave\/#primaryimage\"},\"image\":{\"@id\":\"https:\/\/www.obgyn-si.org\/kongresi\/and-2024\/prijave\/#primaryimage\"},\"thumbnailUrl\":\"https:\/\/www.obgyn-si.org\/kongresi\/and-2024\/wp-content\/uploads\/sites\/20\/2018\/01\/Screen-Shot-2018-01-13-at-1.16.40-PM.png\",\"datePublished\":\"2018-01-24T09:07:24+00:00\",\"dateModified\":\"2018-02-21T09:47:29+00:00\",\"breadcrumb\":{\"@id\":\"https:\/\/www.obgyn-si.org\/kongresi\/and-2024\/prijave\/#breadcrumb\"},\"inLanguage\":\"en-US\",\"potentialAction\":[{\"@type\":\"ReadAction\",\"target\":[\"https:\/\/www.obgyn-si.org\/kongresi\/and-2024\/prijave\/\"]}]},{\"@type\":\"ImageObject\",\"inLanguage\":\"en-US\",\"@id\":\"https:\/\/www.obgyn-si.org\/kongresi\/and-2024\/prijave\/#primaryimage\",\"url\":\"https:\/\/www.obgyn-si.org\/kongresi\/and-2024\/wp-content\/uploads\/sites\/20\/2018\/01\/Screen-Shot-2018-01-13-at-1.16.40-PM.png\",\"contentUrl\":\"https:\/\/www.obgyn-si.org\/kongresi\/and-2024\/wp-content\/uploads\/sites\/20\/2018\/01\/Screen-Shot-2018-01-13-at-1.16.40-PM.png\",\"width\":368,\"height\":380},{\"@type\":\"BreadcrumbList\",\"@id\":\"https:\/\/www.obgyn-si.org\/kongresi\/and-2024\/prijave\/#breadcrumb\",\"itemListElement\":[{\"@type\":\"ListItem\",\"position\":1,\"name\":\"Home\",\"item\":\"https:\/\/www.obgyn-si.org\/kongresi\/and-2024\/\"},{\"@type\":\"ListItem\",\"position\":2,\"name\":\"Prijave zaklju\u010dene\"}]},{\"@type\":\"WebSite\",\"@id\":\"https:\/\/www.obgyn-si.org\/kongresi\/and-2024\/#website\",\"url\":\"https:\/\/www.obgyn-si.org\/kongresi\/and-2024\/\",\"name\":\"Kakovost \u017eivljenja v poznih srednjih letih\",\"description\":\"XVI. spominski sestanek akad. prof. dr. Lidije Andol\u0161ek Jeras, Ljubljana, 29. november 2024\",\"publisher\":{\"@id\":\"https:\/\/www.obgyn-si.org\/kongresi\/and-2024\/#organization\"},\"potentialAction\":[{\"@type\":\"SearchAction\",\"target\":{\"@type\":\"EntryPoint\",\"urlTemplate\":\"https:\/\/www.obgyn-si.org\/kongresi\/and-2024\/?s={search_term_string}\"},\"query-input\":{\"@type\":\"PropertyValueSpecification\",\"valueRequired\":true,\"valueName\":\"search_term_string\"}}],\"inLanguage\":\"en-US\"},{\"@type\":\"Organization\",\"@id\":\"https:\/\/www.obgyn-si.org\/kongresi\/and-2024\/#organization\",\"name\":\"Kakovost \u017eivljenja v poznih srednjih letih\",\"url\":\"https:\/\/www.obgyn-si.org\/kongresi\/and-2024\/\",\"logo\":{\"@type\":\"ImageObject\",\"inLanguage\":\"en-US\",\"@id\":\"https:\/\/www.obgyn-si.org\/kongresi\/and-2024\/#\/schema\/logo\/image\/\",\"url\":\"https:\/\/www.obgyn-si.org\/kongresi\/and-2024\/wp-content\/uploads\/sites\/20\/2023\/10\/cropped-logo2023b.jpg\",\"contentUrl\":\"https:\/\/www.obgyn-si.org\/kongresi\/and-2024\/wp-content\/uploads\/sites\/20\/2023\/10\/cropped-logo2023b.jpg\",\"width\":1000,\"height\":250,\"caption\":\"Kakovost \u017eivljenja v poznih srednjih letih\"},\"image\":{\"@id\":\"https:\/\/www.obgyn-si.org\/kongresi\/and-2024\/#\/schema\/logo\/image\/\"}}]}<\/script>\n<!-- \/ Yoast SEO plugin. -->","yoast_head_json":{"title":"Prijave zaklju\u010dene - Kakovost \u017eivljenja v poznih srednjih letih","robots":{"index":"index","follow":"follow","max-snippet":"max-snippet:-1","max-image-preview":"max-image-preview:large","max-video-preview":"max-video-preview:-1"},"canonical":"https:\/\/www.obgyn-si.org\/kongresi\/and-2024\/prijave\/","og_locale":"en_US","og_type":"article","og_title":"Prijave zaklju\u010dene - Kakovost \u017eivljenja v poznih srednjih letih","og_description":"Prijave za to strokovno sre\u010danje so zaklju\u010dene.","og_url":"https:\/\/www.obgyn-si.org\/kongresi\/and-2024\/prijave\/","og_site_name":"Kakovost \u017eivljenja v poznih srednjih letih","article_modified_time":"2018-02-21T09:47:29+00:00","og_image":[{"width":368,"height":380,"url":"https:\/\/www.obgyn-si.org\/kongresi\/and-2024\/wp-content\/uploads\/sites\/20\/2018\/01\/Screen-Shot-2018-01-13-at-1.16.40-PM.png","type":"image\/png"}],"twitter_card":"summary_large_image","schema":{"@context":"https:\/\/schema.org","@graph":[{"@type":"WebPage","@id":"https:\/\/www.obgyn-si.org\/kongresi\/and-2024\/prijave\/","url":"https:\/\/www.obgyn-si.org\/kongresi\/and-2024\/prijave\/","name":"Prijave zaklju\u010dene - Kakovost \u017eivljenja v poznih srednjih letih","isPartOf":{"@id":"https:\/\/www.obgyn-si.org\/kongresi\/and-2024\/#website"},"primaryImageOfPage":{"@id":"https:\/\/www.obgyn-si.org\/kongresi\/and-2024\/prijave\/#primaryimage"},"image":{"@id":"https:\/\/www.obgyn-si.org\/kongresi\/and-2024\/prijave\/#primaryimage"},"thumbnailUrl":"https:\/\/www.obgyn-si.org\/kongresi\/and-2024\/wp-content\/uploads\/sites\/20\/2018\/01\/Screen-Shot-2018-01-13-at-1.16.40-PM.png","datePublished":"2018-01-24T09:07:24+00:00","dateModified":"2018-02-21T09:47:29+00:00","breadcrumb":{"@id":"https:\/\/www.obgyn-si.org\/kongresi\/and-2024\/prijave\/#breadcrumb"},"inLanguage":"en-US","potentialAction":[{"@type":"ReadAction","target":["https:\/\/www.obgyn-si.org\/kongresi\/and-2024\/prijave\/"]}]},{"@type":"ImageObject","inLanguage":"en-US","@id":"https:\/\/www.obgyn-si.org\/kongresi\/and-2024\/prijave\/#primaryimage","url":"https:\/\/www.obgyn-si.org\/kongresi\/and-2024\/wp-content\/uploads\/sites\/20\/2018\/01\/Screen-Shot-2018-01-13-at-1.16.40-PM.png","contentUrl":"https:\/\/www.obgyn-si.org\/kongresi\/and-2024\/wp-content\/uploads\/sites\/20\/2018\/01\/Screen-Shot-2018-01-13-at-1.16.40-PM.png","width":368,"height":380},{"@type":"BreadcrumbList","@id":"https:\/\/www.obgyn-si.org\/kongresi\/and-2024\/prijave\/#breadcrumb","itemListElement":[{"@type":"ListItem","position":1,"name":"Home","item":"https:\/\/www.obgyn-si.org\/kongresi\/and-2024\/"},{"@type":"ListItem","position":2,"name":"Prijave zaklju\u010dene"}]},{"@type":"WebSite","@id":"https:\/\/www.obgyn-si.org\/kongresi\/and-2024\/#website","url":"https:\/\/www.obgyn-si.org\/kongresi\/and-2024\/","name":"Kakovost \u017eivljenja v poznih srednjih letih","description":"XVI. spominski sestanek akad. prof. dr. Lidije Andol\u0161ek Jeras, Ljubljana, 29. november 2024","publisher":{"@id":"https:\/\/www.obgyn-si.org\/kongresi\/and-2024\/#organization"},"potentialAction":[{"@type":"SearchAction","target":{"@type":"EntryPoint","urlTemplate":"https:\/\/www.obgyn-si.org\/kongresi\/and-2024\/?s={search_term_string}"},"query-input":{"@type":"PropertyValueSpecification","valueRequired":true,"valueName":"search_term_string"}}],"inLanguage":"en-US"},{"@type":"Organization","@id":"https:\/\/www.obgyn-si.org\/kongresi\/and-2024\/#organization","name":"Kakovost \u017eivljenja v poznih srednjih letih","url":"https:\/\/www.obgyn-si.org\/kongresi\/and-2024\/","logo":{"@type":"ImageObject","inLanguage":"en-US","@id":"https:\/\/www.obgyn-si.org\/kongresi\/and-2024\/#\/schema\/logo\/image\/","url":"https:\/\/www.obgyn-si.org\/kongresi\/and-2024\/wp-content\/uploads\/sites\/20\/2023\/10\/cropped-logo2023b.jpg","contentUrl":"https:\/\/www.obgyn-si.org\/kongresi\/and-2024\/wp-content\/uploads\/sites\/20\/2023\/10\/cropped-logo2023b.jpg","width":1000,"height":250,"caption":"Kakovost \u017eivljenja v poznih srednjih letih"},"image":{"@id":"https:\/\/www.obgyn-si.org\/kongresi\/and-2024\/#\/schema\/logo\/image\/"}}]}},"_links":{"self":[{"href":"https:\/\/www.obgyn-si.org\/kongresi\/and-2024\/wp-json\/wp\/v2\/pages\/62","targetHints":{"allow":["GET"]}}],"collection":[{"href":"https:\/\/www.obgyn-si.org\/kongresi\/and-2024\/wp-json\/wp\/v2\/pages"}],"about":[{"href":"https:\/\/www.obgyn-si.org\/kongresi\/and-2024\/wp-json\/wp\/v2\/types\/page"}],"author":[{"embeddable":true,"href":"https:\/\/www.obgyn-si.org\/kongresi\/and-2024\/wp-json\/wp\/v2\/users\/1"}],"replies":[{"embeddable":true,"href":"https:\/\/www.obgyn-si.org\/kongresi\/and-2024\/wp-json\/wp\/v2\/comments?post=62"}],"version-history":[{"count":4,"href":"https:\/\/www.obgyn-si.org\/kongresi\/and-2024\/wp-json\/wp\/v2\/pages\/62\/revisions"}],"predecessor-version":[{"id":163,"href":"https:\/\/www.obgyn-si.org\/kongresi\/and-2024\/wp-json\/wp\/v2\/pages\/62\/revisions\/163"}],"wp:featuredmedia":[{"embeddable":true,"href":"https:\/\/www.obgyn-si.org\/kongresi\/and-2024\/wp-json\/wp\/v2\/media\/44"}],"wp:attachment":[{"href":"https:\/\/www.obgyn-si.org\/kongresi\/and-2024\/wp-json\/wp\/v2\/media?parent=62"}],"curies":[{"name":"wp","href":"https:\/\/api.w.org\/{rel}","templated":true}]}}