
{"id":45,"date":"2018-01-24T08:31:11","date_gmt":"2018-01-24T08:31:11","guid":{"rendered":"http:\/\/www.obgyn-si.org\/kongresi\/www-2\/?page_id=45"},"modified":"2025-11-20T11:40:34","modified_gmt":"2025-11-20T11:40:34","slug":"informacije","status":"publish","type":"page","link":"https:\/\/www.obgyn-si.org\/kongresi\/and-2025\/informacije\/","title":{"rendered":"Informacije"},"content":{"rendered":"<h1><strong>Tema sre\u010danja: Rak in reproduktivno zdravje<\/strong><\/h1>\n<p><strong>Prizori\u0161\u010de:<\/strong> Domus Medica, Ljubljana<\/p>\n<p><strong>\u010cas dogajanja:<\/strong> 28. november, 2025<\/p>\n<p><strong>Organizatorji:<\/strong><\/p>\n<p>Slovensko zdru\u017eenje za reproduktivno medicino<br \/>\nKO za reprodukcijo, Ginekolo\u0161ka klinika UKC Ljubljana<br \/>\nOddelek za reproduktivno medicino in ginekolo\u0161ko endokrinologijo, Klinika za ginekologijo in perinatologijo UKC Maribor<\/p>\n<p><strong>Strokovni odbor: <\/strong>Predsednica: Nina Jan\u010dar<br \/>\n<span style=\"font-size: 1rem;\">\u010clani: Vida Gavri\u0107 Lovrec, Eda Vrta\u010dnik Bokal, Helena Ban Frange\u017e, Vesna \u0160alamun, Bojana Pinter, Milan Relji\u010d, Borut Kova\u010di\u010d<br \/>\n<\/span><\/p>\n<p><strong>Organizacijski odbor: <\/strong>Predsednca: Dzhamilyat Abdulkhalikova<br \/>\n\u010clani: Vilma Kova\u010d, Nejc Kozar, Martin \u0160timpfel, Sara Koro\u0161ec, Barbara Po\u017elep, Eva Skuk, Primo\u017e Ciglar, Ivan Verdenik, Sara Ple\u0161a<\/p>\n<p><strong>\u010castni odbor: <\/strong>prof. dr. Elko Borko, dr. med., Darinka Kos, dr. med., Bo\u017eena Kru\u0161i\u010d, prim. mag. Alenka Pretnar Darovec, dr. med., prim. mag. Marija Pompe Tan\u0161ek, dr. med., doc. dr. Martina Ribi\u010d Pucelj, dr. med., prof. dr. Toma\u017e Toma\u017eevi\u010d, dr. med.,\u00a0 prof. dr. Veljko Vlaisavljevi\u0107, dr. med., doc. dr. Andrej\u00a0 Vogler, dr. med., prof. dr. Branko Zorn\u00a0 dr. med., Andreja Peterlin, VMS.<\/p>\n<p><strong>Kotizacija:<\/strong>\u00a0 100\u20ac za specializante, babice in medicinske sestre, 200\u20ac za specialiste.<\/p>\n<p><strong>Kreditne to\u010dke:<\/strong> (v postopku)<\/p>\n<p><strong><a href=\"https:\/\/www.obgyn-si.org\/kongresi\/and-2025\/prijave-2\">Spletne prijave<\/a><\/strong><\/p>\n<p>Na voljo je\u00a0<a href=\"https:\/\/www.obgyn-si.org\/dokumenti\/Zbornik2025.pdf\">Zbornik<\/a> sre\u010danja.<\/p>\n","protected":false},"excerpt":{"rendered":"<p>Tema sre\u010danja: Rak in reproduktivno zdravje Prizori\u0161\u010de: Domus Medica, Ljubljana \u010cas dogajanja: 28. november, 2025 Organizatorji: Slovensko zdru\u017eenje za reproduktivno medicino KO za reprodukcijo, Ginekolo\u0161ka klinika UKC Ljubljana Oddelek za reproduktivno medicino in ginekolo\u0161ko endokrinologijo, Klinika za ginekologijo in perinatologijo UKC Maribor Strokovni odbor: Predsednica: Nina Jan\u010dar \u010clani: Vida Gavri\u0107 Lovrec, Eda Vrta\u010dnik Bokal, Helena &hellip; <\/p>\n<p class=\"link-more\"><a href=\"https:\/\/www.obgyn-si.org\/kongresi\/and-2025\/informacije\/\" class=\"more-link\">Continue reading<span class=\"screen-reader-text\"> &#8220;Informacije&#8221;<\/span><\/a><\/p>\n","protected":false},"author":1,"featured_media":1374,"parent":0,"menu_order":0,"comment_status":"closed","ping_status":"closed","template":"","meta":{"footnotes":""},"class_list":["post-45","page","type-page","status-publish","has-post-thumbnail","hentry"],"yoast_head":"<!-- This site is optimized with the Yoast SEO plugin v26.8 - https:\/\/yoast.com\/product\/yoast-seo-wordpress\/ -->\n<title>Informacije - RAK IN REPRODUKTIVNO ZDRAVJE<\/title>\n<meta name=\"robots\" content=\"index, follow, max-snippet:-1, max-image-preview:large, max-video-preview:-1\" \/>\n<link rel=\"canonical\" href=\"https:\/\/www.obgyn-si.org\/kongresi\/and-2025\/informacije\/\" \/>\n<meta property=\"og:locale\" content=\"en_US\" \/>\n<meta property=\"og:type\" content=\"article\" \/>\n<meta property=\"og:title\" content=\"Informacije - RAK IN REPRODUKTIVNO ZDRAVJE\" \/>\n<meta property=\"og:description\" content=\"Tema sre\u010danja: Rak in reproduktivno zdravje Prizori\u0161\u010de: Domus Medica, Ljubljana \u010cas dogajanja: 28. november, 2025 Organizatorji: Slovensko zdru\u017eenje za reproduktivno medicino KO za reprodukcijo, Ginekolo\u0161ka klinika UKC Ljubljana Oddelek za reproduktivno medicino in ginekolo\u0161ko endokrinologijo, Klinika za ginekologijo in perinatologijo UKC Maribor Strokovni odbor: Predsednica: Nina Jan\u010dar \u010clani: Vida Gavri\u0107 Lovrec, Eda Vrta\u010dnik Bokal, Helena &hellip; Continue reading &quot;Informacije&quot;\" \/>\n<meta property=\"og:url\" content=\"https:\/\/www.obgyn-si.org\/kongresi\/and-2025\/informacije\/\" \/>\n<meta property=\"og:site_name\" content=\"RAK IN REPRODUKTIVNO ZDRAVJE\" \/>\n<meta property=\"article:modified_time\" content=\"2025-11-20T11:40:34+00:00\" \/>\n<meta property=\"og:image\" content=\"https:\/\/www.obgyn-si.org\/kongresi\/and-2025\/wp-content\/uploads\/sites\/24\/2025\/10\/ribbons.jpg\" \/>\n\t<meta property=\"og:image:width\" content=\"1500\" \/>\n\t<meta property=\"og:image:height\" content=\"1268\" \/>\n\t<meta property=\"og:image:type\" content=\"image\/jpeg\" \/>\n<meta name=\"twitter:card\" content=\"summary_large_image\" \/>\n<meta name=\"twitter:label1\" content=\"Est. reading time\" \/>\n\t<meta name=\"twitter:data1\" content=\"1 minute\" \/>\n<script type=\"application\/ld+json\" class=\"yoast-schema-graph\">{\"@context\":\"https:\/\/schema.org\",\"@graph\":[{\"@type\":\"WebPage\",\"@id\":\"https:\/\/www.obgyn-si.org\/kongresi\/and-2025\/informacije\/\",\"url\":\"https:\/\/www.obgyn-si.org\/kongresi\/and-2025\/informacije\/\",\"name\":\"Informacije - RAK IN REPRODUKTIVNO ZDRAVJE\",\"isPartOf\":{\"@id\":\"https:\/\/www.obgyn-si.org\/kongresi\/and-2025\/#website\"},\"primaryImageOfPage\":{\"@id\":\"https:\/\/www.obgyn-si.org\/kongresi\/and-2025\/informacije\/#primaryimage\"},\"image\":{\"@id\":\"https:\/\/www.obgyn-si.org\/kongresi\/and-2025\/informacije\/#primaryimage\"},\"thumbnailUrl\":\"https:\/\/www.obgyn-si.org\/kongresi\/and-2025\/wp-content\/uploads\/sites\/24\/2025\/10\/ribbons.jpg\",\"datePublished\":\"2018-01-24T08:31:11+00:00\",\"dateModified\":\"2025-11-20T11:40:34+00:00\",\"breadcrumb\":{\"@id\":\"https:\/\/www.obgyn-si.org\/kongresi\/and-2025\/informacije\/#breadcrumb\"},\"inLanguage\":\"en-US\",\"potentialAction\":[{\"@type\":\"ReadAction\",\"target\":[\"https:\/\/www.obgyn-si.org\/kongresi\/and-2025\/informacije\/\"]}]},{\"@type\":\"ImageObject\",\"inLanguage\":\"en-US\",\"@id\":\"https:\/\/www.obgyn-si.org\/kongresi\/and-2025\/informacije\/#primaryimage\",\"url\":\"https:\/\/www.obgyn-si.org\/kongresi\/and-2025\/wp-content\/uploads\/sites\/24\/2025\/10\/ribbons.jpg\",\"contentUrl\":\"https:\/\/www.obgyn-si.org\/kongresi\/and-2025\/wp-content\/uploads\/sites\/24\/2025\/10\/ribbons.jpg\",\"width\":1500,\"height\":1268},{\"@type\":\"BreadcrumbList\",\"@id\":\"https:\/\/www.obgyn-si.org\/kongresi\/and-2025\/informacije\/#breadcrumb\",\"itemListElement\":[{\"@type\":\"ListItem\",\"position\":1,\"name\":\"Home\",\"item\":\"https:\/\/www.obgyn-si.org\/kongresi\/and-2025\/\"},{\"@type\":\"ListItem\",\"position\":2,\"name\":\"Informacije\"}]},{\"@type\":\"WebSite\",\"@id\":\"https:\/\/www.obgyn-si.org\/kongresi\/and-2025\/#website\",\"url\":\"https:\/\/www.obgyn-si.org\/kongresi\/and-2025\/\",\"name\":\"RAK IN REPRODUKTIVNO ZDRAVJE\",\"description\":\"XVII. spominski sestanek akad. prof. dr. Lidije Andol\u0161ek Jeras, Ljubljana, 28. november 2025\",\"publisher\":{\"@id\":\"https:\/\/www.obgyn-si.org\/kongresi\/and-2025\/#organization\"},\"potentialAction\":[{\"@type\":\"SearchAction\",\"target\":{\"@type\":\"EntryPoint\",\"urlTemplate\":\"https:\/\/www.obgyn-si.org\/kongresi\/and-2025\/?s={search_term_string}\"},\"query-input\":{\"@type\":\"PropertyValueSpecification\",\"valueRequired\":true,\"valueName\":\"search_term_string\"}}],\"inLanguage\":\"en-US\"},{\"@type\":\"Organization\",\"@id\":\"https:\/\/www.obgyn-si.org\/kongresi\/and-2025\/#organization\",\"name\":\"RAK IN REPRODUKTIVNO ZDRAVJE\",\"url\":\"https:\/\/www.obgyn-si.org\/kongresi\/and-2025\/\",\"logo\":{\"@type\":\"ImageObject\",\"inLanguage\":\"en-US\",\"@id\":\"https:\/\/www.obgyn-si.org\/kongresi\/and-2025\/#\/schema\/logo\/image\/\",\"url\":\"https:\/\/www.obgyn-si.org\/kongresi\/and-2025\/wp-content\/uploads\/sites\/24\/2025\/09\/cropped-logo2025-inv.jpg\",\"contentUrl\":\"https:\/\/www.obgyn-si.org\/kongresi\/and-2025\/wp-content\/uploads\/sites\/24\/2025\/09\/cropped-logo2025-inv.jpg\",\"width\":1000,\"height\":250,\"caption\":\"RAK IN REPRODUKTIVNO ZDRAVJE\"},\"image\":{\"@id\":\"https:\/\/www.obgyn-si.org\/kongresi\/and-2025\/#\/schema\/logo\/image\/\"}}]}<\/script>\n<!-- \/ Yoast SEO plugin. -->","yoast_head_json":{"title":"Informacije - RAK IN REPRODUKTIVNO ZDRAVJE","robots":{"index":"index","follow":"follow","max-snippet":"max-snippet:-1","max-image-preview":"max-image-preview:large","max-video-preview":"max-video-preview:-1"},"canonical":"https:\/\/www.obgyn-si.org\/kongresi\/and-2025\/informacije\/","og_locale":"en_US","og_type":"article","og_title":"Informacije - RAK IN REPRODUKTIVNO ZDRAVJE","og_description":"Tema sre\u010danja: Rak in reproduktivno zdravje Prizori\u0161\u010de: Domus Medica, Ljubljana \u010cas dogajanja: 28. november, 2025 Organizatorji: Slovensko zdru\u017eenje za reproduktivno medicino KO za reprodukcijo, Ginekolo\u0161ka klinika UKC Ljubljana Oddelek za reproduktivno medicino in ginekolo\u0161ko endokrinologijo, Klinika za ginekologijo in perinatologijo UKC Maribor Strokovni odbor: Predsednica: Nina Jan\u010dar \u010clani: Vida Gavri\u0107 Lovrec, Eda Vrta\u010dnik Bokal, Helena &hellip; Continue reading \"Informacije\"","og_url":"https:\/\/www.obgyn-si.org\/kongresi\/and-2025\/informacije\/","og_site_name":"RAK IN REPRODUKTIVNO ZDRAVJE","article_modified_time":"2025-11-20T11:40:34+00:00","og_image":[{"width":1500,"height":1268,"url":"https:\/\/www.obgyn-si.org\/kongresi\/and-2025\/wp-content\/uploads\/sites\/24\/2025\/10\/ribbons.jpg","type":"image\/jpeg"}],"twitter_card":"summary_large_image","twitter_misc":{"Est. reading time":"1 minute"},"schema":{"@context":"https:\/\/schema.org","@graph":[{"@type":"WebPage","@id":"https:\/\/www.obgyn-si.org\/kongresi\/and-2025\/informacije\/","url":"https:\/\/www.obgyn-si.org\/kongresi\/and-2025\/informacije\/","name":"Informacije - RAK IN REPRODUKTIVNO ZDRAVJE","isPartOf":{"@id":"https:\/\/www.obgyn-si.org\/kongresi\/and-2025\/#website"},"primaryImageOfPage":{"@id":"https:\/\/www.obgyn-si.org\/kongresi\/and-2025\/informacije\/#primaryimage"},"image":{"@id":"https:\/\/www.obgyn-si.org\/kongresi\/and-2025\/informacije\/#primaryimage"},"thumbnailUrl":"https:\/\/www.obgyn-si.org\/kongresi\/and-2025\/wp-content\/uploads\/sites\/24\/2025\/10\/ribbons.jpg","datePublished":"2018-01-24T08:31:11+00:00","dateModified":"2025-11-20T11:40:34+00:00","breadcrumb":{"@id":"https:\/\/www.obgyn-si.org\/kongresi\/and-2025\/informacije\/#breadcrumb"},"inLanguage":"en-US","potentialAction":[{"@type":"ReadAction","target":["https:\/\/www.obgyn-si.org\/kongresi\/and-2025\/informacije\/"]}]},{"@type":"ImageObject","inLanguage":"en-US","@id":"https:\/\/www.obgyn-si.org\/kongresi\/and-2025\/informacije\/#primaryimage","url":"https:\/\/www.obgyn-si.org\/kongresi\/and-2025\/wp-content\/uploads\/sites\/24\/2025\/10\/ribbons.jpg","contentUrl":"https:\/\/www.obgyn-si.org\/kongresi\/and-2025\/wp-content\/uploads\/sites\/24\/2025\/10\/ribbons.jpg","width":1500,"height":1268},{"@type":"BreadcrumbList","@id":"https:\/\/www.obgyn-si.org\/kongresi\/and-2025\/informacije\/#breadcrumb","itemListElement":[{"@type":"ListItem","position":1,"name":"Home","item":"https:\/\/www.obgyn-si.org\/kongresi\/and-2025\/"},{"@type":"ListItem","position":2,"name":"Informacije"}]},{"@type":"WebSite","@id":"https:\/\/www.obgyn-si.org\/kongresi\/and-2025\/#website","url":"https:\/\/www.obgyn-si.org\/kongresi\/and-2025\/","name":"RAK IN REPRODUKTIVNO ZDRAVJE","description":"XVII. spominski sestanek akad. prof. dr. Lidije Andol\u0161ek Jeras, Ljubljana, 28. november 2025","publisher":{"@id":"https:\/\/www.obgyn-si.org\/kongresi\/and-2025\/#organization"},"potentialAction":[{"@type":"SearchAction","target":{"@type":"EntryPoint","urlTemplate":"https:\/\/www.obgyn-si.org\/kongresi\/and-2025\/?s={search_term_string}"},"query-input":{"@type":"PropertyValueSpecification","valueRequired":true,"valueName":"search_term_string"}}],"inLanguage":"en-US"},{"@type":"Organization","@id":"https:\/\/www.obgyn-si.org\/kongresi\/and-2025\/#organization","name":"RAK IN REPRODUKTIVNO ZDRAVJE","url":"https:\/\/www.obgyn-si.org\/kongresi\/and-2025\/","logo":{"@type":"ImageObject","inLanguage":"en-US","@id":"https:\/\/www.obgyn-si.org\/kongresi\/and-2025\/#\/schema\/logo\/image\/","url":"https:\/\/www.obgyn-si.org\/kongresi\/and-2025\/wp-content\/uploads\/sites\/24\/2025\/09\/cropped-logo2025-inv.jpg","contentUrl":"https:\/\/www.obgyn-si.org\/kongresi\/and-2025\/wp-content\/uploads\/sites\/24\/2025\/09\/cropped-logo2025-inv.jpg","width":1000,"height":250,"caption":"RAK IN REPRODUKTIVNO ZDRAVJE"},"image":{"@id":"https:\/\/www.obgyn-si.org\/kongresi\/and-2025\/#\/schema\/logo\/image\/"}}]}},"_links":{"self":[{"href":"https:\/\/www.obgyn-si.org\/kongresi\/and-2025\/wp-json\/wp\/v2\/pages\/45","targetHints":{"allow":["GET"]}}],"collection":[{"href":"https:\/\/www.obgyn-si.org\/kongresi\/and-2025\/wp-json\/wp\/v2\/pages"}],"about":[{"href":"https:\/\/www.obgyn-si.org\/kongresi\/and-2025\/wp-json\/wp\/v2\/types\/page"}],"author":[{"embeddable":true,"href":"https:\/\/www.obgyn-si.org\/kongresi\/and-2025\/wp-json\/wp\/v2\/users\/1"}],"replies":[{"embeddable":true,"href":"https:\/\/www.obgyn-si.org\/kongresi\/and-2025\/wp-json\/wp\/v2\/comments?post=45"}],"version-history":[{"count":48,"href":"https:\/\/www.obgyn-si.org\/kongresi\/and-2025\/wp-json\/wp\/v2\/pages\/45\/revisions"}],"predecessor-version":[{"id":1504,"href":"https:\/\/www.obgyn-si.org\/kongresi\/and-2025\/wp-json\/wp\/v2\/pages\/45\/revisions\/1504"}],"wp:featuredmedia":[{"embeddable":true,"href":"https:\/\/www.obgyn-si.org\/kongresi\/and-2025\/wp-json\/wp\/v2\/media\/1374"}],"wp:attachment":[{"href":"https:\/\/www.obgyn-si.org\/kongresi\/and-2025\/wp-json\/wp\/v2\/media?parent=45"}],"curies":[{"name":"wp","href":"https:\/\/api.w.org\/{rel}","templated":true}]}}