
{"id":50,"date":"2018-01-24T08:41:09","date_gmt":"2018-01-24T08:41:09","guid":{"rendered":"http:\/\/www.obgyn-si.org\/kongresi\/www-2\/?page_id=50"},"modified":"2025-09-29T10:06:13","modified_gmt":"2025-09-29T10:06:13","slug":"program","status":"publish","type":"page","link":"https:\/\/www.obgyn-si.org\/kongresi\/and-2025\/program\/","title":{"rendered":"Program"},"content":{"rendered":"<h1>Petek, 28. november 2025, Domus Medica, Ljubljana<\/h1>\r\n<div class=\"elementToProof\">Registracija 8:00 \u2013 8:30<\/div>\r\n<div class=\"elementToProof\">8:30 Uvodni pozdrav: Vida Gavri\u0107 Lovrec<\/div>\r\n<div class=\"elementToProof\">8:45 Uvodno predavanje: 13-letne izku\u0161nje Konzilija za hranjenje genetskega materiala pri onkolo\u0161kih bolnicah (Nina Jan\u010dar)<\/div>\r\n&nbsp;\r\n<div class=\"elementToProof\" role=\"presentation\"><b>1. sklop \u2013 Najpogostej\u0161i raki v reproduktivnem obdobju<\/b><\/div>\r\n<div class=\"elementToProof\">9:00 Rak dojke in ohranjanje plodnosti (Simona Bor\u0161tnar)<\/div>\r\n<div class=\"elementToProof\">9:15 Krvni raki in ohranjanje plodnosti (Luka \u010cema\u017ear)<\/div>\r\n<div class=\"elementToProof\">9:30 Rak mod in ostali raki pri mo\u0161kih ter ohranjanje plodnosti (Nejc Kozar)<\/div>\r\n<div class=\"elementToProof\">9:45 Atipi\u010dna hiperplazija endometrija, rak endometrija in ohranjanje plodnosti (Maja Krajec)<\/div>\r\n<div class=\"elementToProof\">10:00 Rak materni\u010dnega vratu in ohranjanje plodnosti (Vid Jan\u0161a)<\/div>\r\n<div class=\"elementToProof\">10:15 Rak jaj\u010dnikov in mejno maligni tumorji jaj\u010dnikov in ohranjanje plodnosti (Ksenija Raki\u0107)<\/div>\r\n<div class=\"elementToProof\">10:30 Razprava<\/div>\r\n<div class=\"elementToProof\">Odmor s kavo 11:00 \u2013 11:30<\/div>\r\n<div class=\"elementToProof\" role=\"presentation\"><b>2. sklop \u2013 Soo\u010danje z rakom in posledicami<\/b><\/div>\r\n<div class=\"elementToProof\">11:30 Psiholo\u0161ki vidik spoprijemanja z okoli\u0161\u010dinami ohranjanja plodnosti (Andreja \u0160kufca Smrdel)<\/div>\r\n<div class=\"elementToProof\">11:45 Pozne posledice zdravljenja raka (Lorna Zadravec Zaletel)<\/div>\r\n<div class=\"elementToProof\">12:00 Kontracepcija med in po zdravljenju raka (Bojana Pinter)<\/div>\r\n<div class=\"elementToProof\">12:15 HNZ med zdravljenjem in po zdravljenju raka (Vilma Kova\u010d)<\/div>\r\n<div class=\"elementToProof\">12:30 Spolnost po zdravljenju raka (Gabrijela Simetinger)<\/div>\r\n<div class=\"elementToProof\">12:45 Razprava<\/div>\r\n<div class=\"elementToProof\">Odmor za kosilo 13:15 \u2013 14:30<\/div>\r\n<div class=\"elementToProof\" role=\"presentation\"><b>3. sklop \u2013 Star\u0161evstvo po zdravljenju raka<\/b><\/div>\r\n<div class=\"elementToProof\">14:30 Kakovost spolnih celic po zdravljenju raka in morebiten vpliv na potomstvo (Martin \u0160timpfel)<\/div>\r\n<div class=\"elementToProof\">14:45 Uspe\u0161nost postopkov OBMP\u00a0z uporabo zamrznjenega genetskega materiala pri onkolo\u0161kih pacientih (Milan Relji\u010d)<\/div>\r\n<div class=\"elementToProof\">15:00 Nose\u010dnost po zdravljenju raka (Mirjam Dru\u0161kovi\u010d)<\/div>\r\n<div class=\"elementToProof\">15:15 Posthumno darovanje genetskega materiala, transport genetskega materiala in povezane dileme (Eda Vrta\u010dnik Bokal)<\/div>\r\n<div class=\"elementToProof\">15:30 Vloga socialno svetovalne slu\u017ebe pri posvojitvah in rejni\u0161tvu (Petra \u0160tembergar)<\/div>\r\n<div class=\"elementToProof\">15:45 Vidik prebolelih: predstavniki Zdru\u017eenja levkemija &amp; limfom (Brina \u017dagar)<\/div>\r\n<div class=\"elementToProof\">16:00 Razprava in zaklju\u010dki<\/div>\r\n&nbsp;\r\n\r\n<!-- \/wp:post-content -->","protected":false},"excerpt":{"rendered":"<p>Petek, 28. november 2025, Domus Medica, Ljubljana Registracija 8:00 \u2013 8:30 8:30 Uvodni pozdrav: Vida Gavri\u0107 Lovrec 8:45 Uvodno predavanje: 13-letne izku\u0161nje Konzilija za hranjenje genetskega materiala pri onkolo\u0161kih bolnicah (Nina Jan\u010dar) &nbsp; 1. sklop \u2013 Najpogostej\u0161i raki v reproduktivnem obdobju 9:00 Rak dojke in ohranjanje plodnosti (Simona Bor\u0161tnar) 9:15 Krvni raki in ohranjanje plodnosti &hellip; <\/p>\n<p class=\"link-more\"><a href=\"https:\/\/www.obgyn-si.org\/kongresi\/and-2025\/program\/\" class=\"more-link\">Continue reading<span class=\"screen-reader-text\"> &#8220;Program&#8221;<\/span><\/a><\/p>\n","protected":false},"author":1,"featured_media":1357,"parent":0,"menu_order":0,"comment_status":"closed","ping_status":"closed","template":"","meta":{"footnotes":""},"class_list":["post-50","page","type-page","status-publish","has-post-thumbnail","hentry"],"yoast_head":"<!-- This site is optimized with the Yoast SEO plugin v26.8 - https:\/\/yoast.com\/product\/yoast-seo-wordpress\/ -->\n<title>Program - RAK IN REPRODUKTIVNO ZDRAVJE<\/title>\n<meta name=\"robots\" content=\"index, follow, max-snippet:-1, max-image-preview:large, max-video-preview:-1\" \/>\n<link rel=\"canonical\" href=\"https:\/\/www.obgyn-si.org\/kongresi\/and-2025\/program\/\" \/>\n<meta property=\"og:locale\" content=\"en_US\" \/>\n<meta property=\"og:type\" content=\"article\" \/>\n<meta property=\"og:title\" content=\"Program - RAK IN REPRODUKTIVNO ZDRAVJE\" \/>\n<meta property=\"og:description\" content=\"Petek, 28. november 2025, Domus Medica, Ljubljana Registracija 8:00 \u2013 8:30 8:30 Uvodni pozdrav: Vida Gavri\u0107 Lovrec 8:45 Uvodno predavanje: 13-letne izku\u0161nje Konzilija za hranjenje genetskega materiala pri onkolo\u0161kih bolnicah (Nina Jan\u010dar) &nbsp; 1. sklop \u2013 Najpogostej\u0161i raki v reproduktivnem obdobju 9:00 Rak dojke in ohranjanje plodnosti (Simona Bor\u0161tnar) 9:15 Krvni raki in ohranjanje plodnosti &hellip; Continue reading &quot;Program&quot;\" \/>\n<meta property=\"og:url\" content=\"https:\/\/www.obgyn-si.org\/kongresi\/and-2025\/program\/\" \/>\n<meta property=\"og:site_name\" content=\"RAK IN REPRODUKTIVNO ZDRAVJE\" \/>\n<meta property=\"article:modified_time\" content=\"2025-09-29T10:06:13+00:00\" \/>\n<meta property=\"og:image\" content=\"https:\/\/www.obgyn-si.org\/kongresi\/and-2025\/wp-content\/uploads\/sites\/24\/2025\/09\/ovaries.jpg\" \/>\n\t<meta property=\"og:image:width\" content=\"1595\" \/>\n\t<meta property=\"og:image:height\" content=\"869\" \/>\n\t<meta property=\"og:image:type\" content=\"image\/jpeg\" \/>\n<meta name=\"twitter:card\" content=\"summary_large_image\" \/>\n<meta name=\"twitter:label1\" content=\"Est. reading time\" \/>\n\t<meta name=\"twitter:data1\" content=\"1 minute\" \/>\n<script type=\"application\/ld+json\" class=\"yoast-schema-graph\">{\"@context\":\"https:\/\/schema.org\",\"@graph\":[{\"@type\":\"WebPage\",\"@id\":\"https:\/\/www.obgyn-si.org\/kongresi\/and-2025\/program\/\",\"url\":\"https:\/\/www.obgyn-si.org\/kongresi\/and-2025\/program\/\",\"name\":\"Program - RAK IN REPRODUKTIVNO ZDRAVJE\",\"isPartOf\":{\"@id\":\"https:\/\/www.obgyn-si.org\/kongresi\/and-2025\/#website\"},\"primaryImageOfPage\":{\"@id\":\"https:\/\/www.obgyn-si.org\/kongresi\/and-2025\/program\/#primaryimage\"},\"image\":{\"@id\":\"https:\/\/www.obgyn-si.org\/kongresi\/and-2025\/program\/#primaryimage\"},\"thumbnailUrl\":\"https:\/\/www.obgyn-si.org\/kongresi\/and-2025\/wp-content\/uploads\/sites\/24\/2025\/09\/ovaries.jpg\",\"datePublished\":\"2018-01-24T08:41:09+00:00\",\"dateModified\":\"2025-09-29T10:06:13+00:00\",\"breadcrumb\":{\"@id\":\"https:\/\/www.obgyn-si.org\/kongresi\/and-2025\/program\/#breadcrumb\"},\"inLanguage\":\"en-US\",\"potentialAction\":[{\"@type\":\"ReadAction\",\"target\":[\"https:\/\/www.obgyn-si.org\/kongresi\/and-2025\/program\/\"]}]},{\"@type\":\"ImageObject\",\"inLanguage\":\"en-US\",\"@id\":\"https:\/\/www.obgyn-si.org\/kongresi\/and-2025\/program\/#primaryimage\",\"url\":\"https:\/\/www.obgyn-si.org\/kongresi\/and-2025\/wp-content\/uploads\/sites\/24\/2025\/09\/ovaries.jpg\",\"contentUrl\":\"https:\/\/www.obgyn-si.org\/kongresi\/and-2025\/wp-content\/uploads\/sites\/24\/2025\/09\/ovaries.jpg\",\"width\":1595,\"height\":869},{\"@type\":\"BreadcrumbList\",\"@id\":\"https:\/\/www.obgyn-si.org\/kongresi\/and-2025\/program\/#breadcrumb\",\"itemListElement\":[{\"@type\":\"ListItem\",\"position\":1,\"name\":\"Home\",\"item\":\"https:\/\/www.obgyn-si.org\/kongresi\/and-2025\/\"},{\"@type\":\"ListItem\",\"position\":2,\"name\":\"Program\"}]},{\"@type\":\"WebSite\",\"@id\":\"https:\/\/www.obgyn-si.org\/kongresi\/and-2025\/#website\",\"url\":\"https:\/\/www.obgyn-si.org\/kongresi\/and-2025\/\",\"name\":\"RAK IN REPRODUKTIVNO ZDRAVJE\",\"description\":\"XVII. spominski sestanek akad. prof. dr. Lidije Andol\u0161ek Jeras, Ljubljana, 28. november 2025\",\"publisher\":{\"@id\":\"https:\/\/www.obgyn-si.org\/kongresi\/and-2025\/#organization\"},\"potentialAction\":[{\"@type\":\"SearchAction\",\"target\":{\"@type\":\"EntryPoint\",\"urlTemplate\":\"https:\/\/www.obgyn-si.org\/kongresi\/and-2025\/?s={search_term_string}\"},\"query-input\":{\"@type\":\"PropertyValueSpecification\",\"valueRequired\":true,\"valueName\":\"search_term_string\"}}],\"inLanguage\":\"en-US\"},{\"@type\":\"Organization\",\"@id\":\"https:\/\/www.obgyn-si.org\/kongresi\/and-2025\/#organization\",\"name\":\"RAK IN REPRODUKTIVNO ZDRAVJE\",\"url\":\"https:\/\/www.obgyn-si.org\/kongresi\/and-2025\/\",\"logo\":{\"@type\":\"ImageObject\",\"inLanguage\":\"en-US\",\"@id\":\"https:\/\/www.obgyn-si.org\/kongresi\/and-2025\/#\/schema\/logo\/image\/\",\"url\":\"https:\/\/www.obgyn-si.org\/kongresi\/and-2025\/wp-content\/uploads\/sites\/24\/2025\/09\/cropped-logo2025-inv.jpg\",\"contentUrl\":\"https:\/\/www.obgyn-si.org\/kongresi\/and-2025\/wp-content\/uploads\/sites\/24\/2025\/09\/cropped-logo2025-inv.jpg\",\"width\":1000,\"height\":250,\"caption\":\"RAK IN REPRODUKTIVNO ZDRAVJE\"},\"image\":{\"@id\":\"https:\/\/www.obgyn-si.org\/kongresi\/and-2025\/#\/schema\/logo\/image\/\"}}]}<\/script>\n<!-- \/ Yoast SEO plugin. -->","yoast_head_json":{"title":"Program - RAK IN REPRODUKTIVNO ZDRAVJE","robots":{"index":"index","follow":"follow","max-snippet":"max-snippet:-1","max-image-preview":"max-image-preview:large","max-video-preview":"max-video-preview:-1"},"canonical":"https:\/\/www.obgyn-si.org\/kongresi\/and-2025\/program\/","og_locale":"en_US","og_type":"article","og_title":"Program - RAK IN REPRODUKTIVNO ZDRAVJE","og_description":"Petek, 28. november 2025, Domus Medica, Ljubljana Registracija 8:00 \u2013 8:30 8:30 Uvodni pozdrav: Vida Gavri\u0107 Lovrec 8:45 Uvodno predavanje: 13-letne izku\u0161nje Konzilija za hranjenje genetskega materiala pri onkolo\u0161kih bolnicah (Nina Jan\u010dar) &nbsp; 1. sklop \u2013 Najpogostej\u0161i raki v reproduktivnem obdobju 9:00 Rak dojke in ohranjanje plodnosti (Simona Bor\u0161tnar) 9:15 Krvni raki in ohranjanje plodnosti &hellip; Continue reading \"Program\"","og_url":"https:\/\/www.obgyn-si.org\/kongresi\/and-2025\/program\/","og_site_name":"RAK IN REPRODUKTIVNO ZDRAVJE","article_modified_time":"2025-09-29T10:06:13+00:00","og_image":[{"width":1595,"height":869,"url":"https:\/\/www.obgyn-si.org\/kongresi\/and-2025\/wp-content\/uploads\/sites\/24\/2025\/09\/ovaries.jpg","type":"image\/jpeg"}],"twitter_card":"summary_large_image","twitter_misc":{"Est. reading time":"1 minute"},"schema":{"@context":"https:\/\/schema.org","@graph":[{"@type":"WebPage","@id":"https:\/\/www.obgyn-si.org\/kongresi\/and-2025\/program\/","url":"https:\/\/www.obgyn-si.org\/kongresi\/and-2025\/program\/","name":"Program - RAK IN REPRODUKTIVNO ZDRAVJE","isPartOf":{"@id":"https:\/\/www.obgyn-si.org\/kongresi\/and-2025\/#website"},"primaryImageOfPage":{"@id":"https:\/\/www.obgyn-si.org\/kongresi\/and-2025\/program\/#primaryimage"},"image":{"@id":"https:\/\/www.obgyn-si.org\/kongresi\/and-2025\/program\/#primaryimage"},"thumbnailUrl":"https:\/\/www.obgyn-si.org\/kongresi\/and-2025\/wp-content\/uploads\/sites\/24\/2025\/09\/ovaries.jpg","datePublished":"2018-01-24T08:41:09+00:00","dateModified":"2025-09-29T10:06:13+00:00","breadcrumb":{"@id":"https:\/\/www.obgyn-si.org\/kongresi\/and-2025\/program\/#breadcrumb"},"inLanguage":"en-US","potentialAction":[{"@type":"ReadAction","target":["https:\/\/www.obgyn-si.org\/kongresi\/and-2025\/program\/"]}]},{"@type":"ImageObject","inLanguage":"en-US","@id":"https:\/\/www.obgyn-si.org\/kongresi\/and-2025\/program\/#primaryimage","url":"https:\/\/www.obgyn-si.org\/kongresi\/and-2025\/wp-content\/uploads\/sites\/24\/2025\/09\/ovaries.jpg","contentUrl":"https:\/\/www.obgyn-si.org\/kongresi\/and-2025\/wp-content\/uploads\/sites\/24\/2025\/09\/ovaries.jpg","width":1595,"height":869},{"@type":"BreadcrumbList","@id":"https:\/\/www.obgyn-si.org\/kongresi\/and-2025\/program\/#breadcrumb","itemListElement":[{"@type":"ListItem","position":1,"name":"Home","item":"https:\/\/www.obgyn-si.org\/kongresi\/and-2025\/"},{"@type":"ListItem","position":2,"name":"Program"}]},{"@type":"WebSite","@id":"https:\/\/www.obgyn-si.org\/kongresi\/and-2025\/#website","url":"https:\/\/www.obgyn-si.org\/kongresi\/and-2025\/","name":"RAK IN REPRODUKTIVNO ZDRAVJE","description":"XVII. spominski sestanek akad. prof. dr. Lidije Andol\u0161ek Jeras, Ljubljana, 28. november 2025","publisher":{"@id":"https:\/\/www.obgyn-si.org\/kongresi\/and-2025\/#organization"},"potentialAction":[{"@type":"SearchAction","target":{"@type":"EntryPoint","urlTemplate":"https:\/\/www.obgyn-si.org\/kongresi\/and-2025\/?s={search_term_string}"},"query-input":{"@type":"PropertyValueSpecification","valueRequired":true,"valueName":"search_term_string"}}],"inLanguage":"en-US"},{"@type":"Organization","@id":"https:\/\/www.obgyn-si.org\/kongresi\/and-2025\/#organization","name":"RAK IN REPRODUKTIVNO ZDRAVJE","url":"https:\/\/www.obgyn-si.org\/kongresi\/and-2025\/","logo":{"@type":"ImageObject","inLanguage":"en-US","@id":"https:\/\/www.obgyn-si.org\/kongresi\/and-2025\/#\/schema\/logo\/image\/","url":"https:\/\/www.obgyn-si.org\/kongresi\/and-2025\/wp-content\/uploads\/sites\/24\/2025\/09\/cropped-logo2025-inv.jpg","contentUrl":"https:\/\/www.obgyn-si.org\/kongresi\/and-2025\/wp-content\/uploads\/sites\/24\/2025\/09\/cropped-logo2025-inv.jpg","width":1000,"height":250,"caption":"RAK IN REPRODUKTIVNO ZDRAVJE"},"image":{"@id":"https:\/\/www.obgyn-si.org\/kongresi\/and-2025\/#\/schema\/logo\/image\/"}}]}},"_links":{"self":[{"href":"https:\/\/www.obgyn-si.org\/kongresi\/and-2025\/wp-json\/wp\/v2\/pages\/50","targetHints":{"allow":["GET"]}}],"collection":[{"href":"https:\/\/www.obgyn-si.org\/kongresi\/and-2025\/wp-json\/wp\/v2\/pages"}],"about":[{"href":"https:\/\/www.obgyn-si.org\/kongresi\/and-2025\/wp-json\/wp\/v2\/types\/page"}],"author":[{"embeddable":true,"href":"https:\/\/www.obgyn-si.org\/kongresi\/and-2025\/wp-json\/wp\/v2\/users\/1"}],"replies":[{"embeddable":true,"href":"https:\/\/www.obgyn-si.org\/kongresi\/and-2025\/wp-json\/wp\/v2\/comments?post=50"}],"version-history":[{"count":70,"href":"https:\/\/www.obgyn-si.org\/kongresi\/and-2025\/wp-json\/wp\/v2\/pages\/50\/revisions"}],"predecessor-version":[{"id":1359,"href":"https:\/\/www.obgyn-si.org\/kongresi\/and-2025\/wp-json\/wp\/v2\/pages\/50\/revisions\/1359"}],"wp:featuredmedia":[{"embeddable":true,"href":"https:\/\/www.obgyn-si.org\/kongresi\/and-2025\/wp-json\/wp\/v2\/media\/1357"}],"wp:attachment":[{"href":"https:\/\/www.obgyn-si.org\/kongresi\/and-2025\/wp-json\/wp\/v2\/media?parent=50"}],"curies":[{"name":"wp","href":"https:\/\/api.w.org\/{rel}","templated":true}]}}