
{"id":6,"date":"2018-01-20T19:07:39","date_gmt":"2018-01-20T19:07:39","guid":{"rendered":"http:\/\/www.obgyn-si.org\/kongresi\/www-2\/?page_id=6"},"modified":"2025-10-06T09:53:59","modified_gmt":"2025-10-06T09:53:59","slug":"predgovor","status":"publish","type":"page","link":"https:\/\/www.obgyn-si.org\/kongresi\/and-2025\/","title":{"rendered":"Predgovor"},"content":{"rendered":"<p>Spo\u0161tovane kolegice in kolegi, medicinske sestre in drugi sodelavci,<\/p>\n<p>prisr\u010dno vabljeni na \u017ee tradicionalni Spominski sestanek akad. prof. dr. Lidije Andol\u0161ek-Jeras, ki je letos \u017ee XVII. po vrsti in se bo odvijal 28.11.2025 v Dvorani Domus Medica v Ljubljani.<\/p>\n<p>Leto\u0161nji sestanek nosi naslov: Rak in reproduktivno zdravje. Organizatorji dogodka so Slovensko zdru\u017eenje za reproduktivno medicino \u2013 SZD, Klini\u010dni oddelek za reprodukcijo Ginekolo\u0161ke klinike UKC Ljubljana in Oddelek za reproduktivno medicino in ginekolo\u0161ko endokrinologijo Klinike za ginekologijo in perinatologijo, UKC Maribor. Seminar je namenjen specialistom in specializantom ginekologije in porodni\u0161tva in povezanih strok ter drugim zdravstvenim delavcem. Aktivnosti za pridobivanje licen\u010dnih to\u010dk potekajo tako pri Zdravni\u0161ki zbornici Slovenije, kot pri Zbornici zdravstvene in babi\u0161ke nege Slovenije \u2013 Zvezi strokovnih dru\u0161tev medicinskih sester, babic in zdravstvenih tehnikov Slovenije.<\/p>\n<p>Na sestanku bomo obravnavali izjemno aktualno temo. Veliko posameznikov zboli za rakom v otro\u0161tvu, mladosti in reproduktivnem obdobju. Zaradi u\u010dinkovitega onkolo\u0161kega zdravljenja ve\u010dina bolnikov do\u010daka obdobje, ko si \u017eeli ustvariti dru\u017eino. \u017dal pa ima zdravljenje raka pogosto za posledico zmanj\u0161ano plodnost ali izgubo plodnosti. Na sestanku bomo obravnavali najpogostej\u0161e rakave bolezni, ki se pojavijo v teh \u017eivljenjskih obdobjih in mo\u017enosti za ohranitev plodnosti pri posameznih boleznih. Seminar bo interdisciplinaren: poleg ginekologov in porodni\u010darjev bodo sodelovali tudi strokovnjaki drugih strok in predstavniki zdru\u017eenj onkolo\u0161kih bolnikov.<\/p>\n<p>Veselimo se sre\u010danja z vami!<\/p>\n<p>V imenu strokovnega in organizacijskega odbora:\u00a0Nina Jan\u010dar in Dzhamilyat Abdulkhalikova<\/p>\n<p>&nbsp;<\/p>\n<table border=\"0\" width=\"100%\">\n<tbody>\n<tr>\n<td><img loading=\"lazy\" decoding=\"async\" class=\"size-medium wp-image-1377 aligncenter\" src=\"http:\/\/www.obgyn-si.org\/kongresi\/and-2025\/wp-content\/uploads\/sites\/24\/2025\/10\/nina-221x300.jpg\" alt=\"\" width=\"221\" height=\"300\" srcset=\"https:\/\/www.obgyn-si.org\/kongresi\/and-2025\/wp-content\/uploads\/sites\/24\/2025\/10\/nina-221x300.jpg 221w, https:\/\/www.obgyn-si.org\/kongresi\/and-2025\/wp-content\/uploads\/sites\/24\/2025\/10\/nina.jpg 754w\" sizes=\"auto, (max-width: 221px) 100vw, 221px\" \/><\/td>\n<td><img loading=\"lazy\" decoding=\"async\" class=\"size-medium wp-image-1376 aligncenter\" src=\"http:\/\/www.obgyn-si.org\/kongresi\/and-2025\/wp-content\/uploads\/sites\/24\/2025\/10\/dzamila-221x300.jpg\" alt=\"\" width=\"221\" height=\"300\" srcset=\"https:\/\/www.obgyn-si.org\/kongresi\/and-2025\/wp-content\/uploads\/sites\/24\/2025\/10\/dzamila-221x300.jpg 221w, https:\/\/www.obgyn-si.org\/kongresi\/and-2025\/wp-content\/uploads\/sites\/24\/2025\/10\/dzamila.jpg 754w\" sizes=\"auto, (max-width: 221px) 100vw, 221px\" \/><\/td>\n<\/tr>\n<tr>\n<td>\n<p align=\"center\">Doc. dr. Nina Jan\u010dar, dr. med.<br \/>\nPredsednica strokovnega odbora<\/p>\n<\/td>\n<td>\n<p align=\"center\">Dzhamilyat Abdulkhalikova, dr. med.<br \/>\nPredsednica organizacijskega odbora<\/p>\n<\/td>\n<\/tr>\n<\/tbody>\n<\/table>\n<p>&nbsp;<\/p>\n","protected":false},"excerpt":{"rendered":"<p>Spo\u0161tovane kolegice in kolegi, medicinske sestre in drugi sodelavci, prisr\u010dno vabljeni na \u017ee tradicionalni Spominski sestanek akad. prof. dr. Lidije Andol\u0161ek-Jeras, ki je letos \u017ee XVII. po vrsti in se bo odvijal 28.11.2025 v Dvorani Domus Medica v Ljubljani. Leto\u0161nji sestanek nosi naslov: Rak in reproduktivno zdravje. Organizatorji dogodka so Slovensko zdru\u017eenje za reproduktivno medicino &hellip; <\/p>\n<p class=\"link-more\"><a href=\"https:\/\/www.obgyn-si.org\/kongresi\/and-2025\/\" class=\"more-link\">Continue reading<span class=\"screen-reader-text\"> &#8220;Predgovor&#8221;<\/span><\/a><\/p>\n","protected":false},"author":1,"featured_media":1351,"parent":0,"menu_order":0,"comment_status":"closed","ping_status":"closed","template":"","meta":{"footnotes":""},"class_list":["post-6","page","type-page","status-publish","has-post-thumbnail","hentry"],"yoast_head":"<!-- This site is optimized with the Yoast SEO plugin v26.8 - https:\/\/yoast.com\/product\/yoast-seo-wordpress\/ -->\n<title>Predgovor - RAK IN REPRODUKTIVNO ZDRAVJE<\/title>\n<meta name=\"robots\" content=\"index, follow, max-snippet:-1, max-image-preview:large, max-video-preview:-1\" \/>\n<link rel=\"canonical\" href=\"https:\/\/www.obgyn-si.org\/kongresi\/and-2025\/\" \/>\n<meta property=\"og:locale\" content=\"en_US\" \/>\n<meta property=\"og:type\" content=\"article\" \/>\n<meta property=\"og:title\" content=\"Predgovor - RAK IN REPRODUKTIVNO ZDRAVJE\" \/>\n<meta property=\"og:description\" content=\"Spo\u0161tovane kolegice in kolegi, medicinske sestre in drugi sodelavci, prisr\u010dno vabljeni na \u017ee tradicionalni Spominski sestanek akad. prof. dr. Lidije Andol\u0161ek-Jeras, ki je letos \u017ee XVII. po vrsti in se bo odvijal 28.11.2025 v Dvorani Domus Medica v Ljubljani. Leto\u0161nji sestanek nosi naslov: Rak in reproduktivno zdravje. Organizatorji dogodka so Slovensko zdru\u017eenje za reproduktivno medicino &hellip; Continue reading &quot;Predgovor&quot;\" \/>\n<meta property=\"og:url\" content=\"https:\/\/www.obgyn-si.org\/kongresi\/and-2025\/\" \/>\n<meta property=\"og:site_name\" content=\"RAK IN REPRODUKTIVNO ZDRAVJE\" \/>\n<meta property=\"article:modified_time\" content=\"2025-10-06T09:53:59+00:00\" \/>\n<meta property=\"og:image\" content=\"https:\/\/www.obgyn-si.org\/kongresi\/and-2025\/wp-content\/uploads\/sites\/24\/2025\/09\/Breast_Cancer-inv.png\" \/>\n\t<meta property=\"og:image:width\" content=\"959\" \/>\n\t<meta property=\"og:image:height\" content=\"1086\" \/>\n\t<meta property=\"og:image:type\" content=\"image\/png\" \/>\n<meta name=\"twitter:card\" content=\"summary_large_image\" \/>\n<meta name=\"twitter:label1\" content=\"Est. reading time\" \/>\n\t<meta name=\"twitter:data1\" content=\"1 minute\" \/>\n<script type=\"application\/ld+json\" class=\"yoast-schema-graph\">{\"@context\":\"https:\/\/schema.org\",\"@graph\":[{\"@type\":\"WebPage\",\"@id\":\"https:\/\/www.obgyn-si.org\/kongresi\/and-2025\/\",\"url\":\"https:\/\/www.obgyn-si.org\/kongresi\/and-2025\/\",\"name\":\"Predgovor - RAK IN REPRODUKTIVNO ZDRAVJE\",\"isPartOf\":{\"@id\":\"https:\/\/www.obgyn-si.org\/kongresi\/and-2025\/#website\"},\"primaryImageOfPage\":{\"@id\":\"https:\/\/www.obgyn-si.org\/kongresi\/and-2025\/#primaryimage\"},\"image\":{\"@id\":\"https:\/\/www.obgyn-si.org\/kongresi\/and-2025\/#primaryimage\"},\"thumbnailUrl\":\"https:\/\/www.obgyn-si.org\/kongresi\/and-2025\/wp-content\/uploads\/sites\/24\/2025\/09\/Breast_Cancer-inv.png\",\"datePublished\":\"2018-01-20T19:07:39+00:00\",\"dateModified\":\"2025-10-06T09:53:59+00:00\",\"breadcrumb\":{\"@id\":\"https:\/\/www.obgyn-si.org\/kongresi\/and-2025\/#breadcrumb\"},\"inLanguage\":\"en-US\",\"potentialAction\":[{\"@type\":\"ReadAction\",\"target\":[\"https:\/\/www.obgyn-si.org\/kongresi\/and-2025\/\"]}]},{\"@type\":\"ImageObject\",\"inLanguage\":\"en-US\",\"@id\":\"https:\/\/www.obgyn-si.org\/kongresi\/and-2025\/#primaryimage\",\"url\":\"https:\/\/www.obgyn-si.org\/kongresi\/and-2025\/wp-content\/uploads\/sites\/24\/2025\/09\/Breast_Cancer-inv.png\",\"contentUrl\":\"https:\/\/www.obgyn-si.org\/kongresi\/and-2025\/wp-content\/uploads\/sites\/24\/2025\/09\/Breast_Cancer-inv.png\",\"width\":959,\"height\":1086},{\"@type\":\"BreadcrumbList\",\"@id\":\"https:\/\/www.obgyn-si.org\/kongresi\/and-2025\/#breadcrumb\",\"itemListElement\":[{\"@type\":\"ListItem\",\"position\":1,\"name\":\"Home\",\"item\":\"https:\/\/www.obgyn-si.org\/kongresi\/and-2025\/\"},{\"@type\":\"ListItem\",\"position\":2,\"name\":\"Predgovor\"}]},{\"@type\":\"WebSite\",\"@id\":\"https:\/\/www.obgyn-si.org\/kongresi\/and-2025\/#website\",\"url\":\"https:\/\/www.obgyn-si.org\/kongresi\/and-2025\/\",\"name\":\"RAK IN REPRODUKTIVNO ZDRAVJE\",\"description\":\"XVII. spominski sestanek akad. prof. dr. Lidije Andol\u0161ek Jeras, Ljubljana, 28. november 2025\",\"publisher\":{\"@id\":\"https:\/\/www.obgyn-si.org\/kongresi\/and-2025\/#organization\"},\"potentialAction\":[{\"@type\":\"SearchAction\",\"target\":{\"@type\":\"EntryPoint\",\"urlTemplate\":\"https:\/\/www.obgyn-si.org\/kongresi\/and-2025\/?s={search_term_string}\"},\"query-input\":{\"@type\":\"PropertyValueSpecification\",\"valueRequired\":true,\"valueName\":\"search_term_string\"}}],\"inLanguage\":\"en-US\"},{\"@type\":\"Organization\",\"@id\":\"https:\/\/www.obgyn-si.org\/kongresi\/and-2025\/#organization\",\"name\":\"RAK IN REPRODUKTIVNO ZDRAVJE\",\"url\":\"https:\/\/www.obgyn-si.org\/kongresi\/and-2025\/\",\"logo\":{\"@type\":\"ImageObject\",\"inLanguage\":\"en-US\",\"@id\":\"https:\/\/www.obgyn-si.org\/kongresi\/and-2025\/#\/schema\/logo\/image\/\",\"url\":\"https:\/\/www.obgyn-si.org\/kongresi\/and-2025\/wp-content\/uploads\/sites\/24\/2025\/09\/cropped-logo2025-inv.jpg\",\"contentUrl\":\"https:\/\/www.obgyn-si.org\/kongresi\/and-2025\/wp-content\/uploads\/sites\/24\/2025\/09\/cropped-logo2025-inv.jpg\",\"width\":1000,\"height\":250,\"caption\":\"RAK IN REPRODUKTIVNO ZDRAVJE\"},\"image\":{\"@id\":\"https:\/\/www.obgyn-si.org\/kongresi\/and-2025\/#\/schema\/logo\/image\/\"}}]}<\/script>\n<!-- \/ Yoast SEO plugin. -->","yoast_head_json":{"title":"Predgovor - RAK IN REPRODUKTIVNO ZDRAVJE","robots":{"index":"index","follow":"follow","max-snippet":"max-snippet:-1","max-image-preview":"max-image-preview:large","max-video-preview":"max-video-preview:-1"},"canonical":"https:\/\/www.obgyn-si.org\/kongresi\/and-2025\/","og_locale":"en_US","og_type":"article","og_title":"Predgovor - RAK IN REPRODUKTIVNO ZDRAVJE","og_description":"Spo\u0161tovane kolegice in kolegi, medicinske sestre in drugi sodelavci, prisr\u010dno vabljeni na \u017ee tradicionalni Spominski sestanek akad. prof. dr. Lidije Andol\u0161ek-Jeras, ki je letos \u017ee XVII. po vrsti in se bo odvijal 28.11.2025 v Dvorani Domus Medica v Ljubljani. Leto\u0161nji sestanek nosi naslov: Rak in reproduktivno zdravje. Organizatorji dogodka so Slovensko zdru\u017eenje za reproduktivno medicino &hellip; Continue reading \"Predgovor\"","og_url":"https:\/\/www.obgyn-si.org\/kongresi\/and-2025\/","og_site_name":"RAK IN REPRODUKTIVNO ZDRAVJE","article_modified_time":"2025-10-06T09:53:59+00:00","og_image":[{"width":959,"height":1086,"url":"https:\/\/www.obgyn-si.org\/kongresi\/and-2025\/wp-content\/uploads\/sites\/24\/2025\/09\/Breast_Cancer-inv.png","type":"image\/png"}],"twitter_card":"summary_large_image","twitter_misc":{"Est. reading time":"1 minute"},"schema":{"@context":"https:\/\/schema.org","@graph":[{"@type":"WebPage","@id":"https:\/\/www.obgyn-si.org\/kongresi\/and-2025\/","url":"https:\/\/www.obgyn-si.org\/kongresi\/and-2025\/","name":"Predgovor - RAK IN REPRODUKTIVNO ZDRAVJE","isPartOf":{"@id":"https:\/\/www.obgyn-si.org\/kongresi\/and-2025\/#website"},"primaryImageOfPage":{"@id":"https:\/\/www.obgyn-si.org\/kongresi\/and-2025\/#primaryimage"},"image":{"@id":"https:\/\/www.obgyn-si.org\/kongresi\/and-2025\/#primaryimage"},"thumbnailUrl":"https:\/\/www.obgyn-si.org\/kongresi\/and-2025\/wp-content\/uploads\/sites\/24\/2025\/09\/Breast_Cancer-inv.png","datePublished":"2018-01-20T19:07:39+00:00","dateModified":"2025-10-06T09:53:59+00:00","breadcrumb":{"@id":"https:\/\/www.obgyn-si.org\/kongresi\/and-2025\/#breadcrumb"},"inLanguage":"en-US","potentialAction":[{"@type":"ReadAction","target":["https:\/\/www.obgyn-si.org\/kongresi\/and-2025\/"]}]},{"@type":"ImageObject","inLanguage":"en-US","@id":"https:\/\/www.obgyn-si.org\/kongresi\/and-2025\/#primaryimage","url":"https:\/\/www.obgyn-si.org\/kongresi\/and-2025\/wp-content\/uploads\/sites\/24\/2025\/09\/Breast_Cancer-inv.png","contentUrl":"https:\/\/www.obgyn-si.org\/kongresi\/and-2025\/wp-content\/uploads\/sites\/24\/2025\/09\/Breast_Cancer-inv.png","width":959,"height":1086},{"@type":"BreadcrumbList","@id":"https:\/\/www.obgyn-si.org\/kongresi\/and-2025\/#breadcrumb","itemListElement":[{"@type":"ListItem","position":1,"name":"Home","item":"https:\/\/www.obgyn-si.org\/kongresi\/and-2025\/"},{"@type":"ListItem","position":2,"name":"Predgovor"}]},{"@type":"WebSite","@id":"https:\/\/www.obgyn-si.org\/kongresi\/and-2025\/#website","url":"https:\/\/www.obgyn-si.org\/kongresi\/and-2025\/","name":"RAK IN REPRODUKTIVNO ZDRAVJE","description":"XVII. spominski sestanek akad. prof. dr. Lidije Andol\u0161ek Jeras, Ljubljana, 28. november 2025","publisher":{"@id":"https:\/\/www.obgyn-si.org\/kongresi\/and-2025\/#organization"},"potentialAction":[{"@type":"SearchAction","target":{"@type":"EntryPoint","urlTemplate":"https:\/\/www.obgyn-si.org\/kongresi\/and-2025\/?s={search_term_string}"},"query-input":{"@type":"PropertyValueSpecification","valueRequired":true,"valueName":"search_term_string"}}],"inLanguage":"en-US"},{"@type":"Organization","@id":"https:\/\/www.obgyn-si.org\/kongresi\/and-2025\/#organization","name":"RAK IN REPRODUKTIVNO ZDRAVJE","url":"https:\/\/www.obgyn-si.org\/kongresi\/and-2025\/","logo":{"@type":"ImageObject","inLanguage":"en-US","@id":"https:\/\/www.obgyn-si.org\/kongresi\/and-2025\/#\/schema\/logo\/image\/","url":"https:\/\/www.obgyn-si.org\/kongresi\/and-2025\/wp-content\/uploads\/sites\/24\/2025\/09\/cropped-logo2025-inv.jpg","contentUrl":"https:\/\/www.obgyn-si.org\/kongresi\/and-2025\/wp-content\/uploads\/sites\/24\/2025\/09\/cropped-logo2025-inv.jpg","width":1000,"height":250,"caption":"RAK IN REPRODUKTIVNO ZDRAVJE"},"image":{"@id":"https:\/\/www.obgyn-si.org\/kongresi\/and-2025\/#\/schema\/logo\/image\/"}}]}},"_links":{"self":[{"href":"https:\/\/www.obgyn-si.org\/kongresi\/and-2025\/wp-json\/wp\/v2\/pages\/6","targetHints":{"allow":["GET"]}}],"collection":[{"href":"https:\/\/www.obgyn-si.org\/kongresi\/and-2025\/wp-json\/wp\/v2\/pages"}],"about":[{"href":"https:\/\/www.obgyn-si.org\/kongresi\/and-2025\/wp-json\/wp\/v2\/types\/page"}],"author":[{"embeddable":true,"href":"https:\/\/www.obgyn-si.org\/kongresi\/and-2025\/wp-json\/wp\/v2\/users\/1"}],"replies":[{"embeddable":true,"href":"https:\/\/www.obgyn-si.org\/kongresi\/and-2025\/wp-json\/wp\/v2\/comments?post=6"}],"version-history":[{"count":43,"href":"https:\/\/www.obgyn-si.org\/kongresi\/and-2025\/wp-json\/wp\/v2\/pages\/6\/revisions"}],"predecessor-version":[{"id":1379,"href":"https:\/\/www.obgyn-si.org\/kongresi\/and-2025\/wp-json\/wp\/v2\/pages\/6\/revisions\/1379"}],"wp:featuredmedia":[{"embeddable":true,"href":"https:\/\/www.obgyn-si.org\/kongresi\/and-2025\/wp-json\/wp\/v2\/media\/1351"}],"wp:attachment":[{"href":"https:\/\/www.obgyn-si.org\/kongresi\/and-2025\/wp-json\/wp\/v2\/media?parent=6"}],"curies":[{"name":"wp","href":"https:\/\/api.w.org\/{rel}","templated":true}]}}