
{"id":1166,"date":"2025-06-16T08:05:49","date_gmt":"2025-06-16T08:05:49","guid":{"rendered":"https:\/\/www.obgyn-si.org\/kongresi\/endoskopski\/?page_id=1166"},"modified":"2025-07-02T08:43:19","modified_gmt":"2025-07-02T08:43:19","slug":"program-simpozija-o-adenomiozi","status":"publish","type":"page","link":"https:\/\/www.obgyn-si.org\/kongresi\/endoskopski\/program-simpozija-o-adenomiozi\/","title":{"rendered":"Program mednarodnega simpozija &#8220;ADENOMIOZA&#8221;"},"content":{"rendered":"<p><strong>PROGRAM SIMPOZIJA<br \/>\n<\/strong><strong>Petek, 26. 9. 2025<br \/>\n<\/strong>8.15 &#8211; 8.45 Registracija udele\u017eencev<br \/>\n8.45 &#8211; 9.00 Uvodni pozdrav (H. Ban Frange\u017e)<br \/>\n<strong>Razumevanje adenomioze<\/strong><br \/>\n9:00- 9:20 Patofiziologija adenomioze- kaj vemo danes? (naknadno)<br \/>\n9:20- 9:40 Epidemiologija in klini\u010dna slika adenomioze ( P. Cigler)<br \/>\n<strong>Diagnostika<\/strong><br \/>\n9.40 &#8211; 10.10 #ENCIAN and the role of AI for endometriosis diagnosis (prof. Keckstein)<br \/>\n10.10- 10. 30 Vloga transvaginalnega UZ pri diagnostiki adenomioze (E. Vrta\u010dnik Bokal)<br \/>\n10.30- 10. 50 Ali je za diagnozo endometrioze nujno potrebna MR preiskava? (A. Andjeli\u0107)<br \/>\n10.50 &#8211; 11.10 Odmor s kavo<br \/>\n<strong>Zdravljenje<\/strong><br \/>\n11.10 &#8211; 11.30 Kirur\u0161ki pristopi v zdravljenju adenomioze (H. Ban Frange\u017e)<br \/>\n11.30 &#8211; 11.50 Konzervativno zdravljenje adenomioze- kaj deluje in kdaj? (naknadno)<br \/>\n11.50 &#8211; 12.10 Primeri iz prakse in obravnava bolnic z adenomiozo (E. Skuk)<br \/>\n12.10 &#8211; 13.10 Kosilo<br \/>\n<strong>Klini\u010dna praksa v neplodnosti in porodni\u0161tvu<\/strong><br \/>\n13.10- 13.30 Ali adenomioza povzro\u010da neplodnost? (N. Jan\u010dar)<br \/>\n13.30 -13.50 Adenomioza v nose\u010dnosti in porodu (naknadno)<br \/>\n13. 50 Zaklju\u010dek s podelitvijo diplom te\u010dajnikom<\/p>\n","protected":false},"excerpt":{"rendered":"<p>PROGRAM SIMPOZIJA Petek, 26. 9. 2025 8.15 &#8211; 8.45 Registracija udele\u017eencev 8.45 &#8211; 9.00 Uvodni pozdrav (H. Ban Frange\u017e) Razumevanje adenomioze 9:00- 9:20 Patofiziologija adenomioze- kaj vemo danes? (naknadno) 9:20- 9:40 Epidemiologija in klini\u010dna slika adenomioze ( P. Cigler) Diagnostika 9.40 &#8211; 10.10 #ENCIAN and the role of AI for endometriosis diagnosis (prof. Keckstein) 10.10- &hellip; <\/p>\n<p class=\"link-more\"><a href=\"https:\/\/www.obgyn-si.org\/kongresi\/endoskopski\/program-simpozija-o-adenomiozi\/\" class=\"more-link\">Continue reading<span class=\"screen-reader-text\"> &#8220;Program mednarodnega simpozija &#8220;ADENOMIOZA&#8221;&#8221;<\/span><\/a><\/p>\n","protected":false},"author":1,"featured_media":1173,"parent":0,"menu_order":0,"comment_status":"closed","ping_status":"closed","template":"","meta":{"footnotes":""},"class_list":["post-1166","page","type-page","status-publish","has-post-thumbnail","hentry"],"yoast_head":"<!-- This site is optimized with the Yoast SEO plugin v26.8 - https:\/\/yoast.com\/product\/yoast-seo-wordpress\/ -->\n<title>Program mednarodnega simpozija &quot;ADENOMIOZA&quot; - Adenomioza (spremljevalni simpozij Endoskopskega te\u010daja)<\/title>\n<meta name=\"robots\" content=\"index, follow, max-snippet:-1, max-image-preview:large, max-video-preview:-1\" \/>\n<link rel=\"canonical\" href=\"https:\/\/www.obgyn-si.org\/kongresi\/endoskopski\/program-simpozija-o-adenomiozi\/\" \/>\n<meta property=\"og:locale\" content=\"en_US\" \/>\n<meta property=\"og:type\" content=\"article\" \/>\n<meta property=\"og:title\" content=\"Program mednarodnega simpozija &quot;ADENOMIOZA&quot; - Adenomioza (spremljevalni simpozij Endoskopskega te\u010daja)\" \/>\n<meta property=\"og:description\" content=\"PROGRAM SIMPOZIJA Petek, 26. 9. 2025 8.15 &#8211; 8.45 Registracija udele\u017eencev 8.45 &#8211; 9.00 Uvodni pozdrav (H. Ban Frange\u017e) Razumevanje adenomioze 9:00- 9:20 Patofiziologija adenomioze- kaj vemo danes? (naknadno) 9:20- 9:40 Epidemiologija in klini\u010dna slika adenomioze ( P. Cigler) Diagnostika 9.40 &#8211; 10.10 #ENCIAN and the role of AI for endometriosis diagnosis (prof. Keckstein) 10.10- &hellip; Continue reading &quot;Program mednarodnega simpozija &#8220;ADENOMIOZA&#8221;&quot;\" \/>\n<meta property=\"og:url\" content=\"https:\/\/www.obgyn-si.org\/kongresi\/endoskopski\/program-simpozija-o-adenomiozi\/\" \/>\n<meta property=\"og:site_name\" content=\"Adenomioza (spremljevalni simpozij Endoskopskega te\u010daja)\" \/>\n<meta property=\"article:modified_time\" content=\"2025-07-02T08:43:19+00:00\" \/>\n<meta property=\"og:image\" content=\"https:\/\/www.obgyn-si.org\/kongresi\/endoskopski\/wp-content\/uploads\/sites\/23\/2025\/06\/adenomioza.png\" \/>\n\t<meta property=\"og:image:width\" content=\"1188\" \/>\n\t<meta property=\"og:image:height\" content=\"278\" \/>\n\t<meta property=\"og:image:type\" content=\"image\/png\" \/>\n<meta name=\"twitter:card\" content=\"summary_large_image\" \/>\n<meta name=\"twitter:label1\" content=\"Est. reading time\" \/>\n\t<meta name=\"twitter:data1\" content=\"1 minute\" \/>\n<script type=\"application\/ld+json\" class=\"yoast-schema-graph\">{\"@context\":\"https:\/\/schema.org\",\"@graph\":[{\"@type\":\"WebPage\",\"@id\":\"https:\/\/www.obgyn-si.org\/kongresi\/endoskopski\/program-simpozija-o-adenomiozi\/\",\"url\":\"https:\/\/www.obgyn-si.org\/kongresi\/endoskopski\/program-simpozija-o-adenomiozi\/\",\"name\":\"Program mednarodnega simpozija \\\"ADENOMIOZA\\\" - Adenomioza (spremljevalni simpozij Endoskopskega te\u010daja)\",\"isPartOf\":{\"@id\":\"https:\/\/www.obgyn-si.org\/kongresi\/endoskopski\/#website\"},\"primaryImageOfPage\":{\"@id\":\"https:\/\/www.obgyn-si.org\/kongresi\/endoskopski\/program-simpozija-o-adenomiozi\/#primaryimage\"},\"image\":{\"@id\":\"https:\/\/www.obgyn-si.org\/kongresi\/endoskopski\/program-simpozija-o-adenomiozi\/#primaryimage\"},\"thumbnailUrl\":\"https:\/\/www.obgyn-si.org\/kongresi\/endoskopski\/wp-content\/uploads\/sites\/23\/2025\/06\/adenomioza.png\",\"datePublished\":\"2025-06-16T08:05:49+00:00\",\"dateModified\":\"2025-07-02T08:43:19+00:00\",\"breadcrumb\":{\"@id\":\"https:\/\/www.obgyn-si.org\/kongresi\/endoskopski\/program-simpozija-o-adenomiozi\/#breadcrumb\"},\"inLanguage\":\"en-US\",\"potentialAction\":[{\"@type\":\"ReadAction\",\"target\":[\"https:\/\/www.obgyn-si.org\/kongresi\/endoskopski\/program-simpozija-o-adenomiozi\/\"]}]},{\"@type\":\"ImageObject\",\"inLanguage\":\"en-US\",\"@id\":\"https:\/\/www.obgyn-si.org\/kongresi\/endoskopski\/program-simpozija-o-adenomiozi\/#primaryimage\",\"url\":\"https:\/\/www.obgyn-si.org\/kongresi\/endoskopski\/wp-content\/uploads\/sites\/23\/2025\/06\/adenomioza.png\",\"contentUrl\":\"https:\/\/www.obgyn-si.org\/kongresi\/endoskopski\/wp-content\/uploads\/sites\/23\/2025\/06\/adenomioza.png\",\"width\":1188,\"height\":278},{\"@type\":\"BreadcrumbList\",\"@id\":\"https:\/\/www.obgyn-si.org\/kongresi\/endoskopski\/program-simpozija-o-adenomiozi\/#breadcrumb\",\"itemListElement\":[{\"@type\":\"ListItem\",\"position\":1,\"name\":\"Home\",\"item\":\"https:\/\/www.obgyn-si.org\/kongresi\/endoskopski\/\"},{\"@type\":\"ListItem\",\"position\":2,\"name\":\"Program mednarodnega simpozija &#8220;ADENOMIOZA&#8221;\"}]},{\"@type\":\"WebSite\",\"@id\":\"https:\/\/www.obgyn-si.org\/kongresi\/endoskopski\/#website\",\"url\":\"https:\/\/www.obgyn-si.org\/kongresi\/endoskopski\/\",\"name\":\"Adenomioza (spremljevalni simpozij Endoskopskega te\u010daja)\",\"description\":\"Ljubljana, 23.-26. september 2025\",\"potentialAction\":[{\"@type\":\"SearchAction\",\"target\":{\"@type\":\"EntryPoint\",\"urlTemplate\":\"https:\/\/www.obgyn-si.org\/kongresi\/endoskopski\/?s={search_term_string}\"},\"query-input\":{\"@type\":\"PropertyValueSpecification\",\"valueRequired\":true,\"valueName\":\"search_term_string\"}}],\"inLanguage\":\"en-US\"}]}<\/script>\n<!-- \/ Yoast SEO plugin. -->","yoast_head_json":{"title":"Program mednarodnega simpozija \"ADENOMIOZA\" - Adenomioza (spremljevalni simpozij Endoskopskega te\u010daja)","robots":{"index":"index","follow":"follow","max-snippet":"max-snippet:-1","max-image-preview":"max-image-preview:large","max-video-preview":"max-video-preview:-1"},"canonical":"https:\/\/www.obgyn-si.org\/kongresi\/endoskopski\/program-simpozija-o-adenomiozi\/","og_locale":"en_US","og_type":"article","og_title":"Program mednarodnega simpozija \"ADENOMIOZA\" - Adenomioza (spremljevalni simpozij Endoskopskega te\u010daja)","og_description":"PROGRAM SIMPOZIJA Petek, 26. 9. 2025 8.15 &#8211; 8.45 Registracija udele\u017eencev 8.45 &#8211; 9.00 Uvodni pozdrav (H. Ban Frange\u017e) Razumevanje adenomioze 9:00- 9:20 Patofiziologija adenomioze- kaj vemo danes? (naknadno) 9:20- 9:40 Epidemiologija in klini\u010dna slika adenomioze ( P. Cigler) Diagnostika 9.40 &#8211; 10.10 #ENCIAN and the role of AI for endometriosis diagnosis (prof. Keckstein) 10.10- &hellip; Continue reading \"Program mednarodnega simpozija &#8220;ADENOMIOZA&#8221;\"","og_url":"https:\/\/www.obgyn-si.org\/kongresi\/endoskopski\/program-simpozija-o-adenomiozi\/","og_site_name":"Adenomioza (spremljevalni simpozij Endoskopskega te\u010daja)","article_modified_time":"2025-07-02T08:43:19+00:00","og_image":[{"width":1188,"height":278,"url":"https:\/\/www.obgyn-si.org\/kongresi\/endoskopski\/wp-content\/uploads\/sites\/23\/2025\/06\/adenomioza.png","type":"image\/png"}],"twitter_card":"summary_large_image","twitter_misc":{"Est. reading time":"1 minute"},"schema":{"@context":"https:\/\/schema.org","@graph":[{"@type":"WebPage","@id":"https:\/\/www.obgyn-si.org\/kongresi\/endoskopski\/program-simpozija-o-adenomiozi\/","url":"https:\/\/www.obgyn-si.org\/kongresi\/endoskopski\/program-simpozija-o-adenomiozi\/","name":"Program mednarodnega simpozija \"ADENOMIOZA\" - Adenomioza (spremljevalni simpozij Endoskopskega te\u010daja)","isPartOf":{"@id":"https:\/\/www.obgyn-si.org\/kongresi\/endoskopski\/#website"},"primaryImageOfPage":{"@id":"https:\/\/www.obgyn-si.org\/kongresi\/endoskopski\/program-simpozija-o-adenomiozi\/#primaryimage"},"image":{"@id":"https:\/\/www.obgyn-si.org\/kongresi\/endoskopski\/program-simpozija-o-adenomiozi\/#primaryimage"},"thumbnailUrl":"https:\/\/www.obgyn-si.org\/kongresi\/endoskopski\/wp-content\/uploads\/sites\/23\/2025\/06\/adenomioza.png","datePublished":"2025-06-16T08:05:49+00:00","dateModified":"2025-07-02T08:43:19+00:00","breadcrumb":{"@id":"https:\/\/www.obgyn-si.org\/kongresi\/endoskopski\/program-simpozija-o-adenomiozi\/#breadcrumb"},"inLanguage":"en-US","potentialAction":[{"@type":"ReadAction","target":["https:\/\/www.obgyn-si.org\/kongresi\/endoskopski\/program-simpozija-o-adenomiozi\/"]}]},{"@type":"ImageObject","inLanguage":"en-US","@id":"https:\/\/www.obgyn-si.org\/kongresi\/endoskopski\/program-simpozija-o-adenomiozi\/#primaryimage","url":"https:\/\/www.obgyn-si.org\/kongresi\/endoskopski\/wp-content\/uploads\/sites\/23\/2025\/06\/adenomioza.png","contentUrl":"https:\/\/www.obgyn-si.org\/kongresi\/endoskopski\/wp-content\/uploads\/sites\/23\/2025\/06\/adenomioza.png","width":1188,"height":278},{"@type":"BreadcrumbList","@id":"https:\/\/www.obgyn-si.org\/kongresi\/endoskopski\/program-simpozija-o-adenomiozi\/#breadcrumb","itemListElement":[{"@type":"ListItem","position":1,"name":"Home","item":"https:\/\/www.obgyn-si.org\/kongresi\/endoskopski\/"},{"@type":"ListItem","position":2,"name":"Program mednarodnega simpozija &#8220;ADENOMIOZA&#8221;"}]},{"@type":"WebSite","@id":"https:\/\/www.obgyn-si.org\/kongresi\/endoskopski\/#website","url":"https:\/\/www.obgyn-si.org\/kongresi\/endoskopski\/","name":"Adenomioza (spremljevalni simpozij Endoskopskega te\u010daja)","description":"Ljubljana, 23.-26. september 2025","potentialAction":[{"@type":"SearchAction","target":{"@type":"EntryPoint","urlTemplate":"https:\/\/www.obgyn-si.org\/kongresi\/endoskopski\/?s={search_term_string}"},"query-input":{"@type":"PropertyValueSpecification","valueRequired":true,"valueName":"search_term_string"}}],"inLanguage":"en-US"}]}},"_links":{"self":[{"href":"https:\/\/www.obgyn-si.org\/kongresi\/endoskopski\/wp-json\/wp\/v2\/pages\/1166","targetHints":{"allow":["GET"]}}],"collection":[{"href":"https:\/\/www.obgyn-si.org\/kongresi\/endoskopski\/wp-json\/wp\/v2\/pages"}],"about":[{"href":"https:\/\/www.obgyn-si.org\/kongresi\/endoskopski\/wp-json\/wp\/v2\/types\/page"}],"author":[{"embeddable":true,"href":"https:\/\/www.obgyn-si.org\/kongresi\/endoskopski\/wp-json\/wp\/v2\/users\/1"}],"replies":[{"embeddable":true,"href":"https:\/\/www.obgyn-si.org\/kongresi\/endoskopski\/wp-json\/wp\/v2\/comments?post=1166"}],"version-history":[{"count":3,"href":"https:\/\/www.obgyn-si.org\/kongresi\/endoskopski\/wp-json\/wp\/v2\/pages\/1166\/revisions"}],"predecessor-version":[{"id":1189,"href":"https:\/\/www.obgyn-si.org\/kongresi\/endoskopski\/wp-json\/wp\/v2\/pages\/1166\/revisions\/1189"}],"wp:featuredmedia":[{"embeddable":true,"href":"https:\/\/www.obgyn-si.org\/kongresi\/endoskopski\/wp-json\/wp\/v2\/media\/1173"}],"wp:attachment":[{"href":"https:\/\/www.obgyn-si.org\/kongresi\/endoskopski\/wp-json\/wp\/v2\/media?parent=1166"}],"curies":[{"name":"wp","href":"https:\/\/api.w.org\/{rel}","templated":true}]}}