
{"id":45,"date":"2018-01-24T08:31:11","date_gmt":"2018-01-24T08:31:11","guid":{"rendered":"http:\/\/www.obgyn-si.org\/kongresi\/www-2\/?page_id=45"},"modified":"2025-09-11T06:55:56","modified_gmt":"2025-09-11T06:55:56","slug":"informacije","status":"publish","type":"page","link":"https:\/\/www.obgyn-si.org\/kongresi\/endoskopski\/informacije\/","title":{"rendered":"Informacije"},"content":{"rendered":"<h2><span style=\"color: #333399;\">Strokovni te\u010daj: <strong>Te\u010daj endoskopske kirurgije v ginekologiji<\/strong><\/span><\/h2>\n<p><strong>Prizori\u0161\u010de: <\/strong>predavalnica Ginekolo\u0161ke klinike, \u0160lajmerjeva 3, Ljubljana<br \/>\n<strong>\u010cas dogajanja:<\/strong> 23. &#8211; 25. september, 2025<br \/>\n<strong>Kotizacija: 300\u20ac <\/strong>(DDV vklju\u010den) zajema predavanja, zbornik predavanj, osve\u017eitev med odmori in kosilo.<br \/>\n<strong>\u0160tevilo udele\u017eencev:<\/strong> Zaradi vaj omejeno na 25 &#8211; vsa mesta so \u017ee zapolnjena.<br \/>\n<strong>Kreditne to\u010dke:<\/strong> (v postopku)<\/p>\n<h2><span style=\"color: #000080;\">Internacionalni simpozij: <strong>Adenomioza<\/strong><\/span><\/h2>\n<p><strong>Prizori\u0161\u010de: <\/strong>predavalnica Ginekolo\u0161ke klinike, \u0160lajmerjeva 3, Ljubljana<br \/>\n<strong>\u010cas dogajanja:<\/strong> 26. september, 2025<br \/>\n<strong>Kotizacija: 50\u20ac <\/strong>(DDV vklju\u010den) &#8211; za udele\u017eence te\u010daja brezpla\u010dno.<br \/>\n<strong>\u0160tevilo udele\u017eencev:<\/strong> Omejeno na 80.<\/p>\n<hr \/>\n<p><strong>Organizatorji: <\/strong>KO za reprodukcijo in KO za ginekologijo, Ginekolo\u0161ka klinika UKC Ljubljana in\u00a0Dru\u0161tvo za reproduktivno zdravje<br \/>\n<strong>Strokovni odbor:\u00a0<\/strong>Vodja: Doc. dr. Sara Koro\u0161ec, dr. med.<br \/>\n\u010clani: V. \u0160alamun, M. Blaganje, T. Drusany Stari\u010d, B. Kobal, E. Vrta\u010dnik Bokal, M. Barbi\u010d, B. Cvjeti\u0107anin, S. Vre\u010di\u010d Slabe<br \/>\n<strong>Organizacijski odbor:\u00a0<\/strong>Vodja: Eva Skuk, dr. med.<br \/>\n\u010clani: N. Jan\u010dar, B. Po\u017elep, A. Andjeli\u0107, K. Jakopi\u010d Ma\u010dek, V. Jan\u0161a, S. Drobni\u010d, I. Verdenik, S. Ple\u0161a, I. Vider, P. Cigler<\/p>\n<hr \/>\n<p>Prijave na simpozij preko <strong><a href=\"https:\/\/www.obgyn-si.org\/kongresi\/endoskopski\/prijave-2\/\">spletnega obrazca<\/a><\/strong><\/p>\n<p>Morebitne dodatne\u00a0 informacije: Sara Ple\u0161a (01 522 6020)<\/p>\n","protected":false},"excerpt":{"rendered":"<p>Strokovni te\u010daj: Te\u010daj endoskopske kirurgije v ginekologiji Prizori\u0161\u010de: predavalnica Ginekolo\u0161ke klinike, \u0160lajmerjeva 3, Ljubljana \u010cas dogajanja: 23. &#8211; 25. september, 2025 Kotizacija: 300\u20ac (DDV vklju\u010den) zajema predavanja, zbornik predavanj, osve\u017eitev med odmori in kosilo. \u0160tevilo udele\u017eencev: Zaradi vaj omejeno na 25 &#8211; vsa mesta so \u017ee zapolnjena. Kreditne to\u010dke: (v postopku) Internacionalni simpozij: Adenomioza Prizori\u0161\u010de: &hellip; <\/p>\n<p class=\"link-more\"><a href=\"https:\/\/www.obgyn-si.org\/kongresi\/endoskopski\/informacije\/\" class=\"more-link\">Continue reading<span class=\"screen-reader-text\"> &#8220;Informacije&#8221;<\/span><\/a><\/p>\n","protected":false},"author":1,"featured_media":1172,"parent":0,"menu_order":0,"comment_status":"closed","ping_status":"closed","template":"","meta":{"footnotes":""},"class_list":["post-45","page","type-page","status-publish","has-post-thumbnail","hentry"],"yoast_head":"<!-- This site is optimized with the Yoast SEO plugin v26.8 - https:\/\/yoast.com\/product\/yoast-seo-wordpress\/ -->\n<title>Informacije - Adenomioza (spremljevalni simpozij Endoskopskega te\u010daja)<\/title>\n<meta name=\"robots\" content=\"index, follow, max-snippet:-1, max-image-preview:large, max-video-preview:-1\" \/>\n<link rel=\"canonical\" href=\"https:\/\/www.obgyn-si.org\/kongresi\/endoskopski\/informacije\/\" \/>\n<meta property=\"og:locale\" content=\"en_US\" \/>\n<meta property=\"og:type\" content=\"article\" \/>\n<meta property=\"og:title\" content=\"Informacije - Adenomioza (spremljevalni simpozij Endoskopskega te\u010daja)\" \/>\n<meta property=\"og:description\" content=\"Strokovni te\u010daj: Te\u010daj endoskopske kirurgije v ginekologiji Prizori\u0161\u010de: predavalnica Ginekolo\u0161ke klinike, \u0160lajmerjeva 3, Ljubljana \u010cas dogajanja: 23. &#8211; 25. september, 2025 Kotizacija: 300\u20ac (DDV vklju\u010den) zajema predavanja, zbornik predavanj, osve\u017eitev med odmori in kosilo. \u0160tevilo udele\u017eencev: Zaradi vaj omejeno na 25 &#8211; vsa mesta so \u017ee zapolnjena. Kreditne to\u010dke: (v postopku) Internacionalni simpozij: Adenomioza Prizori\u0161\u010de: &hellip; Continue reading &quot;Informacije&quot;\" \/>\n<meta property=\"og:url\" content=\"https:\/\/www.obgyn-si.org\/kongresi\/endoskopski\/informacije\/\" \/>\n<meta property=\"og:site_name\" content=\"Adenomioza (spremljevalni simpozij Endoskopskega te\u010daja)\" \/>\n<meta property=\"article:modified_time\" content=\"2025-09-11T06:55:56+00:00\" \/>\n<meta property=\"og:image\" content=\"https:\/\/www.obgyn-si.org\/kongresi\/endoskopski\/wp-content\/uploads\/sites\/23\/2025\/06\/Lap-5_Red_Dot_logo-e1750062492626.jpg\" \/>\n\t<meta property=\"og:image:width\" content=\"1024\" \/>\n\t<meta property=\"og:image:height\" content=\"576\" \/>\n\t<meta property=\"og:image:type\" content=\"image\/jpeg\" \/>\n<meta name=\"twitter:card\" content=\"summary_large_image\" \/>\n<meta name=\"twitter:label1\" content=\"Est. reading time\" \/>\n\t<meta name=\"twitter:data1\" content=\"1 minute\" \/>\n<script type=\"application\/ld+json\" class=\"yoast-schema-graph\">{\"@context\":\"https:\/\/schema.org\",\"@graph\":[{\"@type\":\"WebPage\",\"@id\":\"https:\/\/www.obgyn-si.org\/kongresi\/endoskopski\/informacije\/\",\"url\":\"https:\/\/www.obgyn-si.org\/kongresi\/endoskopski\/informacije\/\",\"name\":\"Informacije - Adenomioza (spremljevalni simpozij Endoskopskega te\u010daja)\",\"isPartOf\":{\"@id\":\"https:\/\/www.obgyn-si.org\/kongresi\/endoskopski\/#website\"},\"primaryImageOfPage\":{\"@id\":\"https:\/\/www.obgyn-si.org\/kongresi\/endoskopski\/informacije\/#primaryimage\"},\"image\":{\"@id\":\"https:\/\/www.obgyn-si.org\/kongresi\/endoskopski\/informacije\/#primaryimage\"},\"thumbnailUrl\":\"https:\/\/www.obgyn-si.org\/kongresi\/endoskopski\/wp-content\/uploads\/sites\/23\/2025\/06\/Lap-5_Red_Dot_logo-e1750062492626.jpg\",\"datePublished\":\"2018-01-24T08:31:11+00:00\",\"dateModified\":\"2025-09-11T06:55:56+00:00\",\"breadcrumb\":{\"@id\":\"https:\/\/www.obgyn-si.org\/kongresi\/endoskopski\/informacije\/#breadcrumb\"},\"inLanguage\":\"en-US\",\"potentialAction\":[{\"@type\":\"ReadAction\",\"target\":[\"https:\/\/www.obgyn-si.org\/kongresi\/endoskopski\/informacije\/\"]}]},{\"@type\":\"ImageObject\",\"inLanguage\":\"en-US\",\"@id\":\"https:\/\/www.obgyn-si.org\/kongresi\/endoskopski\/informacije\/#primaryimage\",\"url\":\"https:\/\/www.obgyn-si.org\/kongresi\/endoskopski\/wp-content\/uploads\/sites\/23\/2025\/06\/Lap-5_Red_Dot_logo-e1750062492626.jpg\",\"contentUrl\":\"https:\/\/www.obgyn-si.org\/kongresi\/endoskopski\/wp-content\/uploads\/sites\/23\/2025\/06\/Lap-5_Red_Dot_logo-e1750062492626.jpg\",\"width\":1024,\"height\":576},{\"@type\":\"BreadcrumbList\",\"@id\":\"https:\/\/www.obgyn-si.org\/kongresi\/endoskopski\/informacije\/#breadcrumb\",\"itemListElement\":[{\"@type\":\"ListItem\",\"position\":1,\"name\":\"Home\",\"item\":\"https:\/\/www.obgyn-si.org\/kongresi\/endoskopski\/\"},{\"@type\":\"ListItem\",\"position\":2,\"name\":\"Informacije\"}]},{\"@type\":\"WebSite\",\"@id\":\"https:\/\/www.obgyn-si.org\/kongresi\/endoskopski\/#website\",\"url\":\"https:\/\/www.obgyn-si.org\/kongresi\/endoskopski\/\",\"name\":\"Adenomioza (spremljevalni simpozij Endoskopskega te\u010daja)\",\"description\":\"Ljubljana, 23.-26. september 2025\",\"potentialAction\":[{\"@type\":\"SearchAction\",\"target\":{\"@type\":\"EntryPoint\",\"urlTemplate\":\"https:\/\/www.obgyn-si.org\/kongresi\/endoskopski\/?s={search_term_string}\"},\"query-input\":{\"@type\":\"PropertyValueSpecification\",\"valueRequired\":true,\"valueName\":\"search_term_string\"}}],\"inLanguage\":\"en-US\"}]}<\/script>\n<!-- \/ Yoast SEO plugin. -->","yoast_head_json":{"title":"Informacije - Adenomioza (spremljevalni simpozij Endoskopskega te\u010daja)","robots":{"index":"index","follow":"follow","max-snippet":"max-snippet:-1","max-image-preview":"max-image-preview:large","max-video-preview":"max-video-preview:-1"},"canonical":"https:\/\/www.obgyn-si.org\/kongresi\/endoskopski\/informacije\/","og_locale":"en_US","og_type":"article","og_title":"Informacije - Adenomioza (spremljevalni simpozij Endoskopskega te\u010daja)","og_description":"Strokovni te\u010daj: Te\u010daj endoskopske kirurgije v ginekologiji Prizori\u0161\u010de: predavalnica Ginekolo\u0161ke klinike, \u0160lajmerjeva 3, Ljubljana \u010cas dogajanja: 23. &#8211; 25. september, 2025 Kotizacija: 300\u20ac (DDV vklju\u010den) zajema predavanja, zbornik predavanj, osve\u017eitev med odmori in kosilo. \u0160tevilo udele\u017eencev: Zaradi vaj omejeno na 25 &#8211; vsa mesta so \u017ee zapolnjena. Kreditne to\u010dke: (v postopku) Internacionalni simpozij: Adenomioza Prizori\u0161\u010de: &hellip; Continue reading \"Informacije\"","og_url":"https:\/\/www.obgyn-si.org\/kongresi\/endoskopski\/informacije\/","og_site_name":"Adenomioza (spremljevalni simpozij Endoskopskega te\u010daja)","article_modified_time":"2025-09-11T06:55:56+00:00","og_image":[{"width":1024,"height":576,"url":"https:\/\/www.obgyn-si.org\/kongresi\/endoskopski\/wp-content\/uploads\/sites\/23\/2025\/06\/Lap-5_Red_Dot_logo-e1750062492626.jpg","type":"image\/jpeg"}],"twitter_card":"summary_large_image","twitter_misc":{"Est. reading time":"1 minute"},"schema":{"@context":"https:\/\/schema.org","@graph":[{"@type":"WebPage","@id":"https:\/\/www.obgyn-si.org\/kongresi\/endoskopski\/informacije\/","url":"https:\/\/www.obgyn-si.org\/kongresi\/endoskopski\/informacije\/","name":"Informacije - Adenomioza (spremljevalni simpozij Endoskopskega te\u010daja)","isPartOf":{"@id":"https:\/\/www.obgyn-si.org\/kongresi\/endoskopski\/#website"},"primaryImageOfPage":{"@id":"https:\/\/www.obgyn-si.org\/kongresi\/endoskopski\/informacije\/#primaryimage"},"image":{"@id":"https:\/\/www.obgyn-si.org\/kongresi\/endoskopski\/informacije\/#primaryimage"},"thumbnailUrl":"https:\/\/www.obgyn-si.org\/kongresi\/endoskopski\/wp-content\/uploads\/sites\/23\/2025\/06\/Lap-5_Red_Dot_logo-e1750062492626.jpg","datePublished":"2018-01-24T08:31:11+00:00","dateModified":"2025-09-11T06:55:56+00:00","breadcrumb":{"@id":"https:\/\/www.obgyn-si.org\/kongresi\/endoskopski\/informacije\/#breadcrumb"},"inLanguage":"en-US","potentialAction":[{"@type":"ReadAction","target":["https:\/\/www.obgyn-si.org\/kongresi\/endoskopski\/informacije\/"]}]},{"@type":"ImageObject","inLanguage":"en-US","@id":"https:\/\/www.obgyn-si.org\/kongresi\/endoskopski\/informacije\/#primaryimage","url":"https:\/\/www.obgyn-si.org\/kongresi\/endoskopski\/wp-content\/uploads\/sites\/23\/2025\/06\/Lap-5_Red_Dot_logo-e1750062492626.jpg","contentUrl":"https:\/\/www.obgyn-si.org\/kongresi\/endoskopski\/wp-content\/uploads\/sites\/23\/2025\/06\/Lap-5_Red_Dot_logo-e1750062492626.jpg","width":1024,"height":576},{"@type":"BreadcrumbList","@id":"https:\/\/www.obgyn-si.org\/kongresi\/endoskopski\/informacije\/#breadcrumb","itemListElement":[{"@type":"ListItem","position":1,"name":"Home","item":"https:\/\/www.obgyn-si.org\/kongresi\/endoskopski\/"},{"@type":"ListItem","position":2,"name":"Informacije"}]},{"@type":"WebSite","@id":"https:\/\/www.obgyn-si.org\/kongresi\/endoskopski\/#website","url":"https:\/\/www.obgyn-si.org\/kongresi\/endoskopski\/","name":"Adenomioza (spremljevalni simpozij Endoskopskega te\u010daja)","description":"Ljubljana, 23.-26. september 2025","potentialAction":[{"@type":"SearchAction","target":{"@type":"EntryPoint","urlTemplate":"https:\/\/www.obgyn-si.org\/kongresi\/endoskopski\/?s={search_term_string}"},"query-input":{"@type":"PropertyValueSpecification","valueRequired":true,"valueName":"search_term_string"}}],"inLanguage":"en-US"}]}},"_links":{"self":[{"href":"https:\/\/www.obgyn-si.org\/kongresi\/endoskopski\/wp-json\/wp\/v2\/pages\/45","targetHints":{"allow":["GET"]}}],"collection":[{"href":"https:\/\/www.obgyn-si.org\/kongresi\/endoskopski\/wp-json\/wp\/v2\/pages"}],"about":[{"href":"https:\/\/www.obgyn-si.org\/kongresi\/endoskopski\/wp-json\/wp\/v2\/types\/page"}],"author":[{"embeddable":true,"href":"https:\/\/www.obgyn-si.org\/kongresi\/endoskopski\/wp-json\/wp\/v2\/users\/1"}],"replies":[{"embeddable":true,"href":"https:\/\/www.obgyn-si.org\/kongresi\/endoskopski\/wp-json\/wp\/v2\/comments?post=45"}],"version-history":[{"count":43,"href":"https:\/\/www.obgyn-si.org\/kongresi\/endoskopski\/wp-json\/wp\/v2\/pages\/45\/revisions"}],"predecessor-version":[{"id":1314,"href":"https:\/\/www.obgyn-si.org\/kongresi\/endoskopski\/wp-json\/wp\/v2\/pages\/45\/revisions\/1314"}],"wp:featuredmedia":[{"embeddable":true,"href":"https:\/\/www.obgyn-si.org\/kongresi\/endoskopski\/wp-json\/wp\/v2\/media\/1172"}],"wp:attachment":[{"href":"https:\/\/www.obgyn-si.org\/kongresi\/endoskopski\/wp-json\/wp\/v2\/media?parent=45"}],"curies":[{"name":"wp","href":"https:\/\/api.w.org\/{rel}","templated":true}]}}