
{"id":50,"date":"2018-01-24T08:41:09","date_gmt":"2018-01-24T08:41:09","guid":{"rendered":"http:\/\/www.obgyn-si.org\/kongresi\/www-2\/?page_id=50"},"modified":"2025-09-04T08:56:19","modified_gmt":"2025-09-04T08:56:19","slug":"program","status":"publish","type":"page","link":"https:\/\/www.obgyn-si.org\/kongresi\/endoskopski\/program\/","title":{"rendered":"Program Endoskopskega te\u010daja"},"content":{"rendered":"<p><strong>PROGRAM ENDOSKOPSKEGA TE\u010cAJA<br \/>\n<\/strong><strong>Torek, 23. 9. 2025<br \/>\n<\/strong>8.15 &#8211; 8.45 Registracija<br \/>\n8.45 &#8211; 9.00 Uvodni pozdrav vodje te\u010daja in vodstva GK<br \/>\n<strong>Osnove endoskopije v ginekologiji<\/strong><br \/>\nModeratorja: H. Ban Frange\u017e, B. Kobal<br \/>\n9.00 &#8211; 9.20 Minimalno invazivna kirurgija ali kirurgija z minimalno invazivnim pristopom <em>(B. Kobal)<\/em><br \/>\n9.20 &#8211; 9.40 Varen vstop v trebu\u0161no votlino in osnovne laparoskopske tehnike <em>(V. \u0160alamun)<\/em><br \/>\n9.40 &#8211; 10.00 Osnovna laparoskopska anatomija <em>(H. Ban Frange<\/em><em>\u017e)<\/em><br \/>\n10.00 &#8211; 11.00 Prenos operacije in razgovor z operaterji<br \/>\n11.00 &#8211; 11.20 Osnove elektrokirurgije in drugih virov <em>(V. Jan\u0161a)<\/em><br \/>\n11.20 &#8211; 11.40 In\u0161trumenti in naprave v laparoskopiji <em>(M. Barbi\u010d)<\/em><br \/>\n11.40 &#8211; 12.10 Uvod v laparoskopsko \u0161ivanje <em>(M. Blaganje)<\/em><br \/>\n12.10 &#8211; 13.10 Prenos operacije in razgovor z operaterji<br \/>\n13.10 &#8211; 14.00 Odmor za kosilo<br \/>\n14.00 &#8211; 14.30 Kirur\u0161ki laparoskopski zapleti <em>(B. Cvjeti\u0107anin)<\/em><br \/>\n14.30 &#8211; 15.30 Predstavitev endoskopskega stolpa <em>(naknadno)<\/em><br \/>\n15.30 &#8211; 17.30 Vaje na trena\u017eerjih <em>(Karl Storz)<\/em><\/p>\n<p><strong>\u00a0<\/strong><strong>Sreda, 24. 9. 2025<br \/>\n<\/strong><strong>Operativna laparoskopija<br \/>\n<\/strong>Moderatorja: V. \u0160alamun, T. Drusany Stari\u010d<br \/>\n9.00 &#8211; 9.20 Operacije na jajcevodih, adhezioliza <em>(E. Skuk)<\/em><br \/>\n9.20 &#8211; 9.40 Operativno zdravljenje PCOS <em>(A. Andjeli\u0107)<\/em><br \/>\n9.40 &#8211; 10.00 Laparoskopska miomektomija <em>(E. Vrta\u010dnik Bokal)<\/em><br \/>\n10.00 &#8211; 10.30 Komentar operacije in razgovor z operaterji<br \/>\n10.30 &#8211; 11.00 Laparoskopska histerektomija <em>(H. Ban Frange<\/em><em>\u017e)<\/em><br \/>\n11.00 &#8211; 12.00 Komentar operacije in razgovor z operaterji<br \/>\n12.00 &#8211; 12.30 Vloga laparoskopije pri endometriozi <em>(V. \u0160alamun)<\/em><br \/>\n12.30 &#8211; 13.10 Ovarijske mase: laparoskopija benignih\/ suspektnih mas.<br \/>\nVloga laparoskopije pri karcinomu ovarija <em>(T.Drusany Stari\u010d) <\/em><br \/>\n13.10 &#8211; 14.00 Odmor za kosilo<br \/>\n14.00 &#8211; 14.30 Anesteziolo\u0161ka priprava, anestezija in pooperacijski nadzor pri laparoskopiji in histeroskopiji <em>(S. Vre\u010di\u010d <\/em><em>Slabe, K. Maru<\/em><em>\u0161i\u010d Gaser)<\/em><br \/>\n14.30 &#8211; 15.30 Predstavitev in vaje z modernimi laparoskopskimi instrumenti <em>(naknadno)<\/em><br \/>\n15.30 &#8211; 17.30 Vaje na trena\u017eerjih <em>(Karl Storz)<\/em><\/p>\n<p><strong>\u010cetrtek, 21. 9. 2023<\/strong><br \/>\n<strong>Histeroskopija<\/strong><br \/>\nModeratorja: S. Koro\u0161ec, <em>K. Jakopi\u010d Ma\u010dek<\/em><br \/>\n9.00 &#8211; 9.20 Diagnosti\u010dna in operativna histeroskopija <em>(S. Drobni\u010d)<\/em><br \/>\n9.20 &#8211; 9.40 Vloga histeroskopije pri neplodnosti <em>(S. Koro\u0161ec)<\/em><br \/>\n9.40 &#8211; 10.00 Ablacija endometrija <em>(N. Jan\u010dar) <\/em><br \/>\n10.00 &#8211; 10.30 Prenos operacije in razgovor z operaterji<br \/>\n10.30 &#8211; 10.50 Prirojene nepravilnosti maternice <em>(H. Ban Frange<\/em><em>\u017e) <\/em><br \/>\n11.00 &#8211; 11.20 Polipi in miomi <em>(P Cigler) <\/em><br \/>\n11.20 &#8211; 11.50 Prenos operacije in razgovor z operaterji<br \/>\n11.50 &#8211; 12.10 Ambulantna histeroskopija <em>(K. Jakopi\u010d Ma\u010dek)<\/em><br \/>\n12.10 &#8211; 12.30 Histeroskopski zapleti <em>(naknadno)<\/em><br \/>\n12.00 &#8211; 12.30 Prenos operacije in razgovor z operaterji<br \/>\n12.40 &#8211; 13.10 Preizkus znanja<br \/>\n13.10 &#8211; 14.00 Odmor za kosilo<br \/>\n14.00 &#8211; 15.00 Predstavitev in vaje z modernimi laparoskopskimi instrumenti (naknadno)<br \/>\n15.00 &#8211; 17.00. Vaje na trena\u017eerjih <em>(Karl Storz)<\/em><\/p>\n","protected":false},"excerpt":{"rendered":"<p>PROGRAM ENDOSKOPSKEGA TE\u010cAJA Torek, 23. 9. 2025 8.15 &#8211; 8.45 Registracija 8.45 &#8211; 9.00 Uvodni pozdrav vodje te\u010daja in vodstva GK Osnove endoskopije v ginekologiji Moderatorja: H. Ban Frange\u017e, B. Kobal 9.00 &#8211; 9.20 Minimalno invazivna kirurgija ali kirurgija z minimalno invazivnim pristopom (B. Kobal) 9.20 &#8211; 9.40 Varen vstop v trebu\u0161no votlino in osnovne &hellip; <\/p>\n<p class=\"link-more\"><a href=\"https:\/\/www.obgyn-si.org\/kongresi\/endoskopski\/program\/\" class=\"more-link\">Continue reading<span class=\"screen-reader-text\"> &#8220;Program Endoskopskega te\u010daja&#8221;<\/span><\/a><\/p>\n","protected":false},"author":1,"featured_media":1174,"parent":0,"menu_order":0,"comment_status":"closed","ping_status":"closed","template":"","meta":{"footnotes":""},"class_list":["post-50","page","type-page","status-publish","has-post-thumbnail","hentry"],"yoast_head":"<!-- This site is optimized with the Yoast SEO plugin v26.8 - https:\/\/yoast.com\/product\/yoast-seo-wordpress\/ -->\n<title>Program Endoskopskega te\u010daja - Adenomioza (spremljevalni simpozij Endoskopskega te\u010daja)<\/title>\n<meta name=\"robots\" content=\"index, follow, max-snippet:-1, max-image-preview:large, max-video-preview:-1\" \/>\n<link rel=\"canonical\" href=\"https:\/\/www.obgyn-si.org\/kongresi\/endoskopski\/program\/\" \/>\n<meta property=\"og:locale\" content=\"en_US\" \/>\n<meta property=\"og:type\" content=\"article\" \/>\n<meta property=\"og:title\" content=\"Program Endoskopskega te\u010daja - Adenomioza (spremljevalni simpozij Endoskopskega te\u010daja)\" \/>\n<meta property=\"og:description\" content=\"PROGRAM ENDOSKOPSKEGA TE\u010cAJA Torek, 23. 9. 2025 8.15 &#8211; 8.45 Registracija 8.45 &#8211; 9.00 Uvodni pozdrav vodje te\u010daja in vodstva GK Osnove endoskopije v ginekologiji Moderatorja: H. Ban Frange\u017e, B. Kobal 9.00 &#8211; 9.20 Minimalno invazivna kirurgija ali kirurgija z minimalno invazivnim pristopom (B. Kobal) 9.20 &#8211; 9.40 Varen vstop v trebu\u0161no votlino in osnovne &hellip; Continue reading &quot;Program Endoskopskega te\u010daja&quot;\" \/>\n<meta property=\"og:url\" content=\"https:\/\/www.obgyn-si.org\/kongresi\/endoskopski\/program\/\" \/>\n<meta property=\"og:site_name\" content=\"Adenomioza (spremljevalni simpozij Endoskopskega te\u010daja)\" \/>\n<meta property=\"article:modified_time\" content=\"2025-09-04T08:56:19+00:00\" \/>\n<meta property=\"og:image\" content=\"https:\/\/www.obgyn-si.org\/kongresi\/endoskopski\/wp-content\/uploads\/sites\/23\/2025\/06\/empty-room.jpg\" \/>\n\t<meta property=\"og:image:width\" content=\"1622\" \/>\n\t<meta property=\"og:image:height\" content=\"753\" \/>\n\t<meta property=\"og:image:type\" content=\"image\/jpeg\" \/>\n<meta name=\"twitter:card\" content=\"summary_large_image\" \/>\n<meta name=\"twitter:label1\" content=\"Est. reading time\" \/>\n\t<meta name=\"twitter:data1\" content=\"2 minutes\" \/>\n<script type=\"application\/ld+json\" class=\"yoast-schema-graph\">{\"@context\":\"https:\/\/schema.org\",\"@graph\":[{\"@type\":\"WebPage\",\"@id\":\"https:\/\/www.obgyn-si.org\/kongresi\/endoskopski\/program\/\",\"url\":\"https:\/\/www.obgyn-si.org\/kongresi\/endoskopski\/program\/\",\"name\":\"Program Endoskopskega te\u010daja - Adenomioza (spremljevalni simpozij Endoskopskega te\u010daja)\",\"isPartOf\":{\"@id\":\"https:\/\/www.obgyn-si.org\/kongresi\/endoskopski\/#website\"},\"primaryImageOfPage\":{\"@id\":\"https:\/\/www.obgyn-si.org\/kongresi\/endoskopski\/program\/#primaryimage\"},\"image\":{\"@id\":\"https:\/\/www.obgyn-si.org\/kongresi\/endoskopski\/program\/#primaryimage\"},\"thumbnailUrl\":\"https:\/\/www.obgyn-si.org\/kongresi\/endoskopski\/wp-content\/uploads\/sites\/23\/2025\/06\/empty-room.jpg\",\"datePublished\":\"2018-01-24T08:41:09+00:00\",\"dateModified\":\"2025-09-04T08:56:19+00:00\",\"breadcrumb\":{\"@id\":\"https:\/\/www.obgyn-si.org\/kongresi\/endoskopski\/program\/#breadcrumb\"},\"inLanguage\":\"en-US\",\"potentialAction\":[{\"@type\":\"ReadAction\",\"target\":[\"https:\/\/www.obgyn-si.org\/kongresi\/endoskopski\/program\/\"]}]},{\"@type\":\"ImageObject\",\"inLanguage\":\"en-US\",\"@id\":\"https:\/\/www.obgyn-si.org\/kongresi\/endoskopski\/program\/#primaryimage\",\"url\":\"https:\/\/www.obgyn-si.org\/kongresi\/endoskopski\/wp-content\/uploads\/sites\/23\/2025\/06\/empty-room.jpg\",\"contentUrl\":\"https:\/\/www.obgyn-si.org\/kongresi\/endoskopski\/wp-content\/uploads\/sites\/23\/2025\/06\/empty-room.jpg\",\"width\":1622,\"height\":753},{\"@type\":\"BreadcrumbList\",\"@id\":\"https:\/\/www.obgyn-si.org\/kongresi\/endoskopski\/program\/#breadcrumb\",\"itemListElement\":[{\"@type\":\"ListItem\",\"position\":1,\"name\":\"Home\",\"item\":\"https:\/\/www.obgyn-si.org\/kongresi\/endoskopski\/\"},{\"@type\":\"ListItem\",\"position\":2,\"name\":\"Program Endoskopskega te\u010daja\"}]},{\"@type\":\"WebSite\",\"@id\":\"https:\/\/www.obgyn-si.org\/kongresi\/endoskopski\/#website\",\"url\":\"https:\/\/www.obgyn-si.org\/kongresi\/endoskopski\/\",\"name\":\"Adenomioza (spremljevalni simpozij Endoskopskega te\u010daja)\",\"description\":\"Ljubljana, 23.-26. september 2025\",\"potentialAction\":[{\"@type\":\"SearchAction\",\"target\":{\"@type\":\"EntryPoint\",\"urlTemplate\":\"https:\/\/www.obgyn-si.org\/kongresi\/endoskopski\/?s={search_term_string}\"},\"query-input\":{\"@type\":\"PropertyValueSpecification\",\"valueRequired\":true,\"valueName\":\"search_term_string\"}}],\"inLanguage\":\"en-US\"}]}<\/script>\n<!-- \/ Yoast SEO plugin. -->","yoast_head_json":{"title":"Program Endoskopskega te\u010daja - Adenomioza (spremljevalni simpozij Endoskopskega te\u010daja)","robots":{"index":"index","follow":"follow","max-snippet":"max-snippet:-1","max-image-preview":"max-image-preview:large","max-video-preview":"max-video-preview:-1"},"canonical":"https:\/\/www.obgyn-si.org\/kongresi\/endoskopski\/program\/","og_locale":"en_US","og_type":"article","og_title":"Program Endoskopskega te\u010daja - Adenomioza (spremljevalni simpozij Endoskopskega te\u010daja)","og_description":"PROGRAM ENDOSKOPSKEGA TE\u010cAJA Torek, 23. 9. 2025 8.15 &#8211; 8.45 Registracija 8.45 &#8211; 9.00 Uvodni pozdrav vodje te\u010daja in vodstva GK Osnove endoskopije v ginekologiji Moderatorja: H. Ban Frange\u017e, B. Kobal 9.00 &#8211; 9.20 Minimalno invazivna kirurgija ali kirurgija z minimalno invazivnim pristopom (B. Kobal) 9.20 &#8211; 9.40 Varen vstop v trebu\u0161no votlino in osnovne &hellip; Continue reading \"Program Endoskopskega te\u010daja\"","og_url":"https:\/\/www.obgyn-si.org\/kongresi\/endoskopski\/program\/","og_site_name":"Adenomioza (spremljevalni simpozij Endoskopskega te\u010daja)","article_modified_time":"2025-09-04T08:56:19+00:00","og_image":[{"width":1622,"height":753,"url":"https:\/\/www.obgyn-si.org\/kongresi\/endoskopski\/wp-content\/uploads\/sites\/23\/2025\/06\/empty-room.jpg","type":"image\/jpeg"}],"twitter_card":"summary_large_image","twitter_misc":{"Est. reading time":"2 minutes"},"schema":{"@context":"https:\/\/schema.org","@graph":[{"@type":"WebPage","@id":"https:\/\/www.obgyn-si.org\/kongresi\/endoskopski\/program\/","url":"https:\/\/www.obgyn-si.org\/kongresi\/endoskopski\/program\/","name":"Program Endoskopskega te\u010daja - Adenomioza (spremljevalni simpozij Endoskopskega te\u010daja)","isPartOf":{"@id":"https:\/\/www.obgyn-si.org\/kongresi\/endoskopski\/#website"},"primaryImageOfPage":{"@id":"https:\/\/www.obgyn-si.org\/kongresi\/endoskopski\/program\/#primaryimage"},"image":{"@id":"https:\/\/www.obgyn-si.org\/kongresi\/endoskopski\/program\/#primaryimage"},"thumbnailUrl":"https:\/\/www.obgyn-si.org\/kongresi\/endoskopski\/wp-content\/uploads\/sites\/23\/2025\/06\/empty-room.jpg","datePublished":"2018-01-24T08:41:09+00:00","dateModified":"2025-09-04T08:56:19+00:00","breadcrumb":{"@id":"https:\/\/www.obgyn-si.org\/kongresi\/endoskopski\/program\/#breadcrumb"},"inLanguage":"en-US","potentialAction":[{"@type":"ReadAction","target":["https:\/\/www.obgyn-si.org\/kongresi\/endoskopski\/program\/"]}]},{"@type":"ImageObject","inLanguage":"en-US","@id":"https:\/\/www.obgyn-si.org\/kongresi\/endoskopski\/program\/#primaryimage","url":"https:\/\/www.obgyn-si.org\/kongresi\/endoskopski\/wp-content\/uploads\/sites\/23\/2025\/06\/empty-room.jpg","contentUrl":"https:\/\/www.obgyn-si.org\/kongresi\/endoskopski\/wp-content\/uploads\/sites\/23\/2025\/06\/empty-room.jpg","width":1622,"height":753},{"@type":"BreadcrumbList","@id":"https:\/\/www.obgyn-si.org\/kongresi\/endoskopski\/program\/#breadcrumb","itemListElement":[{"@type":"ListItem","position":1,"name":"Home","item":"https:\/\/www.obgyn-si.org\/kongresi\/endoskopski\/"},{"@type":"ListItem","position":2,"name":"Program Endoskopskega te\u010daja"}]},{"@type":"WebSite","@id":"https:\/\/www.obgyn-si.org\/kongresi\/endoskopski\/#website","url":"https:\/\/www.obgyn-si.org\/kongresi\/endoskopski\/","name":"Adenomioza (spremljevalni simpozij Endoskopskega te\u010daja)","description":"Ljubljana, 23.-26. september 2025","potentialAction":[{"@type":"SearchAction","target":{"@type":"EntryPoint","urlTemplate":"https:\/\/www.obgyn-si.org\/kongresi\/endoskopski\/?s={search_term_string}"},"query-input":{"@type":"PropertyValueSpecification","valueRequired":true,"valueName":"search_term_string"}}],"inLanguage":"en-US"}]}},"_links":{"self":[{"href":"https:\/\/www.obgyn-si.org\/kongresi\/endoskopski\/wp-json\/wp\/v2\/pages\/50","targetHints":{"allow":["GET"]}}],"collection":[{"href":"https:\/\/www.obgyn-si.org\/kongresi\/endoskopski\/wp-json\/wp\/v2\/pages"}],"about":[{"href":"https:\/\/www.obgyn-si.org\/kongresi\/endoskopski\/wp-json\/wp\/v2\/types\/page"}],"author":[{"embeddable":true,"href":"https:\/\/www.obgyn-si.org\/kongresi\/endoskopski\/wp-json\/wp\/v2\/users\/1"}],"replies":[{"embeddable":true,"href":"https:\/\/www.obgyn-si.org\/kongresi\/endoskopski\/wp-json\/wp\/v2\/comments?post=50"}],"version-history":[{"count":76,"href":"https:\/\/www.obgyn-si.org\/kongresi\/endoskopski\/wp-json\/wp\/v2\/pages\/50\/revisions"}],"predecessor-version":[{"id":1305,"href":"https:\/\/www.obgyn-si.org\/kongresi\/endoskopski\/wp-json\/wp\/v2\/pages\/50\/revisions\/1305"}],"wp:featuredmedia":[{"embeddable":true,"href":"https:\/\/www.obgyn-si.org\/kongresi\/endoskopski\/wp-json\/wp\/v2\/media\/1174"}],"wp:attachment":[{"href":"https:\/\/www.obgyn-si.org\/kongresi\/endoskopski\/wp-json\/wp\/v2\/media?parent=50"}],"curies":[{"name":"wp","href":"https:\/\/api.w.org\/{rel}","templated":true}]}}