
{"id":6,"date":"2018-01-20T19:07:39","date_gmt":"2018-01-20T19:07:39","guid":{"rendered":"http:\/\/www.obgyn-si.org\/kongresi\/www-2\/?page_id=6"},"modified":"2025-07-01T08:02:12","modified_gmt":"2025-07-01T08:02:12","slug":"predgovor","status":"publish","type":"page","link":"https:\/\/www.obgyn-si.org\/kongresi\/endoskopski\/","title":{"rendered":"Predgovor"},"content":{"rendered":"<div class=\"elementToProof\">Spo\u0161tovane kolegice in kolegi!<\/div>\n<div><\/div>\n<div class=\"elementToProof\">Vabimo vas na internacionalni\u00a0 simpozij z naslovom <b>&#8220;Adenomioza&#8221;<\/b>, ki bo potekal v <b>petek, 26. septembra 2025<\/b>. Simpozij je namenjen specializantom in specialistom ginekologije in porodni\u0161tva, s poudarkom na razumevanju, diagnostiki in zdravljenju adenomioze. Dogodek bo odli\u010dna prilo\u017enost za izmenjavo znanja, izku\u0161enj in strokovnih pogledov.<\/div>\n<div class=\"elementToProof\">Zelo ponosni smo, da bo na simpoziju predaval tudi <b>prof. dr. Jorg\u00a0 Keckstein<\/b>, ki bo spregovoril o aktualnih izzivih diagnostike endometrioze.<\/div>\n<div class=\"elementToProof\"><\/div>\n<div class=\"elementToProof\">Simpozij organiziramo v sklopu tradicionalnega\u00a0 <b>Endoskopskega te\u010daja<\/b>, ki bo potekal od 23. do 25. septembra 2025 in je namenjen specializantom ginekologije in porodni\u0161tva ter mladim specialistom. Endoskopski te\u010daj je priznan kot osnovni modul- Osnove laparoskopije, ki je potreben v \u010dasu specializacije.<\/div>\n<p>Vljudno vabljeni!<\/p>\n<table border=\"0\" width=\"100%\">\n<tbody>\n<tr>\n<td><img loading=\"lazy\" decoding=\"async\" class=\"alignnone wp-image-1135 size-medium\" src=\"http:\/\/www.obgyn-si.org\/kongresi\/endoskopski\/wp-content\/uploads\/sites\/23\/2025\/06\/vesna-200x300.jpeg\" alt=\"\" width=\"200\" height=\"300\" srcset=\"https:\/\/www.obgyn-si.org\/kongresi\/endoskopski\/wp-content\/uploads\/sites\/23\/2025\/06\/vesna-200x300.jpeg 200w, https:\/\/www.obgyn-si.org\/kongresi\/endoskopski\/wp-content\/uploads\/sites\/23\/2025\/06\/vesna-683x1024.jpeg 683w, https:\/\/www.obgyn-si.org\/kongresi\/endoskopski\/wp-content\/uploads\/sites\/23\/2025\/06\/vesna-768x1152.jpeg 768w, https:\/\/www.obgyn-si.org\/kongresi\/endoskopski\/wp-content\/uploads\/sites\/23\/2025\/06\/vesna-1024x1536.jpeg 1024w, https:\/\/www.obgyn-si.org\/kongresi\/endoskopski\/wp-content\/uploads\/sites\/23\/2025\/06\/vesna.jpeg 1200w\" sizes=\"auto, (max-width: 200px) 100vw, 200px\" \/><\/td>\n<td><img loading=\"lazy\" decoding=\"async\" class=\"alignnone size-medium wp-image-1039\" src=\"http:\/\/www.obgyn-si.org\/kongresi\/endoskopski\/wp-content\/uploads\/sites\/23\/2023\/04\/HBF-243x300.jpg\" alt=\"\" width=\"243\" height=\"300\" srcset=\"https:\/\/www.obgyn-si.org\/kongresi\/endoskopski\/wp-content\/uploads\/sites\/23\/2023\/04\/HBF-243x300.jpg 243w, https:\/\/www.obgyn-si.org\/kongresi\/endoskopski\/wp-content\/uploads\/sites\/23\/2023\/04\/HBF-830x1024.jpg 830w, https:\/\/www.obgyn-si.org\/kongresi\/endoskopski\/wp-content\/uploads\/sites\/23\/2023\/04\/HBF-768x947.jpg 768w, https:\/\/www.obgyn-si.org\/kongresi\/endoskopski\/wp-content\/uploads\/sites\/23\/2023\/04\/HBF-1245x1536.jpg 1245w, https:\/\/www.obgyn-si.org\/kongresi\/endoskopski\/wp-content\/uploads\/sites\/23\/2023\/04\/HBF-1661x2048.jpg 1661w, https:\/\/www.obgyn-si.org\/kongresi\/endoskopski\/wp-content\/uploads\/sites\/23\/2023\/04\/HBF.jpg 1723w\" sizes=\"auto, (max-width: 243px) 100vw, 243px\" \/><\/td>\n<\/tr>\n<tr>\n<td>Asist. dr. Vesna \u0160alamun, dr. med.<br \/>\nvodja simpozija<\/td>\n<td>Izr. prof. dr. Helena Ban Frange\u017e, dr. med., vodja te\u010daja<\/td>\n<\/tr>\n<\/tbody>\n<\/table>\n<p>&nbsp;<\/p>\n","protected":false},"excerpt":{"rendered":"<p>Spo\u0161tovane kolegice in kolegi! Vabimo vas na internacionalni\u00a0 simpozij z naslovom &#8220;Adenomioza&#8221;, ki bo potekal v petek, 26. septembra 2025. Simpozij je namenjen specializantom in specialistom ginekologije in porodni\u0161tva, s poudarkom na razumevanju, diagnostiki in zdravljenju adenomioze. Dogodek bo odli\u010dna prilo\u017enost za izmenjavo znanja, izku\u0161enj in strokovnih pogledov. Zelo ponosni smo, da bo na simpoziju &hellip; <\/p>\n<p class=\"link-more\"><a href=\"https:\/\/www.obgyn-si.org\/kongresi\/endoskopski\/\" class=\"more-link\">Continue reading<span class=\"screen-reader-text\"> &#8220;Predgovor&#8221;<\/span><\/a><\/p>\n","protected":false},"author":1,"featured_media":1170,"parent":0,"menu_order":0,"comment_status":"closed","ping_status":"closed","template":"","meta":{"footnotes":""},"class_list":["post-6","page","type-page","status-publish","has-post-thumbnail","hentry"],"yoast_head":"<!-- This site is optimized with the Yoast SEO plugin v26.8 - https:\/\/yoast.com\/product\/yoast-seo-wordpress\/ -->\n<title>Predgovor - Adenomioza (spremljevalni simpozij Endoskopskega te\u010daja)<\/title>\n<meta name=\"robots\" content=\"index, follow, max-snippet:-1, max-image-preview:large, max-video-preview:-1\" \/>\n<link rel=\"canonical\" href=\"https:\/\/www.obgyn-si.org\/kongresi\/endoskopski\/\" \/>\n<meta property=\"og:locale\" content=\"en_US\" \/>\n<meta property=\"og:type\" content=\"article\" \/>\n<meta property=\"og:title\" content=\"Predgovor - Adenomioza (spremljevalni simpozij Endoskopskega te\u010daja)\" \/>\n<meta property=\"og:description\" content=\"Spo\u0161tovane kolegice in kolegi! Vabimo vas na internacionalni\u00a0 simpozij z naslovom &#8220;Adenomioza&#8221;, ki bo potekal v petek, 26. septembra 2025. Simpozij je namenjen specializantom in specialistom ginekologije in porodni\u0161tva, s poudarkom na razumevanju, diagnostiki in zdravljenju adenomioze. Dogodek bo odli\u010dna prilo\u017enost za izmenjavo znanja, izku\u0161enj in strokovnih pogledov. Zelo ponosni smo, da bo na simpoziju &hellip; Continue reading &quot;Predgovor&quot;\" \/>\n<meta property=\"og:url\" content=\"https:\/\/www.obgyn-si.org\/kongresi\/endoskopski\/\" \/>\n<meta property=\"og:site_name\" content=\"Adenomioza (spremljevalni simpozij Endoskopskega te\u010daja)\" \/>\n<meta property=\"article:modified_time\" content=\"2025-07-01T08:02:12+00:00\" \/>\n<meta property=\"og:image\" content=\"https:\/\/www.obgyn-si.org\/kongresi\/endoskopski\/wp-content\/uploads\/sites\/23\/2025\/06\/blog2.jpeg\" \/>\n\t<meta property=\"og:image:width\" content=\"1600\" \/>\n\t<meta property=\"og:image:height\" content=\"1086\" \/>\n\t<meta property=\"og:image:type\" content=\"image\/jpeg\" \/>\n<meta name=\"twitter:card\" content=\"summary_large_image\" \/>\n<meta name=\"twitter:label1\" content=\"Est. reading time\" \/>\n\t<meta name=\"twitter:data1\" content=\"1 minute\" \/>\n<script type=\"application\/ld+json\" class=\"yoast-schema-graph\">{\"@context\":\"https:\/\/schema.org\",\"@graph\":[{\"@type\":\"WebPage\",\"@id\":\"https:\/\/www.obgyn-si.org\/kongresi\/endoskopski\/\",\"url\":\"https:\/\/www.obgyn-si.org\/kongresi\/endoskopski\/\",\"name\":\"Predgovor - Adenomioza (spremljevalni simpozij Endoskopskega te\u010daja)\",\"isPartOf\":{\"@id\":\"https:\/\/www.obgyn-si.org\/kongresi\/endoskopski\/#website\"},\"primaryImageOfPage\":{\"@id\":\"https:\/\/www.obgyn-si.org\/kongresi\/endoskopski\/#primaryimage\"},\"image\":{\"@id\":\"https:\/\/www.obgyn-si.org\/kongresi\/endoskopski\/#primaryimage\"},\"thumbnailUrl\":\"https:\/\/www.obgyn-si.org\/kongresi\/endoskopski\/wp-content\/uploads\/sites\/23\/2025\/06\/blog2.jpeg\",\"datePublished\":\"2018-01-20T19:07:39+00:00\",\"dateModified\":\"2025-07-01T08:02:12+00:00\",\"breadcrumb\":{\"@id\":\"https:\/\/www.obgyn-si.org\/kongresi\/endoskopski\/#breadcrumb\"},\"inLanguage\":\"en-US\",\"potentialAction\":[{\"@type\":\"ReadAction\",\"target\":[\"https:\/\/www.obgyn-si.org\/kongresi\/endoskopski\/\"]}]},{\"@type\":\"ImageObject\",\"inLanguage\":\"en-US\",\"@id\":\"https:\/\/www.obgyn-si.org\/kongresi\/endoskopski\/#primaryimage\",\"url\":\"https:\/\/www.obgyn-si.org\/kongresi\/endoskopski\/wp-content\/uploads\/sites\/23\/2025\/06\/blog2.jpeg\",\"contentUrl\":\"https:\/\/www.obgyn-si.org\/kongresi\/endoskopski\/wp-content\/uploads\/sites\/23\/2025\/06\/blog2.jpeg\",\"width\":1600,\"height\":1086},{\"@type\":\"BreadcrumbList\",\"@id\":\"https:\/\/www.obgyn-si.org\/kongresi\/endoskopski\/#breadcrumb\",\"itemListElement\":[{\"@type\":\"ListItem\",\"position\":1,\"name\":\"Home\",\"item\":\"https:\/\/www.obgyn-si.org\/kongresi\/endoskopski\/\"},{\"@type\":\"ListItem\",\"position\":2,\"name\":\"Predgovor\"}]},{\"@type\":\"WebSite\",\"@id\":\"https:\/\/www.obgyn-si.org\/kongresi\/endoskopski\/#website\",\"url\":\"https:\/\/www.obgyn-si.org\/kongresi\/endoskopski\/\",\"name\":\"Adenomioza (spremljevalni simpozij Endoskopskega te\u010daja)\",\"description\":\"Ljubljana, 23.-26. september 2025\",\"potentialAction\":[{\"@type\":\"SearchAction\",\"target\":{\"@type\":\"EntryPoint\",\"urlTemplate\":\"https:\/\/www.obgyn-si.org\/kongresi\/endoskopski\/?s={search_term_string}\"},\"query-input\":{\"@type\":\"PropertyValueSpecification\",\"valueRequired\":true,\"valueName\":\"search_term_string\"}}],\"inLanguage\":\"en-US\"}]}<\/script>\n<!-- \/ Yoast SEO plugin. -->","yoast_head_json":{"title":"Predgovor - Adenomioza (spremljevalni simpozij Endoskopskega te\u010daja)","robots":{"index":"index","follow":"follow","max-snippet":"max-snippet:-1","max-image-preview":"max-image-preview:large","max-video-preview":"max-video-preview:-1"},"canonical":"https:\/\/www.obgyn-si.org\/kongresi\/endoskopski\/","og_locale":"en_US","og_type":"article","og_title":"Predgovor - Adenomioza (spremljevalni simpozij Endoskopskega te\u010daja)","og_description":"Spo\u0161tovane kolegice in kolegi! Vabimo vas na internacionalni\u00a0 simpozij z naslovom &#8220;Adenomioza&#8221;, ki bo potekal v petek, 26. septembra 2025. Simpozij je namenjen specializantom in specialistom ginekologije in porodni\u0161tva, s poudarkom na razumevanju, diagnostiki in zdravljenju adenomioze. Dogodek bo odli\u010dna prilo\u017enost za izmenjavo znanja, izku\u0161enj in strokovnih pogledov. Zelo ponosni smo, da bo na simpoziju &hellip; Continue reading \"Predgovor\"","og_url":"https:\/\/www.obgyn-si.org\/kongresi\/endoskopski\/","og_site_name":"Adenomioza (spremljevalni simpozij Endoskopskega te\u010daja)","article_modified_time":"2025-07-01T08:02:12+00:00","og_image":[{"width":1600,"height":1086,"url":"https:\/\/www.obgyn-si.org\/kongresi\/endoskopski\/wp-content\/uploads\/sites\/23\/2025\/06\/blog2.jpeg","type":"image\/jpeg"}],"twitter_card":"summary_large_image","twitter_misc":{"Est. reading time":"1 minute"},"schema":{"@context":"https:\/\/schema.org","@graph":[{"@type":"WebPage","@id":"https:\/\/www.obgyn-si.org\/kongresi\/endoskopski\/","url":"https:\/\/www.obgyn-si.org\/kongresi\/endoskopski\/","name":"Predgovor - Adenomioza (spremljevalni simpozij Endoskopskega te\u010daja)","isPartOf":{"@id":"https:\/\/www.obgyn-si.org\/kongresi\/endoskopski\/#website"},"primaryImageOfPage":{"@id":"https:\/\/www.obgyn-si.org\/kongresi\/endoskopski\/#primaryimage"},"image":{"@id":"https:\/\/www.obgyn-si.org\/kongresi\/endoskopski\/#primaryimage"},"thumbnailUrl":"https:\/\/www.obgyn-si.org\/kongresi\/endoskopski\/wp-content\/uploads\/sites\/23\/2025\/06\/blog2.jpeg","datePublished":"2018-01-20T19:07:39+00:00","dateModified":"2025-07-01T08:02:12+00:00","breadcrumb":{"@id":"https:\/\/www.obgyn-si.org\/kongresi\/endoskopski\/#breadcrumb"},"inLanguage":"en-US","potentialAction":[{"@type":"ReadAction","target":["https:\/\/www.obgyn-si.org\/kongresi\/endoskopski\/"]}]},{"@type":"ImageObject","inLanguage":"en-US","@id":"https:\/\/www.obgyn-si.org\/kongresi\/endoskopski\/#primaryimage","url":"https:\/\/www.obgyn-si.org\/kongresi\/endoskopski\/wp-content\/uploads\/sites\/23\/2025\/06\/blog2.jpeg","contentUrl":"https:\/\/www.obgyn-si.org\/kongresi\/endoskopski\/wp-content\/uploads\/sites\/23\/2025\/06\/blog2.jpeg","width":1600,"height":1086},{"@type":"BreadcrumbList","@id":"https:\/\/www.obgyn-si.org\/kongresi\/endoskopski\/#breadcrumb","itemListElement":[{"@type":"ListItem","position":1,"name":"Home","item":"https:\/\/www.obgyn-si.org\/kongresi\/endoskopski\/"},{"@type":"ListItem","position":2,"name":"Predgovor"}]},{"@type":"WebSite","@id":"https:\/\/www.obgyn-si.org\/kongresi\/endoskopski\/#website","url":"https:\/\/www.obgyn-si.org\/kongresi\/endoskopski\/","name":"Adenomioza (spremljevalni simpozij Endoskopskega te\u010daja)","description":"Ljubljana, 23.-26. september 2025","potentialAction":[{"@type":"SearchAction","target":{"@type":"EntryPoint","urlTemplate":"https:\/\/www.obgyn-si.org\/kongresi\/endoskopski\/?s={search_term_string}"},"query-input":{"@type":"PropertyValueSpecification","valueRequired":true,"valueName":"search_term_string"}}],"inLanguage":"en-US"}]}},"_links":{"self":[{"href":"https:\/\/www.obgyn-si.org\/kongresi\/endoskopski\/wp-json\/wp\/v2\/pages\/6","targetHints":{"allow":["GET"]}}],"collection":[{"href":"https:\/\/www.obgyn-si.org\/kongresi\/endoskopski\/wp-json\/wp\/v2\/pages"}],"about":[{"href":"https:\/\/www.obgyn-si.org\/kongresi\/endoskopski\/wp-json\/wp\/v2\/types\/page"}],"author":[{"embeddable":true,"href":"https:\/\/www.obgyn-si.org\/kongresi\/endoskopski\/wp-json\/wp\/v2\/users\/1"}],"replies":[{"embeddable":true,"href":"https:\/\/www.obgyn-si.org\/kongresi\/endoskopski\/wp-json\/wp\/v2\/comments?post=6"}],"version-history":[{"count":34,"href":"https:\/\/www.obgyn-si.org\/kongresi\/endoskopski\/wp-json\/wp\/v2\/pages\/6\/revisions"}],"predecessor-version":[{"id":1185,"href":"https:\/\/www.obgyn-si.org\/kongresi\/endoskopski\/wp-json\/wp\/v2\/pages\/6\/revisions\/1185"}],"wp:featuredmedia":[{"embeddable":true,"href":"https:\/\/www.obgyn-si.org\/kongresi\/endoskopski\/wp-json\/wp\/v2\/media\/1170"}],"wp:attachment":[{"href":"https:\/\/www.obgyn-si.org\/kongresi\/endoskopski\/wp-json\/wp\/v2\/media?parent=6"}],"curies":[{"name":"wp","href":"https:\/\/api.w.org\/{rel}","templated":true}]}}