
{"id":45,"date":"2018-01-24T08:31:11","date_gmt":"2018-01-24T08:31:11","guid":{"rendered":"http:\/\/www.obgyn-si.org\/kongresi\/www-2\/?page_id=45"},"modified":"2025-02-13T08:25:20","modified_gmt":"2025-02-13T08:25:20","slug":"informacije","status":"publish","type":"page","link":"https:\/\/www.obgyn-si.org\/kongresi\/gin-onko\/informacije\/","title":{"rendered":"Informacije"},"content":{"rendered":"<h4><em>GINEKOLO\u0160KO ONKOLO\u0160KI SIMPOZIJ 2025<\/em><\/h4>\n<p><strong>Prizori\u0161\u010de:\u00a0 <\/strong>Predavalnica Ginekolo\u0161ke klinike, \u0160lajmerjeva 3, Ljubljana in Center Rog, Trubarjeva 72, Ljubljana<\/p>\n<p><strong>\u010cas dogajanja:<\/strong>\u00a0 3. in 4. april, 2025<\/p>\n<p><strong>Organizatorji:\u00a0 <\/strong>Zdru\u017eenje ginekologov in porodni\u010darjev Slovenije<br \/>\nKO za ginekologijo, Ginekolo\u0161ka klinika UKC Ljubljana<br \/>\nZdru\u017eenje za ginekolo\u0161ko onkologijo, kolposkopijo in cervikalno patologijo Slovenije<\/p>\n<p><strong>Strokovni odbor: <\/strong>Borut Kobal, Branko Cvjeti\u010danin, Kristina Drusany Stari\u010d, \u0160pela Smrkolj, Vid Jan\u0161a, Sne\u017eana Frkovi\u0107 Grazio, Marina Jakimovska Stefanovska, Maja Paki\u017e, Jure Knez, Andrej Cokan, Iztok Taka\u010d, Maja Krajec, Sebastjan Merlo, Nina Kova\u010devi\u010d, Barbara \u0160egedin, Helena Zobec Logar, Ana Perpar, Erik \u0160kof, Jakob Koren, Mojca Grebenc<\/p>\n<p><strong>Organizacijski odbor: <\/strong>Vid Jan\u0161a, \u0160pela Smrkolj, Nata\u0161a Kenda \u0160uster, Tina Kuni\u010d Pir\u0161, Luka Kova\u010d, Mateja Lasi\u010d, Bo\u0161tjan Pir\u0161, Iza Predani\u010d Drobne, David Lukanovi\u0107<\/p>\n<p><strong>Kotizacija: Prvi dan na GK brez kotizacije;<br \/>\ndrugi dan v centru Rog: <\/strong><strong>50\u20ac (specialisti), 20\u20ac (specializanti, medicinske sestre in drugi)<\/strong><\/p>\n<p><strong>\u0160tevilo udele\u017eencev:<\/strong> Prvi dan omejeno na 75, drugi dan omejeno na 140<\/p>\n<p><strong>Kreditne to\u010dke:<\/strong> (v postopku)<\/p>\n<p><strong>Prijave\u00a0 <\/strong>preko<strong> \u00a0<a href=\"https:\/\/www.obgyn-si.org\/kongresi\/gin-onko\/prijave-2\/\">spletnega obrazca<\/a><\/strong><\/p>\n","protected":false},"excerpt":{"rendered":"<p>GINEKOLO\u0160KO ONKOLO\u0160KI SIMPOZIJ 2025 Prizori\u0161\u010de:\u00a0 Predavalnica Ginekolo\u0161ke klinike, \u0160lajmerjeva 3, Ljubljana in Center Rog, Trubarjeva 72, Ljubljana \u010cas dogajanja:\u00a0 3. in 4. april, 2025 Organizatorji:\u00a0 Zdru\u017eenje ginekologov in porodni\u010darjev Slovenije KO za ginekologijo, Ginekolo\u0161ka klinika UKC Ljubljana Zdru\u017eenje za ginekolo\u0161ko onkologijo, kolposkopijo in cervikalno patologijo Slovenije Strokovni odbor: Borut Kobal, Branko Cvjeti\u010danin, Kristina Drusany Stari\u010d,&hellip; <a class=\"more-link\" href=\"https:\/\/www.obgyn-si.org\/kongresi\/gin-onko\/informacije\/\">Continue reading <span class=\"screen-reader-text\">Informacije<\/span><\/a><\/p>\n","protected":false},"author":1,"featured_media":1109,"parent":0,"menu_order":0,"comment_status":"closed","ping_status":"closed","template":"","meta":{"footnotes":""},"class_list":["post-45","page","type-page","status-publish","has-post-thumbnail","hentry","entry"],"yoast_head":"<!-- This site is optimized with the Yoast SEO plugin v26.8 - https:\/\/yoast.com\/product\/yoast-seo-wordpress\/ -->\n<title>Informacije - Ginekolo\u0161ko onkolo\u0161ki simpozij<\/title>\n<meta name=\"robots\" content=\"index, follow, max-snippet:-1, max-image-preview:large, max-video-preview:-1\" \/>\n<link rel=\"canonical\" href=\"https:\/\/www.obgyn-si.org\/kongresi\/gin-onko\/informacije\/\" \/>\n<meta property=\"og:locale\" content=\"en_US\" \/>\n<meta property=\"og:type\" content=\"article\" \/>\n<meta property=\"og:title\" content=\"Informacije - Ginekolo\u0161ko onkolo\u0161ki simpozij\" \/>\n<meta property=\"og:description\" content=\"GINEKOLO\u0160KO ONKOLO\u0160KI SIMPOZIJ 2025 Prizori\u0161\u010de:\u00a0 Predavalnica Ginekolo\u0161ke klinike, \u0160lajmerjeva 3, Ljubljana in Center Rog, Trubarjeva 72, Ljubljana \u010cas dogajanja:\u00a0 3. in 4. april, 2025 Organizatorji:\u00a0 Zdru\u017eenje ginekologov in porodni\u010darjev Slovenije KO za ginekologijo, Ginekolo\u0161ka klinika UKC Ljubljana Zdru\u017eenje za ginekolo\u0161ko onkologijo, kolposkopijo in cervikalno patologijo Slovenije Strokovni odbor: Borut Kobal, Branko Cvjeti\u010danin, Kristina Drusany Stari\u010d,&hellip; Continue reading Informacije\" \/>\n<meta property=\"og:url\" content=\"https:\/\/www.obgyn-si.org\/kongresi\/gin-onko\/informacije\/\" \/>\n<meta property=\"og:site_name\" content=\"Ginekolo\u0161ko onkolo\u0161ki simpozij\" \/>\n<meta property=\"article:modified_time\" content=\"2025-02-13T08:25:20+00:00\" \/>\n<meta property=\"og:image\" content=\"https:\/\/www.obgyn-si.org\/kongresi\/gin-onko\/wp-content\/uploads\/sites\/22\/2025\/02\/WHI-Colposcopy.jpg\" \/>\n\t<meta property=\"og:image:width\" content=\"1224\" \/>\n\t<meta property=\"og:image:height\" content=\"816\" \/>\n\t<meta property=\"og:image:type\" content=\"image\/jpeg\" \/>\n<meta name=\"twitter:card\" content=\"summary_large_image\" \/>\n<meta name=\"twitter:label1\" content=\"Est. reading time\" \/>\n\t<meta name=\"twitter:data1\" content=\"1 minute\" \/>\n<script type=\"application\/ld+json\" class=\"yoast-schema-graph\">{\"@context\":\"https:\/\/schema.org\",\"@graph\":[{\"@type\":\"WebPage\",\"@id\":\"https:\/\/www.obgyn-si.org\/kongresi\/gin-onko\/informacije\/\",\"url\":\"https:\/\/www.obgyn-si.org\/kongresi\/gin-onko\/informacije\/\",\"name\":\"Informacije - Ginekolo\u0161ko onkolo\u0161ki simpozij\",\"isPartOf\":{\"@id\":\"https:\/\/www.obgyn-si.org\/kongresi\/gin-onko\/#website\"},\"primaryImageOfPage\":{\"@id\":\"https:\/\/www.obgyn-si.org\/kongresi\/gin-onko\/informacije\/#primaryimage\"},\"image\":{\"@id\":\"https:\/\/www.obgyn-si.org\/kongresi\/gin-onko\/informacije\/#primaryimage\"},\"thumbnailUrl\":\"https:\/\/www.obgyn-si.org\/kongresi\/gin-onko\/wp-content\/uploads\/sites\/22\/2025\/02\/WHI-Colposcopy.jpg\",\"datePublished\":\"2018-01-24T08:31:11+00:00\",\"dateModified\":\"2025-02-13T08:25:20+00:00\",\"breadcrumb\":{\"@id\":\"https:\/\/www.obgyn-si.org\/kongresi\/gin-onko\/informacije\/#breadcrumb\"},\"inLanguage\":\"en-US\",\"potentialAction\":[{\"@type\":\"ReadAction\",\"target\":[\"https:\/\/www.obgyn-si.org\/kongresi\/gin-onko\/informacije\/\"]}]},{\"@type\":\"ImageObject\",\"inLanguage\":\"en-US\",\"@id\":\"https:\/\/www.obgyn-si.org\/kongresi\/gin-onko\/informacije\/#primaryimage\",\"url\":\"https:\/\/www.obgyn-si.org\/kongresi\/gin-onko\/wp-content\/uploads\/sites\/22\/2025\/02\/WHI-Colposcopy.jpg\",\"contentUrl\":\"https:\/\/www.obgyn-si.org\/kongresi\/gin-onko\/wp-content\/uploads\/sites\/22\/2025\/02\/WHI-Colposcopy.jpg\",\"width\":1224,\"height\":816},{\"@type\":\"BreadcrumbList\",\"@id\":\"https:\/\/www.obgyn-si.org\/kongresi\/gin-onko\/informacije\/#breadcrumb\",\"itemListElement\":[{\"@type\":\"ListItem\",\"position\":1,\"name\":\"Home\",\"item\":\"https:\/\/www.obgyn-si.org\/kongresi\/gin-onko\/\"},{\"@type\":\"ListItem\",\"position\":2,\"name\":\"Informacije\"}]},{\"@type\":\"WebSite\",\"@id\":\"https:\/\/www.obgyn-si.org\/kongresi\/gin-onko\/#website\",\"url\":\"https:\/\/www.obgyn-si.org\/kongresi\/gin-onko\/\",\"name\":\"Ginekolo\u0161ko onkolo\u0161ki simpozij\",\"description\":\"Ljubljana, 3. in 4. april 2025\",\"potentialAction\":[{\"@type\":\"SearchAction\",\"target\":{\"@type\":\"EntryPoint\",\"urlTemplate\":\"https:\/\/www.obgyn-si.org\/kongresi\/gin-onko\/?s={search_term_string}\"},\"query-input\":{\"@type\":\"PropertyValueSpecification\",\"valueRequired\":true,\"valueName\":\"search_term_string\"}}],\"inLanguage\":\"en-US\"}]}<\/script>\n<!-- \/ Yoast SEO plugin. -->","yoast_head_json":{"title":"Informacije - Ginekolo\u0161ko onkolo\u0161ki simpozij","robots":{"index":"index","follow":"follow","max-snippet":"max-snippet:-1","max-image-preview":"max-image-preview:large","max-video-preview":"max-video-preview:-1"},"canonical":"https:\/\/www.obgyn-si.org\/kongresi\/gin-onko\/informacije\/","og_locale":"en_US","og_type":"article","og_title":"Informacije - Ginekolo\u0161ko onkolo\u0161ki simpozij","og_description":"GINEKOLO\u0160KO ONKOLO\u0160KI SIMPOZIJ 2025 Prizori\u0161\u010de:\u00a0 Predavalnica Ginekolo\u0161ke klinike, \u0160lajmerjeva 3, Ljubljana in Center Rog, Trubarjeva 72, Ljubljana \u010cas dogajanja:\u00a0 3. in 4. april, 2025 Organizatorji:\u00a0 Zdru\u017eenje ginekologov in porodni\u010darjev Slovenije KO za ginekologijo, Ginekolo\u0161ka klinika UKC Ljubljana Zdru\u017eenje za ginekolo\u0161ko onkologijo, kolposkopijo in cervikalno patologijo Slovenije Strokovni odbor: Borut Kobal, Branko Cvjeti\u010danin, Kristina Drusany Stari\u010d,&hellip; Continue reading Informacije","og_url":"https:\/\/www.obgyn-si.org\/kongresi\/gin-onko\/informacije\/","og_site_name":"Ginekolo\u0161ko onkolo\u0161ki simpozij","article_modified_time":"2025-02-13T08:25:20+00:00","og_image":[{"width":1224,"height":816,"url":"https:\/\/www.obgyn-si.org\/kongresi\/gin-onko\/wp-content\/uploads\/sites\/22\/2025\/02\/WHI-Colposcopy.jpg","type":"image\/jpeg"}],"twitter_card":"summary_large_image","twitter_misc":{"Est. reading time":"1 minute"},"schema":{"@context":"https:\/\/schema.org","@graph":[{"@type":"WebPage","@id":"https:\/\/www.obgyn-si.org\/kongresi\/gin-onko\/informacije\/","url":"https:\/\/www.obgyn-si.org\/kongresi\/gin-onko\/informacije\/","name":"Informacije - Ginekolo\u0161ko onkolo\u0161ki simpozij","isPartOf":{"@id":"https:\/\/www.obgyn-si.org\/kongresi\/gin-onko\/#website"},"primaryImageOfPage":{"@id":"https:\/\/www.obgyn-si.org\/kongresi\/gin-onko\/informacije\/#primaryimage"},"image":{"@id":"https:\/\/www.obgyn-si.org\/kongresi\/gin-onko\/informacije\/#primaryimage"},"thumbnailUrl":"https:\/\/www.obgyn-si.org\/kongresi\/gin-onko\/wp-content\/uploads\/sites\/22\/2025\/02\/WHI-Colposcopy.jpg","datePublished":"2018-01-24T08:31:11+00:00","dateModified":"2025-02-13T08:25:20+00:00","breadcrumb":{"@id":"https:\/\/www.obgyn-si.org\/kongresi\/gin-onko\/informacije\/#breadcrumb"},"inLanguage":"en-US","potentialAction":[{"@type":"ReadAction","target":["https:\/\/www.obgyn-si.org\/kongresi\/gin-onko\/informacije\/"]}]},{"@type":"ImageObject","inLanguage":"en-US","@id":"https:\/\/www.obgyn-si.org\/kongresi\/gin-onko\/informacije\/#primaryimage","url":"https:\/\/www.obgyn-si.org\/kongresi\/gin-onko\/wp-content\/uploads\/sites\/22\/2025\/02\/WHI-Colposcopy.jpg","contentUrl":"https:\/\/www.obgyn-si.org\/kongresi\/gin-onko\/wp-content\/uploads\/sites\/22\/2025\/02\/WHI-Colposcopy.jpg","width":1224,"height":816},{"@type":"BreadcrumbList","@id":"https:\/\/www.obgyn-si.org\/kongresi\/gin-onko\/informacije\/#breadcrumb","itemListElement":[{"@type":"ListItem","position":1,"name":"Home","item":"https:\/\/www.obgyn-si.org\/kongresi\/gin-onko\/"},{"@type":"ListItem","position":2,"name":"Informacije"}]},{"@type":"WebSite","@id":"https:\/\/www.obgyn-si.org\/kongresi\/gin-onko\/#website","url":"https:\/\/www.obgyn-si.org\/kongresi\/gin-onko\/","name":"Ginekolo\u0161ko onkolo\u0161ki simpozij","description":"Ljubljana, 3. in 4. april 2025","potentialAction":[{"@type":"SearchAction","target":{"@type":"EntryPoint","urlTemplate":"https:\/\/www.obgyn-si.org\/kongresi\/gin-onko\/?s={search_term_string}"},"query-input":{"@type":"PropertyValueSpecification","valueRequired":true,"valueName":"search_term_string"}}],"inLanguage":"en-US"}]}},"_links":{"self":[{"href":"https:\/\/www.obgyn-si.org\/kongresi\/gin-onko\/wp-json\/wp\/v2\/pages\/45","targetHints":{"allow":["GET"]}}],"collection":[{"href":"https:\/\/www.obgyn-si.org\/kongresi\/gin-onko\/wp-json\/wp\/v2\/pages"}],"about":[{"href":"https:\/\/www.obgyn-si.org\/kongresi\/gin-onko\/wp-json\/wp\/v2\/types\/page"}],"author":[{"embeddable":true,"href":"https:\/\/www.obgyn-si.org\/kongresi\/gin-onko\/wp-json\/wp\/v2\/users\/1"}],"replies":[{"embeddable":true,"href":"https:\/\/www.obgyn-si.org\/kongresi\/gin-onko\/wp-json\/wp\/v2\/comments?post=45"}],"version-history":[{"count":38,"href":"https:\/\/www.obgyn-si.org\/kongresi\/gin-onko\/wp-json\/wp\/v2\/pages\/45\/revisions"}],"predecessor-version":[{"id":1122,"href":"https:\/\/www.obgyn-si.org\/kongresi\/gin-onko\/wp-json\/wp\/v2\/pages\/45\/revisions\/1122"}],"wp:featuredmedia":[{"embeddable":true,"href":"https:\/\/www.obgyn-si.org\/kongresi\/gin-onko\/wp-json\/wp\/v2\/media\/1109"}],"wp:attachment":[{"href":"https:\/\/www.obgyn-si.org\/kongresi\/gin-onko\/wp-json\/wp\/v2\/media?parent=45"}],"curies":[{"name":"wp","href":"https:\/\/api.w.org\/{rel}","templated":true}]}}