
{"id":50,"date":"2018-01-24T08:41:09","date_gmt":"2018-01-24T08:41:09","guid":{"rendered":"http:\/\/www.obgyn-si.org\/kongresi\/www-2\/?page_id=50"},"modified":"2025-02-19T07:35:03","modified_gmt":"2025-02-19T07:35:03","slug":"program","status":"publish","type":"page","link":"https:\/\/www.obgyn-si.org\/kongresi\/gin-onko\/program\/","title":{"rendered":"Program"},"content":{"rendered":"<strong>IZBRANE TEME IZ GINEKOLO\u0160KE ONKOLOGIJE\r\n<\/strong><strong>\u010cetrtek, 3.4.2025, predavalnica GK<\/strong>\r\n\r\n14:30 \u2013 14:45 Registracija\r\n14:45 \u2013 14:50 Uvodni pozdrav (B. Kobal)\r\n\r\n1. Sklop (moderatorji: Kenda \u0160uster)\r\n\r\n14:50 &#8211; 15:10 Komunikacija z onkolo\u0161ko bolnico (N. Kenda \u0160uster)\r\n15:10 \u2013 15:40 Kaj \u017eeli patolog sporo\u010diti mladim ginekologom? (S. Frkovi\u0107 Grazio)\r\n15:40 \u2013 16:00 Satelitsko predavanje Medison Pharma\r\n16:00 \u2013 16:15 Pojasnilna dol\u017enost (D. Lukanovi\u0107)\r\n16:15 \u2013 16:35 Satelitsko predavanje: Nova smer v zdravljenju raka endometrija (durvalumab\/olaparib) (E.\u0160kof)\r\n16:35 \u2013 16:55 Sexual Health issues in oncological patients &#8211; are we ready to talk about sex with them when they fighting for life? (K. Nowosielski)\r\n\r\n<strong>16:55 \u2013 17:30 Odmor s kavo<\/strong>\r\n\r\n2. Sklop (moderatorji: K. Drusany Stari\u010d)\r\n\r\n17:30 \u2013 17:45 Radikalna vaginalna kirurgija \u2013 zakaj je \u0161e vedno smiselna in na\u0161 pristop k njej (M. Barbi\u010d)\r\n18:00 \u2013 18:10 Sarkopenija in kaheksija \u2013 je to sploh pomembno pri bolnicah z ginekolo\u0161kim rakom? (V. Jan\u0161a, M. Lukan)\r\n18:10 \u2013 18:20 Satelitsko predavanja Abbott\r\n18:20 \u2013 18:35 Fistule spodnjih se\u010dil kot zaplet onkolo\u0161kega zdravljenja \u2013 prikaz na\u0161ih izku\u0161enj (M. Blaganje)\r\n18:35 \u2013 18: 55 Satelitsko predavanje Ewopharma: Zdravljenje anemije z intravenozno aplikacijo \u017eeleza pred in po kirur\u0161kem zdravljenju (V. Jan\u0161a)\r\n18:55 \u2013 19:10 Ginekolo\u0161ki raki pri otrocih in mladostnicah (M. Jakimovska)\r\n\r\nZaklju\u010dek\r\n\r\n<strong>DILEME PRI ZDRAVLJENJU RAKA MATERNI\u010cNEGA VRATU\r\n<\/strong><strong>Petek, 4.4.2025, center Rog<\/strong>\r\n\r\n8:00 \u2013 8:15 Registracija\r\n8:15 \u2013 8:30 Uvodni pozdrav (B. Kobal)\r\n\r\n1. Sklop (moderatorji: Cvjeti\u010danin, S. Merlo)\r\n\r\n8:30-8:45 Predstavitev bolnice z rakom materni\u010dnega vratu na Ginekolo\u0161ko onkolo\u0161kem konziliju (B. Cvjeti\u010danin)\r\n8:45 \u2013 9:05 Standardiziran patohistolo\u0161ki izvid cervikalne patologije (S. Frkovi\u0107 Grazio)\r\n9:05 \u2013 9:20 Slikovna diagnostika pri bolnici z rakom materni\u010dnega vratu \u2013 kak\u0161no je mesto ekspertnega ultrazvoka? (K. Jakopi\u010d Ma\u010dek)\r\n9:20 \u2013 9:40 Dileme pri kirur\u0161kem zdravljenju raka materni\u010dnega vratu (FIGO stadij 1B2 in 1B3) (V. Jan\u0161a)\r\n9:40 \u2013 10:00 Radioterapija po kirur\u0161kem zdravljenju (A. Perpar)\r\n\r\n<strong>10:00 \u2013 10:30 Odmor s kavo<\/strong>\r\n\r\n2. Sklop (moderatorji: J. Knez, B. Kobal)\r\n\r\n10:30 \u2013 10:55 Surgical management of early cervical cancer in the era of molecular sentinel node\u00a0analysis using OSNA. (K. Nowosielski)\r\n10:55 \u2013 11:20 SNB pred radikalnim kirur\u0161kim zdravljenjem \u2013 na\u0161e izku\u0161nje (L. Kova\u010d in J. Mlakar)\r\n11:20- 11:50 Paraaortna limfadenektomija pri lokalno napredovalem raku materni\u010dnega vratu \u2013 pro et contra (pro: B. Kobal, A. Cokan; contra:\u00a0 J. Knez, B. Pir\u0161)\r\n11:50 \u2013 12:10 Zdravljenja raka materni\u010dnega vratu z ohranitvijo rodne zmo\u017enosti (M. Paki\u017e)\r\n12:10 \u2013 12:30 Vloga neoadjuvantne kemoterapije (A. Mandi\u0107)\r\n12:30 \u2013 12:50 Redki tumorji materni\u010dnega vratu (K. Drusany Stari\u010d, J. Calleja Agius)\r\n\r\n<strong>12:50 \u2013 13.10 Odmor s kavo<\/strong>\r\n\r\n3. Sklop (moderatorji: N. Kova\u010devi\u010d, A. Dovnik)\r\n\r\n13:10 \u2013 14:00 Minimalnmo invazivna kirurgija pri bolnicah z rakom materni\u010dnega vratu (D. Querleu)\r\n14:00 \u2013 14:20 Sistemsko zdravljenje pri raku materni\u010dnega vratu \u2013 je vse jasno? (E. \u0160kof)\r\n14:20 \u2013 14:40 Cepljenje proti HPV po zdravljenju raka materni\u010dnega vratu in pri rizi\u010dnih skupinah bolnikov (\u0160. Smrkolj, M. Lasi\u010d)\r\n14:40 \u2013 15:00 Adenokarcinom in situ \u2013 kako radikalni moramo biti? (L. Megli\u010d)\r\n\r\n<strong>15:00-16:10 Kosilo<\/strong>\r\n\r\n3. Sklop (moderatorji:\u0160. Smrkolj)\r\n\r\n16:10 &#8211; 16:20 Satelitsko predavanje MM surgical: Sistem za zdravljenje kirur\u0161ke rane z negativnim tlakom, Prevena.\r\n16:20 &#8211; 16:40 Kvaliteta \u017eivljenja po zdravljenju raka materni\u010dnega vratu (M. Krajec, B. \u0160egedin)\r\n16:40 \u2013 18:00 Okrogla miza: Dileme pri obravnavi bolnic z rakom materni\u010dnega vratu \u2013 pogled na regijo (B. Cvjeti\u010danin, B. Kobal, I. Taka\u010d, M. Paki\u017e, H. Zobec Logar, E. \u0160kof, J. Koren, M. Grebenc, A. Mandi\u0107, M. Klari\u010d, A. Stefanovi\u010d, R. Fure\u0161; moderator: \u0160. Smrkolj)\r\n\r\n18:00 \u2013 18:30 Zaklju\u010dek simpozija \u2013 predlogi na\u0161ih priporo\u010dil\r\n\r\n&nbsp;\r\n\r\n<!-- \/wp:post-content -->","protected":false},"excerpt":{"rendered":"<p>IZBRANE TEME IZ GINEKOLO\u0160KE ONKOLOGIJE \u010cetrtek, 3.4.2025, predavalnica GK 14:30 \u2013 14:45 Registracija 14:45 \u2013 14:50 Uvodni pozdrav (B. Kobal) 1. Sklop (moderatorji: Kenda \u0160uster) 14:50 &#8211; 15:10 Komunikacija z onkolo\u0161ko bolnico (N. Kenda \u0160uster) 15:10 \u2013 15:40 Kaj \u017eeli patolog sporo\u010diti mladim ginekologom? (S. Frkovi\u0107 Grazio) 15:40 \u2013 16:00 Satelitsko predavanje Medison Pharma 16:00&hellip; <a class=\"more-link\" href=\"https:\/\/www.obgyn-si.org\/kongresi\/gin-onko\/program\/\">Continue reading <span class=\"screen-reader-text\">Program<\/span><\/a><\/p>\n","protected":false},"author":1,"featured_media":1107,"parent":0,"menu_order":0,"comment_status":"closed","ping_status":"closed","template":"","meta":{"footnotes":""},"class_list":["post-50","page","type-page","status-publish","has-post-thumbnail","hentry","entry"],"yoast_head":"<!-- This site is optimized with the Yoast SEO plugin v26.8 - https:\/\/yoast.com\/product\/yoast-seo-wordpress\/ -->\n<title>Program - Ginekolo\u0161ko onkolo\u0161ki simpozij<\/title>\n<meta name=\"robots\" content=\"index, follow, max-snippet:-1, max-image-preview:large, max-video-preview:-1\" \/>\n<link rel=\"canonical\" href=\"https:\/\/www.obgyn-si.org\/kongresi\/gin-onko\/program\/\" \/>\n<meta property=\"og:locale\" content=\"en_US\" \/>\n<meta property=\"og:type\" content=\"article\" \/>\n<meta property=\"og:title\" content=\"Program - Ginekolo\u0161ko onkolo\u0161ki simpozij\" \/>\n<meta property=\"og:description\" content=\"IZBRANE TEME IZ GINEKOLO\u0160KE ONKOLOGIJE \u010cetrtek, 3.4.2025, predavalnica GK 14:30 \u2013 14:45 Registracija 14:45 \u2013 14:50 Uvodni pozdrav (B. Kobal) 1. Sklop (moderatorji: Kenda \u0160uster) 14:50 &#8211; 15:10 Komunikacija z onkolo\u0161ko bolnico (N. Kenda \u0160uster) 15:10 \u2013 15:40 Kaj \u017eeli patolog sporo\u010diti mladim ginekologom? (S. Frkovi\u0107 Grazio) 15:40 \u2013 16:00 Satelitsko predavanje Medison Pharma 16:00&hellip; Continue reading Program\" \/>\n<meta property=\"og:url\" content=\"https:\/\/www.obgyn-si.org\/kongresi\/gin-onko\/program\/\" \/>\n<meta property=\"og:site_name\" content=\"Ginekolo\u0161ko onkolo\u0161ki simpozij\" \/>\n<meta property=\"article:modified_time\" content=\"2025-02-19T07:35:03+00:00\" \/>\n<meta property=\"og:image\" content=\"https:\/\/www.obgyn-si.org\/kongresi\/gin-onko\/wp-content\/uploads\/sites\/22\/2025\/02\/blog2.jpeg\" \/>\n\t<meta property=\"og:image:width\" content=\"1600\" \/>\n\t<meta property=\"og:image:height\" content=\"1086\" \/>\n\t<meta property=\"og:image:type\" content=\"image\/jpeg\" \/>\n<meta name=\"twitter:card\" content=\"summary_large_image\" \/>\n<meta name=\"twitter:label1\" content=\"Est. reading time\" \/>\n\t<meta name=\"twitter:data1\" content=\"2 minutes\" \/>\n<script type=\"application\/ld+json\" class=\"yoast-schema-graph\">{\"@context\":\"https:\/\/schema.org\",\"@graph\":[{\"@type\":\"WebPage\",\"@id\":\"https:\/\/www.obgyn-si.org\/kongresi\/gin-onko\/program\/\",\"url\":\"https:\/\/www.obgyn-si.org\/kongresi\/gin-onko\/program\/\",\"name\":\"Program - Ginekolo\u0161ko onkolo\u0161ki simpozij\",\"isPartOf\":{\"@id\":\"https:\/\/www.obgyn-si.org\/kongresi\/gin-onko\/#website\"},\"primaryImageOfPage\":{\"@id\":\"https:\/\/www.obgyn-si.org\/kongresi\/gin-onko\/program\/#primaryimage\"},\"image\":{\"@id\":\"https:\/\/www.obgyn-si.org\/kongresi\/gin-onko\/program\/#primaryimage\"},\"thumbnailUrl\":\"https:\/\/www.obgyn-si.org\/kongresi\/gin-onko\/wp-content\/uploads\/sites\/22\/2025\/02\/blog2.jpeg\",\"datePublished\":\"2018-01-24T08:41:09+00:00\",\"dateModified\":\"2025-02-19T07:35:03+00:00\",\"breadcrumb\":{\"@id\":\"https:\/\/www.obgyn-si.org\/kongresi\/gin-onko\/program\/#breadcrumb\"},\"inLanguage\":\"en-US\",\"potentialAction\":[{\"@type\":\"ReadAction\",\"target\":[\"https:\/\/www.obgyn-si.org\/kongresi\/gin-onko\/program\/\"]}]},{\"@type\":\"ImageObject\",\"inLanguage\":\"en-US\",\"@id\":\"https:\/\/www.obgyn-si.org\/kongresi\/gin-onko\/program\/#primaryimage\",\"url\":\"https:\/\/www.obgyn-si.org\/kongresi\/gin-onko\/wp-content\/uploads\/sites\/22\/2025\/02\/blog2.jpeg\",\"contentUrl\":\"https:\/\/www.obgyn-si.org\/kongresi\/gin-onko\/wp-content\/uploads\/sites\/22\/2025\/02\/blog2.jpeg\",\"width\":1600,\"height\":1086},{\"@type\":\"BreadcrumbList\",\"@id\":\"https:\/\/www.obgyn-si.org\/kongresi\/gin-onko\/program\/#breadcrumb\",\"itemListElement\":[{\"@type\":\"ListItem\",\"position\":1,\"name\":\"Home\",\"item\":\"https:\/\/www.obgyn-si.org\/kongresi\/gin-onko\/\"},{\"@type\":\"ListItem\",\"position\":2,\"name\":\"Program\"}]},{\"@type\":\"WebSite\",\"@id\":\"https:\/\/www.obgyn-si.org\/kongresi\/gin-onko\/#website\",\"url\":\"https:\/\/www.obgyn-si.org\/kongresi\/gin-onko\/\",\"name\":\"Ginekolo\u0161ko onkolo\u0161ki simpozij\",\"description\":\"Ljubljana, 3. in 4. april 2025\",\"potentialAction\":[{\"@type\":\"SearchAction\",\"target\":{\"@type\":\"EntryPoint\",\"urlTemplate\":\"https:\/\/www.obgyn-si.org\/kongresi\/gin-onko\/?s={search_term_string}\"},\"query-input\":{\"@type\":\"PropertyValueSpecification\",\"valueRequired\":true,\"valueName\":\"search_term_string\"}}],\"inLanguage\":\"en-US\"}]}<\/script>\n<!-- \/ Yoast SEO plugin. -->","yoast_head_json":{"title":"Program - Ginekolo\u0161ko onkolo\u0161ki simpozij","robots":{"index":"index","follow":"follow","max-snippet":"max-snippet:-1","max-image-preview":"max-image-preview:large","max-video-preview":"max-video-preview:-1"},"canonical":"https:\/\/www.obgyn-si.org\/kongresi\/gin-onko\/program\/","og_locale":"en_US","og_type":"article","og_title":"Program - Ginekolo\u0161ko onkolo\u0161ki simpozij","og_description":"IZBRANE TEME IZ GINEKOLO\u0160KE ONKOLOGIJE \u010cetrtek, 3.4.2025, predavalnica GK 14:30 \u2013 14:45 Registracija 14:45 \u2013 14:50 Uvodni pozdrav (B. Kobal) 1. Sklop (moderatorji: Kenda \u0160uster) 14:50 &#8211; 15:10 Komunikacija z onkolo\u0161ko bolnico (N. Kenda \u0160uster) 15:10 \u2013 15:40 Kaj \u017eeli patolog sporo\u010diti mladim ginekologom? (S. Frkovi\u0107 Grazio) 15:40 \u2013 16:00 Satelitsko predavanje Medison Pharma 16:00&hellip; Continue reading Program","og_url":"https:\/\/www.obgyn-si.org\/kongresi\/gin-onko\/program\/","og_site_name":"Ginekolo\u0161ko onkolo\u0161ki simpozij","article_modified_time":"2025-02-19T07:35:03+00:00","og_image":[{"width":1600,"height":1086,"url":"https:\/\/www.obgyn-si.org\/kongresi\/gin-onko\/wp-content\/uploads\/sites\/22\/2025\/02\/blog2.jpeg","type":"image\/jpeg"}],"twitter_card":"summary_large_image","twitter_misc":{"Est. reading time":"2 minutes"},"schema":{"@context":"https:\/\/schema.org","@graph":[{"@type":"WebPage","@id":"https:\/\/www.obgyn-si.org\/kongresi\/gin-onko\/program\/","url":"https:\/\/www.obgyn-si.org\/kongresi\/gin-onko\/program\/","name":"Program - Ginekolo\u0161ko onkolo\u0161ki simpozij","isPartOf":{"@id":"https:\/\/www.obgyn-si.org\/kongresi\/gin-onko\/#website"},"primaryImageOfPage":{"@id":"https:\/\/www.obgyn-si.org\/kongresi\/gin-onko\/program\/#primaryimage"},"image":{"@id":"https:\/\/www.obgyn-si.org\/kongresi\/gin-onko\/program\/#primaryimage"},"thumbnailUrl":"https:\/\/www.obgyn-si.org\/kongresi\/gin-onko\/wp-content\/uploads\/sites\/22\/2025\/02\/blog2.jpeg","datePublished":"2018-01-24T08:41:09+00:00","dateModified":"2025-02-19T07:35:03+00:00","breadcrumb":{"@id":"https:\/\/www.obgyn-si.org\/kongresi\/gin-onko\/program\/#breadcrumb"},"inLanguage":"en-US","potentialAction":[{"@type":"ReadAction","target":["https:\/\/www.obgyn-si.org\/kongresi\/gin-onko\/program\/"]}]},{"@type":"ImageObject","inLanguage":"en-US","@id":"https:\/\/www.obgyn-si.org\/kongresi\/gin-onko\/program\/#primaryimage","url":"https:\/\/www.obgyn-si.org\/kongresi\/gin-onko\/wp-content\/uploads\/sites\/22\/2025\/02\/blog2.jpeg","contentUrl":"https:\/\/www.obgyn-si.org\/kongresi\/gin-onko\/wp-content\/uploads\/sites\/22\/2025\/02\/blog2.jpeg","width":1600,"height":1086},{"@type":"BreadcrumbList","@id":"https:\/\/www.obgyn-si.org\/kongresi\/gin-onko\/program\/#breadcrumb","itemListElement":[{"@type":"ListItem","position":1,"name":"Home","item":"https:\/\/www.obgyn-si.org\/kongresi\/gin-onko\/"},{"@type":"ListItem","position":2,"name":"Program"}]},{"@type":"WebSite","@id":"https:\/\/www.obgyn-si.org\/kongresi\/gin-onko\/#website","url":"https:\/\/www.obgyn-si.org\/kongresi\/gin-onko\/","name":"Ginekolo\u0161ko onkolo\u0161ki simpozij","description":"Ljubljana, 3. in 4. april 2025","potentialAction":[{"@type":"SearchAction","target":{"@type":"EntryPoint","urlTemplate":"https:\/\/www.obgyn-si.org\/kongresi\/gin-onko\/?s={search_term_string}"},"query-input":{"@type":"PropertyValueSpecification","valueRequired":true,"valueName":"search_term_string"}}],"inLanguage":"en-US"}]}},"_links":{"self":[{"href":"https:\/\/www.obgyn-si.org\/kongresi\/gin-onko\/wp-json\/wp\/v2\/pages\/50","targetHints":{"allow":["GET"]}}],"collection":[{"href":"https:\/\/www.obgyn-si.org\/kongresi\/gin-onko\/wp-json\/wp\/v2\/pages"}],"about":[{"href":"https:\/\/www.obgyn-si.org\/kongresi\/gin-onko\/wp-json\/wp\/v2\/types\/page"}],"author":[{"embeddable":true,"href":"https:\/\/www.obgyn-si.org\/kongresi\/gin-onko\/wp-json\/wp\/v2\/users\/1"}],"replies":[{"embeddable":true,"href":"https:\/\/www.obgyn-si.org\/kongresi\/gin-onko\/wp-json\/wp\/v2\/comments?post=50"}],"version-history":[{"count":76,"href":"https:\/\/www.obgyn-si.org\/kongresi\/gin-onko\/wp-json\/wp\/v2\/pages\/50\/revisions"}],"predecessor-version":[{"id":1149,"href":"https:\/\/www.obgyn-si.org\/kongresi\/gin-onko\/wp-json\/wp\/v2\/pages\/50\/revisions\/1149"}],"wp:featuredmedia":[{"embeddable":true,"href":"https:\/\/www.obgyn-si.org\/kongresi\/gin-onko\/wp-json\/wp\/v2\/media\/1107"}],"wp:attachment":[{"href":"https:\/\/www.obgyn-si.org\/kongresi\/gin-onko\/wp-json\/wp\/v2\/media?parent=50"}],"curies":[{"name":"wp","href":"https:\/\/api.w.org\/{rel}","templated":true}]}}