
{"id":6,"date":"2018-01-20T19:07:39","date_gmt":"2018-01-20T19:07:39","guid":{"rendered":"http:\/\/www.obgyn-si.org\/kongresi\/www-2\/?page_id=6"},"modified":"2025-02-13T08:28:43","modified_gmt":"2025-02-13T08:28:43","slug":"predgovor","status":"publish","type":"page","link":"https:\/\/www.obgyn-si.org\/kongresi\/gin-onko\/","title":{"rendered":"Predgovor"},"content":{"rendered":"<p>Spo\u0161tovani,<\/p>\n<p>z velikim veseljem vas vabimo\u00a0 na <em>Ginekolo\u0161ko onkolo\u0161ki simpozij 2025<\/em>. Lansko leto smo simpozij organizirali na temo novosti pri raku endometrija. Letos smo se odlo\u010dili za, na prvi pogled, o\u017ejo in redkej\u0161o temo in sicer &#8220;Dileme pri zdravljenju raka materni\u010dnega vratu&#8221;. Vseeno pa se s to tematiko sre\u010dujemo na vseh nivojih zdravstvenega varstva in pomembno je, da poznamo mo\u017enosti in novosti, tudi, \u010de v nismo aktivno vpleteni v specifi\u010dno onkolo\u0161ko zdravljenje. Nemalokrat bolnice bolj zaupajo svojim izbranim ginekologom, ki jih poznajo \u017ee ve\u010d let, in se o zdravljenju \u017eelijo pogovarjati tudi v ambulantah na primarnem nivoju ali z ginekologi, ki so bolezen diagnosticirali v regionalni bolni\u0161nici. Zato se nam zdi pomembno, da dileme pri zdravljenju raka materni\u010dnega vratu predstavimo \u0161ir\u0161i strokovni javnosti.<\/p>\n<p>Dogodek bo potekal v dveh delih. 3.4.2025 organiziramo dogodek posve\u010den izbranim splo\u0161nim temam v ginekolo\u0161ki onkologiji in je namenjen predvsem specializantom in mlaj\u0161im (po starosti in po srcu) specialistom. 4.4.2025 bo potekal osrednji simpozij z naslovom \u201cDileme pri zdravljenju raka materni\u010dnega vratu\u201d.<\/p>\n<p>Pod okriljem Zdru\u017eenja ginekologov in porodni\u010darjev Slovenije smo s sodelovanjem kolegov iz Ginekolo\u0161ke klinike Univerzitetnega klini\u010dnega centra Ljubljana, Univerzitetnega klini\u010dnega centra Maribor in Onkolo\u0161kega in\u0161tituta pripravili zanimiv program. Zelo smo ponosni, da bo leto\u0161nji simpozij nadgrajen na mednarodno raven.<\/p>\n<p>Na\u0161emu vabilu se je odzval tudi mednarno uveljavljen ginekolo\u0161ki onkolog profesor Denis Querleu, ki velja za za\u010detnika minimalno invazivne kirurgije v ginekolo\u0161ki onkologiji, velik del strokovnega delovanja pa je posvetil tudi radikalni kirurgiji raka materni\u010dnega vratu.<\/p>\n<p>V Sloveniji je prevalence raka materni\u010dnega vratu nizka zahvaljujo\u010d dobremu presejalnemu programu ZORA. Kljub temu pa zdravljenje raka materni\u010dnega vratu ostaja izziv, zato je na\u0161 cilj spodbujati odprto razpravo, izmenjavo znanja in sodelovanje med razli\u010dnimi medicinskimi disciplinami. Pri svojem delu ugotavljamo, da \u0161tevilna vpra\u0161anja ostajajo odprta kljub priporo\u010dilom in literaturi. Razvijajo se novi pristopi in na\u010dini zdravljenja, predvsem na podro\u010dju sistemske terapije. Glede nekaterih tem imamo razli\u010dne poglede in prav je, da se o tem pogovarjamo.<\/p>\n<p>Simpozij je namenjen specializantom in specialistom ginekologije in porodni\u0161tva, internistom onkologom, radioterapevtom, dru\u017einskim zdravnikom ter patologom, ki se ukvarjajo z ginekolo\u0161ko patologijo.<\/p>\n<p>Upamo, da bo simpozij ne bo le prilo\u017enost za strokovni napredek, temve\u010d tudi prilo\u017enost za dru\u017eenje in krepitev medsebojnega sodelovanja.<\/p>\n<p>Lep pozdrav in se vidimo v aprilu!<\/p>\n<div id='gallery-1' class='gallery galleryid-6 gallery-columns-2 gallery-size-large'><figure class='gallery-item'>\n\t\t\t<div class='gallery-icon portrait'>\n\t\t\t\t<a href='https:\/\/www.obgyn-si.org\/kongresi\/gin-onko\/vid\/'><img loading=\"lazy\" decoding=\"async\" width=\"300\" height=\"375\" src=\"https:\/\/www.obgyn-si.org\/kongresi\/gin-onko\/wp-content\/uploads\/sites\/22\/2025\/02\/vid.jpg\" class=\"attachment-large size-large\" alt=\"\" aria-describedby=\"gallery-1-1116\" srcset=\"https:\/\/www.obgyn-si.org\/kongresi\/gin-onko\/wp-content\/uploads\/sites\/22\/2025\/02\/vid.jpg 300w, https:\/\/www.obgyn-si.org\/kongresi\/gin-onko\/wp-content\/uploads\/sites\/22\/2025\/02\/vid-240x300.jpg 240w\" sizes=\"auto, (max-width: 300px) 100vw, 300px\" style=\"width:100%;height:125%;max-width:300px;\" \/><\/a>\n\t\t\t<\/div>\n\t\t\t\t<figcaption class='wp-caption-text gallery-caption' id='gallery-1-1116'>\n\t\t\t\tdr. Vid Jan\u0161a, dr. med.\n\t\t\t\t<\/figcaption><\/figure><figure class='gallery-item'>\n\t\t\t<div class='gallery-icon portrait'>\n\t\t\t\t<a href='https:\/\/www.obgyn-si.org\/kongresi\/gin-onko\/kobal\/'><img loading=\"lazy\" decoding=\"async\" width=\"300\" height=\"375\" src=\"https:\/\/www.obgyn-si.org\/kongresi\/gin-onko\/wp-content\/uploads\/sites\/22\/2025\/02\/kobal.jpg\" class=\"attachment-large size-large\" alt=\"\" aria-describedby=\"gallery-1-1115\" srcset=\"https:\/\/www.obgyn-si.org\/kongresi\/gin-onko\/wp-content\/uploads\/sites\/22\/2025\/02\/kobal.jpg 300w, https:\/\/www.obgyn-si.org\/kongresi\/gin-onko\/wp-content\/uploads\/sites\/22\/2025\/02\/kobal-240x300.jpg 240w\" sizes=\"auto, (max-width: 300px) 100vw, 300px\" style=\"width:100%;height:125%;max-width:300px;\" \/><\/a>\n\t\t\t<\/div>\n\t\t\t\t<figcaption class='wp-caption-text gallery-caption' id='gallery-1-1115'>\n\t\t\t\tProf. dr. Borut Kobal, dr. med.\n\t\t\t\t<\/figcaption><\/figure>\n\t\t<\/div>\n\n","protected":false},"excerpt":{"rendered":"<p>Spo\u0161tovani, z velikim veseljem vas vabimo\u00a0 na Ginekolo\u0161ko onkolo\u0161ki simpozij 2025. Lansko leto smo simpozij organizirali na temo novosti pri raku endometrija. Letos smo se odlo\u010dili za, na prvi pogled, o\u017ejo in redkej\u0161o temo in sicer &#8220;Dileme pri zdravljenju raka materni\u010dnega vratu&#8221;. Vseeno pa se s to tematiko sre\u010dujemo na vseh nivojih zdravstvenega varstva in&hellip; <a class=\"more-link\" href=\"https:\/\/www.obgyn-si.org\/kongresi\/gin-onko\/\">Continue reading <span class=\"screen-reader-text\">Predgovor<\/span><\/a><\/p>\n","protected":false},"author":1,"featured_media":1108,"parent":0,"menu_order":0,"comment_status":"closed","ping_status":"closed","template":"","meta":{"footnotes":""},"class_list":["post-6","page","type-page","status-publish","has-post-thumbnail","hentry","entry"],"yoast_head":"<!-- This site is optimized with the Yoast SEO plugin v26.8 - https:\/\/yoast.com\/product\/yoast-seo-wordpress\/ -->\n<title>Predgovor - Ginekolo\u0161ko onkolo\u0161ki simpozij<\/title>\n<meta name=\"robots\" content=\"index, follow, max-snippet:-1, max-image-preview:large, max-video-preview:-1\" \/>\n<link rel=\"canonical\" href=\"https:\/\/www.obgyn-si.org\/kongresi\/gin-onko\/\" \/>\n<meta property=\"og:locale\" content=\"en_US\" \/>\n<meta property=\"og:type\" content=\"article\" \/>\n<meta property=\"og:title\" content=\"Predgovor - Ginekolo\u0161ko onkolo\u0161ki simpozij\" \/>\n<meta property=\"og:description\" content=\"Spo\u0161tovani, z velikim veseljem vas vabimo\u00a0 na Ginekolo\u0161ko onkolo\u0161ki simpozij 2025. Lansko leto smo simpozij organizirali na temo novosti pri raku endometrija. Letos smo se odlo\u010dili za, na prvi pogled, o\u017ejo in redkej\u0161o temo in sicer &#8220;Dileme pri zdravljenju raka materni\u010dnega vratu&#8221;. Vseeno pa se s to tematiko sre\u010dujemo na vseh nivojih zdravstvenega varstva in&hellip; Continue reading Predgovor\" \/>\n<meta property=\"og:url\" content=\"https:\/\/www.obgyn-si.org\/kongresi\/gin-onko\/\" \/>\n<meta property=\"og:site_name\" content=\"Ginekolo\u0161ko onkolo\u0161ki simpozij\" \/>\n<meta property=\"article:modified_time\" content=\"2025-02-13T08:28:43+00:00\" \/>\n<meta property=\"og:image\" content=\"https:\/\/www.obgyn-si.org\/kongresi\/gin-onko\/wp-content\/uploads\/sites\/22\/2025\/02\/ginkgo-biloba-thinkstockphotos-146806903-square.jpg\" \/>\n\t<meta property=\"og:image:width\" content=\"515\" \/>\n\t<meta property=\"og:image:height\" content=\"515\" \/>\n\t<meta property=\"og:image:type\" content=\"image\/jpeg\" \/>\n<meta name=\"twitter:card\" content=\"summary_large_image\" \/>\n<meta name=\"twitter:label1\" content=\"Est. reading time\" \/>\n\t<meta name=\"twitter:data1\" content=\"2 minutes\" \/>\n<script type=\"application\/ld+json\" class=\"yoast-schema-graph\">{\"@context\":\"https:\/\/schema.org\",\"@graph\":[{\"@type\":\"WebPage\",\"@id\":\"https:\/\/www.obgyn-si.org\/kongresi\/gin-onko\/\",\"url\":\"https:\/\/www.obgyn-si.org\/kongresi\/gin-onko\/\",\"name\":\"Predgovor - Ginekolo\u0161ko onkolo\u0161ki simpozij\",\"isPartOf\":{\"@id\":\"https:\/\/www.obgyn-si.org\/kongresi\/gin-onko\/#website\"},\"primaryImageOfPage\":{\"@id\":\"https:\/\/www.obgyn-si.org\/kongresi\/gin-onko\/#primaryimage\"},\"image\":{\"@id\":\"https:\/\/www.obgyn-si.org\/kongresi\/gin-onko\/#primaryimage\"},\"thumbnailUrl\":\"https:\/\/www.obgyn-si.org\/kongresi\/gin-onko\/wp-content\/uploads\/sites\/22\/2025\/02\/ginkgo-biloba-thinkstockphotos-146806903-square.jpg\",\"datePublished\":\"2018-01-20T19:07:39+00:00\",\"dateModified\":\"2025-02-13T08:28:43+00:00\",\"breadcrumb\":{\"@id\":\"https:\/\/www.obgyn-si.org\/kongresi\/gin-onko\/#breadcrumb\"},\"inLanguage\":\"en-US\",\"potentialAction\":[{\"@type\":\"ReadAction\",\"target\":[\"https:\/\/www.obgyn-si.org\/kongresi\/gin-onko\/\"]}]},{\"@type\":\"ImageObject\",\"inLanguage\":\"en-US\",\"@id\":\"https:\/\/www.obgyn-si.org\/kongresi\/gin-onko\/#primaryimage\",\"url\":\"https:\/\/www.obgyn-si.org\/kongresi\/gin-onko\/wp-content\/uploads\/sites\/22\/2025\/02\/ginkgo-biloba-thinkstockphotos-146806903-square.jpg\",\"contentUrl\":\"https:\/\/www.obgyn-si.org\/kongresi\/gin-onko\/wp-content\/uploads\/sites\/22\/2025\/02\/ginkgo-biloba-thinkstockphotos-146806903-square.jpg\",\"width\":515,\"height\":515},{\"@type\":\"BreadcrumbList\",\"@id\":\"https:\/\/www.obgyn-si.org\/kongresi\/gin-onko\/#breadcrumb\",\"itemListElement\":[{\"@type\":\"ListItem\",\"position\":1,\"name\":\"Home\",\"item\":\"https:\/\/www.obgyn-si.org\/kongresi\/gin-onko\/\"},{\"@type\":\"ListItem\",\"position\":2,\"name\":\"Predgovor\"}]},{\"@type\":\"WebSite\",\"@id\":\"https:\/\/www.obgyn-si.org\/kongresi\/gin-onko\/#website\",\"url\":\"https:\/\/www.obgyn-si.org\/kongresi\/gin-onko\/\",\"name\":\"Ginekolo\u0161ko onkolo\u0161ki simpozij\",\"description\":\"Ljubljana, 3. in 4. april 2025\",\"potentialAction\":[{\"@type\":\"SearchAction\",\"target\":{\"@type\":\"EntryPoint\",\"urlTemplate\":\"https:\/\/www.obgyn-si.org\/kongresi\/gin-onko\/?s={search_term_string}\"},\"query-input\":{\"@type\":\"PropertyValueSpecification\",\"valueRequired\":true,\"valueName\":\"search_term_string\"}}],\"inLanguage\":\"en-US\"}]}<\/script>\n<!-- \/ Yoast SEO plugin. -->","yoast_head_json":{"title":"Predgovor - Ginekolo\u0161ko onkolo\u0161ki simpozij","robots":{"index":"index","follow":"follow","max-snippet":"max-snippet:-1","max-image-preview":"max-image-preview:large","max-video-preview":"max-video-preview:-1"},"canonical":"https:\/\/www.obgyn-si.org\/kongresi\/gin-onko\/","og_locale":"en_US","og_type":"article","og_title":"Predgovor - Ginekolo\u0161ko onkolo\u0161ki simpozij","og_description":"Spo\u0161tovani, z velikim veseljem vas vabimo\u00a0 na Ginekolo\u0161ko onkolo\u0161ki simpozij 2025. Lansko leto smo simpozij organizirali na temo novosti pri raku endometrija. Letos smo se odlo\u010dili za, na prvi pogled, o\u017ejo in redkej\u0161o temo in sicer &#8220;Dileme pri zdravljenju raka materni\u010dnega vratu&#8221;. Vseeno pa se s to tematiko sre\u010dujemo na vseh nivojih zdravstvenega varstva in&hellip; Continue reading Predgovor","og_url":"https:\/\/www.obgyn-si.org\/kongresi\/gin-onko\/","og_site_name":"Ginekolo\u0161ko onkolo\u0161ki simpozij","article_modified_time":"2025-02-13T08:28:43+00:00","og_image":[{"width":515,"height":515,"url":"https:\/\/www.obgyn-si.org\/kongresi\/gin-onko\/wp-content\/uploads\/sites\/22\/2025\/02\/ginkgo-biloba-thinkstockphotos-146806903-square.jpg","type":"image\/jpeg"}],"twitter_card":"summary_large_image","twitter_misc":{"Est. reading time":"2 minutes"},"schema":{"@context":"https:\/\/schema.org","@graph":[{"@type":"WebPage","@id":"https:\/\/www.obgyn-si.org\/kongresi\/gin-onko\/","url":"https:\/\/www.obgyn-si.org\/kongresi\/gin-onko\/","name":"Predgovor - Ginekolo\u0161ko onkolo\u0161ki simpozij","isPartOf":{"@id":"https:\/\/www.obgyn-si.org\/kongresi\/gin-onko\/#website"},"primaryImageOfPage":{"@id":"https:\/\/www.obgyn-si.org\/kongresi\/gin-onko\/#primaryimage"},"image":{"@id":"https:\/\/www.obgyn-si.org\/kongresi\/gin-onko\/#primaryimage"},"thumbnailUrl":"https:\/\/www.obgyn-si.org\/kongresi\/gin-onko\/wp-content\/uploads\/sites\/22\/2025\/02\/ginkgo-biloba-thinkstockphotos-146806903-square.jpg","datePublished":"2018-01-20T19:07:39+00:00","dateModified":"2025-02-13T08:28:43+00:00","breadcrumb":{"@id":"https:\/\/www.obgyn-si.org\/kongresi\/gin-onko\/#breadcrumb"},"inLanguage":"en-US","potentialAction":[{"@type":"ReadAction","target":["https:\/\/www.obgyn-si.org\/kongresi\/gin-onko\/"]}]},{"@type":"ImageObject","inLanguage":"en-US","@id":"https:\/\/www.obgyn-si.org\/kongresi\/gin-onko\/#primaryimage","url":"https:\/\/www.obgyn-si.org\/kongresi\/gin-onko\/wp-content\/uploads\/sites\/22\/2025\/02\/ginkgo-biloba-thinkstockphotos-146806903-square.jpg","contentUrl":"https:\/\/www.obgyn-si.org\/kongresi\/gin-onko\/wp-content\/uploads\/sites\/22\/2025\/02\/ginkgo-biloba-thinkstockphotos-146806903-square.jpg","width":515,"height":515},{"@type":"BreadcrumbList","@id":"https:\/\/www.obgyn-si.org\/kongresi\/gin-onko\/#breadcrumb","itemListElement":[{"@type":"ListItem","position":1,"name":"Home","item":"https:\/\/www.obgyn-si.org\/kongresi\/gin-onko\/"},{"@type":"ListItem","position":2,"name":"Predgovor"}]},{"@type":"WebSite","@id":"https:\/\/www.obgyn-si.org\/kongresi\/gin-onko\/#website","url":"https:\/\/www.obgyn-si.org\/kongresi\/gin-onko\/","name":"Ginekolo\u0161ko onkolo\u0161ki simpozij","description":"Ljubljana, 3. in 4. april 2025","potentialAction":[{"@type":"SearchAction","target":{"@type":"EntryPoint","urlTemplate":"https:\/\/www.obgyn-si.org\/kongresi\/gin-onko\/?s={search_term_string}"},"query-input":{"@type":"PropertyValueSpecification","valueRequired":true,"valueName":"search_term_string"}}],"inLanguage":"en-US"}]}},"_links":{"self":[{"href":"https:\/\/www.obgyn-si.org\/kongresi\/gin-onko\/wp-json\/wp\/v2\/pages\/6","targetHints":{"allow":["GET"]}}],"collection":[{"href":"https:\/\/www.obgyn-si.org\/kongresi\/gin-onko\/wp-json\/wp\/v2\/pages"}],"about":[{"href":"https:\/\/www.obgyn-si.org\/kongresi\/gin-onko\/wp-json\/wp\/v2\/types\/page"}],"author":[{"embeddable":true,"href":"https:\/\/www.obgyn-si.org\/kongresi\/gin-onko\/wp-json\/wp\/v2\/users\/1"}],"replies":[{"embeddable":true,"href":"https:\/\/www.obgyn-si.org\/kongresi\/gin-onko\/wp-json\/wp\/v2\/comments?post=6"}],"version-history":[{"count":33,"href":"https:\/\/www.obgyn-si.org\/kongresi\/gin-onko\/wp-json\/wp\/v2\/pages\/6\/revisions"}],"predecessor-version":[{"id":1131,"href":"https:\/\/www.obgyn-si.org\/kongresi\/gin-onko\/wp-json\/wp\/v2\/pages\/6\/revisions\/1131"}],"wp:featuredmedia":[{"embeddable":true,"href":"https:\/\/www.obgyn-si.org\/kongresi\/gin-onko\/wp-json\/wp\/v2\/media\/1108"}],"wp:attachment":[{"href":"https:\/\/www.obgyn-si.org\/kongresi\/gin-onko\/wp-json\/wp\/v2\/media?parent=6"}],"curies":[{"name":"wp","href":"https:\/\/api.w.org\/{rel}","templated":true}]}}