
{"id":88,"date":"2018-01-25T14:51:15","date_gmt":"2018-01-25T14:51:15","guid":{"rendered":"http:\/\/www.obgyn-si.org\/kongresi\/www-2\/?page_id=88"},"modified":"2025-02-13T07:59:30","modified_gmt":"2025-02-13T07:59:30","slug":"prijave-2","status":"publish","type":"page","link":"https:\/\/www.obgyn-si.org\/kongresi\/gin-onko\/prijave-2\/","title":{"rendered":"Prijave"},"content":{"rendered":"\n<div class=\"wpcf7 no-js\" id=\"wpcf7-f1127-o1\" lang=\"sl-SI\" dir=\"ltr\">\n<div class=\"screen-reader-response\"><p role=\"status\" aria-live=\"polite\" aria-atomic=\"true\"><\/p> <ul><\/ul><\/div>\n<form action=\"\/kongresi\/gin-onko\/wp-json\/wp\/v2\/pages\/88#wpcf7-f1127-o1\" method=\"post\" class=\"wpcf7-form init\" aria-label=\"Contact form\" novalidate=\"novalidate\" data-status=\"init\">\n<div style=\"display: none;\">\n<input type=\"hidden\" name=\"_wpcf7\" value=\"1127\" \/>\n<input type=\"hidden\" name=\"_wpcf7_version\" value=\"5.9.6\" \/>\n<input type=\"hidden\" name=\"_wpcf7_locale\" value=\"sl_SI\" \/>\n<input type=\"hidden\" name=\"_wpcf7_unit_tag\" value=\"wpcf7-f1127-o1\" \/>\n<input type=\"hidden\" name=\"_wpcf7_container_post\" value=\"0\" \/>\n<input type=\"hidden\" name=\"_wpcf7_posted_data_hash\" value=\"\" \/>\n<input type=\"hidden\" name=\"_wpcf7cf_hidden_group_fields\" value=\"[]\" \/>\n<input type=\"hidden\" name=\"_wpcf7cf_hidden_groups\" value=\"[]\" \/>\n<input type=\"hidden\" name=\"_wpcf7cf_visible_groups\" value=\"[]\" \/>\n<input type=\"hidden\" name=\"_wpcf7cf_repeaters\" value=\"[]\" \/>\n<input type=\"hidden\" name=\"_wpcf7cf_steps\" value=\"{}\" \/>\n<input type=\"hidden\" name=\"_wpcf7cf_options\" value=\"{&quot;form_id&quot;:1127,&quot;conditions&quot;:[{&quot;then_field&quot;:&quot;planiki&quot;,&quot;and_rules&quot;:[{&quot;if_field&quot;:&quot;dan&quot;,&quot;operator&quot;:&quot;not equals&quot;,&quot;if_value&quot;:&quot;Samo v \\u010detrtek 3. aprila&quot;}]},{&quot;then_field&quot;:&quot;traju1&quot;,&quot;and_rules&quot;:[{&quot;if_field&quot;:&quot;dan&quot;,&quot;operator&quot;:&quot;equals&quot;,&quot;if_value&quot;:&quot;Samo v \\u010detrtek 3. aprila&quot;}]},{&quot;then_field&quot;:&quot;traju2&quot;,&quot;and_rules&quot;:[{&quot;if_field&quot;:&quot;dan&quot;,&quot;operator&quot;:&quot;not equals&quot;,&quot;if_value&quot;:&quot;Samo v \\u010detrtek 3. aprila&quot;}]},{&quot;then_field&quot;:&quot;agropop&quot;,&quot;and_rules&quot;:[{&quot;if_field&quot;:&quot;placnik&quot;,&quot;operator&quot;:&quot;not equals&quot;,&quot;if_value&quot;:&quot;Pla\\u010dnik je fizi\\u010dna oseba&quot;},{&quot;if_field&quot;:&quot;dan&quot;,&quot;operator&quot;:&quot;not equals&quot;,&quot;if_value&quot;:&quot;Samo v \\u010detrtek 3. aprila&quot;}]}],&quot;settings&quot;:{&quot;animation&quot;:&quot;yes&quot;,&quot;animation_intime&quot;:200,&quot;animation_outtime&quot;:200,&quot;conditions_ui&quot;:&quot;normal&quot;,&quot;notice_dismissed&quot;:false}}\" \/>\n<\/div>\n<p><label> Udele\u017eenec<\/label>\n<\/p>\n<input class=\"wpcf7-form-control wpcf7-hidden\" value=\"Simpozij ginekolo\u0161ke ginekologije 2025\" type=\"hidden\" name=\"subject\" \/>\n<p><span class=\"wpcf7-form-control-wrap\" data-name=\"ime\"><input size=\"40\" maxlength=\"80\" class=\"wpcf7-form-control wpcf7-text wpcf7-validates-as-required\" aria-required=\"true\" aria-invalid=\"false\" placeholder=\"Ime\" value=\"\" type=\"text\" name=\"ime\" \/><\/span>\n<\/p>\n<p><span class=\"wpcf7-form-control-wrap\" data-name=\"priimek\"><input size=\"40\" maxlength=\"80\" class=\"wpcf7-form-control wpcf7-text wpcf7-validates-as-required\" aria-required=\"true\" aria-invalid=\"false\" placeholder=\"Priimek\" value=\"\" type=\"text\" name=\"priimek\" \/><\/span>\n<\/p>\n<p><span class=\"wpcf7-form-control-wrap\" data-name=\"email\"><input size=\"40\" maxlength=\"80\" class=\"wpcf7-form-control wpcf7-email wpcf7-validates-as-required wpcf7-text wpcf7-validates-as-email\" aria-required=\"true\" aria-invalid=\"false\" placeholder=\"email\" value=\"\" type=\"email\" name=\"email\" \/><\/span>\n<\/p>\n<p> Udele\u017eba samo v \u010detrtek je brezpla\u010dna. Kotizacija za udele\u017ebo v petek pa zna\u0161a 50\u20ac za specialistke in specialiste, 20\u20ac za specializantke in specializante ter medicinske setre in babice.\n<\/p>\n<p>Sre\u010danja se bom udele\u017eila(a): <span class=\"wpcf7-form-control-wrap\" data-name=\"dan\"><select class=\"wpcf7-form-control wpcf7-select\" aria-invalid=\"false\" name=\"dan\"><option value=\"Samo v \u010detrtek 3. aprila\">Samo v \u010detrtek 3. aprila<\/option><option value=\"Samo v petek, 4. aprila\">Samo v petek, 4. aprila<\/option><option value=\"Oba dneva, \u010detrtek in petek\">Oba dneva, \u010detrtek in petek<\/option><\/select><\/span>\n<\/p>\n<div data-id=\"traju2\" data-orig_data_id=\"traju2\" data-clear_on_hide class=\"\" data-class=\"wpcf7cf_group\">\n\t<p>Sre\u010danja se bom udele\u017eila(a) kot: <span class=\"wpcf7-form-control-wrap\" data-name=\"poklic\"><select class=\"wpcf7-form-control wpcf7-select\" aria-invalid=\"false\" name=\"poklic\"><option value=\"Specialistka\/Specialist\">Specialistka\/Specialist<\/option><option value=\"Specializantka\/Specializant\">Specializantka\/Specializant<\/option><option value=\"Medicinska sestra\/Babica\">Medicinska sestra\/Babica<\/option><option value=\"Drugo\">Drugo<\/option><\/select><\/span>\n\t<\/p>\n<\/div>\n<div data-id=\"traju1\" data-orig_data_id=\"traju1\" data-clear_on_hide class=\"\" data-class=\"wpcf7cf_group\">\n\t<p>Sre\u010danja se bom udele\u017eila(a) kot: <span class=\"wpcf7-form-control-wrap\" data-name=\"poklic\"><select class=\"wpcf7-form-control wpcf7-select\" aria-invalid=\"false\" name=\"poklic\"><option value=\"Specialistka\/Specialist\">Specialistka\/Specialist<\/option><option value=\"Specializantka\/Specializant\">Specializantka\/Specializant<\/option><option value=\"Medicinska sestra\/Babica\">Medicinska sestra\/Babica<\/option><option value=\"Drugo\">Drugo<\/option><\/select><\/span>\n\t<\/p>\n<\/div>\n<div data-id=\"planiki\" data-orig_data_id=\"planiki\" data-clear_on_hide class=\"\" data-class=\"wpcf7cf_group\">\n\t<p><label>Pla\u010dnik<\/label>\n\t<\/p>\n\t<p><span class=\"wpcf7-form-control-wrap\" data-name=\"naslovp\"><input size=\"40\" maxlength=\"80\" class=\"wpcf7-form-control wpcf7-text wpcf7-validates-as-required\" aria-required=\"true\" aria-invalid=\"false\" placeholder=\"Naslov pla\u010dnika\" value=\"\" type=\"text\" name=\"naslovp\" \/><\/span>\n\t<\/p>\n\t<p><span class=\"wpcf7-form-control-wrap\" data-name=\"placnik\"><span class=\"wpcf7-form-control wpcf7-radio\"><span class=\"wpcf7-list-item first\"><input type=\"radio\" name=\"placnik\" value=\"Pla\u010dnik NI dav\u010dni zavezanec\" \/><span class=\"wpcf7-list-item-label\">Pla\u010dnik NI dav\u010dni zavezanec<\/span><\/span><span class=\"wpcf7-list-item\"><input type=\"radio\" name=\"placnik\" value=\"Pla\u010dnik JE dav\u010dni zavezanec\" \/><span class=\"wpcf7-list-item-label\">Pla\u010dnik JE dav\u010dni zavezanec<\/span><\/span><span class=\"wpcf7-list-item last\"><input type=\"radio\" name=\"placnik\" value=\"Pla\u010dnik je fizi\u010dna oseba\" \/><span class=\"wpcf7-list-item-label\">Pla\u010dnik je fizi\u010dna oseba<\/span><\/span><\/span><\/span>\n\t<\/p>\n<\/div>\n<div data-id=\"agropop\" data-orig_data_id=\"agropop\" data-clear_on_hide class=\"\" data-class=\"wpcf7cf_group\">\n\t<p><span class=\"wpcf7-form-control-wrap\" data-name=\"ds\"><input size=\"40\" maxlength=\"80\" class=\"wpcf7-form-control wpcf7-text wpcf7-validates-as-required\" aria-required=\"true\" aria-invalid=\"false\" placeholder=\"Dav\u010dna \u0161tevilka pla\u010dnika\" value=\"\" type=\"text\" name=\"ds\" \/><\/span>\n\t<\/p>\n<\/div>\n<p><input class=\"wpcf7-form-control wpcf7-submit has-spinner\" type=\"submit\" value=\"Po\u0161lji\" \/>\n<\/p><div class=\"wpcf7-response-output\" aria-hidden=\"true\"><\/div>\n<\/form>\n<\/div>\n\n","protected":false},"excerpt":{"rendered":"","protected":false},"author":1,"featured_media":428,"parent":0,"menu_order":0,"comment_status":"closed","ping_status":"closed","template":"","meta":{"footnotes":""},"class_list":["post-88","page","type-page","status-publish","has-post-thumbnail","hentry","entry"],"yoast_head":"<!-- This site is optimized with the Yoast SEO plugin v26.8 - https:\/\/yoast.com\/product\/yoast-seo-wordpress\/ -->\n<title>Prijave - Ginekolo\u0161ko onkolo\u0161ki simpozij<\/title>\n<meta name=\"robots\" content=\"index, follow, max-snippet:-1, max-image-preview:large, max-video-preview:-1\" \/>\n<link rel=\"canonical\" href=\"https:\/\/www.obgyn-si.org\/kongresi\/gin-onko\/prijave-2\/\" \/>\n<meta property=\"og:locale\" content=\"en_US\" \/>\n<meta property=\"og:type\" content=\"article\" \/>\n<meta property=\"og:title\" content=\"Prijave - Ginekolo\u0161ko onkolo\u0161ki simpozij\" \/>\n<meta property=\"og:url\" content=\"https:\/\/www.obgyn-si.org\/kongresi\/gin-onko\/prijave-2\/\" \/>\n<meta property=\"og:site_name\" content=\"Ginekolo\u0161ko onkolo\u0161ki simpozij\" \/>\n<meta property=\"article:modified_time\" content=\"2025-02-13T07:59:30+00:00\" \/>\n<meta property=\"og:image\" content=\"https:\/\/www.obgyn-si.org\/kongresi\/gin-onko\/wp-content\/uploads\/sites\/22\/2019\/03\/authors.jpg\" \/>\n\t<meta property=\"og:image:width\" content=\"600\" \/>\n\t<meta property=\"og:image:height\" content=\"415\" \/>\n\t<meta property=\"og:image:type\" content=\"image\/jpeg\" \/>\n<meta name=\"twitter:card\" content=\"summary_large_image\" \/>\n<script type=\"application\/ld+json\" class=\"yoast-schema-graph\">{\"@context\":\"https:\/\/schema.org\",\"@graph\":[{\"@type\":\"WebPage\",\"@id\":\"https:\/\/www.obgyn-si.org\/kongresi\/gin-onko\/prijave-2\/\",\"url\":\"https:\/\/www.obgyn-si.org\/kongresi\/gin-onko\/prijave-2\/\",\"name\":\"Prijave - Ginekolo\u0161ko onkolo\u0161ki simpozij\",\"isPartOf\":{\"@id\":\"https:\/\/www.obgyn-si.org\/kongresi\/gin-onko\/#website\"},\"primaryImageOfPage\":{\"@id\":\"https:\/\/www.obgyn-si.org\/kongresi\/gin-onko\/prijave-2\/#primaryimage\"},\"image\":{\"@id\":\"https:\/\/www.obgyn-si.org\/kongresi\/gin-onko\/prijave-2\/#primaryimage\"},\"thumbnailUrl\":\"https:\/\/www.obgyn-si.org\/kongresi\/gin-onko\/wp-content\/uploads\/sites\/22\/2019\/03\/authors.jpg\",\"datePublished\":\"2018-01-25T14:51:15+00:00\",\"dateModified\":\"2025-02-13T07:59:30+00:00\",\"breadcrumb\":{\"@id\":\"https:\/\/www.obgyn-si.org\/kongresi\/gin-onko\/prijave-2\/#breadcrumb\"},\"inLanguage\":\"en-US\",\"potentialAction\":[{\"@type\":\"ReadAction\",\"target\":[\"https:\/\/www.obgyn-si.org\/kongresi\/gin-onko\/prijave-2\/\"]}]},{\"@type\":\"ImageObject\",\"inLanguage\":\"en-US\",\"@id\":\"https:\/\/www.obgyn-si.org\/kongresi\/gin-onko\/prijave-2\/#primaryimage\",\"url\":\"https:\/\/www.obgyn-si.org\/kongresi\/gin-onko\/wp-content\/uploads\/sites\/22\/2019\/03\/authors.jpg\",\"contentUrl\":\"https:\/\/www.obgyn-si.org\/kongresi\/gin-onko\/wp-content\/uploads\/sites\/22\/2019\/03\/authors.jpg\",\"width\":600,\"height\":415},{\"@type\":\"BreadcrumbList\",\"@id\":\"https:\/\/www.obgyn-si.org\/kongresi\/gin-onko\/prijave-2\/#breadcrumb\",\"itemListElement\":[{\"@type\":\"ListItem\",\"position\":1,\"name\":\"Home\",\"item\":\"https:\/\/www.obgyn-si.org\/kongresi\/gin-onko\/\"},{\"@type\":\"ListItem\",\"position\":2,\"name\":\"Prijave\"}]},{\"@type\":\"WebSite\",\"@id\":\"https:\/\/www.obgyn-si.org\/kongresi\/gin-onko\/#website\",\"url\":\"https:\/\/www.obgyn-si.org\/kongresi\/gin-onko\/\",\"name\":\"Ginekolo\u0161ko onkolo\u0161ki simpozij\",\"description\":\"Ljubljana, 3. in 4. april 2025\",\"potentialAction\":[{\"@type\":\"SearchAction\",\"target\":{\"@type\":\"EntryPoint\",\"urlTemplate\":\"https:\/\/www.obgyn-si.org\/kongresi\/gin-onko\/?s={search_term_string}\"},\"query-input\":{\"@type\":\"PropertyValueSpecification\",\"valueRequired\":true,\"valueName\":\"search_term_string\"}}],\"inLanguage\":\"en-US\"}]}<\/script>\n<!-- \/ Yoast SEO plugin. -->","yoast_head_json":{"title":"Prijave - Ginekolo\u0161ko onkolo\u0161ki simpozij","robots":{"index":"index","follow":"follow","max-snippet":"max-snippet:-1","max-image-preview":"max-image-preview:large","max-video-preview":"max-video-preview:-1"},"canonical":"https:\/\/www.obgyn-si.org\/kongresi\/gin-onko\/prijave-2\/","og_locale":"en_US","og_type":"article","og_title":"Prijave - Ginekolo\u0161ko onkolo\u0161ki simpozij","og_url":"https:\/\/www.obgyn-si.org\/kongresi\/gin-onko\/prijave-2\/","og_site_name":"Ginekolo\u0161ko onkolo\u0161ki simpozij","article_modified_time":"2025-02-13T07:59:30+00:00","og_image":[{"width":600,"height":415,"url":"https:\/\/www.obgyn-si.org\/kongresi\/gin-onko\/wp-content\/uploads\/sites\/22\/2019\/03\/authors.jpg","type":"image\/jpeg"}],"twitter_card":"summary_large_image","schema":{"@context":"https:\/\/schema.org","@graph":[{"@type":"WebPage","@id":"https:\/\/www.obgyn-si.org\/kongresi\/gin-onko\/prijave-2\/","url":"https:\/\/www.obgyn-si.org\/kongresi\/gin-onko\/prijave-2\/","name":"Prijave - Ginekolo\u0161ko onkolo\u0161ki simpozij","isPartOf":{"@id":"https:\/\/www.obgyn-si.org\/kongresi\/gin-onko\/#website"},"primaryImageOfPage":{"@id":"https:\/\/www.obgyn-si.org\/kongresi\/gin-onko\/prijave-2\/#primaryimage"},"image":{"@id":"https:\/\/www.obgyn-si.org\/kongresi\/gin-onko\/prijave-2\/#primaryimage"},"thumbnailUrl":"https:\/\/www.obgyn-si.org\/kongresi\/gin-onko\/wp-content\/uploads\/sites\/22\/2019\/03\/authors.jpg","datePublished":"2018-01-25T14:51:15+00:00","dateModified":"2025-02-13T07:59:30+00:00","breadcrumb":{"@id":"https:\/\/www.obgyn-si.org\/kongresi\/gin-onko\/prijave-2\/#breadcrumb"},"inLanguage":"en-US","potentialAction":[{"@type":"ReadAction","target":["https:\/\/www.obgyn-si.org\/kongresi\/gin-onko\/prijave-2\/"]}]},{"@type":"ImageObject","inLanguage":"en-US","@id":"https:\/\/www.obgyn-si.org\/kongresi\/gin-onko\/prijave-2\/#primaryimage","url":"https:\/\/www.obgyn-si.org\/kongresi\/gin-onko\/wp-content\/uploads\/sites\/22\/2019\/03\/authors.jpg","contentUrl":"https:\/\/www.obgyn-si.org\/kongresi\/gin-onko\/wp-content\/uploads\/sites\/22\/2019\/03\/authors.jpg","width":600,"height":415},{"@type":"BreadcrumbList","@id":"https:\/\/www.obgyn-si.org\/kongresi\/gin-onko\/prijave-2\/#breadcrumb","itemListElement":[{"@type":"ListItem","position":1,"name":"Home","item":"https:\/\/www.obgyn-si.org\/kongresi\/gin-onko\/"},{"@type":"ListItem","position":2,"name":"Prijave"}]},{"@type":"WebSite","@id":"https:\/\/www.obgyn-si.org\/kongresi\/gin-onko\/#website","url":"https:\/\/www.obgyn-si.org\/kongresi\/gin-onko\/","name":"Ginekolo\u0161ko onkolo\u0161ki simpozij","description":"Ljubljana, 3. in 4. april 2025","potentialAction":[{"@type":"SearchAction","target":{"@type":"EntryPoint","urlTemplate":"https:\/\/www.obgyn-si.org\/kongresi\/gin-onko\/?s={search_term_string}"},"query-input":{"@type":"PropertyValueSpecification","valueRequired":true,"valueName":"search_term_string"}}],"inLanguage":"en-US"}]}},"_links":{"self":[{"href":"https:\/\/www.obgyn-si.org\/kongresi\/gin-onko\/wp-json\/wp\/v2\/pages\/88","targetHints":{"allow":["GET"]}}],"collection":[{"href":"https:\/\/www.obgyn-si.org\/kongresi\/gin-onko\/wp-json\/wp\/v2\/pages"}],"about":[{"href":"https:\/\/www.obgyn-si.org\/kongresi\/gin-onko\/wp-json\/wp\/v2\/types\/page"}],"author":[{"embeddable":true,"href":"https:\/\/www.obgyn-si.org\/kongresi\/gin-onko\/wp-json\/wp\/v2\/users\/1"}],"replies":[{"embeddable":true,"href":"https:\/\/www.obgyn-si.org\/kongresi\/gin-onko\/wp-json\/wp\/v2\/comments?post=88"}],"version-history":[{"count":15,"href":"https:\/\/www.obgyn-si.org\/kongresi\/gin-onko\/wp-json\/wp\/v2\/pages\/88\/revisions"}],"predecessor-version":[{"id":1128,"href":"https:\/\/www.obgyn-si.org\/kongresi\/gin-onko\/wp-json\/wp\/v2\/pages\/88\/revisions\/1128"}],"wp:featuredmedia":[{"embeddable":true,"href":"https:\/\/www.obgyn-si.org\/kongresi\/gin-onko\/wp-json\/wp\/v2\/media\/428"}],"wp:attachment":[{"href":"https:\/\/www.obgyn-si.org\/kongresi\/gin-onko\/wp-json\/wp\/v2\/media?parent=88"}],"curies":[{"name":"wp","href":"https:\/\/api.w.org\/{rel}","templated":true}]}}