
{"id":6,"date":"2018-01-20T19:07:39","date_gmt":"2018-01-20T19:07:39","guid":{"rendered":"http:\/\/www.obgyn-si.org\/kongresi\/www-2\/?page_id=6"},"modified":"2023-04-05T13:12:22","modified_gmt":"2023-04-05T13:12:22","slug":"predgovor","status":"publish","type":"page","link":"https:\/\/www.obgyn-si.org\/kongresi\/hssg\/","title":{"rendered":"Predgovor"},"content":{"rendered":"<p>Spo\u0161tovane kolegice in kolegi!<\/p>\n<p>Histerosonosalpingografija (HSSG) je pomembna preiskavna metoda pri opredelitvi vzrokov \u017eenske neplodnosti in na\u010drtovanju zdravljenja neplodnosti. V Sloveniji se metoda v zadnjih letih vse bolj uveljavlja. U\u010denje izvajanja te metode je bolj kot ne prepu\u0161\u010deno lastni iznajdljivosti in ve\u0161\u010dinam.<\/p>\n<p>U\u010denje in izvedbo HSSG \u017eelimo pribli\u017eati vsem ginekologom, ki se ukvarjajo z diagnostiko neplodnosti. Zato smo v svojo sredino povabili izumitelja te metode, prof. dr. Marka Hansa \u00a0Emanuela iz Nizozemske:\u00a0 <a href=\"https:\/\/www.umcutrecht.nl\/en\/research\/researchers\/emanuel-mark-hans-mh\">https:\/\/www.umcutrecht.nl\/en\/research\/researchers\/emanuel-mark-hans-mh<\/a>, ki nam bo prikazal teoreti\u010dne in prakti\u010dne vidike HSSG na delavnici\u00a0\u00a0\u00bb<strong>HISTEROSONOSALPINGOGRAFIJA<\/strong> &#8211; teorija in praksa\u00ab, v torek 9. maja 2023.<\/p>\n<p>Te\u010daj je namenjen specialistom in specializantom ginekologije in porodni\u0161tva.\u00a0 Kotizacije ni. \u00a0\u0160tevilo udele\u017eencev je omejeno na 70.<\/p>\n<p>Vljudno vabljeni!<\/p>\n<table border=\"0\" width=\"100%\">\n<tbody>\n<tr>\n<td><img loading=\"lazy\" decoding=\"async\" class=\"alignnone size-medium wp-image-1039\" src=\"http:\/\/www.obgyn-si.org\/kongresi\/hssg\/wp-content\/uploads\/sites\/13\/2023\/04\/HBF-243x300.jpg\" alt=\"\" width=\"243\" height=\"300\" srcset=\"https:\/\/www.obgyn-si.org\/kongresi\/hssg\/wp-content\/uploads\/sites\/13\/2023\/04\/HBF-243x300.jpg 243w, https:\/\/www.obgyn-si.org\/kongresi\/hssg\/wp-content\/uploads\/sites\/13\/2023\/04\/HBF-830x1024.jpg 830w, https:\/\/www.obgyn-si.org\/kongresi\/hssg\/wp-content\/uploads\/sites\/13\/2023\/04\/HBF-768x947.jpg 768w, https:\/\/www.obgyn-si.org\/kongresi\/hssg\/wp-content\/uploads\/sites\/13\/2023\/04\/HBF-1245x1536.jpg 1245w, https:\/\/www.obgyn-si.org\/kongresi\/hssg\/wp-content\/uploads\/sites\/13\/2023\/04\/HBF-1661x2048.jpg 1661w, https:\/\/www.obgyn-si.org\/kongresi\/hssg\/wp-content\/uploads\/sites\/13\/2023\/04\/HBF.jpg 1723w\" sizes=\"auto, (max-width: 243px) 100vw, 243px\" \/><\/td>\n<td>Izr. prof. dr. Helena Ban Frange\u017e, dr. med.<br \/>\npredstojnica KO za reprodukcijo,<br \/>\nGinekolo\u0161ka klinika UKCL<\/td>\n<\/tr>\n<\/tbody>\n<\/table>\n<p>&nbsp;<\/p>\n","protected":false},"excerpt":{"rendered":"<p>Spo\u0161tovane kolegice in kolegi! Histerosonosalpingografija (HSSG) je pomembna preiskavna metoda pri opredelitvi vzrokov \u017eenske neplodnosti in na\u010drtovanju zdravljenja neplodnosti. V Sloveniji se metoda v zadnjih letih vse bolj uveljavlja. U\u010denje izvajanja te metode je bolj kot ne prepu\u0161\u010deno lastni iznajdljivosti in ve\u0161\u010dinam. U\u010denje in izvedbo HSSG \u017eelimo pribli\u017eati vsem ginekologom, ki se ukvarjajo z diagnostiko &hellip; <\/p>\n<p class=\"link-more\"><a href=\"https:\/\/www.obgyn-si.org\/kongresi\/hssg\/\" class=\"more-link\">Continue reading<span class=\"screen-reader-text\"> &#8220;Predgovor&#8221;<\/span><\/a><\/p>\n","protected":false},"author":1,"featured_media":18,"parent":0,"menu_order":0,"comment_status":"closed","ping_status":"closed","template":"","meta":{"footnotes":""},"class_list":["post-6","page","type-page","status-publish","has-post-thumbnail","hentry"],"yoast_head":"<!-- This site is optimized with the Yoast SEO plugin v26.8 - https:\/\/yoast.com\/product\/yoast-seo-wordpress\/ -->\n<title>Predgovor - HISTEROSONOSALPINGOGRAFIJA - teorija in praksa<\/title>\n<meta name=\"robots\" content=\"index, follow, max-snippet:-1, max-image-preview:large, max-video-preview:-1\" \/>\n<link rel=\"canonical\" href=\"https:\/\/www.obgyn-si.org\/kongresi\/hssg\/\" \/>\n<meta property=\"og:locale\" content=\"en_US\" \/>\n<meta property=\"og:type\" content=\"article\" \/>\n<meta property=\"og:title\" content=\"Predgovor - HISTEROSONOSALPINGOGRAFIJA - teorija in praksa\" \/>\n<meta property=\"og:description\" content=\"Spo\u0161tovane kolegice in kolegi! Histerosonosalpingografija (HSSG) je pomembna preiskavna metoda pri opredelitvi vzrokov \u017eenske neplodnosti in na\u010drtovanju zdravljenja neplodnosti. V Sloveniji se metoda v zadnjih letih vse bolj uveljavlja. U\u010denje izvajanja te metode je bolj kot ne prepu\u0161\u010deno lastni iznajdljivosti in ve\u0161\u010dinam. U\u010denje in izvedbo HSSG \u017eelimo pribli\u017eati vsem ginekologom, ki se ukvarjajo z diagnostiko &hellip; Continue reading &quot;Predgovor&quot;\" \/>\n<meta property=\"og:url\" content=\"https:\/\/www.obgyn-si.org\/kongresi\/hssg\/\" \/>\n<meta property=\"og:site_name\" content=\"HISTEROSONOSALPINGOGRAFIJA - teorija in praksa\" \/>\n<meta property=\"article:modified_time\" content=\"2023-04-05T13:12:22+00:00\" \/>\n<meta property=\"og:image\" content=\"https:\/\/www.obgyn-si.org\/kongresi\/hssg\/wp-content\/uploads\/sites\/13\/2018\/01\/sl4-1.jpg\" \/>\n\t<meta property=\"og:image:width\" content=\"2409\" \/>\n\t<meta property=\"og:image:height\" content=\"1600\" \/>\n\t<meta property=\"og:image:type\" content=\"image\/jpeg\" \/>\n<meta name=\"twitter:card\" content=\"summary_large_image\" \/>\n<meta name=\"twitter:label1\" content=\"Est. reading time\" \/>\n\t<meta name=\"twitter:data1\" content=\"1 minute\" \/>\n<script type=\"application\/ld+json\" class=\"yoast-schema-graph\">{\"@context\":\"https:\/\/schema.org\",\"@graph\":[{\"@type\":\"WebPage\",\"@id\":\"https:\/\/www.obgyn-si.org\/kongresi\/hssg\/\",\"url\":\"https:\/\/www.obgyn-si.org\/kongresi\/hssg\/\",\"name\":\"Predgovor - HISTEROSONOSALPINGOGRAFIJA - teorija in praksa\",\"isPartOf\":{\"@id\":\"https:\/\/www.obgyn-si.org\/kongresi\/hssg\/#website\"},\"primaryImageOfPage\":{\"@id\":\"https:\/\/www.obgyn-si.org\/kongresi\/hssg\/#primaryimage\"},\"image\":{\"@id\":\"https:\/\/www.obgyn-si.org\/kongresi\/hssg\/#primaryimage\"},\"thumbnailUrl\":\"https:\/\/www.obgyn-si.org\/kongresi\/hssg\/wp-content\/uploads\/sites\/13\/2018\/01\/sl4-1.jpg\",\"datePublished\":\"2018-01-20T19:07:39+00:00\",\"dateModified\":\"2023-04-05T13:12:22+00:00\",\"breadcrumb\":{\"@id\":\"https:\/\/www.obgyn-si.org\/kongresi\/hssg\/#breadcrumb\"},\"inLanguage\":\"en-US\",\"potentialAction\":[{\"@type\":\"ReadAction\",\"target\":[\"https:\/\/www.obgyn-si.org\/kongresi\/hssg\/\"]}]},{\"@type\":\"ImageObject\",\"inLanguage\":\"en-US\",\"@id\":\"https:\/\/www.obgyn-si.org\/kongresi\/hssg\/#primaryimage\",\"url\":\"https:\/\/www.obgyn-si.org\/kongresi\/hssg\/wp-content\/uploads\/sites\/13\/2018\/01\/sl4-1.jpg\",\"contentUrl\":\"https:\/\/www.obgyn-si.org\/kongresi\/hssg\/wp-content\/uploads\/sites\/13\/2018\/01\/sl4-1.jpg\",\"width\":2409,\"height\":1600,\"caption\":\"Anjanabonoina pegmatites, Ambohimanambola Commune, Betafo District, Vakinankaratra Region, Antananarivo Province, Madagascar\"},{\"@type\":\"BreadcrumbList\",\"@id\":\"https:\/\/www.obgyn-si.org\/kongresi\/hssg\/#breadcrumb\",\"itemListElement\":[{\"@type\":\"ListItem\",\"position\":1,\"name\":\"Home\",\"item\":\"https:\/\/www.obgyn-si.org\/kongresi\/hssg\/\"},{\"@type\":\"ListItem\",\"position\":2,\"name\":\"Predgovor\"}]},{\"@type\":\"WebSite\",\"@id\":\"https:\/\/www.obgyn-si.org\/kongresi\/hssg\/#website\",\"url\":\"https:\/\/www.obgyn-si.org\/kongresi\/hssg\/\",\"name\":\"HISTEROSONOSALPINGOGRAFIJA - teorija in praksa\",\"description\":\"Ljubljana, 9. maj 2023\",\"potentialAction\":[{\"@type\":\"SearchAction\",\"target\":{\"@type\":\"EntryPoint\",\"urlTemplate\":\"https:\/\/www.obgyn-si.org\/kongresi\/hssg\/?s={search_term_string}\"},\"query-input\":{\"@type\":\"PropertyValueSpecification\",\"valueRequired\":true,\"valueName\":\"search_term_string\"}}],\"inLanguage\":\"en-US\"}]}<\/script>\n<!-- \/ Yoast SEO plugin. -->","yoast_head_json":{"title":"Predgovor - HISTEROSONOSALPINGOGRAFIJA - teorija in praksa","robots":{"index":"index","follow":"follow","max-snippet":"max-snippet:-1","max-image-preview":"max-image-preview:large","max-video-preview":"max-video-preview:-1"},"canonical":"https:\/\/www.obgyn-si.org\/kongresi\/hssg\/","og_locale":"en_US","og_type":"article","og_title":"Predgovor - HISTEROSONOSALPINGOGRAFIJA - teorija in praksa","og_description":"Spo\u0161tovane kolegice in kolegi! Histerosonosalpingografija (HSSG) je pomembna preiskavna metoda pri opredelitvi vzrokov \u017eenske neplodnosti in na\u010drtovanju zdravljenja neplodnosti. V Sloveniji se metoda v zadnjih letih vse bolj uveljavlja. U\u010denje izvajanja te metode je bolj kot ne prepu\u0161\u010deno lastni iznajdljivosti in ve\u0161\u010dinam. U\u010denje in izvedbo HSSG \u017eelimo pribli\u017eati vsem ginekologom, ki se ukvarjajo z diagnostiko &hellip; Continue reading \"Predgovor\"","og_url":"https:\/\/www.obgyn-si.org\/kongresi\/hssg\/","og_site_name":"HISTEROSONOSALPINGOGRAFIJA - teorija in praksa","article_modified_time":"2023-04-05T13:12:22+00:00","og_image":[{"width":2409,"height":1600,"url":"https:\/\/www.obgyn-si.org\/kongresi\/hssg\/wp-content\/uploads\/sites\/13\/2018\/01\/sl4-1.jpg","type":"image\/jpeg"}],"twitter_card":"summary_large_image","twitter_misc":{"Est. reading time":"1 minute"},"schema":{"@context":"https:\/\/schema.org","@graph":[{"@type":"WebPage","@id":"https:\/\/www.obgyn-si.org\/kongresi\/hssg\/","url":"https:\/\/www.obgyn-si.org\/kongresi\/hssg\/","name":"Predgovor - HISTEROSONOSALPINGOGRAFIJA - teorija in praksa","isPartOf":{"@id":"https:\/\/www.obgyn-si.org\/kongresi\/hssg\/#website"},"primaryImageOfPage":{"@id":"https:\/\/www.obgyn-si.org\/kongresi\/hssg\/#primaryimage"},"image":{"@id":"https:\/\/www.obgyn-si.org\/kongresi\/hssg\/#primaryimage"},"thumbnailUrl":"https:\/\/www.obgyn-si.org\/kongresi\/hssg\/wp-content\/uploads\/sites\/13\/2018\/01\/sl4-1.jpg","datePublished":"2018-01-20T19:07:39+00:00","dateModified":"2023-04-05T13:12:22+00:00","breadcrumb":{"@id":"https:\/\/www.obgyn-si.org\/kongresi\/hssg\/#breadcrumb"},"inLanguage":"en-US","potentialAction":[{"@type":"ReadAction","target":["https:\/\/www.obgyn-si.org\/kongresi\/hssg\/"]}]},{"@type":"ImageObject","inLanguage":"en-US","@id":"https:\/\/www.obgyn-si.org\/kongresi\/hssg\/#primaryimage","url":"https:\/\/www.obgyn-si.org\/kongresi\/hssg\/wp-content\/uploads\/sites\/13\/2018\/01\/sl4-1.jpg","contentUrl":"https:\/\/www.obgyn-si.org\/kongresi\/hssg\/wp-content\/uploads\/sites\/13\/2018\/01\/sl4-1.jpg","width":2409,"height":1600,"caption":"Anjanabonoina pegmatites, Ambohimanambola Commune, Betafo District, Vakinankaratra Region, Antananarivo Province, Madagascar"},{"@type":"BreadcrumbList","@id":"https:\/\/www.obgyn-si.org\/kongresi\/hssg\/#breadcrumb","itemListElement":[{"@type":"ListItem","position":1,"name":"Home","item":"https:\/\/www.obgyn-si.org\/kongresi\/hssg\/"},{"@type":"ListItem","position":2,"name":"Predgovor"}]},{"@type":"WebSite","@id":"https:\/\/www.obgyn-si.org\/kongresi\/hssg\/#website","url":"https:\/\/www.obgyn-si.org\/kongresi\/hssg\/","name":"HISTEROSONOSALPINGOGRAFIJA - teorija in praksa","description":"Ljubljana, 9. maj 2023","potentialAction":[{"@type":"SearchAction","target":{"@type":"EntryPoint","urlTemplate":"https:\/\/www.obgyn-si.org\/kongresi\/hssg\/?s={search_term_string}"},"query-input":{"@type":"PropertyValueSpecification","valueRequired":true,"valueName":"search_term_string"}}],"inLanguage":"en-US"}]}},"_links":{"self":[{"href":"https:\/\/www.obgyn-si.org\/kongresi\/hssg\/wp-json\/wp\/v2\/pages\/6","targetHints":{"allow":["GET"]}}],"collection":[{"href":"https:\/\/www.obgyn-si.org\/kongresi\/hssg\/wp-json\/wp\/v2\/pages"}],"about":[{"href":"https:\/\/www.obgyn-si.org\/kongresi\/hssg\/wp-json\/wp\/v2\/types\/page"}],"author":[{"embeddable":true,"href":"https:\/\/www.obgyn-si.org\/kongresi\/hssg\/wp-json\/wp\/v2\/users\/1"}],"replies":[{"embeddable":true,"href":"https:\/\/www.obgyn-si.org\/kongresi\/hssg\/wp-json\/wp\/v2\/comments?post=6"}],"version-history":[{"count":29,"href":"https:\/\/www.obgyn-si.org\/kongresi\/hssg\/wp-json\/wp\/v2\/pages\/6\/revisions"}],"predecessor-version":[{"id":1074,"href":"https:\/\/www.obgyn-si.org\/kongresi\/hssg\/wp-json\/wp\/v2\/pages\/6\/revisions\/1074"}],"wp:featuredmedia":[{"embeddable":true,"href":"https:\/\/www.obgyn-si.org\/kongresi\/hssg\/wp-json\/wp\/v2\/media\/18"}],"wp:attachment":[{"href":"https:\/\/www.obgyn-si.org\/kongresi\/hssg\/wp-json\/wp\/v2\/media?parent=6"}],"curies":[{"name":"wp","href":"https:\/\/api.w.org\/{rel}","templated":true}]}}