
{"id":45,"date":"2018-01-24T08:31:11","date_gmt":"2018-01-24T08:31:11","guid":{"rendered":"http:\/\/www.obgyn-si.org\/kongresi\/www-2\/?page_id=45"},"modified":"2024-03-14T12:43:52","modified_gmt":"2024-03-14T12:43:52","slug":"informacije","status":"publish","type":"page","link":"https:\/\/www.obgyn-si.org\/kongresi\/imunoth\/informacije\/","title":{"rendered":"Informacije"},"content":{"rendered":"<h2><strong>Imunoterapija pri ginekolo\u0161kih rakih<\/strong><\/h2>\n<p><strong>Prizori\u0161\u010de: <\/strong>predavalnica Ginekolo\u0161ke klinike, \u0160lajmerjeva 3, Ljubljana<\/p>\n<p><strong>\u010cas dogajanja:<\/strong> 5. april, 2024<\/p>\n<p><strong>Organizatorja: <\/strong>KO za ginekologijo, Ginekolo\u0161ka klinika UKC Ljubljana,<br \/>\nZdru\u017eenje za ginekolo\u0161ko onkologijo, kolposkopijo in cervikalno patologijo\u00a0 pri SZD<\/p>\n<p><strong>Strokovni odbor:\u00a0 <\/strong>\u0160pela Smrkolj, Borut Kobal, Branko Cvjeti\u0107anin, Snje\u017eana Frkovi\u0107 Grazio, Nata\u0161a Kenda \u0160uster, Sr\u0111jan Novakovi\u0107, Domen Ribnikar, Erik \u0160kof, Maja Ravnik, Breda \u0160krbinc, Nina Fokter Dovnik, Mateja Lasi\u010d, Vid Jan\u0161a, Luka Kova\u010d, Bo\u0161tjan Pir\u0161, Maja Krajec, Monika Colja<\/p>\n<p><strong>Organizacijski odbor: <\/strong>\u0160pela Smrkolj, Branko Cvjeti\u010danin, Borut Kobal, Peter Po\u017eun, Nata\u0161a Kenda \u0160uster, Mateja Lasi\u010d, Vid Jan\u0161a, Luka Kova\u010d, Bo\u0161tjan Pir\u0161, Tina Kuni\u010d Pir\u0161, Snje\u017eana Frkovi\u0107 Grazio, Katja Jakopi\u010d Ma\u010dek, Marina Jakimovska Stefanovska, Kristina Drusany Stari\u010d, Leon Megli\u010d, Matija Barbi\u010d, Mija Blaganje, David Lukanovi\u0107, Andrej Zore, Andreja \u0160tolfa Gruntar, Pepita Taneska, Sa\u0161o Kostoski, Martina Pe\u010dlin, Ivan Verdenik<\/p>\n<p><strong>Kotizacije ni<\/strong><\/p>\n<p><strong>\u0160tevilo udele\u017eencev:<\/strong> Omejeno na 75<\/p>\n<p><strong>Kreditne to\u010dke:<\/strong> (v postopku)<\/p>\n","protected":false},"excerpt":{"rendered":"<p>Imunoterapija pri ginekolo\u0161kih rakih Prizori\u0161\u010de: predavalnica Ginekolo\u0161ke klinike, \u0160lajmerjeva 3, Ljubljana \u010cas dogajanja: 5. april, 2024 Organizatorja: KO za ginekologijo, Ginekolo\u0161ka klinika UKC Ljubljana, Zdru\u017eenje za ginekolo\u0161ko onkologijo, kolposkopijo in cervikalno patologijo\u00a0 pri SZD Strokovni odbor:\u00a0 \u0160pela Smrkolj, Borut Kobal, Branko Cvjeti\u0107anin, Snje\u017eana Frkovi\u0107 Grazio, Nata\u0161a Kenda \u0160uster, Sr\u0111jan Novakovi\u0107, Domen Ribnikar, Erik \u0160kof, Maja [&hellip;]<\/p>\n","protected":false},"author":1,"featured_media":0,"parent":0,"menu_order":0,"comment_status":"closed","ping_status":"closed","template":"","meta":{"footnotes":""},"class_list":["post-45","page","type-page","status-publish","hentry"],"yoast_head":"<!-- This site is optimized with the Yoast SEO plugin v26.8 - https:\/\/yoast.com\/product\/yoast-seo-wordpress\/ -->\n<title>Informacije - Imunoterapija pri ginekolo\u0161kih rakih<\/title>\n<meta name=\"robots\" content=\"index, follow, max-snippet:-1, max-image-preview:large, max-video-preview:-1\" \/>\n<link rel=\"canonical\" href=\"https:\/\/www.obgyn-si.org\/kongresi\/imunoth\/informacije\/\" \/>\n<meta property=\"og:locale\" content=\"en_US\" \/>\n<meta property=\"og:type\" content=\"article\" \/>\n<meta property=\"og:title\" content=\"Informacije - Imunoterapija pri ginekolo\u0161kih rakih\" \/>\n<meta property=\"og:description\" content=\"Imunoterapija pri ginekolo\u0161kih rakih Prizori\u0161\u010de: predavalnica Ginekolo\u0161ke klinike, \u0160lajmerjeva 3, Ljubljana \u010cas dogajanja: 5. april, 2024 Organizatorja: KO za ginekologijo, Ginekolo\u0161ka klinika UKC Ljubljana, Zdru\u017eenje za ginekolo\u0161ko onkologijo, kolposkopijo in cervikalno patologijo\u00a0 pri SZD Strokovni odbor:\u00a0 \u0160pela Smrkolj, Borut Kobal, Branko Cvjeti\u0107anin, Snje\u017eana Frkovi\u0107 Grazio, Nata\u0161a Kenda \u0160uster, Sr\u0111jan Novakovi\u0107, Domen Ribnikar, Erik \u0160kof, Maja [&hellip;]\" \/>\n<meta property=\"og:url\" content=\"https:\/\/www.obgyn-si.org\/kongresi\/imunoth\/informacije\/\" \/>\n<meta property=\"og:site_name\" content=\"Imunoterapija pri ginekolo\u0161kih rakih\" \/>\n<meta property=\"article:modified_time\" content=\"2024-03-14T12:43:52+00:00\" \/>\n<meta name=\"twitter:card\" content=\"summary_large_image\" \/>\n<meta name=\"twitter:label1\" content=\"Est. reading time\" \/>\n\t<meta name=\"twitter:data1\" content=\"1 minute\" \/>\n<script type=\"application\/ld+json\" class=\"yoast-schema-graph\">{\"@context\":\"https:\/\/schema.org\",\"@graph\":[{\"@type\":\"WebPage\",\"@id\":\"https:\/\/www.obgyn-si.org\/kongresi\/imunoth\/informacije\/\",\"url\":\"https:\/\/www.obgyn-si.org\/kongresi\/imunoth\/informacije\/\",\"name\":\"Informacije - Imunoterapija pri ginekolo\u0161kih rakih\",\"isPartOf\":{\"@id\":\"https:\/\/www.obgyn-si.org\/kongresi\/imunoth\/#website\"},\"datePublished\":\"2018-01-24T08:31:11+00:00\",\"dateModified\":\"2024-03-14T12:43:52+00:00\",\"breadcrumb\":{\"@id\":\"https:\/\/www.obgyn-si.org\/kongresi\/imunoth\/informacije\/#breadcrumb\"},\"inLanguage\":\"en-US\",\"potentialAction\":[{\"@type\":\"ReadAction\",\"target\":[\"https:\/\/www.obgyn-si.org\/kongresi\/imunoth\/informacije\/\"]}]},{\"@type\":\"BreadcrumbList\",\"@id\":\"https:\/\/www.obgyn-si.org\/kongresi\/imunoth\/informacije\/#breadcrumb\",\"itemListElement\":[{\"@type\":\"ListItem\",\"position\":1,\"name\":\"Home\",\"item\":\"https:\/\/www.obgyn-si.org\/kongresi\/imunoth\/\"},{\"@type\":\"ListItem\",\"position\":2,\"name\":\"Informacije\"}]},{\"@type\":\"WebSite\",\"@id\":\"https:\/\/www.obgyn-si.org\/kongresi\/imunoth\/#website\",\"url\":\"https:\/\/www.obgyn-si.org\/kongresi\/imunoth\/\",\"name\":\"Imunoterapija pri ginekolo\u0161kih rakih\",\"description\":\"Ljubljana, 5. april 2024\",\"publisher\":{\"@id\":\"https:\/\/www.obgyn-si.org\/kongresi\/imunoth\/#organization\"},\"potentialAction\":[{\"@type\":\"SearchAction\",\"target\":{\"@type\":\"EntryPoint\",\"urlTemplate\":\"https:\/\/www.obgyn-si.org\/kongresi\/imunoth\/?s={search_term_string}\"},\"query-input\":{\"@type\":\"PropertyValueSpecification\",\"valueRequired\":true,\"valueName\":\"search_term_string\"}}],\"inLanguage\":\"en-US\"},{\"@type\":\"Organization\",\"@id\":\"https:\/\/www.obgyn-si.org\/kongresi\/imunoth\/#organization\",\"name\":\"Imunoterapija pri ginekolo\u0161kih rakih\",\"url\":\"https:\/\/www.obgyn-si.org\/kongresi\/imunoth\/\",\"logo\":{\"@type\":\"ImageObject\",\"inLanguage\":\"en-US\",\"@id\":\"https:\/\/www.obgyn-si.org\/kongresi\/imunoth\/#\/schema\/logo\/image\/\",\"url\":\"https:\/\/www.obgyn-si.org\/kongresi\/imunoth\/wp-content\/uploads\/sites\/18\/2024\/03\/cropped-duplex2-1.png\",\"contentUrl\":\"https:\/\/www.obgyn-si.org\/kongresi\/imunoth\/wp-content\/uploads\/sites\/18\/2024\/03\/cropped-duplex2-1.png\",\"width\":692,\"height\":250,\"caption\":\"Imunoterapija pri ginekolo\u0161kih rakih\"},\"image\":{\"@id\":\"https:\/\/www.obgyn-si.org\/kongresi\/imunoth\/#\/schema\/logo\/image\/\"}}]}<\/script>\n<!-- \/ Yoast SEO plugin. -->","yoast_head_json":{"title":"Informacije - Imunoterapija pri ginekolo\u0161kih rakih","robots":{"index":"index","follow":"follow","max-snippet":"max-snippet:-1","max-image-preview":"max-image-preview:large","max-video-preview":"max-video-preview:-1"},"canonical":"https:\/\/www.obgyn-si.org\/kongresi\/imunoth\/informacije\/","og_locale":"en_US","og_type":"article","og_title":"Informacije - Imunoterapija pri ginekolo\u0161kih rakih","og_description":"Imunoterapija pri ginekolo\u0161kih rakih Prizori\u0161\u010de: predavalnica Ginekolo\u0161ke klinike, \u0160lajmerjeva 3, Ljubljana \u010cas dogajanja: 5. april, 2024 Organizatorja: KO za ginekologijo, Ginekolo\u0161ka klinika UKC Ljubljana, Zdru\u017eenje za ginekolo\u0161ko onkologijo, kolposkopijo in cervikalno patologijo\u00a0 pri SZD Strokovni odbor:\u00a0 \u0160pela Smrkolj, Borut Kobal, Branko Cvjeti\u0107anin, Snje\u017eana Frkovi\u0107 Grazio, Nata\u0161a Kenda \u0160uster, Sr\u0111jan Novakovi\u0107, Domen Ribnikar, Erik \u0160kof, Maja [&hellip;]","og_url":"https:\/\/www.obgyn-si.org\/kongresi\/imunoth\/informacije\/","og_site_name":"Imunoterapija pri ginekolo\u0161kih rakih","article_modified_time":"2024-03-14T12:43:52+00:00","twitter_card":"summary_large_image","twitter_misc":{"Est. reading time":"1 minute"},"schema":{"@context":"https:\/\/schema.org","@graph":[{"@type":"WebPage","@id":"https:\/\/www.obgyn-si.org\/kongresi\/imunoth\/informacije\/","url":"https:\/\/www.obgyn-si.org\/kongresi\/imunoth\/informacije\/","name":"Informacije - Imunoterapija pri ginekolo\u0161kih rakih","isPartOf":{"@id":"https:\/\/www.obgyn-si.org\/kongresi\/imunoth\/#website"},"datePublished":"2018-01-24T08:31:11+00:00","dateModified":"2024-03-14T12:43:52+00:00","breadcrumb":{"@id":"https:\/\/www.obgyn-si.org\/kongresi\/imunoth\/informacije\/#breadcrumb"},"inLanguage":"en-US","potentialAction":[{"@type":"ReadAction","target":["https:\/\/www.obgyn-si.org\/kongresi\/imunoth\/informacije\/"]}]},{"@type":"BreadcrumbList","@id":"https:\/\/www.obgyn-si.org\/kongresi\/imunoth\/informacije\/#breadcrumb","itemListElement":[{"@type":"ListItem","position":1,"name":"Home","item":"https:\/\/www.obgyn-si.org\/kongresi\/imunoth\/"},{"@type":"ListItem","position":2,"name":"Informacije"}]},{"@type":"WebSite","@id":"https:\/\/www.obgyn-si.org\/kongresi\/imunoth\/#website","url":"https:\/\/www.obgyn-si.org\/kongresi\/imunoth\/","name":"Imunoterapija pri ginekolo\u0161kih rakih","description":"Ljubljana, 5. april 2024","publisher":{"@id":"https:\/\/www.obgyn-si.org\/kongresi\/imunoth\/#organization"},"potentialAction":[{"@type":"SearchAction","target":{"@type":"EntryPoint","urlTemplate":"https:\/\/www.obgyn-si.org\/kongresi\/imunoth\/?s={search_term_string}"},"query-input":{"@type":"PropertyValueSpecification","valueRequired":true,"valueName":"search_term_string"}}],"inLanguage":"en-US"},{"@type":"Organization","@id":"https:\/\/www.obgyn-si.org\/kongresi\/imunoth\/#organization","name":"Imunoterapija pri ginekolo\u0161kih rakih","url":"https:\/\/www.obgyn-si.org\/kongresi\/imunoth\/","logo":{"@type":"ImageObject","inLanguage":"en-US","@id":"https:\/\/www.obgyn-si.org\/kongresi\/imunoth\/#\/schema\/logo\/image\/","url":"https:\/\/www.obgyn-si.org\/kongresi\/imunoth\/wp-content\/uploads\/sites\/18\/2024\/03\/cropped-duplex2-1.png","contentUrl":"https:\/\/www.obgyn-si.org\/kongresi\/imunoth\/wp-content\/uploads\/sites\/18\/2024\/03\/cropped-duplex2-1.png","width":692,"height":250,"caption":"Imunoterapija pri ginekolo\u0161kih rakih"},"image":{"@id":"https:\/\/www.obgyn-si.org\/kongresi\/imunoth\/#\/schema\/logo\/image\/"}}]}},"_links":{"self":[{"href":"https:\/\/www.obgyn-si.org\/kongresi\/imunoth\/wp-json\/wp\/v2\/pages\/45","targetHints":{"allow":["GET"]}}],"collection":[{"href":"https:\/\/www.obgyn-si.org\/kongresi\/imunoth\/wp-json\/wp\/v2\/pages"}],"about":[{"href":"https:\/\/www.obgyn-si.org\/kongresi\/imunoth\/wp-json\/wp\/v2\/types\/page"}],"author":[{"embeddable":true,"href":"https:\/\/www.obgyn-si.org\/kongresi\/imunoth\/wp-json\/wp\/v2\/users\/1"}],"replies":[{"embeddable":true,"href":"https:\/\/www.obgyn-si.org\/kongresi\/imunoth\/wp-json\/wp\/v2\/comments?post=45"}],"version-history":[{"count":45,"href":"https:\/\/www.obgyn-si.org\/kongresi\/imunoth\/wp-json\/wp\/v2\/pages\/45\/revisions"}],"predecessor-version":[{"id":1321,"href":"https:\/\/www.obgyn-si.org\/kongresi\/imunoth\/wp-json\/wp\/v2\/pages\/45\/revisions\/1321"}],"wp:attachment":[{"href":"https:\/\/www.obgyn-si.org\/kongresi\/imunoth\/wp-json\/wp\/v2\/media?parent=45"}],"curies":[{"name":"wp","href":"https:\/\/api.w.org\/{rel}","templated":true}]}}