
{"id":6,"date":"2018-01-20T19:07:39","date_gmt":"2018-01-20T19:07:39","guid":{"rendered":"http:\/\/www.obgyn-si.org\/kongresi\/www-2\/?page_id=6"},"modified":"2024-03-14T12:36:37","modified_gmt":"2024-03-14T12:36:37","slug":"predgovor","status":"publish","type":"page","link":"https:\/\/www.obgyn-si.org\/kongresi\/imunoth\/","title":{"rendered":"Predgovor"},"content":{"rendered":"<p>Spo\u0161tovane kolegice in kolegi!<\/p>\n<p>Zdravljenje ginekolo\u0161kih rakov z imunoterapijo postaja vse pomembnej\u0161a terapevtska opcija. Imunoterapija vklju\u010duje uporabo zdravil, ki spodbujajo imunski sistem pacienta, da prepozna in uni\u010di tumorske celice. Pri ginekolo\u0161kih rakih, kot so rak maternice, rak materni\u010dnega vratu, rak jaj\u010dnikov, ima imunoterapija ve\u010d pomembnih vidikov, ki bi jih \u017eeleli na simpoziju bolj podrobno predstaviti: od teoreti\u010dnih do prakti\u010dnih vidikov delovanja zdravljenja z imunoterapijo; predstavili bomo, pri katerih ginekolo\u0161kih rakih je zdravljenje z imunoterapijo \u017ee na voljo ter kak\u0161ne so na\u0161e prve izku\u0161nje z njim; govora bo tudi o ne\u017eelenih u\u010dinkih zdravljenja ter izbiri bolnic, ki so kandidatke za to zdravljenje; v zaklju\u010dku pa bomo predstavili \u0161e nekaj zanimih primerov iz klini\u010dne prakse.<\/p>\n<p>Vsaka na\u0161a bolnica je edinstvena, zato se terapevtski pristop prilagodi individualnim potrebam in zna\u010dilnostim bolezni. \u010ceprav imunoterapija prina\u0161a novo upanje pri zdravljenju ginekolo\u0161kih rakov, so nadaljnje raziskave potrebne za bolj\u0161e razumevanje mehanizmov delovanja in izbolj\u0161anje terapevtskih rezultatov.<\/p>\n<p>Simpozij je namenjen specializantom in specialistom ginekologije in porodni\u0161tva, internistom,\u00a0onkologom, radioterapevtom ter specialistom patologom, ki se ukvarjajo z ginekolo\u0161ko patologijo.<\/p>\n<p>Med enodnevnim simpozijem bomo udele\u017eence seznanili z novostmi, ki so pomembne za obravnavo na\u0161ih bolnic, ki jih zdravimo z imunoterapijo.<\/p>\n<p>Vljudno vabljeni!<\/p>\n<p>Prof. dr. \u0160pela Smrkolj, dr. med.,\u00a0 vodja strokovnega programa<\/p>\n<p>&nbsp;<\/p>\n","protected":false},"excerpt":{"rendered":"<p>Spo\u0161tovane kolegice in kolegi! Zdravljenje ginekolo\u0161kih rakov z imunoterapijo postaja vse pomembnej\u0161a terapevtska opcija. Imunoterapija vklju\u010duje uporabo zdravil, ki spodbujajo imunski sistem pacienta, da prepozna in uni\u010di tumorske celice. Pri ginekolo\u0161kih rakih, kot so rak maternice, rak materni\u010dnega vratu, rak jaj\u010dnikov, ima imunoterapija ve\u010d pomembnih vidikov, ki bi jih \u017eeleli na simpoziju bolj podrobno predstaviti: [&hellip;]<\/p>\n","protected":false},"author":1,"featured_media":0,"parent":0,"menu_order":0,"comment_status":"closed","ping_status":"closed","template":"","meta":{"footnotes":""},"class_list":["post-6","page","type-page","status-publish","hentry"],"yoast_head":"<!-- This site is optimized with the Yoast SEO plugin v26.8 - https:\/\/yoast.com\/product\/yoast-seo-wordpress\/ -->\n<title>Predgovor - Imunoterapija pri ginekolo\u0161kih rakih<\/title>\n<meta name=\"robots\" content=\"index, follow, max-snippet:-1, max-image-preview:large, max-video-preview:-1\" \/>\n<link rel=\"canonical\" href=\"https:\/\/www.obgyn-si.org\/kongresi\/imunoth\/\" \/>\n<meta property=\"og:locale\" content=\"en_US\" \/>\n<meta property=\"og:type\" content=\"article\" \/>\n<meta property=\"og:title\" content=\"Predgovor - Imunoterapija pri ginekolo\u0161kih rakih\" \/>\n<meta property=\"og:description\" content=\"Spo\u0161tovane kolegice in kolegi! Zdravljenje ginekolo\u0161kih rakov z imunoterapijo postaja vse pomembnej\u0161a terapevtska opcija. Imunoterapija vklju\u010duje uporabo zdravil, ki spodbujajo imunski sistem pacienta, da prepozna in uni\u010di tumorske celice. Pri ginekolo\u0161kih rakih, kot so rak maternice, rak materni\u010dnega vratu, rak jaj\u010dnikov, ima imunoterapija ve\u010d pomembnih vidikov, ki bi jih \u017eeleli na simpoziju bolj podrobno predstaviti: [&hellip;]\" \/>\n<meta property=\"og:url\" content=\"https:\/\/www.obgyn-si.org\/kongresi\/imunoth\/\" \/>\n<meta property=\"og:site_name\" content=\"Imunoterapija pri ginekolo\u0161kih rakih\" \/>\n<meta property=\"article:modified_time\" content=\"2024-03-14T12:36:37+00:00\" \/>\n<meta name=\"twitter:card\" content=\"summary_large_image\" \/>\n<meta name=\"twitter:label1\" content=\"Est. reading time\" \/>\n\t<meta name=\"twitter:data1\" content=\"1 minute\" \/>\n<script type=\"application\/ld+json\" class=\"yoast-schema-graph\">{\"@context\":\"https:\/\/schema.org\",\"@graph\":[{\"@type\":\"WebPage\",\"@id\":\"https:\/\/www.obgyn-si.org\/kongresi\/imunoth\/\",\"url\":\"https:\/\/www.obgyn-si.org\/kongresi\/imunoth\/\",\"name\":\"Predgovor - Imunoterapija pri ginekolo\u0161kih rakih\",\"isPartOf\":{\"@id\":\"https:\/\/www.obgyn-si.org\/kongresi\/imunoth\/#website\"},\"datePublished\":\"2018-01-20T19:07:39+00:00\",\"dateModified\":\"2024-03-14T12:36:37+00:00\",\"breadcrumb\":{\"@id\":\"https:\/\/www.obgyn-si.org\/kongresi\/imunoth\/#breadcrumb\"},\"inLanguage\":\"en-US\",\"potentialAction\":[{\"@type\":\"ReadAction\",\"target\":[\"https:\/\/www.obgyn-si.org\/kongresi\/imunoth\/\"]}]},{\"@type\":\"BreadcrumbList\",\"@id\":\"https:\/\/www.obgyn-si.org\/kongresi\/imunoth\/#breadcrumb\",\"itemListElement\":[{\"@type\":\"ListItem\",\"position\":1,\"name\":\"Home\",\"item\":\"https:\/\/www.obgyn-si.org\/kongresi\/imunoth\/\"},{\"@type\":\"ListItem\",\"position\":2,\"name\":\"Predgovor\"}]},{\"@type\":\"WebSite\",\"@id\":\"https:\/\/www.obgyn-si.org\/kongresi\/imunoth\/#website\",\"url\":\"https:\/\/www.obgyn-si.org\/kongresi\/imunoth\/\",\"name\":\"Imunoterapija pri ginekolo\u0161kih rakih\",\"description\":\"Ljubljana, 5. april 2024\",\"publisher\":{\"@id\":\"https:\/\/www.obgyn-si.org\/kongresi\/imunoth\/#organization\"},\"potentialAction\":[{\"@type\":\"SearchAction\",\"target\":{\"@type\":\"EntryPoint\",\"urlTemplate\":\"https:\/\/www.obgyn-si.org\/kongresi\/imunoth\/?s={search_term_string}\"},\"query-input\":{\"@type\":\"PropertyValueSpecification\",\"valueRequired\":true,\"valueName\":\"search_term_string\"}}],\"inLanguage\":\"en-US\"},{\"@type\":\"Organization\",\"@id\":\"https:\/\/www.obgyn-si.org\/kongresi\/imunoth\/#organization\",\"name\":\"Imunoterapija pri ginekolo\u0161kih rakih\",\"url\":\"https:\/\/www.obgyn-si.org\/kongresi\/imunoth\/\",\"logo\":{\"@type\":\"ImageObject\",\"inLanguage\":\"en-US\",\"@id\":\"https:\/\/www.obgyn-si.org\/kongresi\/imunoth\/#\/schema\/logo\/image\/\",\"url\":\"https:\/\/www.obgyn-si.org\/kongresi\/imunoth\/wp-content\/uploads\/sites\/18\/2024\/03\/cropped-duplex2-1.png\",\"contentUrl\":\"https:\/\/www.obgyn-si.org\/kongresi\/imunoth\/wp-content\/uploads\/sites\/18\/2024\/03\/cropped-duplex2-1.png\",\"width\":692,\"height\":250,\"caption\":\"Imunoterapija pri ginekolo\u0161kih rakih\"},\"image\":{\"@id\":\"https:\/\/www.obgyn-si.org\/kongresi\/imunoth\/#\/schema\/logo\/image\/\"}}]}<\/script>\n<!-- \/ Yoast SEO plugin. -->","yoast_head_json":{"title":"Predgovor - Imunoterapija pri ginekolo\u0161kih rakih","robots":{"index":"index","follow":"follow","max-snippet":"max-snippet:-1","max-image-preview":"max-image-preview:large","max-video-preview":"max-video-preview:-1"},"canonical":"https:\/\/www.obgyn-si.org\/kongresi\/imunoth\/","og_locale":"en_US","og_type":"article","og_title":"Predgovor - Imunoterapija pri ginekolo\u0161kih rakih","og_description":"Spo\u0161tovane kolegice in kolegi! Zdravljenje ginekolo\u0161kih rakov z imunoterapijo postaja vse pomembnej\u0161a terapevtska opcija. Imunoterapija vklju\u010duje uporabo zdravil, ki spodbujajo imunski sistem pacienta, da prepozna in uni\u010di tumorske celice. Pri ginekolo\u0161kih rakih, kot so rak maternice, rak materni\u010dnega vratu, rak jaj\u010dnikov, ima imunoterapija ve\u010d pomembnih vidikov, ki bi jih \u017eeleli na simpoziju bolj podrobno predstaviti: [&hellip;]","og_url":"https:\/\/www.obgyn-si.org\/kongresi\/imunoth\/","og_site_name":"Imunoterapija pri ginekolo\u0161kih rakih","article_modified_time":"2024-03-14T12:36:37+00:00","twitter_card":"summary_large_image","twitter_misc":{"Est. reading time":"1 minute"},"schema":{"@context":"https:\/\/schema.org","@graph":[{"@type":"WebPage","@id":"https:\/\/www.obgyn-si.org\/kongresi\/imunoth\/","url":"https:\/\/www.obgyn-si.org\/kongresi\/imunoth\/","name":"Predgovor - Imunoterapija pri ginekolo\u0161kih rakih","isPartOf":{"@id":"https:\/\/www.obgyn-si.org\/kongresi\/imunoth\/#website"},"datePublished":"2018-01-20T19:07:39+00:00","dateModified":"2024-03-14T12:36:37+00:00","breadcrumb":{"@id":"https:\/\/www.obgyn-si.org\/kongresi\/imunoth\/#breadcrumb"},"inLanguage":"en-US","potentialAction":[{"@type":"ReadAction","target":["https:\/\/www.obgyn-si.org\/kongresi\/imunoth\/"]}]},{"@type":"BreadcrumbList","@id":"https:\/\/www.obgyn-si.org\/kongresi\/imunoth\/#breadcrumb","itemListElement":[{"@type":"ListItem","position":1,"name":"Home","item":"https:\/\/www.obgyn-si.org\/kongresi\/imunoth\/"},{"@type":"ListItem","position":2,"name":"Predgovor"}]},{"@type":"WebSite","@id":"https:\/\/www.obgyn-si.org\/kongresi\/imunoth\/#website","url":"https:\/\/www.obgyn-si.org\/kongresi\/imunoth\/","name":"Imunoterapija pri ginekolo\u0161kih rakih","description":"Ljubljana, 5. april 2024","publisher":{"@id":"https:\/\/www.obgyn-si.org\/kongresi\/imunoth\/#organization"},"potentialAction":[{"@type":"SearchAction","target":{"@type":"EntryPoint","urlTemplate":"https:\/\/www.obgyn-si.org\/kongresi\/imunoth\/?s={search_term_string}"},"query-input":{"@type":"PropertyValueSpecification","valueRequired":true,"valueName":"search_term_string"}}],"inLanguage":"en-US"},{"@type":"Organization","@id":"https:\/\/www.obgyn-si.org\/kongresi\/imunoth\/#organization","name":"Imunoterapija pri ginekolo\u0161kih rakih","url":"https:\/\/www.obgyn-si.org\/kongresi\/imunoth\/","logo":{"@type":"ImageObject","inLanguage":"en-US","@id":"https:\/\/www.obgyn-si.org\/kongresi\/imunoth\/#\/schema\/logo\/image\/","url":"https:\/\/www.obgyn-si.org\/kongresi\/imunoth\/wp-content\/uploads\/sites\/18\/2024\/03\/cropped-duplex2-1.png","contentUrl":"https:\/\/www.obgyn-si.org\/kongresi\/imunoth\/wp-content\/uploads\/sites\/18\/2024\/03\/cropped-duplex2-1.png","width":692,"height":250,"caption":"Imunoterapija pri ginekolo\u0161kih rakih"},"image":{"@id":"https:\/\/www.obgyn-si.org\/kongresi\/imunoth\/#\/schema\/logo\/image\/"}}]}},"_links":{"self":[{"href":"https:\/\/www.obgyn-si.org\/kongresi\/imunoth\/wp-json\/wp\/v2\/pages\/6","targetHints":{"allow":["GET"]}}],"collection":[{"href":"https:\/\/www.obgyn-si.org\/kongresi\/imunoth\/wp-json\/wp\/v2\/pages"}],"about":[{"href":"https:\/\/www.obgyn-si.org\/kongresi\/imunoth\/wp-json\/wp\/v2\/types\/page"}],"author":[{"embeddable":true,"href":"https:\/\/www.obgyn-si.org\/kongresi\/imunoth\/wp-json\/wp\/v2\/users\/1"}],"replies":[{"embeddable":true,"href":"https:\/\/www.obgyn-si.org\/kongresi\/imunoth\/wp-json\/wp\/v2\/comments?post=6"}],"version-history":[{"count":36,"href":"https:\/\/www.obgyn-si.org\/kongresi\/imunoth\/wp-json\/wp\/v2\/pages\/6\/revisions"}],"predecessor-version":[{"id":1302,"href":"https:\/\/www.obgyn-si.org\/kongresi\/imunoth\/wp-json\/wp\/v2\/pages\/6\/revisions\/1302"}],"wp:attachment":[{"href":"https:\/\/www.obgyn-si.org\/kongresi\/imunoth\/wp-json\/wp\/v2\/media?parent=6"}],"curies":[{"name":"wp","href":"https:\/\/api.w.org\/{rel}","templated":true}]}}