
{"id":45,"date":"2018-01-24T08:31:11","date_gmt":"2018-01-24T08:31:11","guid":{"rendered":"http:\/\/www.obgyn-si.org\/kongresi\/www-2\/?page_id=45"},"modified":"2024-09-20T11:40:39","modified_gmt":"2024-09-20T11:40:39","slug":"informacije","status":"publish","type":"page","link":"https:\/\/www.obgyn-si.org\/kongresi\/pcos\/informacije\/","title":{"rendered":"Informacije"},"content":{"rendered":"<h2><strong><span style=\"color: #333399;\">\u0160ola obravnave PCOS s predstavitvijo Slovenskih priporo\u010dil za diagnostiko in zdravljenje PCOS<\/span><\/strong><\/h2>\n<p><strong>Prizori\u0161\u010de: <\/strong>Center ROG, Ljubljana<\/p>\n<p><strong>\u010cas dogajanja:<\/strong> 3. oktober 2024<\/p>\n<p><strong>Organizatorji:\u00a0<\/strong>KO za reprodukcijo, Ginekolo\u0161ka klinika, UKC Ljubljana<br \/>\nKlini\u010dni oddelek za endokrinologijo, diabetes in presnovne bolezni, UKC Ljubljana<br \/>\nOddelek za reproduktivno medicino in ginekolo\u0161ko endokrinologijo, UKC Maribor<br \/>\nSlovensko zdru\u017eenje za reproduktivno medicino<\/p>\n<p><strong>Strokovni odbor:\u00a0 doc. dr. Vilma Kovac\u030c, dr. med. (predsednica)<\/strong><strong>,<br \/>\n<\/strong>prof. dr. Andrej Janez\u030c, dr. med., prof. dr. Mojca Jensterle Sever, dr. med., prof. dr. Tomaz\u030c Kocjan, dr. med.,\u00a0 prof. dr. Danica Rotar Pavlic\u0301, dr. med., prim. Darija Mateja Strah, dr. med., prof. dr. \u0160pela Smrkolj, dr.med.<\/p>\n<p><strong>Organizacijski odbor: dr. Vesna \u0160alamun,\u00a0 dr. med. (predsednica),\u00a0<\/strong><br \/>\nprof. dr. Eda Vrta\u010dnik Bokal, dr. med., izr. prof. dr. Helena Ban Frange\u017e, dr. med., doc. dr. Vida Gavri\u0107 Lovrec, dr. med., prof. dr. Mojca Jensterle Sever, dr. med., Martina Pe\u010dlin, Doc. dr. Ivan Verdenik, univ. dipl. ing.<\/p>\n<p><strong>Kotizacija:\u00a0<\/strong>60,00 EUR (DDV vklju\u010den),\u00a0 40 EUR\u00a0 (DDV vklju\u010den) za specializante, \u0161tudente medicine in medicinske sestre.<\/p>\n<p><strong>\u0160tevilo udele\u017eencev:<\/strong> Zaradi omejenega prostora smo bili prisiljeni omejiti \u0161tevilo udele\u017eencev na 120. To \u0161tevilo je dose\u017eeno, zato so prijave \u017eal zaklju\u010dene.<\/p>\n<p><strong>Kreditne to\u010dke:<\/strong> (v postopku)<b><\/b><\/p>\n","protected":false},"excerpt":{"rendered":"<p>\u0160ola obravnave PCOS s predstavitvijo Slovenskih priporo\u010dil za diagnostiko in zdravljenje PCOS Prizori\u0161\u010de: Center ROG, Ljubljana \u010cas dogajanja: 3. oktober 2024 Organizatorji:\u00a0KO za reprodukcijo, Ginekolo\u0161ka klinika, UKC Ljubljana Klini\u010dni oddelek za endokrinologijo, diabetes in presnovne bolezni, UKC Ljubljana Oddelek za reproduktivno medicino in ginekolo\u0161ko endokrinologijo, UKC Maribor Slovensko zdru\u017eenje za reproduktivno medicino Strokovni odbor:\u00a0 doc.&hellip; <a class=\"more-link\" href=\"https:\/\/www.obgyn-si.org\/kongresi\/pcos\/informacije\/\">Continue reading <span class=\"screen-reader-text\">Informacije<\/span><\/a><\/p>\n","protected":false},"author":1,"featured_media":0,"parent":0,"menu_order":0,"comment_status":"closed","ping_status":"closed","template":"","meta":{"footnotes":""},"class_list":["post-45","page","type-page","status-publish","hentry","entry"],"yoast_head":"<!-- This site is optimized with the Yoast SEO plugin v26.8 - https:\/\/yoast.com\/product\/yoast-seo-wordpress\/ -->\n<title>Informacije - \u0160ola obravnave PCOS<\/title>\n<meta name=\"robots\" content=\"index, follow, max-snippet:-1, max-image-preview:large, max-video-preview:-1\" \/>\n<link rel=\"canonical\" href=\"https:\/\/www.obgyn-si.org\/kongresi\/pcos\/informacije\/\" \/>\n<meta property=\"og:locale\" content=\"en_US\" \/>\n<meta property=\"og:type\" content=\"article\" \/>\n<meta property=\"og:title\" content=\"Informacije - \u0160ola obravnave PCOS\" \/>\n<meta property=\"og:description\" content=\"\u0160ola obravnave PCOS s predstavitvijo Slovenskih priporo\u010dil za diagnostiko in zdravljenje PCOS Prizori\u0161\u010de: Center ROG, Ljubljana \u010cas dogajanja: 3. oktober 2024 Organizatorji:\u00a0KO za reprodukcijo, Ginekolo\u0161ka klinika, UKC Ljubljana Klini\u010dni oddelek za endokrinologijo, diabetes in presnovne bolezni, UKC Ljubljana Oddelek za reproduktivno medicino in ginekolo\u0161ko endokrinologijo, UKC Maribor Slovensko zdru\u017eenje za reproduktivno medicino Strokovni odbor:\u00a0 doc.&hellip; Continue reading Informacije\" \/>\n<meta property=\"og:url\" content=\"https:\/\/www.obgyn-si.org\/kongresi\/pcos\/informacije\/\" \/>\n<meta property=\"og:site_name\" content=\"\u0160ola obravnave PCOS\" \/>\n<meta property=\"article:modified_time\" content=\"2024-09-20T11:40:39+00:00\" \/>\n<meta name=\"twitter:card\" content=\"summary_large_image\" \/>\n<meta name=\"twitter:label1\" content=\"Est. reading time\" \/>\n\t<meta name=\"twitter:data1\" content=\"1 minute\" \/>\n<script type=\"application\/ld+json\" class=\"yoast-schema-graph\">{\"@context\":\"https:\/\/schema.org\",\"@graph\":[{\"@type\":\"WebPage\",\"@id\":\"https:\/\/www.obgyn-si.org\/kongresi\/pcos\/informacije\/\",\"url\":\"https:\/\/www.obgyn-si.org\/kongresi\/pcos\/informacije\/\",\"name\":\"Informacije - \u0160ola obravnave PCOS\",\"isPartOf\":{\"@id\":\"https:\/\/www.obgyn-si.org\/kongresi\/pcos\/#website\"},\"datePublished\":\"2018-01-24T08:31:11+00:00\",\"dateModified\":\"2024-09-20T11:40:39+00:00\",\"breadcrumb\":{\"@id\":\"https:\/\/www.obgyn-si.org\/kongresi\/pcos\/informacije\/#breadcrumb\"},\"inLanguage\":\"en-US\",\"potentialAction\":[{\"@type\":\"ReadAction\",\"target\":[\"https:\/\/www.obgyn-si.org\/kongresi\/pcos\/informacije\/\"]}]},{\"@type\":\"BreadcrumbList\",\"@id\":\"https:\/\/www.obgyn-si.org\/kongresi\/pcos\/informacije\/#breadcrumb\",\"itemListElement\":[{\"@type\":\"ListItem\",\"position\":1,\"name\":\"Home\",\"item\":\"https:\/\/www.obgyn-si.org\/kongresi\/pcos\/\"},{\"@type\":\"ListItem\",\"position\":2,\"name\":\"Informacije\"}]},{\"@type\":\"WebSite\",\"@id\":\"https:\/\/www.obgyn-si.org\/kongresi\/pcos\/#website\",\"url\":\"https:\/\/www.obgyn-si.org\/kongresi\/pcos\/\",\"name\":\"\u0160ola obravnave PCOS\",\"description\":\"Ljubljana, 3. oktober 2024\",\"potentialAction\":[{\"@type\":\"SearchAction\",\"target\":{\"@type\":\"EntryPoint\",\"urlTemplate\":\"https:\/\/www.obgyn-si.org\/kongresi\/pcos\/?s={search_term_string}\"},\"query-input\":{\"@type\":\"PropertyValueSpecification\",\"valueRequired\":true,\"valueName\":\"search_term_string\"}}],\"inLanguage\":\"en-US\"}]}<\/script>\n<!-- \/ Yoast SEO plugin. -->","yoast_head_json":{"title":"Informacije - \u0160ola obravnave PCOS","robots":{"index":"index","follow":"follow","max-snippet":"max-snippet:-1","max-image-preview":"max-image-preview:large","max-video-preview":"max-video-preview:-1"},"canonical":"https:\/\/www.obgyn-si.org\/kongresi\/pcos\/informacije\/","og_locale":"en_US","og_type":"article","og_title":"Informacije - \u0160ola obravnave PCOS","og_description":"\u0160ola obravnave PCOS s predstavitvijo Slovenskih priporo\u010dil za diagnostiko in zdravljenje PCOS Prizori\u0161\u010de: Center ROG, Ljubljana \u010cas dogajanja: 3. oktober 2024 Organizatorji:\u00a0KO za reprodukcijo, Ginekolo\u0161ka klinika, UKC Ljubljana Klini\u010dni oddelek za endokrinologijo, diabetes in presnovne bolezni, UKC Ljubljana Oddelek za reproduktivno medicino in ginekolo\u0161ko endokrinologijo, UKC Maribor Slovensko zdru\u017eenje za reproduktivno medicino Strokovni odbor:\u00a0 doc.&hellip; Continue reading Informacije","og_url":"https:\/\/www.obgyn-si.org\/kongresi\/pcos\/informacije\/","og_site_name":"\u0160ola obravnave PCOS","article_modified_time":"2024-09-20T11:40:39+00:00","twitter_card":"summary_large_image","twitter_misc":{"Est. reading time":"1 minute"},"schema":{"@context":"https:\/\/schema.org","@graph":[{"@type":"WebPage","@id":"https:\/\/www.obgyn-si.org\/kongresi\/pcos\/informacije\/","url":"https:\/\/www.obgyn-si.org\/kongresi\/pcos\/informacije\/","name":"Informacije - \u0160ola obravnave PCOS","isPartOf":{"@id":"https:\/\/www.obgyn-si.org\/kongresi\/pcos\/#website"},"datePublished":"2018-01-24T08:31:11+00:00","dateModified":"2024-09-20T11:40:39+00:00","breadcrumb":{"@id":"https:\/\/www.obgyn-si.org\/kongresi\/pcos\/informacije\/#breadcrumb"},"inLanguage":"en-US","potentialAction":[{"@type":"ReadAction","target":["https:\/\/www.obgyn-si.org\/kongresi\/pcos\/informacije\/"]}]},{"@type":"BreadcrumbList","@id":"https:\/\/www.obgyn-si.org\/kongresi\/pcos\/informacije\/#breadcrumb","itemListElement":[{"@type":"ListItem","position":1,"name":"Home","item":"https:\/\/www.obgyn-si.org\/kongresi\/pcos\/"},{"@type":"ListItem","position":2,"name":"Informacije"}]},{"@type":"WebSite","@id":"https:\/\/www.obgyn-si.org\/kongresi\/pcos\/#website","url":"https:\/\/www.obgyn-si.org\/kongresi\/pcos\/","name":"\u0160ola obravnave PCOS","description":"Ljubljana, 3. oktober 2024","potentialAction":[{"@type":"SearchAction","target":{"@type":"EntryPoint","urlTemplate":"https:\/\/www.obgyn-si.org\/kongresi\/pcos\/?s={search_term_string}"},"query-input":{"@type":"PropertyValueSpecification","valueRequired":true,"valueName":"search_term_string"}}],"inLanguage":"en-US"}]}},"_links":{"self":[{"href":"https:\/\/www.obgyn-si.org\/kongresi\/pcos\/wp-json\/wp\/v2\/pages\/45","targetHints":{"allow":["GET"]}}],"collection":[{"href":"https:\/\/www.obgyn-si.org\/kongresi\/pcos\/wp-json\/wp\/v2\/pages"}],"about":[{"href":"https:\/\/www.obgyn-si.org\/kongresi\/pcos\/wp-json\/wp\/v2\/types\/page"}],"author":[{"embeddable":true,"href":"https:\/\/www.obgyn-si.org\/kongresi\/pcos\/wp-json\/wp\/v2\/users\/1"}],"replies":[{"embeddable":true,"href":"https:\/\/www.obgyn-si.org\/kongresi\/pcos\/wp-json\/wp\/v2\/comments?post=45"}],"version-history":[{"count":42,"href":"https:\/\/www.obgyn-si.org\/kongresi\/pcos\/wp-json\/wp\/v2\/pages\/45\/revisions"}],"predecessor-version":[{"id":1444,"href":"https:\/\/www.obgyn-si.org\/kongresi\/pcos\/wp-json\/wp\/v2\/pages\/45\/revisions\/1444"}],"wp:attachment":[{"href":"https:\/\/www.obgyn-si.org\/kongresi\/pcos\/wp-json\/wp\/v2\/media?parent=45"}],"curies":[{"name":"wp","href":"https:\/\/api.w.org\/{rel}","templated":true}]}}