
{"id":50,"date":"2018-01-24T08:41:09","date_gmt":"2018-01-24T08:41:09","guid":{"rendered":"http:\/\/www.obgyn-si.org\/kongresi\/www-2\/?page_id=50"},"modified":"2024-07-15T09:38:33","modified_gmt":"2024-07-15T09:38:33","slug":"program","status":"publish","type":"page","link":"https:\/\/www.obgyn-si.org\/kongresi\/pcos\/program\/","title":{"rendered":"Program"},"content":{"rendered":"<p>8.30-9.00: Registracija udele\u017eencev<\/p>\n<p>9.00-9.05\u00a0 Uvodni pozdrav: pomen priporo\u010dil in z dokazi podprte medicine v vsakodnevni klini\u010dni praksi (Mojca Jensterle Sever)<\/p>\n<p>9.05- 9.20 Definicije PCOS (Vesna \u0160alamun)<\/p>\n<p>9.20- 9.40 Diferencialna diagnostika PCOS (Toma\u017e Kocjan)<\/p>\n<p>9.40- 10.00 Kaj morajo ginekologi in dru\u017einski zdravniki vedeti o presnovnih vidikih PCOS (Mojca Jensterle Sever)<\/p>\n<p>10.00-10.30 Diskusija in odmor s kavo<\/p>\n<p>10.30- 10.50 Zdravljenje in spremljanje PCOS v ginekolo\u0161ki ambulanti (Vilma Kova\u010d)<\/p>\n<p>10.50- 11.10 Zdravljenje neplodnosti zaradi PCOS (Eda Vrta\u010dnik Bokal)<\/p>\n<p>11.10- 11.30 Zdravljenje debelosti in presnovih zapletov pri PCOS (Andrej Jane\u017e)<\/p>\n<p>11.30-11.40 Diskusija<\/p>\n<p>11.40-12.00 PCOS v ambulanti dru\u017einske medicine ( Danica Rotar Pavli\u010d)<\/p>\n<p>12.00- 12.20 Razse\u017enosti in izzivi pri sledenju PCOS na primarnem nivoju ( Marko Mlinari\u010d)<\/p>\n<p>12.20- 12.30 Diskusija<\/p>\n<p>12.30 -13.30\u00a0 Kosilo<\/p>\n<p>13.30- 15.30\u00a0 Interaktivna delavnica vklju\u010ditve Slovenskih priporo\u010dil za diagnostiko in zdravljenje PCOS v klini\u010dno prakso (Mojca Jensterle Sever, Vilma Kova\u010d, Eda Vrta\u010dnik Bokal, Danica Rotar Pavi\u010d, Darija Mateja Strah, Vesna \u0160alamun)<\/p>\n","protected":false},"excerpt":{"rendered":"<p>8.30-9.00: Registracija udele\u017eencev 9.00-9.05\u00a0 Uvodni pozdrav: pomen priporo\u010dil in z dokazi podprte medicine v vsakodnevni klini\u010dni praksi (Mojca Jensterle Sever) 9.05- 9.20 Definicije PCOS (Vesna \u0160alamun) 9.20- 9.40 Diferencialna diagnostika PCOS (Toma\u017e Kocjan) 9.40- 10.00 Kaj morajo ginekologi in dru\u017einski zdravniki vedeti o presnovnih vidikih PCOS (Mojca Jensterle Sever) 10.00-10.30 Diskusija in odmor s kavo&hellip; <a class=\"more-link\" href=\"https:\/\/www.obgyn-si.org\/kongresi\/pcos\/program\/\">Continue reading <span class=\"screen-reader-text\">Program<\/span><\/a><\/p>\n","protected":false},"author":1,"featured_media":0,"parent":0,"menu_order":0,"comment_status":"closed","ping_status":"closed","template":"","meta":{"footnotes":""},"class_list":["post-50","page","type-page","status-publish","hentry","entry"],"yoast_head":"<!-- This site is optimized with the Yoast SEO plugin v26.8 - https:\/\/yoast.com\/product\/yoast-seo-wordpress\/ -->\n<title>Program - \u0160ola obravnave PCOS<\/title>\n<meta name=\"robots\" content=\"index, follow, max-snippet:-1, max-image-preview:large, max-video-preview:-1\" \/>\n<link rel=\"canonical\" href=\"https:\/\/www.obgyn-si.org\/kongresi\/pcos\/program\/\" \/>\n<meta property=\"og:locale\" content=\"en_US\" \/>\n<meta property=\"og:type\" content=\"article\" \/>\n<meta property=\"og:title\" content=\"Program - \u0160ola obravnave PCOS\" \/>\n<meta property=\"og:description\" content=\"8.30-9.00: Registracija udele\u017eencev 9.00-9.05\u00a0 Uvodni pozdrav: pomen priporo\u010dil in z dokazi podprte medicine v vsakodnevni klini\u010dni praksi (Mojca Jensterle Sever) 9.05- 9.20 Definicije PCOS (Vesna \u0160alamun) 9.20- 9.40 Diferencialna diagnostika PCOS (Toma\u017e Kocjan) 9.40- 10.00 Kaj morajo ginekologi in dru\u017einski zdravniki vedeti o presnovnih vidikih PCOS (Mojca Jensterle Sever) 10.00-10.30 Diskusija in odmor s kavo&hellip; Continue reading Program\" \/>\n<meta property=\"og:url\" content=\"https:\/\/www.obgyn-si.org\/kongresi\/pcos\/program\/\" \/>\n<meta property=\"og:site_name\" content=\"\u0160ola obravnave PCOS\" \/>\n<meta property=\"article:modified_time\" content=\"2024-07-15T09:38:33+00:00\" \/>\n<meta name=\"twitter:card\" content=\"summary_large_image\" \/>\n<meta name=\"twitter:label1\" content=\"Est. reading time\" \/>\n\t<meta name=\"twitter:data1\" content=\"1 minute\" \/>\n<script type=\"application\/ld+json\" class=\"yoast-schema-graph\">{\"@context\":\"https:\/\/schema.org\",\"@graph\":[{\"@type\":\"WebPage\",\"@id\":\"https:\/\/www.obgyn-si.org\/kongresi\/pcos\/program\/\",\"url\":\"https:\/\/www.obgyn-si.org\/kongresi\/pcos\/program\/\",\"name\":\"Program - \u0160ola obravnave PCOS\",\"isPartOf\":{\"@id\":\"https:\/\/www.obgyn-si.org\/kongresi\/pcos\/#website\"},\"datePublished\":\"2018-01-24T08:41:09+00:00\",\"dateModified\":\"2024-07-15T09:38:33+00:00\",\"breadcrumb\":{\"@id\":\"https:\/\/www.obgyn-si.org\/kongresi\/pcos\/program\/#breadcrumb\"},\"inLanguage\":\"en-US\",\"potentialAction\":[{\"@type\":\"ReadAction\",\"target\":[\"https:\/\/www.obgyn-si.org\/kongresi\/pcos\/program\/\"]}]},{\"@type\":\"BreadcrumbList\",\"@id\":\"https:\/\/www.obgyn-si.org\/kongresi\/pcos\/program\/#breadcrumb\",\"itemListElement\":[{\"@type\":\"ListItem\",\"position\":1,\"name\":\"Home\",\"item\":\"https:\/\/www.obgyn-si.org\/kongresi\/pcos\/\"},{\"@type\":\"ListItem\",\"position\":2,\"name\":\"Program\"}]},{\"@type\":\"WebSite\",\"@id\":\"https:\/\/www.obgyn-si.org\/kongresi\/pcos\/#website\",\"url\":\"https:\/\/www.obgyn-si.org\/kongresi\/pcos\/\",\"name\":\"\u0160ola obravnave PCOS\",\"description\":\"Ljubljana, 3. oktober 2024\",\"potentialAction\":[{\"@type\":\"SearchAction\",\"target\":{\"@type\":\"EntryPoint\",\"urlTemplate\":\"https:\/\/www.obgyn-si.org\/kongresi\/pcos\/?s={search_term_string}\"},\"query-input\":{\"@type\":\"PropertyValueSpecification\",\"valueRequired\":true,\"valueName\":\"search_term_string\"}}],\"inLanguage\":\"en-US\"}]}<\/script>\n<!-- \/ Yoast SEO plugin. -->","yoast_head_json":{"title":"Program - \u0160ola obravnave PCOS","robots":{"index":"index","follow":"follow","max-snippet":"max-snippet:-1","max-image-preview":"max-image-preview:large","max-video-preview":"max-video-preview:-1"},"canonical":"https:\/\/www.obgyn-si.org\/kongresi\/pcos\/program\/","og_locale":"en_US","og_type":"article","og_title":"Program - \u0160ola obravnave PCOS","og_description":"8.30-9.00: Registracija udele\u017eencev 9.00-9.05\u00a0 Uvodni pozdrav: pomen priporo\u010dil in z dokazi podprte medicine v vsakodnevni klini\u010dni praksi (Mojca Jensterle Sever) 9.05- 9.20 Definicije PCOS (Vesna \u0160alamun) 9.20- 9.40 Diferencialna diagnostika PCOS (Toma\u017e Kocjan) 9.40- 10.00 Kaj morajo ginekologi in dru\u017einski zdravniki vedeti o presnovnih vidikih PCOS (Mojca Jensterle Sever) 10.00-10.30 Diskusija in odmor s kavo&hellip; Continue reading Program","og_url":"https:\/\/www.obgyn-si.org\/kongresi\/pcos\/program\/","og_site_name":"\u0160ola obravnave PCOS","article_modified_time":"2024-07-15T09:38:33+00:00","twitter_card":"summary_large_image","twitter_misc":{"Est. reading time":"1 minute"},"schema":{"@context":"https:\/\/schema.org","@graph":[{"@type":"WebPage","@id":"https:\/\/www.obgyn-si.org\/kongresi\/pcos\/program\/","url":"https:\/\/www.obgyn-si.org\/kongresi\/pcos\/program\/","name":"Program - \u0160ola obravnave PCOS","isPartOf":{"@id":"https:\/\/www.obgyn-si.org\/kongresi\/pcos\/#website"},"datePublished":"2018-01-24T08:41:09+00:00","dateModified":"2024-07-15T09:38:33+00:00","breadcrumb":{"@id":"https:\/\/www.obgyn-si.org\/kongresi\/pcos\/program\/#breadcrumb"},"inLanguage":"en-US","potentialAction":[{"@type":"ReadAction","target":["https:\/\/www.obgyn-si.org\/kongresi\/pcos\/program\/"]}]},{"@type":"BreadcrumbList","@id":"https:\/\/www.obgyn-si.org\/kongresi\/pcos\/program\/#breadcrumb","itemListElement":[{"@type":"ListItem","position":1,"name":"Home","item":"https:\/\/www.obgyn-si.org\/kongresi\/pcos\/"},{"@type":"ListItem","position":2,"name":"Program"}]},{"@type":"WebSite","@id":"https:\/\/www.obgyn-si.org\/kongresi\/pcos\/#website","url":"https:\/\/www.obgyn-si.org\/kongresi\/pcos\/","name":"\u0160ola obravnave PCOS","description":"Ljubljana, 3. oktober 2024","potentialAction":[{"@type":"SearchAction","target":{"@type":"EntryPoint","urlTemplate":"https:\/\/www.obgyn-si.org\/kongresi\/pcos\/?s={search_term_string}"},"query-input":{"@type":"PropertyValueSpecification","valueRequired":true,"valueName":"search_term_string"}}],"inLanguage":"en-US"}]}},"_links":{"self":[{"href":"https:\/\/www.obgyn-si.org\/kongresi\/pcos\/wp-json\/wp\/v2\/pages\/50","targetHints":{"allow":["GET"]}}],"collection":[{"href":"https:\/\/www.obgyn-si.org\/kongresi\/pcos\/wp-json\/wp\/v2\/pages"}],"about":[{"href":"https:\/\/www.obgyn-si.org\/kongresi\/pcos\/wp-json\/wp\/v2\/types\/page"}],"author":[{"embeddable":true,"href":"https:\/\/www.obgyn-si.org\/kongresi\/pcos\/wp-json\/wp\/v2\/users\/1"}],"replies":[{"embeddable":true,"href":"https:\/\/www.obgyn-si.org\/kongresi\/pcos\/wp-json\/wp\/v2\/comments?post=50"}],"version-history":[{"count":75,"href":"https:\/\/www.obgyn-si.org\/kongresi\/pcos\/wp-json\/wp\/v2\/pages\/50\/revisions"}],"predecessor-version":[{"id":1260,"href":"https:\/\/www.obgyn-si.org\/kongresi\/pcos\/wp-json\/wp\/v2\/pages\/50\/revisions\/1260"}],"wp:attachment":[{"href":"https:\/\/www.obgyn-si.org\/kongresi\/pcos\/wp-json\/wp\/v2\/media?parent=50"}],"curies":[{"name":"wp","href":"https:\/\/api.w.org\/{rel}","templated":true}]}}