
{"id":6,"date":"2018-01-20T19:07:39","date_gmt":"2018-01-20T19:07:39","guid":{"rendered":"http:\/\/www.obgyn-si.org\/kongresi\/www-2\/?page_id=6"},"modified":"2024-07-10T09:06:22","modified_gmt":"2024-07-10T09:06:22","slug":"predgovor","status":"publish","type":"page","link":"https:\/\/www.obgyn-si.org\/kongresi\/pcos\/","title":{"rendered":"Predgovor"},"content":{"rendered":"<p>Cenjene kolegice in kolegi!<\/p>\n<p>Vabimo vas, da se udele\u017eite interdisciplinarne <strong><em>\u0160ole obravnave PCOS s predstavitvijo Slovenskih priporo\u010dil za diagnostiko in zdravljenje PCOS<\/em><\/strong>, ki jo organiziramo v sodelovanju s KO za reprodukcijo, KO za endokrinologijo, diabetes in presnovne bolezni UKC Ljubljana, Oddelekom za reproduktivno medicino in ginekolo\u0161ko endokrinologijo, UKC Maribor in Slovenskim zdru\u017eenjem za reproduktivno medicino.<\/p>\n<p>Dogodek bo potekal <strong><em>3. 10. 2023 v Centru Rog v Ljubljani.<\/em><\/strong><\/p>\n<p>\u0160ola obravnave PCOS bo sestavljena iz dveh delov. V dopoldanskem delu bomo predstavili diagnostiko in diferencialno diagnostiko PCOS, prikazali presnovne vidike sindroma in natan\u010dno razlo\u017eili terapevtske mo\u017enosti zdravljenja PCOS kot jih predvidevajo prva Slovenska priporo\u010dila za diagnostiko in zdravljenje PCOS. V popoldanskem delu bo sledila interdisciplinarna delavnica diagnosticiranja, zdravljenja in spoznavanja zapletov PCOS, ki bo s pomo\u010djo zanimivih interaktivnih na\u010dinov pomagala pri razumevanju in vklju\u010devanju novih smernic v vsakdanjo klini\u010dno prakso.<\/p>\n<p>Menimo, da zahteva pogostost PCOS in novosti v obravnavi sindroma na\u0161e sodelovanje, zato se veselimo sre\u010danja z vami.<\/p>\n<p>Predsednica organizacijskega odbora, Dr. Vesna \u0160alamun, dr. med., Predsednica strokovnega odbora, Doc. dr. Vilma Kova\u010d, dr. med.,<\/p>\n","protected":false},"excerpt":{"rendered":"<p>Cenjene kolegice in kolegi! Vabimo vas, da se udele\u017eite interdisciplinarne \u0160ole obravnave PCOS s predstavitvijo Slovenskih priporo\u010dil za diagnostiko in zdravljenje PCOS, ki jo organiziramo v sodelovanju s KO za reprodukcijo, KO za endokrinologijo, diabetes in presnovne bolezni UKC Ljubljana, Oddelekom za reproduktivno medicino in ginekolo\u0161ko endokrinologijo, UKC Maribor in Slovenskim zdru\u017eenjem za reproduktivno medicino.&hellip; <a class=\"more-link\" href=\"https:\/\/www.obgyn-si.org\/kongresi\/pcos\/\">Continue reading <span class=\"screen-reader-text\">Predgovor<\/span><\/a><\/p>\n","protected":false},"author":1,"featured_media":0,"parent":0,"menu_order":0,"comment_status":"closed","ping_status":"closed","template":"","meta":{"footnotes":""},"class_list":["post-6","page","type-page","status-publish","hentry","entry"],"yoast_head":"<!-- This site is optimized with the Yoast SEO plugin v26.8 - https:\/\/yoast.com\/product\/yoast-seo-wordpress\/ -->\n<title>Predgovor - \u0160ola obravnave PCOS<\/title>\n<meta name=\"robots\" content=\"index, follow, max-snippet:-1, max-image-preview:large, max-video-preview:-1\" \/>\n<link rel=\"canonical\" href=\"https:\/\/www.obgyn-si.org\/kongresi\/pcos\/\" \/>\n<meta property=\"og:locale\" content=\"en_US\" \/>\n<meta property=\"og:type\" content=\"article\" \/>\n<meta property=\"og:title\" content=\"Predgovor - \u0160ola obravnave PCOS\" \/>\n<meta property=\"og:description\" content=\"Cenjene kolegice in kolegi! Vabimo vas, da se udele\u017eite interdisciplinarne \u0160ole obravnave PCOS s predstavitvijo Slovenskih priporo\u010dil za diagnostiko in zdravljenje PCOS, ki jo organiziramo v sodelovanju s KO za reprodukcijo, KO za endokrinologijo, diabetes in presnovne bolezni UKC Ljubljana, Oddelekom za reproduktivno medicino in ginekolo\u0161ko endokrinologijo, UKC Maribor in Slovenskim zdru\u017eenjem za reproduktivno medicino.&hellip; Continue reading Predgovor\" \/>\n<meta property=\"og:url\" content=\"https:\/\/www.obgyn-si.org\/kongresi\/pcos\/\" \/>\n<meta property=\"og:site_name\" content=\"\u0160ola obravnave PCOS\" \/>\n<meta property=\"article:modified_time\" content=\"2024-07-10T09:06:22+00:00\" \/>\n<meta name=\"twitter:card\" content=\"summary_large_image\" \/>\n<meta name=\"twitter:label1\" content=\"Est. reading time\" \/>\n\t<meta name=\"twitter:data1\" content=\"1 minute\" \/>\n<script type=\"application\/ld+json\" class=\"yoast-schema-graph\">{\"@context\":\"https:\/\/schema.org\",\"@graph\":[{\"@type\":\"WebPage\",\"@id\":\"https:\/\/www.obgyn-si.org\/kongresi\/pcos\/\",\"url\":\"https:\/\/www.obgyn-si.org\/kongresi\/pcos\/\",\"name\":\"Predgovor - \u0160ola obravnave PCOS\",\"isPartOf\":{\"@id\":\"https:\/\/www.obgyn-si.org\/kongresi\/pcos\/#website\"},\"datePublished\":\"2018-01-20T19:07:39+00:00\",\"dateModified\":\"2024-07-10T09:06:22+00:00\",\"breadcrumb\":{\"@id\":\"https:\/\/www.obgyn-si.org\/kongresi\/pcos\/#breadcrumb\"},\"inLanguage\":\"en-US\",\"potentialAction\":[{\"@type\":\"ReadAction\",\"target\":[\"https:\/\/www.obgyn-si.org\/kongresi\/pcos\/\"]}]},{\"@type\":\"BreadcrumbList\",\"@id\":\"https:\/\/www.obgyn-si.org\/kongresi\/pcos\/#breadcrumb\",\"itemListElement\":[{\"@type\":\"ListItem\",\"position\":1,\"name\":\"Home\",\"item\":\"https:\/\/www.obgyn-si.org\/kongresi\/pcos\/\"},{\"@type\":\"ListItem\",\"position\":2,\"name\":\"Predgovor\"}]},{\"@type\":\"WebSite\",\"@id\":\"https:\/\/www.obgyn-si.org\/kongresi\/pcos\/#website\",\"url\":\"https:\/\/www.obgyn-si.org\/kongresi\/pcos\/\",\"name\":\"\u0160ola obravnave PCOS\",\"description\":\"Ljubljana, 3. oktober 2024\",\"potentialAction\":[{\"@type\":\"SearchAction\",\"target\":{\"@type\":\"EntryPoint\",\"urlTemplate\":\"https:\/\/www.obgyn-si.org\/kongresi\/pcos\/?s={search_term_string}\"},\"query-input\":{\"@type\":\"PropertyValueSpecification\",\"valueRequired\":true,\"valueName\":\"search_term_string\"}}],\"inLanguage\":\"en-US\"}]}<\/script>\n<!-- \/ Yoast SEO plugin. -->","yoast_head_json":{"title":"Predgovor - \u0160ola obravnave PCOS","robots":{"index":"index","follow":"follow","max-snippet":"max-snippet:-1","max-image-preview":"max-image-preview:large","max-video-preview":"max-video-preview:-1"},"canonical":"https:\/\/www.obgyn-si.org\/kongresi\/pcos\/","og_locale":"en_US","og_type":"article","og_title":"Predgovor - \u0160ola obravnave PCOS","og_description":"Cenjene kolegice in kolegi! Vabimo vas, da se udele\u017eite interdisciplinarne \u0160ole obravnave PCOS s predstavitvijo Slovenskih priporo\u010dil za diagnostiko in zdravljenje PCOS, ki jo organiziramo v sodelovanju s KO za reprodukcijo, KO za endokrinologijo, diabetes in presnovne bolezni UKC Ljubljana, Oddelekom za reproduktivno medicino in ginekolo\u0161ko endokrinologijo, UKC Maribor in Slovenskim zdru\u017eenjem za reproduktivno medicino.&hellip; Continue reading Predgovor","og_url":"https:\/\/www.obgyn-si.org\/kongresi\/pcos\/","og_site_name":"\u0160ola obravnave PCOS","article_modified_time":"2024-07-10T09:06:22+00:00","twitter_card":"summary_large_image","twitter_misc":{"Est. reading time":"1 minute"},"schema":{"@context":"https:\/\/schema.org","@graph":[{"@type":"WebPage","@id":"https:\/\/www.obgyn-si.org\/kongresi\/pcos\/","url":"https:\/\/www.obgyn-si.org\/kongresi\/pcos\/","name":"Predgovor - \u0160ola obravnave PCOS","isPartOf":{"@id":"https:\/\/www.obgyn-si.org\/kongresi\/pcos\/#website"},"datePublished":"2018-01-20T19:07:39+00:00","dateModified":"2024-07-10T09:06:22+00:00","breadcrumb":{"@id":"https:\/\/www.obgyn-si.org\/kongresi\/pcos\/#breadcrumb"},"inLanguage":"en-US","potentialAction":[{"@type":"ReadAction","target":["https:\/\/www.obgyn-si.org\/kongresi\/pcos\/"]}]},{"@type":"BreadcrumbList","@id":"https:\/\/www.obgyn-si.org\/kongresi\/pcos\/#breadcrumb","itemListElement":[{"@type":"ListItem","position":1,"name":"Home","item":"https:\/\/www.obgyn-si.org\/kongresi\/pcos\/"},{"@type":"ListItem","position":2,"name":"Predgovor"}]},{"@type":"WebSite","@id":"https:\/\/www.obgyn-si.org\/kongresi\/pcos\/#website","url":"https:\/\/www.obgyn-si.org\/kongresi\/pcos\/","name":"\u0160ola obravnave PCOS","description":"Ljubljana, 3. oktober 2024","potentialAction":[{"@type":"SearchAction","target":{"@type":"EntryPoint","urlTemplate":"https:\/\/www.obgyn-si.org\/kongresi\/pcos\/?s={search_term_string}"},"query-input":{"@type":"PropertyValueSpecification","valueRequired":true,"valueName":"search_term_string"}}],"inLanguage":"en-US"}]}},"_links":{"self":[{"href":"https:\/\/www.obgyn-si.org\/kongresi\/pcos\/wp-json\/wp\/v2\/pages\/6","targetHints":{"allow":["GET"]}}],"collection":[{"href":"https:\/\/www.obgyn-si.org\/kongresi\/pcos\/wp-json\/wp\/v2\/pages"}],"about":[{"href":"https:\/\/www.obgyn-si.org\/kongresi\/pcos\/wp-json\/wp\/v2\/types\/page"}],"author":[{"embeddable":true,"href":"https:\/\/www.obgyn-si.org\/kongresi\/pcos\/wp-json\/wp\/v2\/users\/1"}],"replies":[{"embeddable":true,"href":"https:\/\/www.obgyn-si.org\/kongresi\/pcos\/wp-json\/wp\/v2\/comments?post=6"}],"version-history":[{"count":32,"href":"https:\/\/www.obgyn-si.org\/kongresi\/pcos\/wp-json\/wp\/v2\/pages\/6\/revisions"}],"predecessor-version":[{"id":1245,"href":"https:\/\/www.obgyn-si.org\/kongresi\/pcos\/wp-json\/wp\/v2\/pages\/6\/revisions\/1245"}],"wp:attachment":[{"href":"https:\/\/www.obgyn-si.org\/kongresi\/pcos\/wp-json\/wp\/v2\/media?parent=6"}],"curies":[{"name":"wp","href":"https:\/\/api.w.org\/{rel}","templated":true}]}}