
{"id":45,"date":"2018-01-24T08:31:11","date_gmt":"2018-01-24T08:31:11","guid":{"rendered":"http:\/\/www.obgyn-si.org\/kongresi\/www-2\/?page_id=45"},"modified":"2024-01-15T10:57:02","modified_gmt":"2024-01-15T10:57:02","slug":"informacije","status":"publish","type":"page","link":"https:\/\/www.obgyn-si.org\/kongresi\/rak-endometrija\/informacije\/","title":{"rendered":"Informacije"},"content":{"rendered":"<h2><span style=\"color: #333399;\"><strong>Rak endometrija \u2013 nova FIGO klasifikacija in ostale novosti<\/strong><\/span><\/h2>\n<p><strong>Prizori\u0161\u010de: <\/strong>predavalnica Ginekolo\u0161ke klinike, \u0160lajmerjeva 3, Ljubljana<\/p>\n<p><strong>\u010cas dogajanja:<\/strong> 2. februarja, 2024<\/p>\n<p><strong>Organizatorji:\u00a0<\/strong>KO za ginekologijo, Ginekolo\u0161ka klinika UKC Ljubljana,<br \/>\nZdru\u017eenje ginekologov in porodni\u010darjev Slovenije<br \/>\nZdru\u017eenje za ginekolo\u0161ko onkologijo, kolposkopijo in cervikalno patologijo Slovenije<\/p>\n<p><strong>Strokovni odbor:\u00a0 <\/strong><span style=\"font-size: 1rem;\">Leon Megli\u010d, \u0160pela Smrkolj, Borut Kobal, Branko Cvjeti\u0107anin, Sne\u017eana Frkovi\u0107 Grazio, Maja Paki\u017e, Iztok Taka\u010d, Vid Jan\u0161a, Erik \u0160kof, Barbara \u0160egedin, Helena Zobec Logar, Sebastjan Merlo, Vesna Zadnik, Maja Krajec, Jure Knez, Andrej Cokan, Andra\u017e Dovnik<\/span><\/p>\n<p><strong>Organizacijski odbor: <\/strong>Vid Jan\u0161a, Leon Megli\u010d, \u0160pela Smrkolj, Branko Cvjeti\u010danin, Luka Kova\u010d, Mateja Lasi\u010d, Bo\u0161tjan Pir\u0161, Tina Kuni\u010d Pir\u0161, Sne\u017eana Frkovi\u0107 Grazio, Ne\u017ea Lebi\u010d Belcijan, Katja Jakopi\u010d Ma\u010dek, Marina Jakimovska Stefanovska, Nata\u0161a Kenda \u0160uster, Martina Pe\u010dlin, Ivan Verdenik<\/p>\n<p><strong>Kotizacije ni<\/strong><\/p>\n<p><strong>\u0160tevilo udele\u017eencev:<\/strong> Omejeno na 75 \/ prijave zaklju\u010dene, ker je omejitev dose\u017eena.<\/p>\n<p><strong>Kreditne to\u010dke:<\/strong> (v postopku)<\/p>\n","protected":false},"excerpt":{"rendered":"<p>Rak endometrija \u2013 nova FIGO klasifikacija in ostale novosti Prizori\u0161\u010de: predavalnica Ginekolo\u0161ke klinike, \u0160lajmerjeva 3, Ljubljana \u010cas dogajanja: 2. februarja, 2024 Organizatorji:\u00a0KO za ginekologijo, Ginekolo\u0161ka klinika UKC Ljubljana, Zdru\u017eenje ginekologov in porodni\u010darjev Slovenije Zdru\u017eenje za ginekolo\u0161ko onkologijo, kolposkopijo in cervikalno patologijo Slovenije Strokovni odbor:\u00a0 Leon Megli\u010d, \u0160pela Smrkolj, Borut Kobal, Branko Cvjeti\u0107anin, Sne\u017eana Frkovi\u0107 Grazio, &hellip; <\/p>\n<p class=\"link-more\"><a href=\"https:\/\/www.obgyn-si.org\/kongresi\/rak-endometrija\/informacije\/\" class=\"more-link\">Continue reading<span class=\"screen-reader-text\"> &#8220;Informacije&#8221;<\/span><\/a><\/p>\n","protected":false},"author":1,"featured_media":0,"parent":0,"menu_order":0,"comment_status":"closed","ping_status":"closed","template":"","meta":{"footnotes":""},"class_list":["post-45","page","type-page","status-publish","hentry"],"yoast_head":"<!-- This site is optimized with the Yoast SEO plugin v26.8 - https:\/\/yoast.com\/product\/yoast-seo-wordpress\/ -->\n<title>Informacije - Rak endometrija<\/title>\n<meta name=\"robots\" content=\"index, follow, max-snippet:-1, max-image-preview:large, max-video-preview:-1\" \/>\n<link rel=\"canonical\" href=\"https:\/\/www.obgyn-si.org\/kongresi\/rak-endometrija\/informacije\/\" \/>\n<meta property=\"og:locale\" content=\"en_US\" \/>\n<meta property=\"og:type\" content=\"article\" \/>\n<meta property=\"og:title\" content=\"Informacije - Rak endometrija\" \/>\n<meta property=\"og:description\" content=\"Rak endometrija \u2013 nova FIGO klasifikacija in ostale novosti Prizori\u0161\u010de: predavalnica Ginekolo\u0161ke klinike, \u0160lajmerjeva 3, Ljubljana \u010cas dogajanja: 2. februarja, 2024 Organizatorji:\u00a0KO za ginekologijo, Ginekolo\u0161ka klinika UKC Ljubljana, Zdru\u017eenje ginekologov in porodni\u010darjev Slovenije Zdru\u017eenje za ginekolo\u0161ko onkologijo, kolposkopijo in cervikalno patologijo Slovenije Strokovni odbor:\u00a0 Leon Megli\u010d, \u0160pela Smrkolj, Borut Kobal, Branko Cvjeti\u0107anin, Sne\u017eana Frkovi\u0107 Grazio, &hellip; Continue reading &quot;Informacije&quot;\" \/>\n<meta property=\"og:url\" content=\"https:\/\/www.obgyn-si.org\/kongresi\/rak-endometrija\/informacije\/\" \/>\n<meta property=\"og:site_name\" content=\"Rak endometrija\" \/>\n<meta property=\"article:modified_time\" content=\"2024-01-15T10:57:02+00:00\" \/>\n<meta name=\"twitter:card\" content=\"summary_large_image\" \/>\n<meta name=\"twitter:label1\" content=\"Est. reading time\" \/>\n\t<meta name=\"twitter:data1\" content=\"1 minute\" \/>\n<script type=\"application\/ld+json\" class=\"yoast-schema-graph\">{\"@context\":\"https:\/\/schema.org\",\"@graph\":[{\"@type\":\"WebPage\",\"@id\":\"https:\/\/www.obgyn-si.org\/kongresi\/rak-endometrija\/informacije\/\",\"url\":\"https:\/\/www.obgyn-si.org\/kongresi\/rak-endometrija\/informacije\/\",\"name\":\"Informacije - Rak endometrija\",\"isPartOf\":{\"@id\":\"https:\/\/www.obgyn-si.org\/kongresi\/rak-endometrija\/#website\"},\"datePublished\":\"2018-01-24T08:31:11+00:00\",\"dateModified\":\"2024-01-15T10:57:02+00:00\",\"breadcrumb\":{\"@id\":\"https:\/\/www.obgyn-si.org\/kongresi\/rak-endometrija\/informacije\/#breadcrumb\"},\"inLanguage\":\"en-US\",\"potentialAction\":[{\"@type\":\"ReadAction\",\"target\":[\"https:\/\/www.obgyn-si.org\/kongresi\/rak-endometrija\/informacije\/\"]}]},{\"@type\":\"BreadcrumbList\",\"@id\":\"https:\/\/www.obgyn-si.org\/kongresi\/rak-endometrija\/informacije\/#breadcrumb\",\"itemListElement\":[{\"@type\":\"ListItem\",\"position\":1,\"name\":\"Home\",\"item\":\"https:\/\/www.obgyn-si.org\/kongresi\/rak-endometrija\/\"},{\"@type\":\"ListItem\",\"position\":2,\"name\":\"Informacije\"}]},{\"@type\":\"WebSite\",\"@id\":\"https:\/\/www.obgyn-si.org\/kongresi\/rak-endometrija\/#website\",\"url\":\"https:\/\/www.obgyn-si.org\/kongresi\/rak-endometrija\/\",\"name\":\"Rak endometrija\",\"description\":\"Ljubljana, 2. februar 2024\",\"potentialAction\":[{\"@type\":\"SearchAction\",\"target\":{\"@type\":\"EntryPoint\",\"urlTemplate\":\"https:\/\/www.obgyn-si.org\/kongresi\/rak-endometrija\/?s={search_term_string}\"},\"query-input\":{\"@type\":\"PropertyValueSpecification\",\"valueRequired\":true,\"valueName\":\"search_term_string\"}}],\"inLanguage\":\"en-US\"}]}<\/script>\n<!-- \/ Yoast SEO plugin. -->","yoast_head_json":{"title":"Informacije - Rak endometrija","robots":{"index":"index","follow":"follow","max-snippet":"max-snippet:-1","max-image-preview":"max-image-preview:large","max-video-preview":"max-video-preview:-1"},"canonical":"https:\/\/www.obgyn-si.org\/kongresi\/rak-endometrija\/informacije\/","og_locale":"en_US","og_type":"article","og_title":"Informacije - Rak endometrija","og_description":"Rak endometrija \u2013 nova FIGO klasifikacija in ostale novosti Prizori\u0161\u010de: predavalnica Ginekolo\u0161ke klinike, \u0160lajmerjeva 3, Ljubljana \u010cas dogajanja: 2. februarja, 2024 Organizatorji:\u00a0KO za ginekologijo, Ginekolo\u0161ka klinika UKC Ljubljana, Zdru\u017eenje ginekologov in porodni\u010darjev Slovenije Zdru\u017eenje za ginekolo\u0161ko onkologijo, kolposkopijo in cervikalno patologijo Slovenije Strokovni odbor:\u00a0 Leon Megli\u010d, \u0160pela Smrkolj, Borut Kobal, Branko Cvjeti\u0107anin, Sne\u017eana Frkovi\u0107 Grazio, &hellip; Continue reading \"Informacije\"","og_url":"https:\/\/www.obgyn-si.org\/kongresi\/rak-endometrija\/informacije\/","og_site_name":"Rak endometrija","article_modified_time":"2024-01-15T10:57:02+00:00","twitter_card":"summary_large_image","twitter_misc":{"Est. reading time":"1 minute"},"schema":{"@context":"https:\/\/schema.org","@graph":[{"@type":"WebPage","@id":"https:\/\/www.obgyn-si.org\/kongresi\/rak-endometrija\/informacije\/","url":"https:\/\/www.obgyn-si.org\/kongresi\/rak-endometrija\/informacije\/","name":"Informacije - Rak endometrija","isPartOf":{"@id":"https:\/\/www.obgyn-si.org\/kongresi\/rak-endometrija\/#website"},"datePublished":"2018-01-24T08:31:11+00:00","dateModified":"2024-01-15T10:57:02+00:00","breadcrumb":{"@id":"https:\/\/www.obgyn-si.org\/kongresi\/rak-endometrija\/informacije\/#breadcrumb"},"inLanguage":"en-US","potentialAction":[{"@type":"ReadAction","target":["https:\/\/www.obgyn-si.org\/kongresi\/rak-endometrija\/informacije\/"]}]},{"@type":"BreadcrumbList","@id":"https:\/\/www.obgyn-si.org\/kongresi\/rak-endometrija\/informacije\/#breadcrumb","itemListElement":[{"@type":"ListItem","position":1,"name":"Home","item":"https:\/\/www.obgyn-si.org\/kongresi\/rak-endometrija\/"},{"@type":"ListItem","position":2,"name":"Informacije"}]},{"@type":"WebSite","@id":"https:\/\/www.obgyn-si.org\/kongresi\/rak-endometrija\/#website","url":"https:\/\/www.obgyn-si.org\/kongresi\/rak-endometrija\/","name":"Rak endometrija","description":"Ljubljana, 2. februar 2024","potentialAction":[{"@type":"SearchAction","target":{"@type":"EntryPoint","urlTemplate":"https:\/\/www.obgyn-si.org\/kongresi\/rak-endometrija\/?s={search_term_string}"},"query-input":{"@type":"PropertyValueSpecification","valueRequired":true,"valueName":"search_term_string"}}],"inLanguage":"en-US"}]}},"_links":{"self":[{"href":"https:\/\/www.obgyn-si.org\/kongresi\/rak-endometrija\/wp-json\/wp\/v2\/pages\/45","targetHints":{"allow":["GET"]}}],"collection":[{"href":"https:\/\/www.obgyn-si.org\/kongresi\/rak-endometrija\/wp-json\/wp\/v2\/pages"}],"about":[{"href":"https:\/\/www.obgyn-si.org\/kongresi\/rak-endometrija\/wp-json\/wp\/v2\/types\/page"}],"author":[{"embeddable":true,"href":"https:\/\/www.obgyn-si.org\/kongresi\/rak-endometrija\/wp-json\/wp\/v2\/users\/1"}],"replies":[{"embeddable":true,"href":"https:\/\/www.obgyn-si.org\/kongresi\/rak-endometrija\/wp-json\/wp\/v2\/comments?post=45"}],"version-history":[{"count":43,"href":"https:\/\/www.obgyn-si.org\/kongresi\/rak-endometrija\/wp-json\/wp\/v2\/pages\/45\/revisions"}],"predecessor-version":[{"id":1298,"href":"https:\/\/www.obgyn-si.org\/kongresi\/rak-endometrija\/wp-json\/wp\/v2\/pages\/45\/revisions\/1298"}],"wp:attachment":[{"href":"https:\/\/www.obgyn-si.org\/kongresi\/rak-endometrija\/wp-json\/wp\/v2\/media?parent=45"}],"curies":[{"name":"wp","href":"https:\/\/api.w.org\/{rel}","templated":true}]}}