
{"id":6,"date":"2018-01-20T19:07:39","date_gmt":"2018-01-20T19:07:39","guid":{"rendered":"http:\/\/www.obgyn-si.org\/kongresi\/www-2\/?page_id=6"},"modified":"2023-12-22T08:50:21","modified_gmt":"2023-12-22T08:50:21","slug":"predgovor","status":"publish","type":"page","link":"https:\/\/www.obgyn-si.org\/kongresi\/rak-endometrija\/","title":{"rendered":"Predgovor"},"content":{"rendered":"<p>Spo\u0161tovane kolegice in kolegi!<\/p>\n<p>Rak endometrija je najpogostej\u0161e ginekolo\u0161ko maligno obolenje. V zadnjih letih se je razumevanje bolezni zelo spremenilo. \u0160tevilne nove raziskave so doprinesle k napredku in novemu razumevanju predvsem na podro\u010dju patologije in molekularnih zna\u010dilnosti raka endometrija. V leto\u0161njem letu je bila predstavljena nova FIGO klasifikacija. Nov sistem klasifikacije bolezni upo\u0161teva subklasifikacijo histolo\u0161kega tipa raka v kombinaciji z \u017ee prej poznanim sistemom dolo\u010ditve raz\u0161irjenosti bolezni v maternici ter \u0161irjenja v druge organe. Poleg nove FIGO klasifikacije so \u0161tevilne novosti s podro\u010dja molekularne klasifikacije endometrijskega raka in mo\u017enostih adjuvantnega zdravljenja.<\/p>\n<p>V Sloveniji se zgodnje oblike raka endometrija operira v razli\u010dnih ustanovah po dr\u017eavi. Vsak, ki se aktivno ukvarja z zdravljenjem te bolezni, mora biti seznanjen z novo FIGO klasifikacijo ter ostalimi novostmi. Glede na pogostost raka endometrija se z boleznijo sre\u010dujemo vsi ginekologi, zato je tema simpozija zanimiva za \u0161ir\u0161o strokovno javnost. Pri postavitvi stadija bolezni ima klju\u010dno vlogo patolog \u2013 nujno je, da vsi patologi v Sloveniji, ki sodelujejo pri obravnavi bolnic z rakom endometrija, poznajo novosti in na\u010din postavljanja stadija bolezni.<\/p>\n<p>Simpozij je namenjen specializantom in specialistom ginekologije in porodni\u0161tva, internistom onkologom, radioterapevtom ter specialistom patologom, ki se ukvarjajo z ginekolo\u0161ko patologijo.<\/p>\n<p>Med enodnevnim simpozijem bomo udele\u017eence seznanili z novostmi, ki so pomembne za obravnavo na\u0161ih bolnic z rakom endometrija.<\/p>\n<p>Vljudno vabljeni!<\/p>\n<p>&nbsp;<\/p>\n<table border=\"0\" width=\"100%\">\n<tbody>\n<tr>\n<td style=\"text-align: center;\">Leon Megli\u010d, vodja strokovnega programa<\/td>\n<td style=\"text-align: center;\">Vid Jan\u0161a, vodja organizacijskega odbora<\/td>\n<\/tr>\n<\/tbody>\n<\/table>\n<p>&nbsp;<\/p>\n","protected":false},"excerpt":{"rendered":"<p>Spo\u0161tovane kolegice in kolegi! Rak endometrija je najpogostej\u0161e ginekolo\u0161ko maligno obolenje. V zadnjih letih se je razumevanje bolezni zelo spremenilo. \u0160tevilne nove raziskave so doprinesle k napredku in novemu razumevanju predvsem na podro\u010dju patologije in molekularnih zna\u010dilnosti raka endometrija. V leto\u0161njem letu je bila predstavljena nova FIGO klasifikacija. Nov sistem klasifikacije bolezni upo\u0161teva subklasifikacijo histolo\u0161kega &hellip; <\/p>\n<p class=\"link-more\"><a href=\"https:\/\/www.obgyn-si.org\/kongresi\/rak-endometrija\/\" class=\"more-link\">Continue reading<span class=\"screen-reader-text\"> &#8220;Predgovor&#8221;<\/span><\/a><\/p>\n","protected":false},"author":1,"featured_media":1168,"parent":0,"menu_order":0,"comment_status":"closed","ping_status":"closed","template":"","meta":{"footnotes":""},"class_list":["post-6","page","type-page","status-publish","has-post-thumbnail","hentry"],"yoast_head":"<!-- This site is optimized with the Yoast SEO plugin v26.8 - https:\/\/yoast.com\/product\/yoast-seo-wordpress\/ -->\n<title>Predgovor - Rak endometrija<\/title>\n<meta name=\"robots\" content=\"index, follow, max-snippet:-1, max-image-preview:large, max-video-preview:-1\" \/>\n<link rel=\"canonical\" href=\"https:\/\/www.obgyn-si.org\/kongresi\/rak-endometrija\/\" \/>\n<meta property=\"og:locale\" content=\"en_US\" \/>\n<meta property=\"og:type\" content=\"article\" \/>\n<meta property=\"og:title\" content=\"Predgovor - Rak endometrija\" \/>\n<meta property=\"og:description\" content=\"Spo\u0161tovane kolegice in kolegi! Rak endometrija je najpogostej\u0161e ginekolo\u0161ko maligno obolenje. V zadnjih letih se je razumevanje bolezni zelo spremenilo. \u0160tevilne nove raziskave so doprinesle k napredku in novemu razumevanju predvsem na podro\u010dju patologije in molekularnih zna\u010dilnosti raka endometrija. V leto\u0161njem letu je bila predstavljena nova FIGO klasifikacija. Nov sistem klasifikacije bolezni upo\u0161teva subklasifikacijo histolo\u0161kega &hellip; Continue reading &quot;Predgovor&quot;\" \/>\n<meta property=\"og:url\" content=\"https:\/\/www.obgyn-si.org\/kongresi\/rak-endometrija\/\" \/>\n<meta property=\"og:site_name\" content=\"Rak endometrija\" \/>\n<meta property=\"article:modified_time\" content=\"2023-12-22T08:50:21+00:00\" \/>\n<meta property=\"og:image\" content=\"https:\/\/www.obgyn-si.org\/kongresi\/rak-endometrija\/wp-content\/uploads\/sites\/16\/2023\/12\/triplexx.png\" \/>\n\t<meta property=\"og:image:width\" content=\"1701\" \/>\n\t<meta property=\"og:image:height\" content=\"850\" \/>\n\t<meta property=\"og:image:type\" content=\"image\/png\" \/>\n<meta name=\"twitter:card\" content=\"summary_large_image\" \/>\n<meta name=\"twitter:label1\" content=\"Est. reading time\" \/>\n\t<meta name=\"twitter:data1\" content=\"1 minute\" \/>\n<script type=\"application\/ld+json\" class=\"yoast-schema-graph\">{\"@context\":\"https:\/\/schema.org\",\"@graph\":[{\"@type\":\"WebPage\",\"@id\":\"https:\/\/www.obgyn-si.org\/kongresi\/rak-endometrija\/\",\"url\":\"https:\/\/www.obgyn-si.org\/kongresi\/rak-endometrija\/\",\"name\":\"Predgovor - Rak endometrija\",\"isPartOf\":{\"@id\":\"https:\/\/www.obgyn-si.org\/kongresi\/rak-endometrija\/#website\"},\"primaryImageOfPage\":{\"@id\":\"https:\/\/www.obgyn-si.org\/kongresi\/rak-endometrija\/#primaryimage\"},\"image\":{\"@id\":\"https:\/\/www.obgyn-si.org\/kongresi\/rak-endometrija\/#primaryimage\"},\"thumbnailUrl\":\"https:\/\/www.obgyn-si.org\/kongresi\/rak-endometrija\/wp-content\/uploads\/sites\/16\/2023\/12\/triplexx.png\",\"datePublished\":\"2018-01-20T19:07:39+00:00\",\"dateModified\":\"2023-12-22T08:50:21+00:00\",\"breadcrumb\":{\"@id\":\"https:\/\/www.obgyn-si.org\/kongresi\/rak-endometrija\/#breadcrumb\"},\"inLanguage\":\"en-US\",\"potentialAction\":[{\"@type\":\"ReadAction\",\"target\":[\"https:\/\/www.obgyn-si.org\/kongresi\/rak-endometrija\/\"]}]},{\"@type\":\"ImageObject\",\"inLanguage\":\"en-US\",\"@id\":\"https:\/\/www.obgyn-si.org\/kongresi\/rak-endometrija\/#primaryimage\",\"url\":\"https:\/\/www.obgyn-si.org\/kongresi\/rak-endometrija\/wp-content\/uploads\/sites\/16\/2023\/12\/triplexx.png\",\"contentUrl\":\"https:\/\/www.obgyn-si.org\/kongresi\/rak-endometrija\/wp-content\/uploads\/sites\/16\/2023\/12\/triplexx.png\",\"width\":1701,\"height\":850},{\"@type\":\"BreadcrumbList\",\"@id\":\"https:\/\/www.obgyn-si.org\/kongresi\/rak-endometrija\/#breadcrumb\",\"itemListElement\":[{\"@type\":\"ListItem\",\"position\":1,\"name\":\"Home\",\"item\":\"https:\/\/www.obgyn-si.org\/kongresi\/rak-endometrija\/\"},{\"@type\":\"ListItem\",\"position\":2,\"name\":\"Predgovor\"}]},{\"@type\":\"WebSite\",\"@id\":\"https:\/\/www.obgyn-si.org\/kongresi\/rak-endometrija\/#website\",\"url\":\"https:\/\/www.obgyn-si.org\/kongresi\/rak-endometrija\/\",\"name\":\"Rak endometrija\",\"description\":\"Ljubljana, 2. februar 2024\",\"potentialAction\":[{\"@type\":\"SearchAction\",\"target\":{\"@type\":\"EntryPoint\",\"urlTemplate\":\"https:\/\/www.obgyn-si.org\/kongresi\/rak-endometrija\/?s={search_term_string}\"},\"query-input\":{\"@type\":\"PropertyValueSpecification\",\"valueRequired\":true,\"valueName\":\"search_term_string\"}}],\"inLanguage\":\"en-US\"}]}<\/script>\n<!-- \/ Yoast SEO plugin. -->","yoast_head_json":{"title":"Predgovor - Rak endometrija","robots":{"index":"index","follow":"follow","max-snippet":"max-snippet:-1","max-image-preview":"max-image-preview:large","max-video-preview":"max-video-preview:-1"},"canonical":"https:\/\/www.obgyn-si.org\/kongresi\/rak-endometrija\/","og_locale":"en_US","og_type":"article","og_title":"Predgovor - Rak endometrija","og_description":"Spo\u0161tovane kolegice in kolegi! Rak endometrija je najpogostej\u0161e ginekolo\u0161ko maligno obolenje. V zadnjih letih se je razumevanje bolezni zelo spremenilo. \u0160tevilne nove raziskave so doprinesle k napredku in novemu razumevanju predvsem na podro\u010dju patologije in molekularnih zna\u010dilnosti raka endometrija. V leto\u0161njem letu je bila predstavljena nova FIGO klasifikacija. Nov sistem klasifikacije bolezni upo\u0161teva subklasifikacijo histolo\u0161kega &hellip; Continue reading \"Predgovor\"","og_url":"https:\/\/www.obgyn-si.org\/kongresi\/rak-endometrija\/","og_site_name":"Rak endometrija","article_modified_time":"2023-12-22T08:50:21+00:00","og_image":[{"width":1701,"height":850,"url":"https:\/\/www.obgyn-si.org\/kongresi\/rak-endometrija\/wp-content\/uploads\/sites\/16\/2023\/12\/triplexx.png","type":"image\/png"}],"twitter_card":"summary_large_image","twitter_misc":{"Est. reading time":"1 minute"},"schema":{"@context":"https:\/\/schema.org","@graph":[{"@type":"WebPage","@id":"https:\/\/www.obgyn-si.org\/kongresi\/rak-endometrija\/","url":"https:\/\/www.obgyn-si.org\/kongresi\/rak-endometrija\/","name":"Predgovor - Rak endometrija","isPartOf":{"@id":"https:\/\/www.obgyn-si.org\/kongresi\/rak-endometrija\/#website"},"primaryImageOfPage":{"@id":"https:\/\/www.obgyn-si.org\/kongresi\/rak-endometrija\/#primaryimage"},"image":{"@id":"https:\/\/www.obgyn-si.org\/kongresi\/rak-endometrija\/#primaryimage"},"thumbnailUrl":"https:\/\/www.obgyn-si.org\/kongresi\/rak-endometrija\/wp-content\/uploads\/sites\/16\/2023\/12\/triplexx.png","datePublished":"2018-01-20T19:07:39+00:00","dateModified":"2023-12-22T08:50:21+00:00","breadcrumb":{"@id":"https:\/\/www.obgyn-si.org\/kongresi\/rak-endometrija\/#breadcrumb"},"inLanguage":"en-US","potentialAction":[{"@type":"ReadAction","target":["https:\/\/www.obgyn-si.org\/kongresi\/rak-endometrija\/"]}]},{"@type":"ImageObject","inLanguage":"en-US","@id":"https:\/\/www.obgyn-si.org\/kongresi\/rak-endometrija\/#primaryimage","url":"https:\/\/www.obgyn-si.org\/kongresi\/rak-endometrija\/wp-content\/uploads\/sites\/16\/2023\/12\/triplexx.png","contentUrl":"https:\/\/www.obgyn-si.org\/kongresi\/rak-endometrija\/wp-content\/uploads\/sites\/16\/2023\/12\/triplexx.png","width":1701,"height":850},{"@type":"BreadcrumbList","@id":"https:\/\/www.obgyn-si.org\/kongresi\/rak-endometrija\/#breadcrumb","itemListElement":[{"@type":"ListItem","position":1,"name":"Home","item":"https:\/\/www.obgyn-si.org\/kongresi\/rak-endometrija\/"},{"@type":"ListItem","position":2,"name":"Predgovor"}]},{"@type":"WebSite","@id":"https:\/\/www.obgyn-si.org\/kongresi\/rak-endometrija\/#website","url":"https:\/\/www.obgyn-si.org\/kongresi\/rak-endometrija\/","name":"Rak endometrija","description":"Ljubljana, 2. februar 2024","potentialAction":[{"@type":"SearchAction","target":{"@type":"EntryPoint","urlTemplate":"https:\/\/www.obgyn-si.org\/kongresi\/rak-endometrija\/?s={search_term_string}"},"query-input":{"@type":"PropertyValueSpecification","valueRequired":true,"valueName":"search_term_string"}}],"inLanguage":"en-US"}]}},"_links":{"self":[{"href":"https:\/\/www.obgyn-si.org\/kongresi\/rak-endometrija\/wp-json\/wp\/v2\/pages\/6","targetHints":{"allow":["GET"]}}],"collection":[{"href":"https:\/\/www.obgyn-si.org\/kongresi\/rak-endometrija\/wp-json\/wp\/v2\/pages"}],"about":[{"href":"https:\/\/www.obgyn-si.org\/kongresi\/rak-endometrija\/wp-json\/wp\/v2\/types\/page"}],"author":[{"embeddable":true,"href":"https:\/\/www.obgyn-si.org\/kongresi\/rak-endometrija\/wp-json\/wp\/v2\/users\/1"}],"replies":[{"embeddable":true,"href":"https:\/\/www.obgyn-si.org\/kongresi\/rak-endometrija\/wp-json\/wp\/v2\/comments?post=6"}],"version-history":[{"count":35,"href":"https:\/\/www.obgyn-si.org\/kongresi\/rak-endometrija\/wp-json\/wp\/v2\/pages\/6\/revisions"}],"predecessor-version":[{"id":1169,"href":"https:\/\/www.obgyn-si.org\/kongresi\/rak-endometrija\/wp-json\/wp\/v2\/pages\/6\/revisions\/1169"}],"wp:featuredmedia":[{"embeddable":true,"href":"https:\/\/www.obgyn-si.org\/kongresi\/rak-endometrija\/wp-json\/wp\/v2\/media\/1168"}],"wp:attachment":[{"href":"https:\/\/www.obgyn-si.org\/kongresi\/rak-endometrija\/wp-json\/wp\/v2\/media?parent=6"}],"curies":[{"name":"wp","href":"https:\/\/api.w.org\/{rel}","templated":true}]}}