
{"id":62,"date":"2018-01-24T09:07:24","date_gmt":"2018-01-24T09:07:24","guid":{"rendered":"http:\/\/www.obgyn-si.org\/kongresi\/www-2\/?page_id=62"},"modified":"2024-01-15T10:54:29","modified_gmt":"2024-01-15T10:54:29","slug":"prijave","status":"publish","type":"page","link":"https:\/\/www.obgyn-si.org\/kongresi\/rak-endometrija\/prijave\/","title":{"rendered":"Prijave zaklju\u010dene"},"content":{"rendered":"<p>\u0160tevilo prijav je doseglo kapacitete dvorane, zato so prijave na to strokovno sre\u010danje zaklju\u010dene.<\/p>\n","protected":false},"excerpt":{"rendered":"<p>\u0160tevilo prijav je doseglo kapacitete dvorane, zato so prijave na to strokovno sre\u010danje zaklju\u010dene.<\/p>\n","protected":false},"author":1,"featured_media":1166,"parent":0,"menu_order":0,"comment_status":"closed","ping_status":"closed","template":"","meta":{"footnotes":""},"class_list":["post-62","page","type-page","status-publish","has-post-thumbnail","hentry"],"yoast_head":"<!-- This site is optimized with the Yoast SEO plugin v26.8 - https:\/\/yoast.com\/product\/yoast-seo-wordpress\/ -->\n<title>Prijave zaklju\u010dene - Rak endometrija<\/title>\n<meta name=\"robots\" content=\"index, follow, max-snippet:-1, max-image-preview:large, max-video-preview:-1\" \/>\n<link rel=\"canonical\" href=\"https:\/\/www.obgyn-si.org\/kongresi\/rak-endometrija\/prijave\/\" \/>\n<meta property=\"og:locale\" content=\"en_US\" \/>\n<meta property=\"og:type\" content=\"article\" \/>\n<meta property=\"og:title\" content=\"Prijave zaklju\u010dene - Rak endometrija\" \/>\n<meta property=\"og:description\" content=\"\u0160tevilo prijav je doseglo kapacitete dvorane, zato so prijave na to strokovno sre\u010danje zaklju\u010dene.\" \/>\n<meta property=\"og:url\" content=\"https:\/\/www.obgyn-si.org\/kongresi\/rak-endometrija\/prijave\/\" \/>\n<meta property=\"og:site_name\" content=\"Rak endometrija\" \/>\n<meta property=\"article:modified_time\" content=\"2024-01-15T10:54:29+00:00\" \/>\n<meta property=\"og:image\" content=\"https:\/\/www.obgyn-si.org\/kongresi\/rak-endometrija\/wp-content\/uploads\/sites\/16\/2023\/12\/triplex3.png\" \/>\n\t<meta property=\"og:image:width\" content=\"1200\" \/>\n\t<meta property=\"og:image:height\" content=\"624\" \/>\n\t<meta property=\"og:image:type\" content=\"image\/png\" \/>\n<meta name=\"twitter:card\" content=\"summary_large_image\" \/>\n<script type=\"application\/ld+json\" class=\"yoast-schema-graph\">{\"@context\":\"https:\/\/schema.org\",\"@graph\":[{\"@type\":\"WebPage\",\"@id\":\"https:\/\/www.obgyn-si.org\/kongresi\/rak-endometrija\/prijave\/\",\"url\":\"https:\/\/www.obgyn-si.org\/kongresi\/rak-endometrija\/prijave\/\",\"name\":\"Prijave zaklju\u010dene - Rak endometrija\",\"isPartOf\":{\"@id\":\"https:\/\/www.obgyn-si.org\/kongresi\/rak-endometrija\/#website\"},\"primaryImageOfPage\":{\"@id\":\"https:\/\/www.obgyn-si.org\/kongresi\/rak-endometrija\/prijave\/#primaryimage\"},\"image\":{\"@id\":\"https:\/\/www.obgyn-si.org\/kongresi\/rak-endometrija\/prijave\/#primaryimage\"},\"thumbnailUrl\":\"https:\/\/www.obgyn-si.org\/kongresi\/rak-endometrija\/wp-content\/uploads\/sites\/16\/2023\/12\/triplex3.png\",\"datePublished\":\"2018-01-24T09:07:24+00:00\",\"dateModified\":\"2024-01-15T10:54:29+00:00\",\"breadcrumb\":{\"@id\":\"https:\/\/www.obgyn-si.org\/kongresi\/rak-endometrija\/prijave\/#breadcrumb\"},\"inLanguage\":\"en-US\",\"potentialAction\":[{\"@type\":\"ReadAction\",\"target\":[\"https:\/\/www.obgyn-si.org\/kongresi\/rak-endometrija\/prijave\/\"]}]},{\"@type\":\"ImageObject\",\"inLanguage\":\"en-US\",\"@id\":\"https:\/\/www.obgyn-si.org\/kongresi\/rak-endometrija\/prijave\/#primaryimage\",\"url\":\"https:\/\/www.obgyn-si.org\/kongresi\/rak-endometrija\/wp-content\/uploads\/sites\/16\/2023\/12\/triplex3.png\",\"contentUrl\":\"https:\/\/www.obgyn-si.org\/kongresi\/rak-endometrija\/wp-content\/uploads\/sites\/16\/2023\/12\/triplex3.png\",\"width\":1200,\"height\":624},{\"@type\":\"BreadcrumbList\",\"@id\":\"https:\/\/www.obgyn-si.org\/kongresi\/rak-endometrija\/prijave\/#breadcrumb\",\"itemListElement\":[{\"@type\":\"ListItem\",\"position\":1,\"name\":\"Home\",\"item\":\"https:\/\/www.obgyn-si.org\/kongresi\/rak-endometrija\/\"},{\"@type\":\"ListItem\",\"position\":2,\"name\":\"Prijave zaklju\u010dene\"}]},{\"@type\":\"WebSite\",\"@id\":\"https:\/\/www.obgyn-si.org\/kongresi\/rak-endometrija\/#website\",\"url\":\"https:\/\/www.obgyn-si.org\/kongresi\/rak-endometrija\/\",\"name\":\"Rak endometrija\",\"description\":\"Ljubljana, 2. februar 2024\",\"potentialAction\":[{\"@type\":\"SearchAction\",\"target\":{\"@type\":\"EntryPoint\",\"urlTemplate\":\"https:\/\/www.obgyn-si.org\/kongresi\/rak-endometrija\/?s={search_term_string}\"},\"query-input\":{\"@type\":\"PropertyValueSpecification\",\"valueRequired\":true,\"valueName\":\"search_term_string\"}}],\"inLanguage\":\"en-US\"}]}<\/script>\n<!-- \/ Yoast SEO plugin. -->","yoast_head_json":{"title":"Prijave zaklju\u010dene - Rak endometrija","robots":{"index":"index","follow":"follow","max-snippet":"max-snippet:-1","max-image-preview":"max-image-preview:large","max-video-preview":"max-video-preview:-1"},"canonical":"https:\/\/www.obgyn-si.org\/kongresi\/rak-endometrija\/prijave\/","og_locale":"en_US","og_type":"article","og_title":"Prijave zaklju\u010dene - Rak endometrija","og_description":"\u0160tevilo prijav je doseglo kapacitete dvorane, zato so prijave na to strokovno sre\u010danje zaklju\u010dene.","og_url":"https:\/\/www.obgyn-si.org\/kongresi\/rak-endometrija\/prijave\/","og_site_name":"Rak endometrija","article_modified_time":"2024-01-15T10:54:29+00:00","og_image":[{"width":1200,"height":624,"url":"https:\/\/www.obgyn-si.org\/kongresi\/rak-endometrija\/wp-content\/uploads\/sites\/16\/2023\/12\/triplex3.png","type":"image\/png"}],"twitter_card":"summary_large_image","schema":{"@context":"https:\/\/schema.org","@graph":[{"@type":"WebPage","@id":"https:\/\/www.obgyn-si.org\/kongresi\/rak-endometrija\/prijave\/","url":"https:\/\/www.obgyn-si.org\/kongresi\/rak-endometrija\/prijave\/","name":"Prijave zaklju\u010dene - Rak endometrija","isPartOf":{"@id":"https:\/\/www.obgyn-si.org\/kongresi\/rak-endometrija\/#website"},"primaryImageOfPage":{"@id":"https:\/\/www.obgyn-si.org\/kongresi\/rak-endometrija\/prijave\/#primaryimage"},"image":{"@id":"https:\/\/www.obgyn-si.org\/kongresi\/rak-endometrija\/prijave\/#primaryimage"},"thumbnailUrl":"https:\/\/www.obgyn-si.org\/kongresi\/rak-endometrija\/wp-content\/uploads\/sites\/16\/2023\/12\/triplex3.png","datePublished":"2018-01-24T09:07:24+00:00","dateModified":"2024-01-15T10:54:29+00:00","breadcrumb":{"@id":"https:\/\/www.obgyn-si.org\/kongresi\/rak-endometrija\/prijave\/#breadcrumb"},"inLanguage":"en-US","potentialAction":[{"@type":"ReadAction","target":["https:\/\/www.obgyn-si.org\/kongresi\/rak-endometrija\/prijave\/"]}]},{"@type":"ImageObject","inLanguage":"en-US","@id":"https:\/\/www.obgyn-si.org\/kongresi\/rak-endometrija\/prijave\/#primaryimage","url":"https:\/\/www.obgyn-si.org\/kongresi\/rak-endometrija\/wp-content\/uploads\/sites\/16\/2023\/12\/triplex3.png","contentUrl":"https:\/\/www.obgyn-si.org\/kongresi\/rak-endometrija\/wp-content\/uploads\/sites\/16\/2023\/12\/triplex3.png","width":1200,"height":624},{"@type":"BreadcrumbList","@id":"https:\/\/www.obgyn-si.org\/kongresi\/rak-endometrija\/prijave\/#breadcrumb","itemListElement":[{"@type":"ListItem","position":1,"name":"Home","item":"https:\/\/www.obgyn-si.org\/kongresi\/rak-endometrija\/"},{"@type":"ListItem","position":2,"name":"Prijave zaklju\u010dene"}]},{"@type":"WebSite","@id":"https:\/\/www.obgyn-si.org\/kongresi\/rak-endometrija\/#website","url":"https:\/\/www.obgyn-si.org\/kongresi\/rak-endometrija\/","name":"Rak endometrija","description":"Ljubljana, 2. februar 2024","potentialAction":[{"@type":"SearchAction","target":{"@type":"EntryPoint","urlTemplate":"https:\/\/www.obgyn-si.org\/kongresi\/rak-endometrija\/?s={search_term_string}"},"query-input":{"@type":"PropertyValueSpecification","valueRequired":true,"valueName":"search_term_string"}}],"inLanguage":"en-US"}]}},"_links":{"self":[{"href":"https:\/\/www.obgyn-si.org\/kongresi\/rak-endometrija\/wp-json\/wp\/v2\/pages\/62","targetHints":{"allow":["GET"]}}],"collection":[{"href":"https:\/\/www.obgyn-si.org\/kongresi\/rak-endometrija\/wp-json\/wp\/v2\/pages"}],"about":[{"href":"https:\/\/www.obgyn-si.org\/kongresi\/rak-endometrija\/wp-json\/wp\/v2\/types\/page"}],"author":[{"embeddable":true,"href":"https:\/\/www.obgyn-si.org\/kongresi\/rak-endometrija\/wp-json\/wp\/v2\/users\/1"}],"replies":[{"embeddable":true,"href":"https:\/\/www.obgyn-si.org\/kongresi\/rak-endometrija\/wp-json\/wp\/v2\/comments?post=62"}],"version-history":[{"count":6,"href":"https:\/\/www.obgyn-si.org\/kongresi\/rak-endometrija\/wp-json\/wp\/v2\/pages\/62\/revisions"}],"predecessor-version":[{"id":1296,"href":"https:\/\/www.obgyn-si.org\/kongresi\/rak-endometrija\/wp-json\/wp\/v2\/pages\/62\/revisions\/1296"}],"wp:featuredmedia":[{"embeddable":true,"href":"https:\/\/www.obgyn-si.org\/kongresi\/rak-endometrija\/wp-json\/wp\/v2\/media\/1166"}],"wp:attachment":[{"href":"https:\/\/www.obgyn-si.org\/kongresi\/rak-endometrija\/wp-json\/wp\/v2\/media?parent=62"}],"curies":[{"name":"wp","href":"https:\/\/api.w.org\/{rel}","templated":true}]}}